{"id":3157,"date":"2022-04-08T07:04:24","date_gmt":"2022-04-08T07:04:24","guid":{"rendered":"https:\/\/taizyfarmequipment.com\/?post_type=product&#038;p=3157"},"modified":"2025-11-26T16:26:03","modified_gmt":"2025-11-26T08:26:03","slug":"may-gat-ngo-mot-hang","status":"publish","type":"product","link":"https:\/\/taizyfarmequipment.com\/vi\/product\/single-row-corn-harvester\/","title":{"rendered":"M\u00e1y g\u1eb7t b\u1eafp h\u00e0ng \u0111\u01a1n | M\u00e1y h\u00e1i b\u1eafp nh\u1ecf"},"content":{"rendered":"<div class=\"kk-star-ratings kksr-auto kksr-align-left kksr-valign-top\"     data-payload='{&quot;align&quot;:&quot;left&quot;,&quot;id&quot;:&quot;3157&quot;,&quot;slug&quot;:&quot;default&quot;,&quot;valign&quot;:&quot;top&quot;,&quot;ignore&quot;:&quot;&quot;,&quot;reference&quot;:&quot;auto&quot;,&quot;class&quot;:&quot;&quot;,&quot;count&quot;:&quot;27&quot;,&quot;legendonly&quot;:&quot;&quot;,&quot;readonly&quot;:&quot;&quot;,&quot;score&quot;:&quot;4.7&quot;,&quot;starsonly&quot;:&quot;&quot;,&quot;best&quot;:&quot;5&quot;,&quot;gap&quot;:&quot;5&quot;,&quot;greet&quot;:&quot;Rate this product&quot;,&quot;legend&quot;:&quot;4.7\\\/5 - (27 b\u00ecnh ch\u1ecdn)&quot;,&quot;size&quot;:&quot;24&quot;,&quot;title&quot;:&quot;Single row corn harvester | Small corn picker&quot;,&quot;width&quot;:&quot;133.8&quot;,&quot;_legend&quot;:&quot;{score}\\\/{best} - ({count} {votes})&quot;,&quot;font_factor&quot;:&quot;1.25&quot;}'>              <div class=\"kksr-stars\">      <div class=\"kksr-stars-inactive\">             <div class=\"kksr-star\" data-star=\"1\" style=\"padding-right: 5px\">               <div class=\"kksr-icon\" style=\"width: 24px; height: 24px;\"><\/div>         <\/div>             <div class=\"kksr-star\" data-star=\"2\" style=\"padding-right: 5px\">               <div class=\"kksr-icon\" style=\"width: 24px; height: 24px;\"><\/div>         <\/div>             <div class=\"kksr-star\" data-star=\"3\" style=\"padding-right: 5px\">               <div class=\"kksr-icon\" style=\"width: 24px; height: 24px;\"><\/div>         <\/div>             <div class=\"kksr-star\" data-star=\"4\" style=\"padding-right: 5px\">               <div class=\"kksr-icon\" style=\"width: 24px; height: 24px;\"><\/div>         <\/div>             <div class=\"kksr-star\" data-star=\"5\" style=\"padding-right: 5px\">               <div class=\"kksr-icon\" style=\"width: 24px; height: 24px;\"><\/div>         <\/div>     <\/div>      <div class=\"kksr-stars-active\" style=\"width: 133.8px;\">             <div class=\"kksr-star\" style=\"padding-right: 5px\">               <div class=\"kksr-icon\" style=\"width: 24px; height: 24px;\"><\/div>         <\/div>             <div class=\"kksr-star\" style=\"padding-right: 5px\">               <div class=\"kksr-icon\" style=\"width: 24px; height: 24px;\"><\/div>         <\/div>             <div class=\"kksr-star\" style=\"padding-right: 5px\">               <div class=\"kksr-icon\" style=\"width: 24px; height: 24px;\"><\/div>         <\/div>             <div class=\"kksr-star\" style=\"padding-right: 5px\">               <div class=\"kksr-icon\" style=\"width: 24px; height: 24px;\"><\/div>         <\/div>             <div class=\"kksr-star\" style=\"padding-right: 5px\">               <div class=\"kksr-icon\" style=\"width: 24px; height: 24px;\"><\/div>         <\/div>     <\/div> <\/div>                   <div class=\"kksr-legend\" style=\"font-size: 19.2px;\">             4.7\/5 - (27 l\u01b0\u1ee3t b\u00ecnh ch\u1ecdn)    <\/div>     <\/div>  <p class=\"translation-block\">Hi\u1ec7n nay, m\u00e1y g\u1eb7t b\u1eafp h\u00e0ng d\u1ecdc \u0111ang ph\u1ed5 bi\u1ebfn \u1edf nhi\u1ec1u qu\u1ed1c gia. Ngo\u00e0i ra, m\u00e1y g\u1eb7t b\u1eafp nh\u1ecf g\u1ecdn, nh\u1eb9, d\u1ec5 v\u1eadn h\u00e0nh, c\u00f3 th\u1ec3 \u0111\u00e1p \u1ee9ng nhu c\u1ea7u c\u1ee7a nhi\u1ec1u n\u00f4ng d\u00e2n. M\u00e1y g\u1eb7t b\u1eafp nh\u1ecf n\u00e0y c\u00f3 gi\u00e1 ph\u1ea3i ch\u0103ng v\u00e0 ph\u00f9 h\u1ee3p v\u1edbi n\u00f4ng d\u00e2n c\u00f3 ru\u1ed9ng \u1edf \u0111\u1ed3i, n\u00fai v\u00e0 nh\u1eefng n\u01a1i kh\u00e1c m\u00e0 c\u00e1c m\u00e1y l\u1edbn kh\u00f3 ti\u1ebfp c\u1eadn v\u00e0 l\u00e0m vi\u1ec7c. Ngo\u00e0i ra, ch\u00fang t\u00f4i c\u00f2n \u0111\u1ec1 xu\u1ea5t c\u00e1c m\u00e1y g\u1eb7t b\u1eafp nh\u1ecf cho n\u00f4ng d\u00e2n c\u00f3 di\u1ec7n t\u00edch nh\u1ecf \u0111\u1ec3 thu ho\u1ea1ch b\u1eafp. B\u00ean c\u1ea1nh \u0111\u00f3, ch\u00fang t\u00f4i c\u00f2n c\u00f3 <a href=\"https:\/\/taizyfarmequipment.com\/vi\/san-pham\/xe-keo-di-bo-2\/\">m\u00e1y k\u00e9o \u0111i b\u1ed9<\/a> g\u1eafn m\u00e1y g\u1eb7t b\u1eafp, <a href=\"https:\/\/www.agriculture-machine.com\/potato-harvester-two-models-of-potato-harvester\/\" target=\"_blank\" rel=\"noopener\">m\u00e1y g\u1eb7t khoai t\u00e2y<\/a>, m\u00e1y g\u1eb7t \u0111\u1eadu ph\u1ed9ng, v\u00e0 <a href=\"https:\/\/www.agriculture-machine.com\/combine-harvester\/\" target=\"_blank\" rel=\"noopener\">m\u00e1y g\u1eb7t l\u00faa m\u00ec<\/a>. B\u00e0i vi\u1ebft n\u00e0y ch\u1ee7 y\u1ebfu gi\u1edbi thi\u1ec7u v\u1ec1 m\u00e1y g\u1eb7t b\u1eafp h\u00e0ng d\u1ecdc.<\/p>    <h2 class=\"wp-block-heading\" id=\"h-what-is-a-single-row-corn-harvester\">M\u00e1y thu ho\u1ea1ch ng\u00f4 m\u1ed9t h\u00e0ng l\u00e0 g\u00ec?<\/h2>    <p>M\u00e1y thu ho\u1ea1ch ng\u00f4 m\u1ed9t h\u00e0ng nh\u1ecf ch\u1ec9 c\u00f3 th\u1ec3 thu ho\u1ea1ch m\u1ed9t h\u00e0ng ng\u00f4 m\u1ed7i l\u1ea7n. V\u00e0 m\u00e1y c\u00f3 th\u1ec3 nh\u1eb7t ng\u00f4, \u0111\u1ed3ng th\u1eddi \u0111\u1eadp th\u00e2n ng\u00f4 tr\u1edf l\u1ea1i ru\u1ed9ng. V\u1ec1 s\u1ee9c m\u1ea1nh, ch\u00fang ta c\u00f3 th\u1ec3 trang b\u1ecb cho m\u00e1y g\u1eb7t ng\u00f4 \u0111\u1ed9ng c\u01a1 x\u0103ng v\u00e0 diesel. V\u00ec v\u1eady, kh\u00e1ch h\u00e0ng c\u00f3 th\u1ec3 l\u1ef1a ch\u1ecdn theo nhu c\u1ea7u c\u1ee7a m\u00ecnh. V\u00e0 chi\u1ebfc m\u00e1y h\u00e1i ng\u00f4 n\u00e0y r\u1ea5t d\u1ec5 v\u1eadn h\u00e0nh v\u00e0 c\u00f3 b\u1ed1n b\u00e1nh xe \u0111\u1ec3 d\u1ec5 d\u00e0ng di chuy\u1ec3n. Ngo\u00e0i ra, m\u1ed9t b\u00ean c\u1ee7a m\u00e1y h\u00e1i ng\u00f4 c\u00f2n c\u00f3 m\u1ed9t chi\u1ebfc gi\u1ecf. Khi gi\u1ecf \u0111\u00e3 \u0111\u1ea7y, kh\u00e1ch h\u00e0ng c\u00f3 th\u1ec3 m\u1edf gi\u1ecf ra v\u00e0 ng\u00f4 thu ho\u1ea1ch s\u1ebd x\u1ebfp th\u00e0nh m\u1ed9t \u0111\u1ed1ng. Ngo\u00e0i ra, B\u1ea1n c\u0169ng c\u00f3 th\u1ec3 l\u1eafp m\u1ed9t chi\u1ebfc t\u00fai d\u01b0\u1edbi gi\u1ecf \u0111\u1ec3 d\u1ec5 d\u00e0ng thu gom ng\u00f4. V\u00e0 m\u00e1y thu ho\u1ea1ch ng\u00f4 \u0111\u01b0\u1ee3c \u00e1p d\u1ee5ng cho c\u00e1c khu \u0111\u1ea5t nh\u1ecf, v\u00f9ng n\u00fai v\u00e0 v\u00f9ng \u0111\u1ed3i n\u00fai.<\/p>    <figure class=\"wp-block-gallery has-nested-images columns-default is-cropped wp-block-gallery-2 is-layout-flex wp-block-gallery-is-layout-flex\"> <figure class=\"wp-block-image size-large\"><img loading=\"lazy\" decoding=\"async\" width=\"720\" height=\"540\" data-id=\"3159\" src=\"https:\/\/taizyfarmequipment.com\/wp-content\/uploads\/2022\/04\/single-row-corn-harvester1.jpg\" alt=\"m\u00e1y g\u1eb7t ng\u00f4 m\u1ed9t h\u00e0ng\" class=\"wp-image-3159\" title=\"m\u00e1y g\u1eb7t ng\u00f4 m\u1ed9t h\u00e0ng\"\/><figcaption class=\"wp-element-caption\">m\u00e1y g\u1eb7t ng\u00f4 m\u1ed9t h\u00e0ng<\/figcaption><\/figure>    <figure class=\"wp-block-image size-large\"><img loading=\"lazy\" decoding=\"async\" width=\"720\" height=\"540\" data-id=\"3160\" src=\"https:\/\/taizyfarmequipment.com\/wp-content\/uploads\/2022\/04\/corn-picker1-.jpg\" alt=\"m\u00e1y h\u00e1i ng\u00f4\" class=\"wp-image-3160\" title=\"m\u00e1y h\u00e1i ng\u00f4\"\/><figcaption class=\"wp-element-caption\">m\u00e1y h\u00e1i ng\u00f4<\/figcaption><\/figure> <\/figure>    <h2 class=\"wp-block-heading\">Nh\u1eefng b\u1ed9 ph\u1eadn n\u00e0o t\u1ea1o n\u00ean m\u1ed9t chi\u1ebfc m\u00e1y h\u00e1i ng\u00f4 nh\u1ecf?<\/h2>    <p>M\u00e1y g\u1eb7t b\u1eafp nh\u1ecf n\u00e0y ch\u1ee7 y\u1ebfu g\u1ed3m khung, ph\u1ec5u, ngu\u1ed3n n\u0103ng l\u01b0\u1ee3ng (\u0111\u1ed9ng c\u01a1 x\u0103ng ho\u1eb7c diesel), b\u00e1nh xe c\u00f3 l\u1ed1p, tay c\u1ea7m, c\u1ea7n \u0111i\u1ec1u ch\u1ec9nh chi\u1ec1u cao, ly h\u1ee3p \u0111i b\u1ed9, tr\u1ee5c l\u0103n, thi\u1ebft b\u1ecb nghi\u1ec1n, v.v. M\u00e1y g\u1eb7t b\u1eafp k\u00e9o sau nh\u1ecf g\u1ecdn, d\u1ec5 l\u1eafp \u0111\u1eb7t, \u0111\u01a1n gi\u1ea3n \u0111\u1ec3 v\u1eadn h\u00e0nh, v\u00e0 thu\u1eadn ti\u1ec7n khi \u0111i b\u1ed9.<\/p>    <figure class=\"wp-block-image size-full\"><img loading=\"lazy\" decoding=\"async\" width=\"720\" height=\"540\" src=\"https:\/\/taizyfarmequipment.com\/wp-content\/uploads\/2022\/04\/small-corn-harvester1.jpg\" alt=\"m\u00e1y thu ho\u1ea1ch ng\u00f4 nh\u1ecf\" class=\"wp-image-3161\"\/><figcaption class=\"wp-element-caption\">m\u00e1y thu ho\u1ea1ch ng\u00f4 nh\u1ecf<\/figcaption><\/figure>    <h2 class=\"wp-block-heading\">\u01afu \u0111i\u1ec3m c\u1ee7a m\u00e1y k\u00e9o \u0111\u1eb1ng sau m\u00e1y g\u1eb7t ng\u00f4 l\u00e0 g\u00ec?<\/h2>    <p>1. L\u1ef1c k\u00e9o ph\u00eda sau m\u00e1y thu ho\u1ea1ch ng\u00f4 n\u00e0y nh\u1ecf v\u00e0 d\u1ec5 th\u00edch nghi, \u0111\u1ed3ng th\u1eddi ch\u00fang ta c\u00f3 th\u1ec3 s\u1eed d\u1ee5ng n\u00f3 cho nh\u1eefng c\u00e1nh \u0111\u1ed3ng l\u1ebb t\u1ebb nh\u01b0 \u0111\u1ed3i n\u00fai m\u00e0 nh\u1eefng m\u00e1y thu ho\u1ea1ch ng\u00f4 l\u1edbn kh\u00f4ng th\u1ec3 \u0111i qua.&nbsp;<\/p>    <p>2. C\u00e1c ch\u1ee9c n\u0103ng ho\u00e0n ch\u1ec9nh nh\u01b0 nh\u1eb7t tai, \u0111\u1ea5m b\u1ed1c, \u0111\u1eadp v\u00e0 tr\u1ea3 r\u01a1m v\u1ec1 ru\u1ed9ng,\u2026 M\u00e1y g\u1eb7t ng\u00f4 ng\u1ecdt lo\u1ea1i nh\u1ecf n\u00e0y h\u1ea7u nh\u01b0 c\u00f3 c\u00e1c ch\u1ee9c n\u0103ng t\u01b0\u01a1ng t\u1ef1 nh\u01b0 m\u00e1y g\u1eb7t ng\u00f4 c\u1ee1 l\u1edbn.&nbsp; &nbsp;<\/p>    <p>3. D\u1ec5 d\u00e0ng c\u00e0i \u0111\u1eb7t v\u00e0 th\u00e1o r\u1eddi v\u00e0 th\u1ef1c s\u1ef1 \u0111\u1ea1t \u0111\u01b0\u1ee3c nhi\u1ec1u m\u1ee5c \u0111\u00edch s\u1eed d\u1ee5ng trong m\u1ed9t m\u00e1y.&nbsp; &nbsp;<\/p>    <p>4. V\u1eadn h\u00e0nh linh ho\u1ea1t, b\u00e1n k\u00ednh quay v\u00f2ng nh\u1ecf, d\u1ec5 v\u1eadn h\u00e0nh. Chi\u1ec1u cao c\u1eaft c\u00f3 th\u1ec3 \u0111\u01b0\u1ee3c \u0111i\u1ec1u ch\u1ec9nh v\u00e0 kh\u00e1ch h\u00e0ng c\u00f3 th\u1ec3 \u0111i\u1ec1u ch\u1ec9nh theo nhu c\u1ea7u ri\u00eang c\u1ee7a m\u00ecnh.<\/p>    <h2 class=\"wp-block-heading\">L\u00e0m th\u1ebf n\u00e0o \u0111\u1ec3 ch\u1ecdn m\u1ed9t m\u00e1y g\u1eb7t ng\u00f4 s\u1eed d\u1ee5ng t\u1ea1i nh\u00e0 m\u1ed9t c\u00e1ch ch\u00ednh x\u00e1c?<\/h2>    <p>1. Kh\u1ea3 n\u0103ng \u00e1p d\u1ee5ng theo khu v\u1ef1c. M\u00e1y g\u1eb7t ng\u00f4 m\u1ed9t h\u00e0ng ph\u00f9 h\u1ee3p v\u1edbi ru\u1ed9ng nh\u1ecf, \u0111\u1ed3i, n\u00fai,\u2026<\/p>    <p>2. C\u1ea7n xem x\u00e9t v\u1ea5n \u0111\u1ec1 thu h\u1ed3i chi ph\u00ed sau \u0111\u1ea7u t\u01b0. Kh\u00e1ch h\u00e0ng c\u00f3 th\u1ec3 l\u1ef1a ch\u1ecdn m\u00e1y thu ho\u1ea1ch ng\u00f4 c\u00f3 k\u00edch th\u01b0\u1edbc ph\u00f9 h\u1ee3p t\u00f9y theo l\u1ee3i \u00edch.<\/p>    <p>3. K\u1ebft h\u1ee3p ngu\u1ed3n \u0111i\u1ec7n. Ch\u1ecdn c\u00f4ng su\u1ea5t ph\u00f9 h\u1ee3p t\u00f9y theo \u0111i\u1ec1u ki\u1ec7n \u0111\u1ecba ph\u01b0\u01a1ng, \u0111\u1ed9ng c\u01a1 x\u0103ng ho\u1eb7c \u0111\u1ed9ng c\u01a1 diesel.<\/p>    <p>4. Xem x\u00e9t c\u00e1c ph\u01b0\u01a1ng ph\u00e1p x\u1eed l\u00fd r\u01a1m r\u1ea1. M\u00e1y g\u1eb7t ng\u00f4 m\u1ed9t h\u00e0ng \u0111\u1eadp th\u1eb3ng th\u00e2n c\u00e2y tr\u1edf l\u1ea1i ru\u1ed9ng. Kh\u00e1ch h\u00e0ng n\u00ean t\u00f9y theo nhu c\u1ea7u ri\u00eang m\u00e0 l\u1ef1a ch\u1ecdn lo\u1ea1i m\u00e1y g\u1eb7t r\u01a1m ph\u00f9 h\u1ee3p.<\/p>    <figure class=\"wp-block-gallery has-nested-images columns-default is-cropped wp-block-gallery-3 is-layout-flex wp-block-gallery-is-layout-flex\"> <figure class=\"wp-block-image size-large\"><img loading=\"lazy\" decoding=\"async\" width=\"720\" height=\"540\" data-id=\"3162\" src=\"https:\/\/taizyfarmequipment.com\/wp-content\/uploads\/2022\/04\/corn-pickers-factory1.jpg\" alt=\"nh\u00e0 m\u00e1y h\u00e1i ng\u00f4\" class=\"wp-image-3162\" title=\"nh\u00e0 m\u00e1y h\u00e1i ng\u00f4\"\/><figcaption class=\"wp-element-caption\">Nh\u00e0 m\u00e1y Picker Corn<\/figcaption><\/figure>    <figure class=\"wp-block-image size-large\"><img loading=\"lazy\" decoding=\"async\" width=\"720\" height=\"540\" data-id=\"3163\" src=\"https:\/\/taizyfarmequipment.com\/wp-content\/uploads\/2022\/04\/walk-behind-corn-harvester1.jpg\" alt=\"\u0111i b\u1ed9 ph\u00eda sau m\u00e1y g\u1eb7t ng\u00f4\" class=\"wp-image-3163\" title=\"\u0111i b\u1ed9 ph\u00eda sau m\u00e1y g\u1eb7t ng\u00f4\"\/><figcaption class=\"wp-element-caption\">\u0111i b\u1ed9 ph\u00eda sau m\u00e1y g\u1eb7t ng\u00f4<\/figcaption><\/figure> <\/figure>    <h2 class=\"wp-block-heading\">C\u00e2u h\u1ecfi th\u01b0\u1eddng g\u1eb7p<\/h2>    <p>1. M\u00e1y g\u1eb7t n\u00e0y c\u00f3 b\u00f3c v\u1ecf ng\u00f4 \u0111\u01b0\u1ee3c kh\u00f4ng?<\/p>    <p>Kh\u00f4ng, n\u00f3 kh\u00f4ng th\u1ec3<\/p>    <p>2. R\u01a1m ng\u00f4 sau khi thu ho\u1ea1ch \u1edf \u0111\u00e2u?<\/p>    <p>H\u1ecd s\u1ebd tr\u1edf l\u1ea1i ru\u1ed9ng sau khi b\u1ecb nghi\u1ec1n n\u00e1t b\u1edfi 10 l\u01b0\u1ee1i dao \u1edf \u0111\u00e1y m\u00e1y.<\/p>    <p>3. Chi\u1ec1u cao c\u1ee7a r\u00e2u l\u00e0 bao nhi\u00eau?<\/p>    <p>Ch\u00fang ta c\u00f3 th\u1ec3 \u0111i\u1ec1u ch\u1ec9nh nh\u01b0ng chi\u1ec1u cao t\u1ed1i thi\u1ec3u l\u00e0 10cm.<\/p>    <p>4. C\u00f3 bao nhi\u00eau l\u01b0\u1ee1i nghi\u1ec1n?<\/p>    <p>C\u00f3 10 l\u01b0\u1ee1i nghi\u1ec1n \u1edf ph\u00eda d\u01b0\u1edbi.<\/p>    <p>5. L\u01b0\u1ee1i dao c\u00f3 d\u1ec5 b\u1ecb g\u00e3y kh\u00f4ng? T\u00f4i c\u00f3 th\u1ec3 s\u1eed d\u1ee5ng n\u00f3 trong bao l\u00e2u?<\/p>    <p>\u0110\u00fang v\u1eady, l\u01b0\u1ee1i dao l\u00e0 b\u1ed9 ph\u1eadn d\u1ec5 b\u1ecb g\u00e3y, \u0111\u1eb7c bi\u1ec7t l\u00e0 khi g\u1eb7p ph\u1ea3i nh\u1eefng t\u1ea3ng \u0111\u00e1 l\u1edbn ho\u1eb7c c\u00e1c ch\u01b0\u1edbng ng\u1ea1i v\u1eadt r\u1ea5t c\u1ee9ng kh\u00e1c. Th\u00f4ng th\u01b0\u1eddng, ch\u00fang ta c\u00f3 th\u1ec3 s\u1eed d\u1ee5ng n\u00f3 trong m\u1ed9t n\u0103m. Ch\u00fang t\u00f4i g\u1eedi cho b\u1ea1n th\u00eam 1 chi\u1ebfc (10 chi\u1ebfc) mi\u1ec5n ph\u00ed k\u00e8m theo m\u00e1y g\u1eb7t ng\u00f4 khi giao h\u00e0ng.<\/p>    <p>6. S\u1ebd c\u00f3 m\u1ed9t s\u1ed1 ng\u00f4 kh\u00f4ng th\u1ec3 thu ho\u1ea1ch \u0111\u01b0\u1ee3c?<\/p>    <p>V\u1edbi kinh nghi\u1ec7m th\u1ef1c t\u1ebf, t\u1ef7 l\u1ec7 thu ho\u1ea1ch ng\u00f4 \u0111\u1ea1t h\u01a1n 98%.<\/p>    <p>7. Th\u00f9ng \u0111\u1ef1ng b\u00ean c\u1ea1nh m\u00e1y c\u00f3 th\u1ec3 thu \u0111\u01b0\u1ee3c bao nhi\u00eau ng\u00f4?<\/p>    <p>T\u00f9y theo k\u00edch c\u1ee1 ng\u00f4, th\u00f4ng th\u01b0\u1eddng c\u00f3 th\u1ec3 thu \u0111\u01b0\u1ee3c 30-50 chi\u1ebfc.<\/p>    <h2 class=\"wp-block-heading\">M\u00e1y h\u00e1i ng\u00f4 ng\u1ecdt lo\u1ea1i nh\u1ecf\u00a0\u0111\u01b0\u1ee3c b\u00e1n sang Malaysia<\/h2>    <p>Our customers from Malaysia get our contact information from Alibaba. Our sales manager learned through communication that the customer needs a corn harvester. The client&#8217;s budget is not high and the area to be harvested is not large. So we recommend a small sweet corn harvester to the client. Since the customer wanted to buy one for a friend, the customer finally decided to buy two machines from us. Below are the packaging and shipping&nbsp;pictures&nbsp;of the&nbsp;home use corn harvester&nbsp;machine.<\/p>    <figure class=\"wp-block-gallery has-nested-images columns-default is-cropped wp-block-gallery-4 is-layout-flex wp-block-gallery-is-layout-flex\"> <figure class=\"wp-block-image size-large\"><img loading=\"lazy\" decoding=\"async\" width=\"720\" height=\"540\" data-id=\"3164\" src=\"https:\/\/taizyfarmequipment.com\/wp-content\/uploads\/2022\/04\/home-use-maize-harvester0.jpg\" alt=\"m\u00e1y g\u1eb7t ng\u00f4 gia \u0111\u00ecnh\" class=\"wp-image-3164\" title=\"m\u00e1y g\u1eb7t ng\u00f4 gia \u0111\u00ecnh\"\/><figcaption class=\"wp-element-caption\">m\u00e1y g\u1eb7t ng\u00f4 gia \u0111\u00ecnh<\/figcaption><\/figure>    <figure class=\"wp-block-image size-large\"><img loading=\"lazy\" decoding=\"async\" width=\"720\" height=\"540\" data-id=\"3165\" src=\"https:\/\/taizyfarmequipment.com\/wp-content\/uploads\/2022\/04\/packing-of-small-corn-harvester0.jpg\" alt=\"\u0111\u00f3ng g\u00f3i m\u00e1y thu ho\u1ea1ch ng\u00f4 nh\u1ecf\" class=\"wp-image-3165\" title=\"\u0111\u00f3ng g\u00f3i m\u00e1y thu ho\u1ea1ch ng\u00f4 nh\u1ecf\"\/><figcaption class=\"wp-element-caption\">\u0111\u00f3ng g\u00f3i m\u00e1y thu ho\u1ea1ch ng\u00f4 nh\u1ecf<\/figcaption><\/figure>    <figure class=\"wp-block-image size-large\"><img loading=\"lazy\" decoding=\"async\" width=\"720\" height=\"540\" data-id=\"3166\" src=\"https:\/\/taizyfarmequipment.com\/wp-content\/uploads\/2022\/04\/loading-and-shipping-of-small-scale-corn-harvester0.jpg\" alt=\"v\u1eadn chuy\u1ec3n m\u00e1y g\u1eb7t ng\u00f4 quy m\u00f4 nh\u1ecf\" class=\"wp-image-3166\" title=\"v\u1eadn chuy\u1ec3n m\u00e1y g\u1eb7t ng\u00f4 quy m\u00f4 nh\u1ecf\"\/><figcaption class=\"wp-element-caption\">v\u1eadn chuy\u1ec3n m\u00e1y g\u1eb7t ng\u00f4 quy m\u00f4 nh\u1ecf<\/figcaption><\/figure> <\/figure>","protected":false},"excerpt":{"rendered":"<p>M\u00e1y g\u1eb7t ng\u00f4 m\u1ed9t h\u00e0ng nh\u1ecf, nh\u1eb9, d\u1ec5 v\u1eadn h\u00e0nh, \u0111\u00e1p \u1ee9ng \u0111\u01b0\u1ee3c nhu c\u1ea7u c\u1ee7a n\u00f4ng d\u00e2n. N\u00f3 ph\u1ed5 bi\u1ebfn \u1edf nhi\u1ec1u n\u01b0\u1edbc.<\/p>","protected":false},"author":1,"featured_media":3158,"parent":0,"template":"","tags":[245,248,249,247,250,244,246],"product-type":[128],"class_list":["post-3157","product","type-product","status-publish","has-post-thumbnail","hentry","tag-corn-picker-for-sale","tag-home-use-maize-harvster","tag-mini-corn-harvester","tag-pull-behind-corn-harvester","tag-single-row-corn-harvester","tag-single-row-corn-picker","tag-small-scale-corn-harvester","product-type-harvester"],"_links":{"self":[{"href":"https:\/\/taizyfarmequipment.com\/vi\/wp-json\/wp\/v2\/product\/3157","targetHints":{"allow":["GET"]}}],"collection":[{"href":"https:\/\/taizyfarmequipment.com\/vi\/wp-json\/wp\/v2\/product"}],"about":[{"href":"https:\/\/taizyfarmequipment.com\/vi\/wp-json\/wp\/v2\/types\/product"}],"author":[{"embeddable":true,"href":"https:\/\/taizyfarmequipment.com\/vi\/wp-json\/wp\/v2\/users\/1"}],"wp:featuredmedia":[{"embeddable":true,"href":"https:\/\/taizyfarmequipment.com\/vi\/wp-json\/wp\/v2\/media\/3158"}],"wp:attachment":[{"href":"https:\/\/taizyfarmequipment.com\/vi\/wp-json\/wp\/v2\/media?parent=3157"}],"wp:term":[{"taxonomy":"post_tag","embeddable":true,"href":"https:\/\/taizyfarmequipment.com\/vi\/wp-json\/wp\/v2\/tags?post=3157"},{"taxonomy":"product-type","embeddable":true,"href":"https:\/\/taizyfarmequipment.com\/vi\/wp-json\/wp\/v2\/product-type?post=3157"}],"curies":[{"name":"wp","href":"https:\/\/api.w.org\/{rel}","templated":true}]}}