{"id":3228,"date":"2022-04-18T10:58:07","date_gmt":"2022-04-18T10:58:07","guid":{"rendered":"https:\/\/taizyfarmequipment.com\/?post_type=product&#038;p=3228"},"modified":"2025-11-07T17:58:57","modified_gmt":"2025-11-07T09:58:57","slug":"may-nghien-bua","status":"publish","type":"product","link":"https:\/\/taizyfarmequipment.com\/vi\/product\/hammer-mill-grinder\/","title":{"rendered":"M\u00e1y nghi\u1ec1n b\u00faa | M\u00e1y nghi\u1ec1n ng\u00f4"},"content":{"rendered":"<div class=\"kk-star-ratings kksr-auto kksr-align-left kksr-valign-top\"     data-payload='{&quot;align&quot;:&quot;left&quot;,&quot;id&quot;:&quot;3228&quot;,&quot;slug&quot;:&quot;default&quot;,&quot;valign&quot;:&quot;top&quot;,&quot;ignore&quot;:&quot;&quot;,&quot;reference&quot;:&quot;auto&quot;,&quot;class&quot;:&quot;&quot;,&quot;count&quot;:&quot;23&quot;,&quot;legendonly&quot;:&quot;&quot;,&quot;readonly&quot;:&quot;&quot;,&quot;score&quot;:&quot;4.8&quot;,&quot;starsonly&quot;:&quot;&quot;,&quot;best&quot;:&quot;5&quot;,&quot;gap&quot;:&quot;5&quot;,&quot;greet&quot;:&quot;Rate this product&quot;,&quot;legend&quot;:&quot;4.8\\\/5 - (23 b\u00ecnh ch\u1ecdn)&quot;,&quot;size&quot;:&quot;24&quot;,&quot;title&quot;:&quot;Hammer mill grinder | Corn mill grinder machine&quot;,&quot;width&quot;:&quot;136.7&quot;,&quot;_legend&quot;:&quot;{score}\\\/{best} - ({count} {votes})&quot;,&quot;font_factor&quot;:&quot;1.25&quot;}'>              <div class=\"kksr-stars\">      <div class=\"kksr-stars-inactive\">             <div class=\"kksr-star\" data-star=\"1\" style=\"padding-right: 5px\">               <div class=\"kksr-icon\" style=\"width: 24px; height: 24px;\"><\/div>         <\/div>             <div class=\"kksr-star\" data-star=\"2\" style=\"padding-right: 5px\">               <div class=\"kksr-icon\" style=\"width: 24px; height: 24px;\"><\/div>         <\/div>             <div class=\"kksr-star\" data-star=\"3\" style=\"padding-right: 5px\">               <div class=\"kksr-icon\" style=\"width: 24px; height: 24px;\"><\/div>         <\/div>             <div class=\"kksr-star\" data-star=\"4\" style=\"padding-right: 5px\">               <div class=\"kksr-icon\" style=\"width: 24px; height: 24px;\"><\/div>         <\/div>             <div class=\"kksr-star\" data-star=\"5\" style=\"padding-right: 5px\">               <div class=\"kksr-icon\" style=\"width: 24px; height: 24px;\"><\/div>         <\/div>     <\/div>      <div class=\"kksr-stars-active\" style=\"width: 136.7px;\">             <div class=\"kksr-star\" style=\"padding-right: 5px\">               <div class=\"kksr-icon\" style=\"width: 24px; height: 24px;\"><\/div>         <\/div>             <div class=\"kksr-star\" style=\"padding-right: 5px\">               <div class=\"kksr-icon\" style=\"width: 24px; height: 24px;\"><\/div>         <\/div>             <div class=\"kksr-star\" style=\"padding-right: 5px\">               <div class=\"kksr-icon\" style=\"width: 24px; height: 24px;\"><\/div>         <\/div>             <div class=\"kksr-star\" style=\"padding-right: 5px\">               <div class=\"kksr-icon\" style=\"width: 24px; height: 24px;\"><\/div>         <\/div>             <div class=\"kksr-star\" style=\"padding-right: 5px\">               <div class=\"kksr-icon\" style=\"width: 24px; height: 24px;\"><\/div>         <\/div>     <\/div> <\/div>                   <div class=\"kksr-legend\" style=\"font-size: 19.2px;\">             4.8\/5 - (23 l\u01b0\u1ee3t b\u00ecnh ch\u1ecdn)    <\/div>     <\/div>  <p>M\u00e1y nghi\u1ec1n b\u00faa xay nghi\u1ec1n s\u01a1 to v\u00e0 ng\u0169 c\u1ed1c th\u00e0nh h\u1ea1t m\u1ecbn v\u1edbi hi\u1ec7u qu\u1ea3 cao. N\u00f3 c\u00f3 th\u1ec3 x\u1eed l\u00fd nhi\u1ec1u lo\u1ea1i v\u1eadt li\u1ec7u, bao g\u1ed3m r\u01a1m, c\u1ecf th\u1ee9c \u0103n v\u00e0 ng\u00f4. C\u00f3 nhi\u1ec1u m\u1eabu trong s\u00ea-ri n\u00e0y, m\u1ed7i m\u1eabu cho \u0111\u1ea7u ra kh\u00e1c nhau \u0111\u1ec3 ph\u00f9 h\u1ee3p v\u1edbi y\u00eau c\u1ea7u s\u1ea3n xu\u1ea5t c\u1ee5 th\u1ec3.<\/p>    <p>V\u1ec1 c\u00f4ng su\u1ea5t, m\u00e1y nghi\u1ec1n ng\u00f4 c\u00f3 th\u1ec3 \u0111\u01b0\u1ee3c trang b\u1ecb ba lo\u1ea1i c\u00f4ng su\u1ea5t: \u0111\u1ed9ng c\u01a1 \u0111i\u1ec7n, \u0111\u1ed9ng c\u01a1 diesel v\u00e0 \u0111\u1ed9ng c\u01a1 x\u0103ng. Kh\u00e1ch h\u00e0ng c\u00f3 th\u1ec3 l\u1ef1a ch\u1ecdn theo nhu c\u1ea7u c\u1ee7a m\u00ecnh. <\/p>    <figure class=\"wp-block-embed is-type-video is-provider-youtube wp-block-embed-youtube wp-embed-aspect-16-9 wp-has-aspect-ratio\"><div class=\"wp-block-embed__wrapper\"> <iframe loading=\"lazy\" title=\"C\u00e1c gi\u1ea3i ph\u00e1p m\u00e0i c\u1ea3i ti\u1ebfn: M\u00e1y nghi\u1ec1n Hammer Mill c\u00e1ch m\u1ea1ng h\u00f3a quy tr\u00ecnh l\u00e0m vi\u1ec7c c\u1ee7a b\u1ea1n nh\u01b0 th\u1ebf n\u00e0o #farming #corn\" width=\"500\" height=\"281\" src=\"https:\/\/www.youtube.com\/embed\/F0NbuZuJLAw?feature=oembed\" frameborder=\"0\" allow=\"accelerometer; autoplay; clipboard-write; encrypted-media; gyroscope; picture-in-picture; web-share\" referrerpolicy=\"strict-origin-when-cross-origin\" allowfullscreen><\/iframe> <\/div><figcaption class=\"wp-element-caption\">Video ho\u1ea1t \u0111\u1ed9ng c\u1ee7a m\u00e1y nghi\u1ec1n b\u00faa<\/figcaption><\/figure>    <h2 class=\"wp-block-heading\">Nh\u1eefng v\u1eadt li\u1ec7u n\u00e0o ph\u00f9 h\u1ee3p cho m\u00e1y nghi\u1ec1n b\u1eafp?<\/h2>    <p>M\u00e1y xay nghi\u1ec1n b\u1ed9t b\u1eafp ph\u00f9 h\u1ee3p \u0111\u1ec3 x\u1eed l\u00fd nhi\u1ec1u lo\u1ea1i v\u1eadt li\u1ec7u. N\u00f3 xay m\u1ecbn c\u00e1c lo\u1ea1i ng\u0169 c\u1ed1c nh\u01b0 ng\u00f4, l\u00faa m\u00ec, g\u1ea1o, \u0111\u1eadu n\u00e0nh v\u00e0 ng\u00f4 nhoo th\u00e0nh b\u1ed9t m\u1ecbn ho\u1eb7c h\u1ea1t th\u00f4 t\u00f9y nhu c\u1ea7u. <\/p>    <p>Ngo\u00e0i ng\u0169 c\u1ed1c, n\u00f3 c\u00f2n x\u1eed l\u00fd \u0111\u01b0\u1ee3c ph\u1ee5 ph\u1ea9m n\u00f4ng nghi\u1ec7p nh\u01b0 r\u01a1m, th\u00e2n c\u00e2y, v\u1ecf h\u1ea1t v\u00e0 c\u1ecf kh\u00f4, l\u00e0m cho n\u00f3 l\u00fd t\u01b0\u1edfng cho chu\u1ea9n b\u1ecb th\u1ee9c \u0103n v\u00e0 ch\u1ebf bi\u1ebfn sinh kh\u1ed1i. S\u1ef1 linh ho\u1ea1t n\u00e0y cho ph\u00e9p m\u00e1y ph\u1ee5c v\u1ee5 cho nhi\u1ec1u ng\u00e0nh c\u00f4ng nghi\u1ec7p, bao g\u1ed3m s\u1ea3n xu\u1ea5t th\u1ef1c ph\u1ea9m, th\u1ee9c \u0103n cho \u0111\u1ed9ng v\u1eadt v\u00e0 s\u1ea3n xu\u1ea5t nhi\u00ean li\u1ec7u sinh kh\u1ed1i.<\/p>    <figure class=\"wp-block-gallery has-nested-images columns-default is-cropped wp-block-gallery-2 is-layout-flex wp-block-gallery-is-layout-flex\"> <figure class=\"wp-block-image size-large\"><img loading=\"lazy\" decoding=\"async\" width=\"720\" height=\"540\" data-id=\"3232\" src=\"https:\/\/taizyfarmequipment.com\/wp-content\/uploads\/2022\/04\/420-hammer-mill-grinder0.jpg\" alt=\"M\u00e1y nghi\u1ec1n b\u00faa 9FQ-420\" class=\"wp-image-3232\" title=\"M\u00e1y nghi\u1ec1n b\u00faa 9FQ-420\"\/><figcaption class=\"wp-element-caption\">M\u00e1y nghi\u1ec1n b\u00faa 9FQ-420<\/figcaption><\/figure>    <figure class=\"wp-block-image size-large\"><img loading=\"lazy\" decoding=\"async\" width=\"720\" height=\"540\" data-id=\"3233\" src=\"https:\/\/taizyfarmequipment.com\/wp-content\/uploads\/2022\/04\/500-high-speed-hammer-mill-0.jpg\" alt=\"M\u00e1y nghi\u1ec1n b\u00faa t\u1ed1c \u0111\u1ed9 cao 9FQ-500\" class=\"wp-image-3233\" title=\"M\u00e1y nghi\u1ec1n b\u00faa t\u1ed1c \u0111\u1ed9 cao 9FQ-500\"\/><figcaption class=\"wp-element-caption\">M\u00e1y nghi\u1ec1n b\u00faa t\u1ed1c \u0111\u1ed9 cao 9FQ-500<\/figcaption><\/figure> <\/figure>    <h2 class=\"wp-block-heading\" id=\"h-structure-of-hammer-mill-grinder\">C\u1ea5u tr\u00fac c\u1ee7a m\u00e1y nghi\u1ec1n b\u00faa<\/h2>    <div class=\"wp-block-media-text is-stacked-on-mobile is-resized\"><figure class=\"wp-block-media-text__media\"><img loading=\"lazy\" decoding=\"async\" width=\"720\" height=\"540\" src=\"https:\/\/taizyfarmequipment.com\/wp-content\/uploads\/2022\/04\/hammer-mill-grinder0.jpg\" alt=\"m\u00e1y nghi\u1ec1n b\u00faa\" class=\"wp-image-3229 size-full\"\/><\/figure><div class=\"wp-block-media-text__content\"> <ul class=\"wp-block-list\"> <li><strong>C\u0103n c\u1ee9<\/strong>: Cung c\u1ea5p s\u1ef1 \u1ed5n \u0111\u1ecbnh trong qu\u00e1 tr\u00ecnh ho\u1ea1t \u0111\u1ed9ng.<\/li>    <li><strong>C\u00e1nh qu\u1ea1t<\/strong>: \u0110i\u1ec1u khi\u1ec3n chuy\u1ec3n \u0111\u1ed9ng c\u1ee7a b\u00faa \u0111\u1ec3 nghi\u1ec1n hi\u1ec7u qu\u1ea3.<\/li>    <li><strong>trung chuy\u1ec3n<\/strong>: \u0110\u01b0a nguy\u00ean li\u1ec7u v\u00e0o m\u00e1y.<\/li>    <li><strong>bu\u1ed3ng nghi\u1ec1n<\/strong>: C\u00f3 b\u00faa b\u1eb1ng th\u00e9p cacbon cao b\u1ec1n b\u1ec9 \u0111\u1ec3 nghi\u1ec1n th\u00e0nh b\u1ed9t hi\u1ec7u qu\u1ea3.<\/li>    <li><strong>M\u00e0n h\u00ecnh<\/strong>: C\u00f3 th\u1ec3 t\u00f9y ch\u1ec9nh \u0111\u1ec3 ki\u1ec3m so\u00e1t k\u00edch th\u01b0\u1edbc h\u1ea1t c\u1ee7a s\u1ea3n ph\u1ea9m cu\u1ed1i c\u00f9ng.<\/li>    <li><strong>L\u1ed1c xo\u00e1y<\/strong>: Thu gom v\u00e0 th\u1ea3i b\u1ecf c\u00e1c v\u1eadt li\u1ec7u \u0111\u00e3 qua x\u1eed l\u00fd m\u1ed9t c\u00e1ch hi\u1ec7u qu\u1ea3, gi\u1ea3m thi\u1ec3u b\u1ee5i.<\/li> <\/ul> <\/div><\/div>    <h2 class=\"wp-block-heading\">M\u00e1y nghi\u1ec1n b\u1eafp ho\u1ea1t \u0111\u1ed9ng nh\u01b0 th\u1ebf n\u00e0o?<\/h2>    <div class=\"wp-block-media-text has-media-on-the-right is-stacked-on-mobile\"><div class=\"wp-block-media-text__content\"> <ul class=\"wp-block-list\"> <li><strong>Cho \u0103n nguy\u00ean li\u1ec7u<\/strong>. Nguy\u00ean li\u1ec7u th\u00f4 \u0111\u01b0\u1ee3c \u0111\u01b0a v\u00e0o bu\u1ed3ng nghi\u1ec1n th\u00f4ng qua b\u1ed9 c\u1ea5p li\u1ec7u \u0111\u1ec3 ki\u1ec3m so\u00e1t \u0111\u1ea7u v\u00e0o.<\/li>    <li><strong>Nghi\u1ec1n t\u1ed1c \u0111\u1ed9 cao<\/strong>. B\u00faa quay ph\u00e1 v\u1ee1 v\u1eadt li\u1ec7u nhanh ch\u00f3ng th\u00f4ng qua va \u0111\u1eadp v\u00e0 m\u00e0i.<\/li>    <li><strong>S\u00e0ng l\u1ecdc v\u00e0 xu\u1ea5t vi\u1ec7n<\/strong>. V\u1eadt li\u1ec7u nghi\u1ec1n \u0111i qua m\u00e0n h\u00ecnh, x\u00e1c \u0111\u1ecbnh k\u00edch th\u01b0\u1edbc cu\u1ed1i c\u00f9ng c\u1ee7a ch\u00fang v\u00e0 sau \u0111\u00f3 \u0111\u01b0\u1ee3c th\u1ea3i qua \u1ed5 c\u1eafm.<\/li> <\/ul> <\/div><figure class=\"wp-block-media-text__media\"><img loading=\"lazy\" decoding=\"async\" width=\"720\" height=\"540\" src=\"https:\/\/taizyfarmequipment.com\/wp-content\/uploads\/2022\/04\/hammer-mill0.jpg\" alt=\"m\u00e1y nghi\u1ec1n b\u00faa\" class=\"wp-image-3234 size-full\"\/><\/figure><\/div>    <h2 class=\"wp-block-heading\">C\u00e1c th\u00f4ng s\u1ed1 c\u1ee7a m\u00e1y nghi\u1ec1n b\u00faa<\/h2>    <figure class=\"wp-block-table\"><table><tbody><tr><td>Ng\u01b0\u1eddi m\u1eabu<\/td><td>Quy\u1ec1n l\u1ef1c<\/td><td>C\u00e2n n\u1eb7ng<\/td><td>Dung t\u00edch<\/td><td>B\u00faa<\/td><td>Dia c\u1ee7a s\u00e0ng<\/td><td>K\u00edch th\u01b0\u1edbc (mm)<\/td><\/tr><tr><td>9FQ-320<\/td><td>2,2kw<\/td><td>85kg<\/td><td>200kg\/gi\u1edd<\/td><td>12 c\u00e1i<\/td><td>0,5-5mm<\/td><td>1200*500*1000<\/td><\/tr><tr><td>9FQ-360<\/td><td>5,5kw<\/td><td>130kg<\/td><td>600kg\/gi\u1edd<\/td><td>12 c\u00e1i<\/td><td>0,5-5mm<\/td><td>1200*600*1100<\/td><\/tr><tr><td>9FQ-420<\/td><td>7,5\/11kw<\/td><td>220kg<\/td><td>1000kg\/gi\u1edd<\/td><td>16 chi\u1ebfc<\/td><td>1,2-3mm<\/td><td>1500*800*1400<\/td><\/tr><tr><td>9FQ-500<\/td><td>11\/15kw<\/td><td>270kg<\/td><td>1500kg\/gi\u1edd<\/td><td>16 chi\u1ebfc<\/td><td>1,2-3mm<\/td><td>1500*1000*1600<\/td><\/tr><\/tbody><\/table><figcaption class=\"wp-element-caption\">th\u00f4ng s\u1ed1 c\u1ee7a m\u00e1y xay ng\u00f4<\/figcaption><\/figure>    <figure class=\"wp-block-gallery has-nested-images columns-default is-cropped wp-block-gallery-3 is-layout-flex wp-block-gallery-is-layout-flex\"> <figure class=\"wp-block-image size-large\"><img loading=\"lazy\" decoding=\"async\" width=\"720\" height=\"540\" data-id=\"3230\" src=\"https:\/\/taizyfarmequipment.com\/wp-content\/uploads\/2022\/04\/320-hammer-mill-crusher0.jpg\" alt=\"m\u00e1y nghi\u1ec1n b\u00faa 9FQ-320\" class=\"wp-image-3230\" title=\"m\u00e1y nghi\u1ec1n b\u00faa 9FQ-320\"\/><figcaption class=\"wp-element-caption\">m\u00e1y nghi\u1ec1n b\u00faa 9FQ-320<\/figcaption><\/figure>    <figure class=\"wp-block-image size-large\"><img loading=\"lazy\" decoding=\"async\" width=\"720\" height=\"540\" data-id=\"3231\" src=\"https:\/\/taizyfarmequipment.com\/wp-content\/uploads\/2022\/04\/360-corn-grinder0.jpg\" alt=\"M\u00e1y xay ng\u00f4 9FQ-360\" class=\"wp-image-3231\" title=\"M\u00e1y xay ng\u00f4 9FQ-360\"\/><figcaption class=\"wp-element-caption\">M\u00e1y xay ng\u00f4 9FQ-360<\/figcaption><\/figure> <\/figure>    <h2 class=\"wp-block-heading\">\u01afu \u0111i\u1ec3m c\u1ee7a m\u00e1y nghi\u1ec1n th\u1ee9c \u0103n d\u1ea1ng b\u00faa l\u00e0 g\u00ec?<\/h2>    <ul class=\"wp-block-list\"> <li><strong>\u1ee8ng d\u1ee5ng r\u1ed9ng r\u00e3i:<\/strong> Nghi\u1ec1n ng\u0169 c\u1ed1c, \u0111\u1eadu, r\u01a1m, c\u1ecf kh\u00f4, m\u00f9n c\u01b0a g\u1ed7 v\u00e0 c\u00e1c sinh kh\u1ed1i kh\u00e1c \u0111\u1ec3 l\u00e0m th\u1ef1c ph\u1ea9m, th\u1ee9c \u0103n ch\u0103n nu\u00f4i ho\u1eb7c nhi\u00ean li\u1ec7u.<\/li>    <li><strong>Nghi\u1ec1n v\u1edbi hi\u1ec7u su\u1ea5t cao:<\/strong> \u0110\u01b0\u1ee3c trang b\u1ecb 24 l\u01b0\u1ee1i b\u00faa t\u1ed1c \u0111\u1ed9 cao \u0111\u1ec3 nghi\u1ec1n m\u1ecbn v\u00e0 \u0111\u1ed3ng nh\u1ea5t.<\/li>    <li><strong>K\u00edch th\u01b0\u1edbc \u0111\u1ea7u ra c\u00f3 th\u1ec3 \u0111i\u1ec1u ch\u1ec9nh:<\/strong> L\u01b0\u1edbi m\u00e0n c\u00f3 th\u1ec3 ho\u00e1n \u0111\u1ed5i cho ph\u00e9p ki\u1ec3m so\u00e1t k\u00edch th\u01b0\u1edbc h\u1ea1t linh ho\u1ea1t.<\/li>    <li><strong>X\u1ea3 b\u1ee5i c\u00e1ch ly:<\/strong> \u00d4\u0301ng tho\u00e1t ki\u1ec3u l\u1ed1c xo\u00e1y gi\u1ea3m t\u1ed1i \u0111a ph\u00e1t t\u00e1n b\u1ed9t v\u00e0 gi\u1eef khu l\u00e0m vi\u1ec7c s\u1ea1ch s\u1ebd.<\/li>    <li><strong>B\u1ec1n, d\u1ec5 s\u1eed d\u1ee5ng:<\/strong> C\u1ea5u tr\u00fac ch\u1eafc ch\u1eafn \u0111\u1ea3m b\u1ea3o hi\u1ec7u su\u1ea5t \u1ed5n \u0111\u1ecbnh v\u00e0 v\u1eadn h\u00e0nh, b\u1ea3o tr\u00ec \u0111\u01a1n gi\u1ea3n.<\/li> <\/ul>    <figure class=\"wp-block-image\"><img loading=\"lazy\" decoding=\"async\" width=\"720\" height=\"540\" src=\"https:\/\/taizyfarmequipment.com\/wp-content\/uploads\/2023\/12\/HAMMER-MILL-GRINDER.webp\" alt=\"M\u00c1Y MAY B\u00daA\" class=\"wp-image-4245\" srcset=\"https:\/\/taizyfarmequipment.com\/wp-content\/uploads\/2023\/12\/HAMMER-MILL-GRINDER.webp 720w, https:\/\/taizyfarmequipment.com\/wp-content\/uploads\/2023\/12\/HAMMER-MILL-GRINDER-300x225.webp 300w\" sizes=\"auto, (max-width: 720px) 100vw, 720px\" \/><\/figure>    <h2 class=\"wp-block-heading\">M\u00e1y nghi\u1ec1n b\u00faa c\u00f4ng su\u1ea5t cao \u0111\u1ec3 b\u00e1n \u1edf Angola<\/h2>    <p>Kh\u00e1ch h\u00e0ng c\u00f3 tr\u1ee5 s\u1edf t\u1ea1i Angola, chuy\u00ean ch\u0103n nu\u00f4i gia s\u00fac v\u00e0 c\u1eebu v\u00e0 \u0111ang t\u00ecm ki\u1ebfm m\u1ed9t lo\u1ea1i m\u00e1y \u0111\u1ec3 n\u00e2ng cao hi\u1ec7u qu\u1ea3 v\u00e0 ti\u1ebft ki\u1ec7m th\u1eddi gian. Sau khi th\u1ea3o lu\u1eadn v\u1ec1 c\u00e1c y\u00eau c\u1ea7u c\u1ee5 th\u1ec3 c\u1ee7a h\u1ecd, ng\u01b0\u1eddi qu\u1ea3n l\u00fd b\u00e1n h\u00e0ng gi\u00e0u kinh nghi\u1ec7m c\u1ee7a ch\u00fang t\u00f4i \u0111\u00e3 \u0111\u1ec1 xu\u1ea5t m\u00e1y nghi\u1ec1n b\u00faa 500, \u0111\u1ea3m b\u1ea3o cung c\u1ea5p gi\u1ea3i ph\u00e1p ph\u00f9 h\u1ee3p \u0111\u00e1p \u1ee9ng nhu c\u1ea7u ho\u1ea1t \u0111\u1ed9ng c\u1ee7a h\u1ecd.<\/p>    <p>\u1ea4n t\u01b0\u1ee3ng b\u1edfi t\u00ednh chuy\u00ean nghi\u1ec7p c\u1ee7a ch\u00fang t\u00f4i v\u00e0 s\u1ef1 h\u1ed7 tr\u1ee3 to\u00e0n di\u1ec7n \u0111\u01b0\u1ee3c cung c\u1ea5p, kh\u00e1ch h\u00e0ng \u0111\u00e3 t\u1ef1 tin ch\u1ecdn mua m\u00e1y nghi\u1ec1n b\u00faa 500. M\u00e1y \u0111\u01b0\u1ee3c \u0111\u00f3ng g\u00f3i t\u1ec9 m\u1ec9 \u0111\u1ea3m b\u1ea3o v\u1eadn chuy\u1ec3n an to\u00e0n v\u00e0 k\u1ecbp th\u1eddi g\u1eedi \u0111\u1ebfn tay kh\u00e1ch h\u00e0ng. D\u01b0\u1edbi \u0111\u00e2y l\u00e0 h\u00ecnh \u1ea3nh minh h\u1ecda v\u1ec1 qu\u00e1 tr\u00ecnh \u0111\u00f3ng g\u00f3i c\u1ea9n th\u1eadn v\u00e0 giao h\u00e0ng k\u1ecbp th\u1eddi.<\/p>    <figure class=\"wp-block-gallery has-nested-images columns-default is-cropped wp-block-gallery-4 is-layout-flex wp-block-gallery-is-layout-flex\"> <figure class=\"wp-block-image size-large\"><img loading=\"lazy\" decoding=\"async\" width=\"720\" height=\"540\" data-id=\"3238\" src=\"https:\/\/taizyfarmequipment.com\/wp-content\/uploads\/2022\/04\/wooden-case-packaging0-1.jpg\" alt=\"bao b\u00ec v\u1ecf g\u1ed7\" class=\"wp-image-3238\" title=\"bao b\u00ec v\u1ecf g\u1ed7\"\/><figcaption class=\"wp-element-caption\">bao b\u00ec v\u1ecf g\u1ed7<\/figcaption><\/figure>    <figure class=\"wp-block-image size-large\"><img loading=\"lazy\" decoding=\"async\" width=\"720\" height=\"540\" data-id=\"3237\" src=\"https:\/\/taizyfarmequipment.com\/wp-content\/uploads\/2022\/04\/shipping-of-high-speed-grain-grinder-1.jpg\" alt=\"v\u1eadn chuy\u1ec3n m\u00e1y xay ng\u0169 c\u1ed1c t\u1ed1c \u0111\u1ed9 cao \" class=\"wp-image-3237\" title=\"v\u1eadn chuy\u1ec3n m\u00e1y xay ng\u0169 c\u1ed1c t\u1ed1c \u0111\u1ed9 cao \"\/><figcaption class=\"wp-element-caption\">v\u1eadn chuy\u1ec3n m\u00e1y xay ng\u0169 c\u1ed1c t\u1ed1c \u0111\u1ed9 cao <\/figcaption><\/figure> <\/figure>    <h2 class=\"wp-block-heading\">C\u00e2u h\u1ecfi th\u01b0\u1eddng g\u1eb7p c\u1ee7a <a href=\"https:\/\/en.wikipedia.org\/wiki\/Hammer_mill\" data-type=\"link\" data-id=\"https:\/\/en.wikipedia.org\/wiki\/Hammer_mill\" target=\"_blank\" rel=\"noopener\">m\u00e1y nghi\u1ec1n b\u00faa<\/a> m\u00e1y nghi\u1ec1n<\/h2>   <div id=\"rank-math-faq\" class=\"rank-math-block\"> <div class=\"rank-math-list\"> <div id=\"faq-question-1705893362789\" class=\"rank-math-list-item\"> <h3 class=\"rank-math-question\">1. M\u00e1y nghi\u1ec1n b\u00faa n\u00e0y c\u00f3 th\u1ec3 x\u1eed l\u00fd nh\u1eefng v\u1eadt li\u1ec7u g\u00ec?<\/h3> <div class=\"rank-math-answer\">  <p>C\u00f3 th\u1ec3 x\u1eed l\u00fd r\u01a1m r\u1ea1, th\u1ee9c \u0103n gia s\u00fac, ng\u00f4 tr\u00ean l\u00f5i, ng\u00f4, v.v.<\/p>  <\/div> <\/div> <div id=\"faq-question-1705893371674\" class=\"rank-math-list-item\"> <h3 class=\"rank-math-question\">2. C\u00f4ng su\u1ea5t c\u1ee7a m\u00e1y l\u00e0 bao nhi\u00eau?<\/h3> <div class=\"rank-math-answer\">  <p>\u0110\u1ed9ng c\u01a1 \u0111i\u1ec7n, \u0111\u1ed9ng c\u01a1 diesel v\u00e0 \u0111\u1ed9ng c\u01a1 x\u0103ng.<\/p>  <\/div> <\/div> <div id=\"faq-question-1705893387700\" class=\"rank-math-list-item\"> <h3 class=\"rank-math-question\">3. M\u00e0n h\u00ecnh c\u1ee7a m\u00e1y nghi\u1ec1n b\u00faa c\u00f3 th\u1ec3 \u0111\u01b0\u1ee3c t\u00f9y ch\u1ec9nh kh\u00f4ng?<\/h3> <div class=\"rank-math-answer\">  <p>C\u00f3, kh\u00e1ch h\u00e0ng c\u1ea7n n\u00f3i tr\u01b0\u1edbc y\u00eau c\u1ea7u c\u1ee7a m\u00ecnh.<\/p>  <\/div> <\/div> <div id=\"faq-question-1705893402977\" class=\"rank-math-list-item\"> <h3 class=\"rank-math-question\">4. M\u00e1y c\u00f3 b\u1ed9 ph\u1eadn h\u00fat b\u1ee5i kh\u00f4ng?<\/h3> <div class=\"rank-math-answer\">  <p>Ngo\u1ea1i tr\u1eeb m\u1eabu 320, t\u1ea5t c\u1ea3 c\u00e1c m\u1eabu kh\u00e1c \u0111\u1ec1u c\u00f3 l\u1ed1c xo\u00e1y.<\/p>  <\/div> <\/div> <\/div> <\/div>   <figure class=\"wp-block-image size-full\"><img loading=\"lazy\" decoding=\"async\" width=\"720\" height=\"540\" src=\"https:\/\/taizyfarmequipment.com\/wp-content\/uploads\/2023\/12\/HAMMER-MILL-GRINDER-for-business.webp\" alt=\"M\u00c1Y MAY B\u00daA d\u00e0nh cho doanh nghi\u1ec7p\" class=\"wp-image-4242\" srcset=\"https:\/\/taizyfarmequipment.com\/wp-content\/uploads\/2023\/12\/HAMMER-MILL-GRINDER-for-business.webp 720w, https:\/\/taizyfarmequipment.com\/wp-content\/uploads\/2023\/12\/HAMMER-MILL-GRINDER-for-business-300x225.webp 300w\" sizes=\"auto, (max-width: 720px) 100vw, 720px\" \/><figcaption class=\"wp-element-caption\">M\u00c1Y MAY B\u00daA d\u00e0nh cho doanh nghi\u1ec7p<\/figcaption><\/figure>    <h2 class=\"wp-block-heading\">Li\u00ean h\u1ec7 v\u1edbi ch\u00fang t\u00f4i ngay b\u00e2y gi\u1edd!<\/h2>    <p class=\"translation-block\">M\u00e1y nghi\u1ec1n b\u00faa cung c\u1ea5p gi\u1ea3i ph\u00e1p m\u1ea1nh m\u1ebd v\u00e0 hi\u1ec7u qu\u1ea3 cho vi\u1ec7c x\u1eed l\u00fd nhi\u1ec1u lo\u1ea1i v\u1eadt li\u1ec7u, t\u1eeb ng\u0169 c\u1ed1c v\u00e0 \u0111\u1eadu cho \u0111\u1ebfn r\u01a1m, th\u00e2n c\u00e2y v\u00e0 m\u00f9n c\u01b0a. N\u00f3 c\u0169ng c\u00f3 th\u1ec3 \u0111\u01b0\u1ee3c s\u1eed d\u1ee5ng c\u00f9ng v\u1edbi <strong><a href=\"https:\/\/taizyfarmequipment.com\/vi\/san-pham\/may-bam-co\/\" data-type=\"link\" data-id=\"https:\/\/taizyfarmequipment.com\/product\/grass-chopper-machine\/\">m\u00e1y c\u1eaft c\u00e1m<\/a><\/strong> v\u00e0 <strong><a href=\"https:\/\/taizyfarmequipment.com\/vi\/san-pham\/may-dong-kien-tron-u-chua\/\" data-type=\"link\" data-id=\"https:\/\/taizyfarmequipment.com\/product\/silage-round-baler\/\">m\u00e1y b\u00f3 g\u00f3i silage<\/a><\/strong> nh\u01b0 m\u1ed9t b\u1ed9 ho\u00e0n ch\u1ec9nh cho ch\u1ebf bi\u1ebfn th\u1ee9c \u0103n ch\u0103n nu\u00f4i. <\/p>    <p class=\"translation-block\"><strong>Li\u00ean h\u1ec7 v\u1edbi ch\u00fang t\u00f4i ngay h\u00f4m nay \u0111\u1ec3 nh\u1eadn b\u00e1o gi\u00e1 t\u00f9y ch\u1ec9nh v\u00e0 t\u00ecm m\u1eabu ph\u00f9 h\u1ee3p v\u1edbi nhu c\u1ea7u s\u1ea3n xu\u1ea5t c\u1ee7a b\u1ea1n!<\/strong><\/p>    <figure class=\"wp-block-image size-large\"><img loading=\"lazy\" decoding=\"async\" width=\"720\" height=\"540\" src=\"https:\/\/taizyfarmequipment.com\/wp-content\/uploads\/2022\/04\/hammer-mill-feed-grinder0.jpg\" alt=\"m\u00e1y nghi\u1ec1n th\u1ee9c \u0103n b\u00faa\" class=\"wp-image-3235\" title=\"m\u00e1y nghi\u1ec1n th\u1ee9c \u0103n b\u00faa\"\/><figcaption class=\"wp-element-caption\">m\u00e1y nghi\u1ec1n th\u1ee9c \u0103n b\u00faa<\/figcaption><\/figure>","protected":false},"excerpt":{"rendered":"<p>M\u00e1y nghi\u1ec1n b\u00faa xay nghi\u1ec1n r\u01a1m v\u00e0 ng\u0169 c\u1ed1c th\u00e0nh h\u1ea1t m\u1ecbn v\u1edbi hi\u1ec7u qu\u1ea3 cao.<\/p>","protected":false},"author":1,"featured_media":3239,"parent":0,"template":"","tags":[256,251,252,254,253,257,255],"product-type":[130],"class_list":["post-3228","product","type-product","status-publish","has-post-thumbnail","hentry","tag-corn-mill-grinder-machine","tag-hammer-crusher","tag-hammer-mill","tag-hammer-mill-feed-grinder","tag-hammer-mill-grinder","tag-hammer-pulverizer-machine-price","tag-high-speed-hammer-mill","product-type-corn-grains-grinding-equipment"],"_links":{"self":[{"href":"https:\/\/taizyfarmequipment.com\/vi\/wp-json\/wp\/v2\/product\/3228","targetHints":{"allow":["GET"]}}],"collection":[{"href":"https:\/\/taizyfarmequipment.com\/vi\/wp-json\/wp\/v2\/product"}],"about":[{"href":"https:\/\/taizyfarmequipment.com\/vi\/wp-json\/wp\/v2\/types\/product"}],"author":[{"embeddable":true,"href":"https:\/\/taizyfarmequipment.com\/vi\/wp-json\/wp\/v2\/users\/1"}],"wp:featuredmedia":[{"embeddable":true,"href":"https:\/\/taizyfarmequipment.com\/vi\/wp-json\/wp\/v2\/media\/3239"}],"wp:attachment":[{"href":"https:\/\/taizyfarmequipment.com\/vi\/wp-json\/wp\/v2\/media?parent=3228"}],"wp:term":[{"taxonomy":"post_tag","embeddable":true,"href":"https:\/\/taizyfarmequipment.com\/vi\/wp-json\/wp\/v2\/tags?post=3228"},{"taxonomy":"product-type","embeddable":true,"href":"https:\/\/taizyfarmequipment.com\/vi\/wp-json\/wp\/v2\/product-type?post=3228"}],"curies":[{"name":"wp","href":"https:\/\/api.w.org\/{rel}","templated":true}]}}