{"id":3291,"date":"2022-04-25T09:47:06","date_gmt":"2022-04-25T09:47:06","guid":{"rendered":"https:\/\/taizyfarmequipment.com\/?post_type=product&#038;p=3291"},"modified":"2023-12-27T18:02:41","modified_gmt":"2023-12-27T10:02:41","slug":"may-boc-vo-ngo-nho","status":"publish","type":"product","link":"https:\/\/taizyfarmequipment.com\/vi\/product\/small-corn-peeling-machine\/","title":{"rendered":"M\u00e1y b\u00f3c v\u1ecf ng\u00f4 nh\u1ecf \u4e28M\u00e1y b\u00f3c v\u1ecf ng\u00f4"},"content":{"rendered":"<div class=\"kk-star-ratings kksr-auto kksr-align-left kksr-valign-top\"     data-payload='{&quot;align&quot;:&quot;left&quot;,&quot;id&quot;:&quot;3291&quot;,&quot;slug&quot;:&quot;default&quot;,&quot;valign&quot;:&quot;top&quot;,&quot;ignore&quot;:&quot;&quot;,&quot;reference&quot;:&quot;auto&quot;,&quot;class&quot;:&quot;&quot;,&quot;count&quot;:&quot;9&quot;,&quot;legendonly&quot;:&quot;&quot;,&quot;readonly&quot;:&quot;&quot;,&quot;score&quot;:&quot;4.7&quot;,&quot;starsonly&quot;:&quot;&quot;,&quot;best&quot;:&quot;5&quot;,&quot;gap&quot;:&quot;5&quot;,&quot;greet&quot;:&quot;Rate this product&quot;,&quot;legend&quot;:&quot;4.7\\\/5 - (9 b\u00ecnh ch\u1ecdn)&quot;,&quot;size&quot;:&quot;24&quot;,&quot;title&quot;:&quot;Small corn peeling machine\u4e28Maize skin peeler&quot;,&quot;width&quot;:&quot;133.8&quot;,&quot;_legend&quot;:&quot;{score}\\\/{best} - ({count} {votes})&quot;,&quot;font_factor&quot;:&quot;1.25&quot;}'>              <div class=\"kksr-stars\">      <div class=\"kksr-stars-inactive\">             <div class=\"kksr-star\" data-star=\"1\" style=\"padding-right: 5px\">               <div class=\"kksr-icon\" style=\"width: 24px; height: 24px;\"><\/div>         <\/div>             <div class=\"kksr-star\" data-star=\"2\" style=\"padding-right: 5px\">               <div class=\"kksr-icon\" style=\"width: 24px; height: 24px;\"><\/div>         <\/div>             <div class=\"kksr-star\" data-star=\"3\" style=\"padding-right: 5px\">               <div class=\"kksr-icon\" style=\"width: 24px; height: 24px;\"><\/div>         <\/div>             <div class=\"kksr-star\" data-star=\"4\" style=\"padding-right: 5px\">               <div class=\"kksr-icon\" style=\"width: 24px; height: 24px;\"><\/div>         <\/div>             <div class=\"kksr-star\" data-star=\"5\" style=\"padding-right: 5px\">               <div class=\"kksr-icon\" style=\"width: 24px; height: 24px;\"><\/div>         <\/div>     <\/div>      <div class=\"kksr-stars-active\" style=\"width: 133.8px;\">             <div class=\"kksr-star\" style=\"padding-right: 5px\">               <div class=\"kksr-icon\" style=\"width: 24px; height: 24px;\"><\/div>         <\/div>             <div class=\"kksr-star\" style=\"padding-right: 5px\">               <div class=\"kksr-icon\" style=\"width: 24px; height: 24px;\"><\/div>         <\/div>             <div class=\"kksr-star\" style=\"padding-right: 5px\">               <div class=\"kksr-icon\" style=\"width: 24px; height: 24px;\"><\/div>         <\/div>             <div class=\"kksr-star\" style=\"padding-right: 5px\">               <div class=\"kksr-icon\" style=\"width: 24px; height: 24px;\"><\/div>         <\/div>             <div class=\"kksr-star\" style=\"padding-right: 5px\">               <div class=\"kksr-icon\" style=\"width: 24px; height: 24px;\"><\/div>         <\/div>     <\/div> <\/div>                   <div class=\"kksr-legend\" style=\"font-size: 19.2px;\">             4.7\/5 - (9 l\u01b0\u1ee3t b\u00ecnh ch\u1ecdn)    <\/div>     <\/div>  <p>M\u00e1y b\u00f3c v\u1ecf ng\u00f4 lo\u1ea1i nh\u1ecf l\u00e0 thi\u1ebft b\u1ecb \u0111\u01b0\u1ee3c ng\u01b0\u1eddi d\u00e2n s\u1eed d\u1ee5ng \u0111\u1ec3 t\u00e1ch v\u1ecf ng\u00f4 trong \u0111\u1eddi s\u1ed1ng h\u00e0ng ng\u00e0y. M\u00e1y b\u00f3c v\u1ecf ng\u00f4 c\u00f3 k\u00edch th\u01b0\u1edbc nh\u1ecf, c\u1ea5u t\u1ea1o \u0111\u01a1n gi\u1ea3n, d\u1ec5 v\u1eadn h\u00e0nh. N\u00f3 l\u00e0 m\u1ed9t tr\u1ee3 th\u1ee7 \u0111\u1eafc l\u1ef1c cho vi\u1ec7c b\u00f3c v\u1ecf ng\u00f4 trong gia \u0111\u00ecnh. T\u00e1ch v\u1ecf ng\u00f4 hi\u1ec7n nay \u0111\u00e3 tr\u1edf th\u00e0nh b\u01b0\u1edbc \u0111\u1ea7u ti\u00ean trong qu\u00e1 tr\u00ecnh ch\u1ebf bi\u1ebfn ng\u00f4 v\u00ec ng\u00f4 \u0111\u00e3 b\u00f3c v\u1ecf c\u00f3 h\u01b0\u01a1ng v\u1ecb th\u01a1m ngon v\u00e0 d\u1ec5 ch\u1ebf bi\u1ebfn. <\/p>    <p>V\u00ec v\u1eady ng\u00f4 \u0111\u00e3 b\u00f3c v\u1ecf c\u00f3 th\u1ec3 \u0111\u01b0\u1ee3c ch\u1ebf bi\u1ebfn th\u00eam th\u00e0nh \u0111\u1ed3 \u0103n nh\u1eb9, \u0111\u1ed3 \u0103n nh\u1eb9, b\u1ed9t m\u00ec,\u2026 Ngo\u00e0i ra, ch\u00fang ta c\u0169ng c\u00f3 th\u1ec3 ch\u1ebf bi\u1ebfn ng\u00f4 kh\u00f4ng g\u1ecdt v\u1ecf th\u00e0nh th\u1ee9c \u0103n s\u1ebd b\u1ed5 d\u01b0\u1ee1ng h\u01a1n v\u00e0 d\u1ec5 h\u1ea5p th\u1ee5 h\u01a1n.<\/p>    <figure class=\"wp-block-embed is-type-video is-provider-youtube wp-block-embed-youtube wp-embed-aspect-16-9 wp-has-aspect-ratio\"><div class=\"wp-block-embed__wrapper\"> <iframe loading=\"lazy\" title=\"T\u1ea1m bi\u1ec7t lao \u0111\u1ed9ng ch\u00e2n tay: M\u1edf h\u1ed9p v\u00e0 th\u1eed nghi\u1ec7m M\u00e1y b\u00f3c v\u1ecf ng\u00f4 nh\u1ecf #corn #maize\" width=\"500\" height=\"281\" src=\"https:\/\/www.youtube.com\/embed\/Fp8cYi34eMY?feature=oembed\" frameborder=\"0\" allow=\"accelerometer; autoplay; clipboard-write; encrypted-media; gyroscope; picture-in-picture; web-share\" referrerpolicy=\"strict-origin-when-cross-origin\" allowfullscreen><\/iframe> <\/div><figcaption class=\"wp-element-caption\">Video ho\u1ea1t \u0111\u1ed9ng c\u1ee7a m\u00e1y b\u00f3c v\u1ecf ng\u00f4<\/figcaption><\/figure>    <h2 class=\"wp-block-heading\" id=\"h-introduction-to-small-corn-peeling-machine\">Gi\u1edbi thi\u1ec7u m\u00e1y b\u00f3c v\u1ecf ng\u00f4 nh\u1ecf<\/h2>    <p>M\u00e1y b\u00f3c v\u1ecf ng\u00f4 lo\u1ea1i nh\u1ecf do ch\u00fang t\u00f4i s\u1ea3n xu\u1ea5t c\u00f3 t\u00e1c d\u1ee5ng b\u00f3c v\u1ecf t\u1ed1t v\u00e0 hi\u1ec7u qu\u1ea3 l\u00e0m vi\u1ec7c cao. N\u00f3 nghi\u1ec1n ng\u00f4 th\u00e0nh nhi\u1ec1u th\u00f9y l\u1edbn trong khi g\u1ecdt v\u1ecf, ng\u00f4 ch\u1ebf bi\u1ebfn m\u1ecbn, kh\u00f4ng c\u00f3 m\u1ea7m \u0111en v\u00e0 c\u00e1m. Ngo\u00e0i ra, th\u00e0nh ph\u1ea9m sau khi b\u00f3c v\u1ecf c\u00f2n s\u1ea1ch s\u1ebd. V\u00e0 ch\u00fang t\u00f4i c\u00f3 th\u1ec3 tr\u1ef1c ti\u1ebfp g\u1eedi n\u00f3 ra th\u1ecb tr\u01b0\u1eddng \u0111\u1ec3 b\u00e1n. <\/p>    <p>V\u1ec1 c\u00f4ng su\u1ea5t, c\u00f4ng su\u1ea5t c\u1ee7a m\u00e1y b\u00f3c v\u1ecf ng\u00f4 c\u00f3 th\u1ec3 l\u00e0 \u0111\u1ed9ng c\u01a1 \u0111i\u1ec7n ho\u1eb7c \u0111\u1ed9ng c\u01a1 diesel. V\u00ec v\u1eady, n\u00f3 c\u00f3 th\u1ec3 \u0111\u00e1p \u1ee9ng nhu c\u1ea7u n\u0103ng l\u01b0\u1ee3ng c\u1ee7a ng\u01b0\u1eddi d\u00e2n \u1edf c\u00e1c v\u00f9ng kh\u00e1c nhau. <\/p>    <p class=\"translation-block\">N\u00f3i chung, m\u00e1y \u0111\u01b0\u1ee3c s\u1eed d\u1ee5ng trong c\u00e1c nh\u00e0 m\u00e1y th\u1ef1c ph\u1ea9m nh\u1ecf v\u00e0 h\u1ed9 gia \u0111\u00ecnh. L\u00e0 nh\u00e0 s\u1ea3n xu\u1ea5t m\u00e1y m\u00f3c n\u00f4ng nghi\u1ec7p, ch\u00fang t\u00f4i c\u0169ng s\u1ea3n xu\u1ea5t m\u00e1y thu ho\u1ea1ch ng\u00f4, <a href=\"https:\/\/taizyfarmequipment.com\/vi\/san-pham\/may-tuot-lua-da-nang-2\/\">m\u00e1y tu\u1ed1t ng\u00f4<\/a>, <a href=\"https:\/\/taizyfarmequipment.com\/vi\/san-pham\/may-lam-bot-ngo\/\" data-type=\"link\" data-id=\"https:\/\/taizyfarmequipment.com\/product\/corn-grits-making-machine\/\">m\u00e1y s\u1ea3n xu\u1ea5t ng\u00f4 nghi\u1ec1n<\/a> v\u00e0 m\u00e1y xay b\u1ed9t ng\u00f4. N\u00f3 c\u00f3 th\u1ec3 gi\u1ea3i quy\u1ebft h\u1ea7u h\u1ebft c\u00e1c nhu c\u1ea7u c\u1ee7a ng\u01b0\u1eddi d\u00e2n trong vi\u1ec7c x\u1eed l\u00fd ng\u00f4.<\/p>    <figure class=\"wp-block-gallery has-nested-images columns-2 is-cropped wp-block-gallery-2 is-layout-flex wp-block-gallery-is-layout-flex\"> <figure class=\"wp-block-image size-large\"><img loading=\"lazy\" decoding=\"async\" width=\"720\" height=\"540\" data-id=\"3294\" src=\"https:\/\/taizyfarmequipment.com\/wp-content\/uploads\/2022\/04\/small-corn-peeling-machine0.jpg\" alt=\"m\u00e1y b\u00f3c v\u1ecf ng\u00f4 nh\u1ecf\" class=\"wp-image-3294\" title=\"m\u00e1y b\u00f3c v\u1ecf ng\u00f4 nh\u1ecf\"\/><figcaption class=\"wp-element-caption\">m\u00e1y b\u00f3c v\u1ecf ng\u00f4 nh\u1ecf<\/figcaption><\/figure>    <figure class=\"wp-block-image size-large\"><img loading=\"lazy\" decoding=\"async\" width=\"720\" height=\"540\" data-id=\"3295\" src=\"https:\/\/taizyfarmequipment.com\/wp-content\/uploads\/2022\/04\/corn-skin-peeler0.jpg\" alt=\"d\u1ee5ng c\u1ee5 g\u1ecdt v\u1ecf ng\u00f4\" class=\"wp-image-3295\" title=\"d\u1ee5ng c\u1ee5 g\u1ecdt v\u1ecf ng\u00f4\"\/><figcaption class=\"wp-element-caption\">d\u1ee5ng c\u1ee5 g\u1ecdt v\u1ecf ng\u00f4<\/figcaption><\/figure>    <figure class=\"wp-block-image size-large\"><img loading=\"lazy\" decoding=\"async\" width=\"720\" height=\"540\" data-id=\"3296\" src=\"https:\/\/taizyfarmequipment.com\/wp-content\/uploads\/2022\/04\/Maize-skin-peeling-machine-.jpg\" alt=\"M\u00e1y b\u00f3c v\u1ecf ng\u00f4\" class=\"wp-image-3296\" title=\"M\u00e1y b\u00f3c v\u1ecf ng\u00f4\"\/><figcaption class=\"wp-element-caption\">m\u00e1y b\u00f3c v\u1ecf ng\u00f4<\/figcaption><\/figure>    <figure class=\"wp-block-image size-large\"><img loading=\"lazy\" decoding=\"async\" width=\"720\" height=\"540\" data-id=\"3297\" src=\"https:\/\/taizyfarmequipment.com\/wp-content\/uploads\/2022\/04\/maize-peeler0.jpg\" alt=\"D\u1ee5ng c\u1ee5 g\u1ecdt v\u1ecf ng\u00f4\" class=\"wp-image-3297\" title=\"D\u1ee5ng c\u1ee5 g\u1ecdt v\u1ecf ng\u00f4\"\/><figcaption class=\"wp-element-caption\">d\u1ee5ng c\u1ee5 g\u1ecdt v\u1ecf ng\u00f4<\/figcaption><\/figure> <\/figure>    <h2 class=\"wp-block-heading\">C\u1ea5u t\u1ea1o c\u1ee7a m\u00e1y b\u00f3c v\u1ecf ng\u00f4<\/h2>    <p>M\u00e1y b\u00f3c v\u1ecf ng\u00f4 ch\u1ee7 y\u1ebfu bao g\u1ed3m c\u1ed5ng c\u1ea5p li\u1ec7u, n\u00fam \u0111i\u1ec1u ch\u1ec9nh t\u1ed1c \u0111\u1ed9 c\u1ea5p li\u1ec7u, dao b\u00f3c v\u1ecf, xu\u1ea5t v\u1ecf ng\u00f4, xu\u1ea5t th\u00e0nh ph\u1ea9m, v.v. C\u1ea5u tr\u00fac t\u1ed5ng th\u1ec3 c\u1ee7a m\u00e1y b\u00f3c v\u1ecf ng\u00f4 nh\u1ecf g\u1ecdn, chi\u1ebfm di\u1ec7n t\u00edch nh\u1ecf, ch\u1eafc ch\u1eafn v\u00e0 b\u1ec1n b\u1ec9, v\u00e0 c\u00f3 tu\u1ed5i th\u1ecd s\u1eed d\u1ee5ng l\u00e2u d\u00e0i.<\/p>    <figure class=\"wp-block-image size-full\"><img loading=\"lazy\" decoding=\"async\" width=\"720\" height=\"540\" src=\"https:\/\/taizyfarmequipment.com\/wp-content\/uploads\/2022\/04\/corn-skin-removers-structure-0.jpg\" alt=\"C\u1ea5u tr\u00fac c\u1ee7a ch\u1ea5t t\u1ea9y v\u1ecf ng\u00f4\" class=\"wp-image-3293\" title=\"C\u1ea5u tr\u00fac c\u1ee7a ch\u1ea5t t\u1ea9y v\u1ecf ng\u00f4\"\/><figcaption class=\"wp-element-caption\">C\u1ea5u t\u1ea1o c\u1ee7a ch\u1ea5t t\u1ea9y v\u1ecf ng\u00f4<\/figcaption><\/figure>    <h2 class=\"wp-block-heading\">Th\u00f4ng s\u1ed1 c\u1ee7a m\u00e1y b\u00f3c v\u1ecf ng\u00f4<\/h2>    <figure class=\"wp-block-table\"><table><tbody><tr><td>T\u00ean<\/td><td>M\u00e1y b\u00f3c v\u1ecf ng\u00f4<\/td><\/tr><tr><td>Quy\u1ec1n l\u1ef1c<\/td><td>\u0110\u1ed9ng c\u01a1 \u0111i\u1ec7n 5,5kw ho\u1eb7c \u0111\u1ed9ng c\u01a1 diesel 12hp<\/td><\/tr><tr><td>Dung t\u00edch<\/td><td>300-500kg\/gi\u1edd<\/td><\/tr><tr><td>C\u00e2n n\u1eb7ng<\/td><td>100kg<\/td><\/tr><tr><td>K\u00edch c\u1ee1<\/td><td>660*450*1020mm<\/td><\/tr><\/tbody><\/table><figcaption class=\"wp-element-caption\">th\u00f4ng s\u1ed1 m\u00e1y b\u00f3c v\u1ecf ng\u00f4<\/figcaption><\/figure>    <h2 class=\"wp-block-heading\">T\u1ea1i sao ch\u00fang ta c\u1ea7n g\u1ecdt v\u1ecf ng\u00f4?<\/h2>    <p>Th\u00e0nh ph\u1ea7n ch\u00ednh c\u1ee7a v\u1ecf ng\u00f4 l\u00e0 ch\u1ea5t x\u01a1, tinh b\u1ed9t v\u00e0 protein, h\u00e0m l\u01b0\u1ee3ng dinh d\u01b0\u1ee1ng kh\u00f4ng cao. H\u01a1n n\u1eefa, v\u1ecf ng\u00f4 c\u1ee9ng v\u00e0 kh\u00f3 x\u1eed l\u00fd th\u00e0nh b\u1ed9t nh\u00e3o, t\u1ed1n nhi\u1ec1u th\u1eddi gian v\u00e0 c\u00f4ng s\u1ee9c \u0111\u1ec3 ch\u1ebf bi\u1ebfn s\u00e2u. <\/p>    <p>H\u01a1n n\u1eefa, m\u00f9i v\u1ecb c\u1ee7a v\u1ecf ng\u00f4 r\u1ea5t k\u00e9m s\u1ebd \u1ea3nh h\u01b0\u1edfng \u0111\u1ebfn vi\u1ec7c \u0103n u\u1ed1ng v\u00e0 m\u00f9i v\u1ecb c\u1ee7a c\u00e1c lo\u1ea1i th\u1ef1c ph\u1ea9m kh\u00f4ng ph\u1ea3i ch\u1ee7 y\u1ebfu \u0111\u00e3 qua ch\u1ebf bi\u1ebfn. V\u00ec v\u1eady, khi ch\u1ebf bi\u1ebfn b\u1ed9t ng\u00f4, b\u1ed9t ng\u00f4 v\u00e0 th\u1ee9c \u0103n t\u1eeb ng\u00f4, nh\u00e0 s\u1ea3n xu\u1ea5t s\u1ebd b\u00f3c b\u1ecf l\u1edbp v\u1ecf ng\u00f4 tr\u01b0\u1edbc khi ch\u1ebf bi\u1ebfn.<\/p>    <figure class=\"wp-block-image size-full\"><img loading=\"lazy\" decoding=\"async\" width=\"720\" height=\"540\" src=\"https:\/\/taizyfarmequipment.com\/wp-content\/uploads\/2022\/04\/corn-peeling-machine-for-sale.webp\" alt=\"C\u1ea7n b\u00e1n m\u00e1y b\u00f3c v\u1ecf ng\u00f4\" class=\"wp-image-4264\" srcset=\"https:\/\/taizyfarmequipment.com\/wp-content\/uploads\/2022\/04\/corn-peeling-machine-for-sale.webp 720w, https:\/\/taizyfarmequipment.com\/wp-content\/uploads\/2022\/04\/corn-peeling-machine-for-sale-300x225.webp 300w\" sizes=\"auto, (max-width: 720px) 100vw, 720px\" \/><figcaption class=\"wp-element-caption\">C\u1ea7n b\u00e1n m\u00e1y b\u00f3c v\u1ecf ng\u00f4<\/figcaption><\/figure>    <h2 class=\"wp-block-heading\">L\u1ee3i \u00edch c\u1ee7a vi\u1ec7c t\u00e1ch v\u1ecf ng\u00f4 l\u00e0 g\u00ec?<\/h2>    <p>1. B\u1eb1ng c\u00e1ch b\u00f3c v\u1ecf ng\u00f4, v\u1ecf ng\u00f4 do thi\u1ebft b\u1ecb ch\u1ebf bi\u1ebfn ng\u00f4 t\u1ea1o ra s\u1ebd nh\u1ecf v\u00e0 ch\u1ea5t l\u01b0\u1ee3ng s\u1ea3n ph\u1ea9m c\u0169ng c\u00f3 th\u1ec3 \u0111\u01b0\u1ee3c c\u1ea3i thi\u1ec7n.<\/p>    <p>2. Ph\u00f4i v\u00e0 n\u1ed9i nh\u0169 c\u1ee7a ng\u00f4 \u0111\u01b0\u1ee3c bao b\u1ecdc b\u1edfi v\u1ecf. Sau khi g\u1ecdt v\u1ecf, r\u1ea5t d\u1ec5 t\u00e1ch ra, c\u00f3 th\u1ec3 n\u00e2ng cao hi\u1ec7u qu\u1ea3 kh\u1eed n\u1ea3y m\u1ea7m, c\u00f3 l\u1ee3i cho qu\u00e1 tr\u00ecnh x\u1eed l\u00fd tinh x\u1ea3o h\u01a1n n\u1eefa.<\/p>    <p>3. Sau khi g\u1ecdt v\u1ecf, n\u00f3 c\u00f3 th\u1ec3 c\u1ea3i thi\u1ec7n ch\u1ea5t l\u01b0\u1ee3ng \u0103n \u0111\u01b0\u1ee3c c\u1ee7a c\u00e1c lo\u1ea1i th\u1ef1c ph\u1ea9m kh\u00e1c nhau do ng\u00f4 s\u1ea3n xu\u1ea5t.<\/p>    <p>4. V\u1ecf ng\u00f4 c\u00f3 kh\u1ea3 n\u0103ng ch\u1ee9a c\u00e1c ch\u1ea5t \u0111\u1ed9c h\u1ea1i, c\u00f3 th\u1ec3 lo\u1ea1i b\u1ecf b\u1eb1ng c\u00e1ch l\u1ed9t x\u00e1c v\u00e0 c\u1ea3i thi\u1ec7n \u0111\u1ed9 tinh khi\u1ebft c\u1ee7a s\u1ea3n ph\u1ea9m.<\/p>    <figure class=\"wp-block-image size-full\"><img loading=\"lazy\" decoding=\"async\" width=\"720\" height=\"540\" src=\"https:\/\/taizyfarmequipment.com\/wp-content\/uploads\/2022\/04\/corn-peeling-machine-for-business.webp\" alt=\"m\u00e1y b\u00f3c v\u1ecf ng\u00f4 cho doanh nghi\u1ec7p\" class=\"wp-image-4265\" srcset=\"https:\/\/taizyfarmequipment.com\/wp-content\/uploads\/2022\/04\/corn-peeling-machine-for-business.webp 720w, https:\/\/taizyfarmequipment.com\/wp-content\/uploads\/2022\/04\/corn-peeling-machine-for-business-300x225.webp 300w\" sizes=\"auto, (max-width: 720px) 100vw, 720px\" \/><figcaption class=\"wp-element-caption\">m\u00e1y b\u00f3c v\u1ecf ng\u00f4 cho doanh nghi\u1ec7p<\/figcaption><\/figure>    <h2 class=\"wp-block-heading\">\u1ee8ng d\u1ee5ng c\u1ee7a m\u00e1y b\u00f3c v\u1ecf ng\u00f4<\/h2>    <ol class=\"wp-block-list\"> <li><strong>Trang tr\u1ea1i nh\u1ecf:<\/strong> <ul class=\"wp-block-list\"> <li>Th\u00edch h\u1ee3p cho c\u00e1c ho\u1ea1t \u0111\u1ed9ng n\u00f4ng nghi\u1ec7p quy m\u00f4 nh\u1ecf tr\u1ed3ng ng\u00f4.<\/li>    <li>Ti\u1ebft ki\u1ec7m th\u1eddi gian v\u00e0 nh\u00e2n c\u00f4ng so v\u1edbi b\u00f3c v\u1ecf th\u1ee7 c\u00f4ng, cho ph\u00e9p n\u00f4ng d\u00e2n ch\u1ebf bi\u1ebfn ng\u00f4 hi\u1ec7u qu\u1ea3 h\u01a1n.<\/li> <\/ul> <\/li>    <li><strong>Ng\u01b0\u1eddi b\u00e1n th\u1ee9c \u0103n \u0111\u01b0\u1eddng ph\u1ed1:<\/strong> <ul class=\"wp-block-list\"> <li>Cho ph\u00e9p chu\u1ea9n b\u1ecb ng\u00f4 nhanh ch\u00f3ng v\u00e0 hi\u1ec7u qu\u1ea3 cho nh\u1eefng ng\u01b0\u1eddi b\u00e1n th\u1ee9c \u0103n \u0111\u01b0\u1eddng ph\u1ed1 k\u1ebft h\u1ee3p ng\u00f4 v\u00e0o s\u1ea3n ph\u1ea9m c\u1ee7a h\u1ecd.<\/li>    <li>N\u00e2ng cao n\u0103ng su\u1ea5t trong th\u1eddi gian b\u1eadn r\u1ed9n.<\/li> <\/ul> <\/li>    <li><strong>Doanh nghi\u1ec7p ch\u1ebf bi\u1ebfn th\u1ef1c ph\u1ea9m:<\/strong> <ul class=\"wp-block-list\"> <li>H\u1eefu \u00edch cho c\u00e1c c\u00f4ng ty ch\u1ebf bi\u1ebfn th\u1ef1c ph\u1ea9m s\u1eed d\u1ee5ng ng\u00f4 l\u00e0m nguy\u00ean li\u1ec7u trong nhi\u1ec1u s\u1ea3n ph\u1ea9m kh\u00e1c nhau.<\/li>    <li>T\u0103ng hi\u1ec7u qu\u1ea3 s\u1ea3n xu\u1ea5t v\u00e0 t\u00ednh nh\u1ea5t qu\u00e1n trong ch\u1ebf bi\u1ebfn ng\u00f4.<\/li> <\/ul> <\/li>    <li><strong>S\u1ea3n xu\u1ea5t th\u1ef1c ph\u1ea9m \u0111\u00f3ng h\u1ed9p v\u00e0 \u0111\u00f4ng l\u1ea1nh:<\/strong> <ul class=\"wp-block-list\"> <li>\u0110\u01b0\u1ee3c \u0111\u01b0a v\u00e0o d\u00e2y chuy\u1ec1n s\u1ea3n xu\u1ea5t c\u00e1c s\u1ea3n ph\u1ea9m ng\u00f4 \u0111\u00f3ng h\u1ed9p ho\u1eb7c \u0111\u00f4ng l\u1ea1nh.<\/li>    <li>Gi\u00fap duy tr\u00ec ch\u1ea5t l\u01b0\u1ee3ng s\u1ea3n ph\u1ea9m v\u00e0 gi\u1ea3m lao \u0111\u1ed9ng th\u1ee7 c\u00f4ng trong ch\u1ebf bi\u1ebfn quy m\u00f4 l\u1edbn.<\/li> <\/ul> <\/li>    <li><strong>Nh\u00e0 s\u1ea3n xu\u1ea5t s\u1ea3n ph\u1ea9m ng\u00f4:<\/strong> <ul class=\"wp-block-list\"> <li>\u0110\u01b0\u1ee3c s\u1eed d\u1ee5ng b\u1edfi c\u00e1c c\u00f4ng ty s\u1ea3n xu\u1ea5t c\u00e1c s\u1ea3n ph\u1ea9m l\u00e0m t\u1eeb ng\u00f4 nh\u01b0 b\u1ed9t ng\u00f4, b\u1ed9t ng\u00f4 ho\u1eb7c \u0111\u1ed3 \u0103n nh\u1eb9 t\u1eeb ng\u00f4.<\/li>    <li>G\u00f3p ph\u1ea7n n\u00e2ng cao hi\u1ec7u qu\u1ea3 v\u00e0 ti\u1ebft ki\u1ec7m chi ph\u00ed c\u1ee7a qu\u00e1 tr\u00ecnh s\u1ea3n xu\u1ea5t.<\/li> <\/ul> <\/li> <\/ol>    <figure class=\"wp-block-image size-large\"><img loading=\"lazy\" decoding=\"async\" width=\"720\" height=\"540\" src=\"https:\/\/taizyfarmequipment.com\/wp-content\/uploads\/2022\/04\/exported-corn-peeling-machine.webp\" alt=\"m\u00e1y b\u00f3c v\u1ecf ng\u00f4 xu\u1ea5t kh\u1ea9u\" class=\"wp-image-4266\" srcset=\"https:\/\/taizyfarmequipment.com\/wp-content\/uploads\/2022\/04\/exported-corn-peeling-machine.webp 720w, https:\/\/taizyfarmequipment.com\/wp-content\/uploads\/2022\/04\/exported-corn-peeling-machine-300x225.webp 300w\" sizes=\"auto, (max-width: 720px) 100vw, 720px\" \/><figcaption class=\"wp-element-caption\">m\u00e1y b\u00f3c v\u1ecf ng\u00f4 xu\u1ea5t kh\u1ea9u<\/figcaption><\/figure>    <h2 class=\"wp-block-heading\">M\u00e1y b\u00f3c v\u1ecf ng\u00f4 nh\u1ecf \u0111\u01b0\u1ee3c b\u00e1n cho Nam Phi<\/h2>    <p>Tu\u1ea7n tr\u01b0\u1edbc ch\u00fang t\u00f4i \u0111\u00e3 v\u1eadn chuy\u1ec3n 10 b\u1ed9 m\u00e1y b\u00f3c v\u1ecf ng\u00f4 nh\u1ecf \u0111\u1ebfn Nam Phi. Ch\u00fang t\u00f4i li\u00ean h\u1ec7 v\u1edbi kh\u00e1ch h\u00e0ng th\u00f4ng qua tin nh\u1eafn c\u1ee7a h\u1ecd tr\u00ean website. Qua trao \u0111\u1ed5i, ch\u00fang t\u00f4i \u0111\u01b0\u1ee3c bi\u1ebft kh\u00e1ch h\u00e0ng mu\u1ed1n x\u00e2y m\u1ed9t nh\u00e0 m\u00e1y b\u00f3c v\u1ecf ng\u00f4 nh\u1ecf. <\/p>    <p>V\u00ec m\u1edbi b\u1eaft \u0111\u1ea7u n\u00ean kh\u00e1ch h\u00e0ng mu\u1ed1n mua tr\u01b0\u1edbc m\u1ed9t s\u1ed1 m\u00e1y b\u00f3c v\u1ecf ng\u00f4 lo\u1ea1i nh\u1ecf. V\u00ec v\u1eady ch\u00fang t\u00f4i gi\u1edbi thi\u1ec7u m\u00e1y n\u00e0y cho kh\u00e1ch h\u00e0ng c\u1ee7a ch\u00fang t\u00f4i. Kh\u00e1ch h\u00e0ng cu\u1ed1i c\u00f9ng quy\u1ebft \u0111\u1ecbnh \u0111\u1eb7t h\u00e0ng 10 b\u1ed9. Sau \u0111\u00e2y l\u00e0 h\u00ecnh \u1ea3nh \u0111\u00f3ng g\u00f3i v\u00e0 giao h\u00e0ng c\u1ee7a m\u00e1y.<\/p>    <figure class=\"wp-block-gallery has-nested-images columns-default is-cropped wp-block-gallery-3 is-layout-flex wp-block-gallery-is-layout-flex\"> <figure class=\"wp-block-image size-large\"><img loading=\"lazy\" decoding=\"async\" width=\"720\" height=\"540\" data-id=\"3298\" src=\"https:\/\/taizyfarmequipment.com\/wp-content\/uploads\/2022\/04\/wooden-case-packaging0-2.jpg\" alt=\"bao b\u00ec v\u1ecf g\u1ed7\" class=\"wp-image-3298\" title=\"bao b\u00ec v\u1ecf g\u1ed7\"\/><figcaption class=\"wp-element-caption\">bao b\u00ec v\u1ecf g\u1ed7<\/figcaption><\/figure>    <figure class=\"wp-block-image size-large\"><img loading=\"lazy\" decoding=\"async\" width=\"720\" height=\"540\" data-id=\"3299\" src=\"https:\/\/taizyfarmequipment.com\/wp-content\/uploads\/2022\/04\/loading-of-the-maize-peller-machine0.jpg\" alt=\"t\u1ea3i m\u00e1y b\u00f3c v\u1ecf ng\u00f4 nh\u1ecf\" class=\"wp-image-3299\" title=\"t\u1ea3i m\u00e1y b\u00f3c v\u1ecf ng\u00f4 nh\u1ecf\"\/><figcaption class=\"wp-element-caption\">t\u1ea3i m\u00e1y b\u00f3c v\u1ecf ng\u00f4 nh\u1ecf<\/figcaption><\/figure>    <figure class=\"wp-block-image size-large\"><img loading=\"lazy\" decoding=\"async\" width=\"720\" height=\"540\" data-id=\"3300\" src=\"https:\/\/taizyfarmequipment.com\/wp-content\/uploads\/2022\/04\/shipping-of-the-machine0.jpg\" alt=\"v\u1eadn chuy\u1ec3n m\u00e1y\" class=\"wp-image-3300\" title=\"v\u1eadn chuy\u1ec3n m\u00e1y\"\/><figcaption class=\"wp-element-caption\">v\u1eadn chuy\u1ec3n m\u00e1y<\/figcaption><\/figure> <\/figure>    <h2 class=\"wp-block-heading\">\u0110\u1ea7u t\u01b0 v\u00e0o m\u00e1y b\u00f3c v\u1ecf ng\u00f4 c\u1ee7a ch\u00fang t\u00f4i<\/h2>    <p>Trong nh\u1ecbp s\u1ed1ng h\u1ed1i h\u1ea3 v\u00e0 nh\u1ed9n nh\u1ecbp c\u1ee7a cu\u1ed9c s\u1ed1ng hi\u1ec7n \u0111\u1ea1i, m\u00e1y b\u00f3c v\u1ecf ng\u00f4 kh\u00f4ng ch\u1ec9 l\u00e0 m\u1ed9t thi\u1ebft b\u1ecb nh\u00e0 b\u1ebfp kh\u00e1c\u2014\u0111\u00f3 l\u00e0 t\u1ea5m v\u00e9 gi\u00fap b\u1ea1n c\u00f3 \u0111\u01b0\u1ee3c s\u1ef1 thu\u1eadn ti\u1ec7n r\u1ea3nh tay v\u00e0 n\u00e2ng cao hi\u1ec7u qu\u1ea3. N\u00f3i l\u1eddi t\u1ea1m bi\u1ec7t v\u1edbi vi\u1ec7c b\u00f3c v\u1ecf th\u1ee7 c\u00f4ng t\u1ebb nh\u1ea1t v\u00e0 \u0111\u00f3n nh\u1eadn m\u1ed9t k\u1ef7 nguy\u00ean m\u1edbi c\u1ee7a tr\u1ea3i nghi\u1ec7m l\u00e0m b\u1ebfp d\u1ec5 d\u00e0ng!<\/p>    <p>N\u1ebfu b\u1ea1n \u0111ang mu\u1ed1n n\u00e2ng cao hi\u1ec7u su\u1ea5t nh\u00e0 b\u1ebfp, t\u1eadn h\u01b0\u1edfng nh\u1eefng kho\u1ea3nh kh\u1eafc th\u00fa v\u1ecb h\u01a1n v\u00e0 th\u00eam m\u1ed9t ch\u00fat \u0111\u1ed5i m\u1edbi v\u00e0o c\u00f4ng vi\u1ec7c n\u1ea5u n\u01b0\u1edbng c\u1ee7a m\u00ecnh th\u00ec m\u00e1y b\u00f3c v\u1ecf ng\u00f4 c\u1ee1 nh\u1ecf ch\u1eafc ch\u1eafn l\u00e0 s\u1ef1 l\u1ef1a ch\u1ecdn kh\u00f4ng th\u1ec3 thi\u1ebfu. \u0110\u1eebng \u0111\u1ec3 lao \u0111\u1ed9ng ch\u00e2n tay l\u00e0m gi\u1ea3m nhi\u1ec7t huy\u1ebft n\u1ea5u n\u01b0\u1edbng c\u1ee7a b\u1ea1n\u2014h\u00e3y \u0111\u1ec3 chi\u1ebfc m\u00e1y b\u00f3c v\u1ecf ng\u00f4 nh\u1ecf b\u00e9 tr\u1edf th\u00e0nh ng\u00f4i sao s\u00e1ng trong h\u00e0nh tr\u00ecnh n\u1ea5u n\u01b0\u1edbng c\u1ee7a b\u1ea1n.<\/p>","protected":false},"excerpt":{"rendered":"<p>M\u00e1y b\u00f3c v\u1ecf ng\u00f4 lo\u1ea1i nh\u1ecf c\u00f3 t\u00e1c d\u1ee5ng b\u00f3c v\u1ecf t\u1ed1t v\u00e0 hi\u1ec7u qu\u1ea3 l\u00e0m vi\u1ec7c cao. C\u00f2n ng\u00f4 ch\u1ebf bi\u1ebfn th\u00ec m\u1ecbn, kh\u00f4ng c\u00f3 m\u1ea7m \u0111en v\u00e0 c\u00e1m.<\/p>","protected":false},"author":1,"featured_media":3301,"parent":0,"template":"","tags":[],"product-type":[131],"class_list":["post-3291","product","type-product","status-publish","has-post-thumbnail","hentry","product-type-grains-peeling-machine"],"_links":{"self":[{"href":"https:\/\/taizyfarmequipment.com\/vi\/wp-json\/wp\/v2\/product\/3291","targetHints":{"allow":["GET"]}}],"collection":[{"href":"https:\/\/taizyfarmequipment.com\/vi\/wp-json\/wp\/v2\/product"}],"about":[{"href":"https:\/\/taizyfarmequipment.com\/vi\/wp-json\/wp\/v2\/types\/product"}],"author":[{"embeddable":true,"href":"https:\/\/taizyfarmequipment.com\/vi\/wp-json\/wp\/v2\/users\/1"}],"wp:featuredmedia":[{"embeddable":true,"href":"https:\/\/taizyfarmequipment.com\/vi\/wp-json\/wp\/v2\/media\/3301"}],"wp:attachment":[{"href":"https:\/\/taizyfarmequipment.com\/vi\/wp-json\/wp\/v2\/media?parent=3291"}],"wp:term":[{"taxonomy":"post_tag","embeddable":true,"href":"https:\/\/taizyfarmequipment.com\/vi\/wp-json\/wp\/v2\/tags?post=3291"},{"taxonomy":"product-type","embeddable":true,"href":"https:\/\/taizyfarmequipment.com\/vi\/wp-json\/wp\/v2\/product-type?post=3291"}],"curies":[{"name":"wp","href":"https:\/\/api.w.org\/{rel}","templated":true}]}}