{"id":3302,"date":"2022-04-26T10:22:49","date_gmt":"2022-04-26T10:22:49","guid":{"rendered":"https:\/\/taizyfarmequipment.com\/?post_type=product&#038;p=3302"},"modified":"2025-11-26T15:37:56","modified_gmt":"2025-11-26T07:37:56","slug":"may-boc-vo-ngo-tuoi","status":"publish","type":"product","link":"https:\/\/taizyfarmequipment.com\/vi\/product\/fresh-corn-shelling-machine\/","title":{"rendered":"M\u00e1y b\u00f3c v\u1ecf ng\u00f4 t\u01b0\u01a1i \u4e28Thi\u1ebft b\u1ecb m\u00e1y tu\u1ed1t ng\u00f4 ng\u1ecdt"},"content":{"rendered":"<div class=\"kk-star-ratings kksr-auto kksr-align-left kksr-valign-top\"     data-payload='{&quot;align&quot;:&quot;left&quot;,&quot;id&quot;:&quot;3302&quot;,&quot;slug&quot;:&quot;default&quot;,&quot;valign&quot;:&quot;top&quot;,&quot;ignore&quot;:&quot;&quot;,&quot;reference&quot;:&quot;auto&quot;,&quot;class&quot;:&quot;&quot;,&quot;count&quot;:&quot;18&quot;,&quot;legendonly&quot;:&quot;&quot;,&quot;readonly&quot;:&quot;&quot;,&quot;score&quot;:&quot;4.9&quot;,&quot;starsonly&quot;:&quot;&quot;,&quot;best&quot;:&quot;5&quot;,&quot;gap&quot;:&quot;5&quot;,&quot;greet&quot;:&quot;Rate this product&quot;,&quot;legend&quot;:&quot;4.9\\\/5 - (18 b\u00ecnh ch\u1ecdn)&quot;,&quot;size&quot;:&quot;24&quot;,&quot;title&quot;:&quot;Fresh corn shelling machine\u4e28Sweet corn threshing machine equipment&quot;,&quot;width&quot;:&quot;139.6&quot;,&quot;_legend&quot;:&quot;{score}\\\/{best} - ({count} {votes})&quot;,&quot;font_factor&quot;:&quot;1.25&quot;}'>              <div class=\"kksr-stars\">      <div class=\"kksr-stars-inactive\">             <div class=\"kksr-star\" data-star=\"1\" style=\"padding-right: 5px\">               <div class=\"kksr-icon\" style=\"width: 24px; height: 24px;\"><\/div>         <\/div>             <div class=\"kksr-star\" data-star=\"2\" style=\"padding-right: 5px\">               <div class=\"kksr-icon\" style=\"width: 24px; height: 24px;\"><\/div>         <\/div>             <div class=\"kksr-star\" data-star=\"3\" style=\"padding-right: 5px\">               <div class=\"kksr-icon\" style=\"width: 24px; height: 24px;\"><\/div>         <\/div>             <div class=\"kksr-star\" data-star=\"4\" style=\"padding-right: 5px\">               <div class=\"kksr-icon\" style=\"width: 24px; height: 24px;\"><\/div>         <\/div>             <div class=\"kksr-star\" data-star=\"5\" style=\"padding-right: 5px\">               <div class=\"kksr-icon\" style=\"width: 24px; height: 24px;\"><\/div>         <\/div>     <\/div>      <div class=\"kksr-stars-active\" style=\"width: 139.6px;\">             <div class=\"kksr-star\" style=\"padding-right: 5px\">               <div class=\"kksr-icon\" style=\"width: 24px; height: 24px;\"><\/div>         <\/div>             <div class=\"kksr-star\" style=\"padding-right: 5px\">               <div class=\"kksr-icon\" style=\"width: 24px; height: 24px;\"><\/div>         <\/div>             <div class=\"kksr-star\" style=\"padding-right: 5px\">               <div class=\"kksr-icon\" style=\"width: 24px; height: 24px;\"><\/div>         <\/div>             <div class=\"kksr-star\" style=\"padding-right: 5px\">               <div class=\"kksr-icon\" style=\"width: 24px; height: 24px;\"><\/div>         <\/div>             <div class=\"kksr-star\" style=\"padding-right: 5px\">               <div class=\"kksr-icon\" style=\"width: 24px; height: 24px;\"><\/div>         <\/div>     <\/div> <\/div>                   <div class=\"kksr-legend\" style=\"font-size: 19.2px;\">             4.9\/5 - (18 l\u01b0\u1ee3t b\u00ecnh ch\u1ecdn)    <\/div>     <\/div>  <p>M\u00e1y b\u00f3c v\u1ecf ng\u00f4 t\u01b0\u01a1i l\u00e0 thi\u1ebft b\u1ecb c\u00f3 th\u1ec3 t\u00e1ch h\u1ea1t ng\u00f4 t\u01b0\u01a1i v\u00e0 l\u00f5i ng\u00f4. H\u1ea1t ng\u00f4 \u0111\u00e3 qua x\u1eed l\u00fd c\u00f3 th\u1ec3 \u0111\u01b0\u1ee3c ch\u1ebf bi\u1ebfn th\u00eam ho\u1eb7c \u0111\u00f4ng l\u1ea1nh \u0111\u1ec3 l\u00e0m th\u1ef1c ph\u1ea9m \u0111\u00f4ng l\u1ea1nh nhanh. <\/p>    <p>M\u00e1y tu\u1ed1t ng\u00f4 ng\u1ecdt d\u1ec5 v\u1eadn h\u00e0nh, hi\u1ec7u qu\u1ea3 c\u00f4ng vi\u1ec7c cao. V\u00e0 n\u00f3 c\u00f3 th\u1ec3 x\u1eed l\u00fd t\u1ea5t c\u1ea3 c\u00e1c lo\u1ea1i ng\u00f4 t\u01b0\u01a1i, ng\u00f4 ng\u1ecdt, ng\u00f4 n\u1ebfp v\u00e0 ng\u00f4 r\u00e3 \u0111\u00f4ng.<\/p>    <figure class=\"wp-block-embed is-type-video is-provider-youtube wp-block-embed-youtube wp-embed-aspect-16-9 wp-has-aspect-ratio\"><div class=\"wp-block-embed__wrapper\"> <iframe loading=\"lazy\" title=\"M\u00e1y t\u00e1ch ng\u00f4 t\u01b0\u01a1i | M\u00e1y b\u00f3c ng\u00f4 hi\u1ec7u qu\u1ea3 cao cho ng\u00f4 ng\u1ecdt #ng\u00f4 #b\u1eafp #t\u00e1ch\" width=\"500\" height=\"281\" src=\"https:\/\/www.youtube.com\/embed\/iTv3jonA5pk?feature=oembed\" frameborder=\"0\" allow=\"accelerometer; autoplay; clipboard-write; encrypted-media; gyroscope; picture-in-picture; web-share\" referrerpolicy=\"strict-origin-when-cross-origin\" allowfullscreen><\/iframe> <\/div><figcaption class=\"wp-element-caption\">Video ho\u1ea1t \u0111\u1ed9ng c\u1ee7a m\u00e1y b\u00f3c ng\u00f4 t\u01b0\u01a1i<\/figcaption><\/figure>    <h2 class=\"wp-block-heading\" id=\"h-introduction-to-the-fresh-corn-shelling-machine\">Gi\u1edbi thi\u1ec7u m\u00e1y b\u00f3c v\u1ecf ng\u00f4 t\u01b0\u01a1i&nbsp;<\/h2>    <p>M\u00e1y t\u00e1ch v\u1ecf ng\u00f4 t\u01b0\u01a1i c\u1ee7a ch\u00fang t\u00f4i \u0111\u01b0\u1ee3c l\u00e0m b\u1eb1ng th\u00e9p kh\u00f4ng g\u1ec9 304 v\u00e0 \u0111\u1ea1t ti\u00eau chu\u1ea9n GMP v\u00e0 USDA. M\u00e1y c\u00f3 th\u1ec3 x\u1eed l\u00fd ng\u00f4 \u1edf m\u1ecdi k\u00edch c\u1ee1 v\u00e0 h\u00ecnh d\u1ea1ng. <\/p>    <p>C\u00f3 hai m\u1eabu m\u00e1y n\u00e0y l\u00e0 HYMZ-268 v\u00e0 HYMZ-368. S\u1ef1 kh\u00e1c bi\u1ec7t gi\u1eefa hai m\u00e1y l\u00e0 c\u00f3 hay kh\u00f4ng c\u00f3 b\u0103ng t\u1ea3i v\u00e0 \u0111\u1ea7u ra. M\u00e1y c\u00f3 b\u0103ng t\u1ea3i c\u00f3 s\u1ea3n l\u01b0\u1ee3ng l\u1edbn h\u01a1n. <\/p>    <p>V\u1ec1 s\u1ee9c m\u1ea1nh, s\u1ee9c m\u1ea1nh c\u1ee7a chi\u1ebfc m\u00e1y tu\u1ed1t ng\u00f4 t\u01b0\u01a1i n\u00e0y ch\u00ednh l\u00e0 \u0111\u1ed9ng c\u01a1. <\/p>    <p class=\"translation-block\">Ngo\u00e0i ra, m\u00e1y tu\u1ed1t ng\u00f4 c\u00f3 qu\u1ea1t, qu\u1ea1t s\u1ebd th\u1ed5i bay t\u1ea1p ch\u1ea5t tr\u00ean h\u1ea1t ng\u00f4. V\u00ec v\u1eady th\u00e0nh ph\u1ea9m h\u1ea1t ng\u00f4 cu\u1ed1i c\u00f9ng s\u1ea1ch v\u00e0 \u0111\u1eb9p. B\u00ean c\u1ea1nh m\u00e1y n\u00e0y, ch\u00fang t\u00f4i c\u0169ng c\u00f3 <a href=\"https:\/\/taizyfarmequipment.com\/vi\/san-pham\/may-tuot-lua-va-lua-mi\/\" data-type=\"link\" data-id=\"https:\/\/taizyfarmequipment.com\/product\/rice-and-wheat-thresher-machine\/\">m\u00e1y tu\u1ed1t l\u00faa v\u00e0 l\u00faa m\u00ec<\/a>, m\u00e1y b\u00f3c v\u1ecf ng\u00f4 v\u00e0 <a href=\"https:\/\/taizyfarmequipment.com\/vi\/san-pham\/may-lam-bot-ngo\/\">m\u00e1y nghi\u1ec1n b\u1ed9t ng\u00f4<\/a>, v.v.<\/p>    <figure class=\"wp-block-gallery has-nested-images columns-default is-cropped wp-block-gallery-2 is-layout-flex wp-block-gallery-is-layout-flex\"> <figure class=\"wp-block-image size-large\"><img loading=\"lazy\" decoding=\"async\" width=\"720\" height=\"540\" data-id=\"3305\" src=\"https:\/\/taizyfarmequipment.com\/wp-content\/uploads\/2022\/04\/sweet-maize-thresher0.jpg\" alt=\"m\u00e1y tu\u1ed1t ng\u00f4 ng\u1ecdt\" class=\"wp-image-3305\" title=\"m\u00e1y tu\u1ed1t ng\u00f4 ng\u1ecdt\"\/><figcaption class=\"wp-element-caption\">m\u00e1y tu\u1ed1t ng\u00f4 ng\u1ecdt<\/figcaption><\/figure>    <figure class=\"wp-block-image size-large\"><img loading=\"lazy\" decoding=\"async\" width=\"720\" height=\"540\" data-id=\"3306\" src=\"https:\/\/taizyfarmequipment.com\/wp-content\/uploads\/2022\/04\/fresh-corn-thresher-machine0.jpg\" alt=\"m\u00e1y tu\u1ed1t ng\u00f4 t\u01b0\u01a1i\" class=\"wp-image-3306\" title=\"m\u00e1y tu\u1ed1t ng\u00f4 t\u01b0\u01a1i\"\/><figcaption class=\"wp-element-caption\">m\u00e1y tu\u1ed1t ng\u00f4 t\u01b0\u01a1i<\/figcaption><\/figure> <\/figure>    <h2 class=\"wp-block-heading\">M\u00e1y tu\u1ed1t ng\u00f4 ng\u1ecdt c\u00f3 c\u00f4ng d\u1ee5ng g\u00ec?<\/h2>    <p>M\u00e1y b\u00f3c v\u1ecf ng\u00f4 t\u01b0\u01a1i n\u00e0y ph\u00f9 h\u1ee3p cho c\u00e1c nh\u00e0 m\u00e1y ch\u1ebf bi\u1ebfn th\u1ef1c ph\u1ea9m nh\u01b0 nh\u00e0 b\u1ebfp trung t\u00e2m, h\u1ea1t ng\u00f4 \u0111\u00f3ng h\u1ed9p, xi-r\u00f4 ng\u00f4 \u0111\u00f4ng l\u1ea1nh nhanh, nh\u00e0 m\u00e1y h\u1ea1t ng\u00f4, ch\u1ebf bi\u1ebfn th\u1ef1c ph\u1ea9m kh\u00f4, ch\u1ebf bi\u1ebfn n\u00f4ng s\u1ea3n v\u00e0 s\u1ea3n ph\u1ea9m ph\u1ee5, v.v.<\/p>    <figure class=\"wp-block-image size-full\"><img loading=\"lazy\" decoding=\"async\" width=\"720\" height=\"541\" src=\"https:\/\/taizyfarmequipment.com\/wp-content\/uploads\/2022\/04\/Fresh-corn-thresher-tuya_720_541.jpg\" alt=\"M\u00e1y tu\u1ed1t ng\u00f4 t\u01b0\u01a1i.\" class=\"wp-image-3309\" title=\"M\u00e1y tu\u1ed1t ng\u00f4 t\u01b0\u01a1i.\"\/><figcaption class=\"wp-element-caption\">M\u00e1y tu\u1ed1t ng\u00f4 t\u01b0\u01a1i M\u00e1y tu\u1ed1t ng\u00f4 t\u01b0\u01a1i.<\/figcaption><\/figure>    <h2 class=\"wp-block-heading\">C\u1ea5u t\u1ea1o c\u1ee7a m\u00e1y tu\u1ed1t ng\u00f4 t\u01b0\u01a1i<\/h2>    <p>M\u00e1y tu\u1ed1t ng\u00f4 t\u01b0\u01a1i ch\u1ee7 y\u1ebfu bao g\u1ed3m khung, b\u00e1nh xe, con l\u0103n cao su, thi\u1ebft b\u1ecb tu\u1ed1t, \u1ed5 c\u1eafm ng\u00f4, qu\u1ea1t, \u1ed5 c\u1eafm l\u00f5i ng\u00f4, t\u1ee7 \u0111i\u1ec1u khi\u1ec3n \u0111i\u1ec7n, v.v. M\u00e1y b\u00f3c v\u1ecf ng\u00f4 ng\u1ecdt c\u00f3 di\u1ec7n t\u00edch nh\u1ecf, h\u00ecnh th\u1ee9c \u0111\u1eb9p v\u00e0 hi\u1ec7u su\u1ea5t cao hi\u1ec7u qu\u1ea3. <\/p>    <p>H\u01a1n n\u1eefa, ch\u1ea5t li\u1ec7u c\u1ee7a m\u00e1y tu\u1ed1t ng\u00f4 t\u01b0\u01a1i n\u00e0y l\u00e0 th\u00e9p kh\u00f4ng g\u1ec9 304, h\u1ea1t ng\u00f4 sau khi \u0111\u1eadp s\u1ea1ch s\u1ebd, h\u1ee3p v\u1ec7 sinh h\u01a1n n\u00ean b\u1ea1n c\u00f3 th\u1ec3 y\u00ean t\u00e2m \u0103n u\u1ed1ng.<\/p>    <figure class=\"wp-block-image size-full\"><img loading=\"lazy\" decoding=\"async\" width=\"720\" height=\"540\" src=\"https:\/\/taizyfarmequipment.com\/wp-content\/uploads\/2022\/04\/fresh-corn-shelling-machines-structure0.jpg\" alt=\"c\u1ea5u tr\u00fac c\u1ee7a m\u00e1y b\u00f3c v\u1ecf ng\u00f4 t\u01b0\u01a1i\" class=\"wp-image-3307\" title=\"c\u1ea5u tr\u00fac c\u1ee7a m\u00e1y b\u00f3c v\u1ecf ng\u00f4 t\u01b0\u01a1i\"\/><figcaption class=\"wp-element-caption\">c\u1ea5u t\u1ea1o c\u1ee7a m\u00e1y b\u00f3c v\u1ecf ng\u00f4 t\u01b0\u01a1i<\/figcaption><\/figure>    <h2 class=\"wp-block-heading\">Ch\u1ee9c n\u0103ng v\u00e0 \u0111\u1eb7c \u0111i\u1ec3m c\u1ee7a t\u1eebng b\u1ed9 ph\u1eadn c\u1ee7a m\u00e1y b\u00f3c v\u1ecf ng\u00f4 ng\u1ecdt l\u00e0 g\u00ec?<\/h2>    <h3 class=\"wp-block-heading\">1. Con l\u0103n cao su<\/h3>    <p>Ch\u1ee9c n\u0103ng: N\u00f3 c\u00f3 th\u1ec3 s\u1eed d\u1ee5ng ma s\u00e1t \u0111\u1ec3 \u0111\u01b0a ng\u00f4 v\u00e0o thi\u1ebft b\u1ecb \u0111\u1eadp c\u1ee7a m\u00e1y.<\/p>    <p>\u0110\u1eb7c \u0111i\u1ec3m: V\u00ec ch\u1ea5t li\u1ec7u cao su t\u01b0\u01a1ng \u0111\u1ed1i m\u1ec1m v\u00e0 d\u1ebbo n\u00ean s\u1ebd kh\u00f4ng l\u00e0m h\u1ecfng v\u1ecf h\u1ea1t ng\u00f4 trong qu\u00e1 tr\u00ecnh l\u00e0m vi\u1ec7c n\u00ean h\u1ea1t ng\u00f4 gi\u1eef \u0111\u01b0\u1ee3c h\u00ecnh d\u1ea1ng t\u1ed1t.<\/p>    <h3 class=\"wp-block-heading\">2. Thi\u1ebft b\u1ecb \u0111\u1eadp l\u00faa<\/h3>    <p>Ch\u1ee9c n\u0103ng: B\u1ed9 ph\u1eadn n\u00e0y c\u00f3 th\u1ec3 c\u1eaft h\u1ea1t ng\u00f4 ra kh\u1ecfi l\u00f5i ng\u00f4.<\/p>    <p>T\u00ednh n\u0103ng: L\u01b0\u1ee1i dao c\u1ee7a thi\u1ebft b\u1ecb c\u00f3 th\u1ec3 \u0111i\u1ec1u ch\u1ec9nh \u0111\u01b0\u1ee3c v\u00e0 ch\u00fang ta c\u00f3 th\u1ec3 \u0111i\u1ec1u ch\u1ec9nh l\u01b0\u1ee1i dao theo \u0111\u01b0\u1eddng k\u00ednh c\u1ee7a l\u00f5i ng\u00f4 m\u00e0 ch\u00fang ta x\u1eed l\u00fd. V\u00ec v\u1eady n\u00f3 c\u00f3 th\u1ec3 x\u1eed l\u00fd ng\u00f4 \u1edf m\u1ecdi k\u00edch c\u1ee1. Ngo\u00e0i ra, ch\u1ea5t li\u1ec7u v\u00e0 thi\u1ebft k\u1ebf c\u1ee7a l\u01b0\u1ee1i dao n\u00e0y \u0111\u01b0\u1ee3c thi\u1ebft k\u1ebf \u0111\u1eb7c bi\u1ec7t \u0111\u1ec3 c\u1eaft h\u1ee3p l\u00fd.<\/p>    <h3 class=\"wp-block-heading\">3. C\u1eeda h\u00e0ng l\u00f5i ng\u00f4<\/h3>    <p>Ch\u1ee9c n\u0103ng: \u0110\u01b0a l\u00f5i ng\u00f4 ra kh\u1ecfi m\u00e1y.<\/p>    <p>\u0110\u1eb7c \u0111i\u1ec3m: 4 thanh d\u1eabn h\u01b0\u1edbng c\u00f3 th\u1ec3 d\u1eabn h\u01b0\u1edbng l\u00f5i ng\u00f4, gi\u00fap tr\u00e1nh hi\u1ec7n t\u01b0\u1ee3ng l\u00f5i ng\u00f4 b\u1ecb k\u1eb9t trong m\u00e1y m\u1ed9t c\u00e1ch hi\u1ec7u qu\u1ea3.<\/p>    <h3 class=\"wp-block-heading\">4. Qu\u1ea1t<\/h3>    <p>Ch\u1ee9c n\u0103ng: N\u00f3 c\u00f3 th\u1ec3 th\u1ed5i bay c\u00e1c t\u1ea1p ch\u1ea5t tr\u00ean h\u1ea1t ng\u00f4 m\u1ed9t c\u00e1ch hi\u1ec7u qu\u1ea3.<\/p>    <figure class=\"wp-block-gallery has-nested-images columns-2 is-cropped wp-block-gallery-3 is-layout-flex wp-block-gallery-is-layout-flex\"> <figure class=\"wp-block-image size-large\"><img loading=\"lazy\" decoding=\"async\" width=\"720\" height=\"539\" data-id=\"3310\" src=\"https:\/\/taizyfarmequipment.com\/wp-content\/uploads\/2022\/04\/roller-9.jpg\" alt=\" con l\u0103n cao su\" class=\"wp-image-3310\" title=\" con l\u0103n cao su\"\/><figcaption class=\"wp-element-caption\"> con l\u0103n cao su<\/figcaption><\/figure>    <figure class=\"wp-block-image size-large\"><img loading=\"lazy\" decoding=\"async\" width=\"720\" height=\"541\" data-id=\"3311\" src=\"https:\/\/taizyfarmequipment.com\/wp-content\/uploads\/2022\/04\/blade-01.jpg\" alt=\"thi\u1ebft b\u1ecb l\u01b0\u1ee1i\" class=\"wp-image-3311\" title=\"thi\u1ebft b\u1ecb l\u01b0\u1ee1i\"\/><figcaption class=\"wp-element-caption\">thi\u1ebft b\u1ecb l\u01b0\u1ee1i<\/figcaption><\/figure>    <figure class=\"wp-block-image size-large\"><img loading=\"lazy\" decoding=\"async\" width=\"720\" height=\"539\" data-id=\"3312\" src=\"https:\/\/taizyfarmequipment.com\/wp-content\/uploads\/2022\/04\/blade-9.jpg\" alt=\"l\u01b0\u1ee1i dao\" class=\"wp-image-3312\" title=\"l\u01b0\u1ee1i dao\"\/><figcaption class=\"wp-element-caption\">l\u01b0\u1ee1i dao<\/figcaption><\/figure>    <figure class=\"wp-block-image size-large\"><img loading=\"lazy\" decoding=\"async\" width=\"720\" height=\"733\" data-id=\"3313\" src=\"https:\/\/taizyfarmequipment.com\/wp-content\/uploads\/2022\/04\/corn-cob-outlet-3.jpg\" alt=\"c\u1eeda h\u00e0ng l\u00f5i ng\u00f4 \" class=\"wp-image-3313\" title=\"c\u1eeda h\u00e0ng l\u00f5i ng\u00f4 \"\/><figcaption class=\"wp-element-caption\">c\u1eeda h\u00e0ng l\u00f5i ng\u00f4<\/figcaption><\/figure> <\/figure>    <h2 class=\"wp-block-heading\">Th\u00f4ng s\u1ed1 k\u1ef9 thu\u1eadt c\u1ee7a m\u00e1y tu\u1ed1t ng\u00f4 t\u01b0\u01a1i<\/h2>    <figure class=\"wp-block-table\"><table><tbody><tr><td>Ng\u01b0\u1eddi m\u1eabu<\/td><td>\u0110i\u1ec7n \u00e1p<\/td><td>\u0110\u1ed9ng c\u01a1<\/td><td>S\u1ea3n xu\u1ea5t<\/td><td>K\u00edch th\u01b0\u1edbc b\u0103ng t\u1ea3i \u0111\u1ea7u v\u00e0o<\/td><td>K\u00edch th\u01b0\u1edbc m\u00e1y<\/td><td>Tr\u1ecdng l\u01b0\u1ee3ng m\u00e1y<\/td><\/tr><tr><td>HYMZ-268<\/td><td>220V 1 pha<\/td><td>1HP+1\/2HP+1\/4HP<\/td><td>400\uff0d500kg\/h\uff08ch\u1ec9 h\u1ea1t gi\u1ed1ng\uff09<\/td><td>Kh\u00f4ng c\u00f3<\/td><td>630*620*1250mm<\/td><td>100kg<\/td><\/tr><tr><td>HYMZ-368<\/td><td>220V 1 pha<\/td><td>1HP+1\/2HP+1\/4HP<\/td><td>600kg\/h\uff08ch\u1ec9 h\u1ea1t gi\u1ed1ng\uff09<\/td><td>690*260*380mm<\/td><td>1320*620*1250mm<\/td><td>100kg<\/td><\/tr><\/tbody><\/table><figcaption class=\"wp-element-caption\">th\u00f4ng s\u1ed1 m\u00e1y tu\u1ed1t ng\u00f4 t\u01b0\u01a1i<\/figcaption><\/figure>    <h2 class=\"wp-block-heading\">Quy tr\u00ecnh l\u00e0m vi\u1ec7c c\u1ee7a m\u00e1y tu\u1ed1t ng\u00f4 t\u1ef1 \u0111\u1ed9ng b\u1eb1ng \u0111i\u1ec7n<\/h2>    <p>1. \u0110\u1ea7u ti\u00ean, b\u1eadt m\u00e1y b\u00f3c v\u1ecf ng\u00f4 t\u01b0\u01a1i sau khi x\u00e1c nh\u1eadn m\u00e1y \u0111ang s\u1eed d\u1ee5ng b\u00ecnh th\u01b0\u1eddng, \u0111\u1eb7t tai ng\u00f4 l\u00ean b\u0103ng t\u1ea3i h\u01b0\u1edbng v\u1ec1 ph\u00eda m\u00e1y ho\u1eb7c \u0111\u1eb7t tr\u1ef1c ti\u1ebfp l\u00ean thi\u1ebft b\u1ecb con l\u0103n cao su.<\/p>    <p>2. Sau \u0111\u00f3, con l\u0103n cao su \u0111\u01b0a ng\u00f4 v\u00e0o thi\u1ebft b\u1ecb tu\u1ed1t v\u00e0 l\u01b0\u1ee1i dao s\u1ebd \u0111\u1eadp ng\u00f4.<\/p>    <p>3. Sau \u0111\u00f3, h\u1ea1t ng\u00f4 ra kh\u1ecfi \u0111\u1ea7u ra v\u00e0 m\u00e1y th\u1ed5i s\u1ebd lo\u1ea1i b\u1ecf t\u1ea1p ch\u1ea5t trong h\u1ea1t ng\u00f4.<\/p>    <p>4. \u0110\u1ed3ng th\u1eddi l\u00f5i ng\u00f4 \u0111\u01b0\u1ee3c x\u1ea3 ra t\u1eeb \u1ed5 c\u1eafm kh\u00e1c. M\u00e1y th\u1ef1c hi\u1ec7n c\u00f4ng vi\u1ec7c.<\/p>    <h2 class=\"wp-block-heading\">\u01afu \u0111i\u1ec3m c\u1ee7a m\u00e1y tu\u1ed1t ng\u00f4 c\u00f4ng nghi\u1ec7p l\u00e0 g\u00ec?<\/h2>    <p>1. Ch\u1ea5t li\u1ec7u an to\u00e0n, to\u00e0n b\u1ed9 m\u00e1y \u0111\u01b0\u1ee3c l\u00e0m b\u1eb1ng th\u00e9p kh\u00f4ng g\u1ec9, s\u1ea1ch s\u1ebd v\u00e0 h\u1ee3p v\u1ec7 sinh.<\/p>    <p>2. M\u00e1y tu\u1ed1t ng\u00f4 t\u01b0\u01a1i c\u00f3 b\u00e1nh xe, d\u1ec5 di chuy\u1ec3n.<\/p>    <p>3. B\u1ed9 bi\u1ebfn t\u1ea7n \u0111i\u1ec1u khi\u1ec3n t\u1ed1c \u0111\u1ed9 v\u00e0 thao t\u00e1c \u0111\u01a1n gi\u1ea3n, ph\u00f9 h\u1ee3p v\u1edbi c\u00e1c lo\u1ea1i ng\u00f4 t\u01b0\u01a1i, ng\u1ecdt, n\u1ebfp v\u00e0 ng\u00f4 \u0111\u00f4ng l\u1ea1nh sau khi \u0111\u1eadp.<\/p>    <p>4. Kh\u1ea3 n\u0103ng th\u00edch \u1ee9ng m\u1ea1nh m\u1ebd. N\u00f3 kh\u00f4ng ch\u1ec9 ph\u00f9 h\u1ee3p cho s\u1ea3n xu\u1ea5t quy m\u00f4 l\u1edbn trong c\u00e1c nh\u00e0 m\u00e1y c\u00f3 d\u00e2y chuy\u1ec1n l\u1eafp r\u00e1p m\u00e0 c\u00f2n c\u00f3 th\u1ec3 gia c\u00f4ng t\u1ea1i c\u00e1c x\u01b0\u1edfng gia \u0111\u00ecnh.<\/p>    <p>5. Hi\u1ec7u su\u1ea5t s\u1eed d\u1ee5ng c\u1ee7a m\u00e1y cao. M\u00e1y b\u00f3c v\u1ecf ng\u00f4 t\u01b0\u01a1i c\u00f3 th\u1ec3 \u0111\u01b0\u1ee3c \u0111i\u1ec1u ch\u1ec9nh t\u1ef1 \u0111\u1ed9ng theo k\u00edch th\u01b0\u1edbc c\u1ee7a l\u00f5i ng\u00f4, ph\u00f9 h\u1ee3p \u0111\u1ec3 tu\u1ed1t ng\u00f4 v\u1edbi nhi\u1ec1u k\u00edch c\u1ee1 kh\u00e1c nhau, v\u1edbi t\u1ef7 l\u1ec7 \u0111\u1eadp cao. V\u00e0 \u0111\u1ed9 s\u00e2u \u0111\u1eadp c\u1ee7a m\u00e1y c\u00f3 th\u1ec3 \u0111i\u1ec1u ch\u1ec9nh \u0111\u01b0\u1ee3c, t\u1ed1c \u0111\u1ed9 b\u00f3c v\u1ecf ng\u00f4 ng\u1ecdt c\u00f3 th\u1ec3 \u0111\u1ea1t t\u1edbi 100%.<\/p>    <p>6. D\u1ee5ng c\u1ee5 n\u00e0y c\u00f3 tu\u1ed5i th\u1ecd s\u1eed d\u1ee5ng l\u00e2u d\u00e0i. Dao c\u1ee7a m\u00e1y n\u00e0y \u0111\u01b0\u1ee3c l\u00e0m b\u1eb1ng v\u1eadt li\u1ec7u th\u00e9p kh\u00f4ng g\u1ec9 \u0111\u1eb7c bi\u1ec7t, kh\u00f4ng c\u1ea7n m\u00e0i l\u00e2u v\u00e0 b\u1ec1n h\u01a1n.<\/p>    <figure class=\"wp-block-image size-full\"><img loading=\"lazy\" decoding=\"async\" width=\"720\" height=\"540\" src=\"https:\/\/taizyfarmequipment.com\/wp-content\/uploads\/2022\/04\/finished-product0.jpg\" alt=\"th\u00e0nh ph\u1ea9m\" class=\"wp-image-3308\" title=\"th\u00e0nh ph\u1ea9m\"\/><figcaption class=\"wp-element-caption\">th\u00e0nh ph\u1ea9m<\/figcaption><\/figure>    <h2 class=\"wp-block-heading\">C\u00e2u h\u1ecfi th\u01b0\u1eddng g\u1eb7p<\/h2>    <p>1. C\u00f3 y\u00eau c\u1ea7u v\u1ec1 \u0111\u01b0\u1eddng k\u00ednh c\u1ee7a l\u00f5i ng\u00f4 kh\u00f4ng?<\/p>    <p>Kh\u00f4ng c\u00f3 y\u00eau c\u1ea7u n\u00e0o v\u00ec c\u00e1c l\u01b0\u1ee1i c\u1ee7a b\u1ed9 ph\u1eadn tu\u1ed1t c\u1ee7a m\u00e1y c\u00f3 th\u1ec3 \u0111\u01b0\u1ee3c \u0111i\u1ec1u ch\u1ec9nh theo \u0111\u01b0\u1eddng k\u00ednh c\u1ee7a l\u00f5i ng\u00f4.<\/p>    <p>2. S\u1ef1 kh\u00e1c bi\u1ec7t gi\u1eefa HYMZ-268 v\u00e0 HYMZ-368 l\u00e0 g\u00ec?<\/p>    <p>368 c\u00f3 th\u00eam m\u1ed9t b\u0103ng t\u1ea3i, s\u1ea3n l\u01b0\u1ee3ng l\u1edbn h\u01a1n.<\/p>    <p>3.\u00a0Ch\u1ea5t li\u1ec7u c\u1ee7a m\u00e1y b\u00f3c v\u1ecf ng\u00f4 t\u01b0\u01a1i l\u00e0 g\u00ec?<\/p>    <p>Ch\u1ea5t li\u1ec7u inox 304.<\/p>    <p>4. S\u1ee9c m\u1ea1nh c\u1ee7a m\u00e1y l\u00e0 bao nhi\u00eau?<\/p>    <p>\u0110\u1ed9ng c\u01a1.<\/p>    <p>5. Th\u1eddi gian x\u1eed l\u00fd ng\u00f4 ng\u1eafn nh\u1ea5t l\u00e0 bao nhi\u00eau?<\/p>    <p>80mm.<\/p>","protected":false},"excerpt":{"rendered":"<p>M\u00e1y b\u00f3c v\u1ecf ng\u00f4 t\u01b0\u01a1i\u00a0c\u00f3 th\u1ec3 t\u00e1ch h\u1ea1t ng\u00f4 t\u01b0\u01a1i ra kh\u1ecfi l\u00f5i ng\u00f4. V\u00e0 h\u1ea1t ng\u00f4 c\u00f3 th\u1ec3 \u0111\u01b0\u1ee3c ch\u1ebf bi\u1ebfn th\u00eam.<\/p>","protected":false},"author":1,"featured_media":3304,"parent":0,"template":"","tags":[278,274,275,273,277,276,279,281,280],"product-type":[129],"class_list":["post-3302","product","type-product","status-publish","has-post-thumbnail","hentry","tag-electric-automatic-corn-thresher","tag-fresh-corn-sheller","tag-fresh-corn-shelling-machine","tag-fresh-corn-threshing-machine","tag-fresh-maize-thresher","tag-fresh-sweet-corn-thresher-machine","tag-stainless-steel-corn-sheller-machine","tag-sweet-corn-thresher-for-sale","tag-sweet-corn-threshing-machine-equipment","product-type-thresher-and-sheller"],"_links":{"self":[{"href":"https:\/\/taizyfarmequipment.com\/vi\/wp-json\/wp\/v2\/product\/3302","targetHints":{"allow":["GET"]}}],"collection":[{"href":"https:\/\/taizyfarmequipment.com\/vi\/wp-json\/wp\/v2\/product"}],"about":[{"href":"https:\/\/taizyfarmequipment.com\/vi\/wp-json\/wp\/v2\/types\/product"}],"author":[{"embeddable":true,"href":"https:\/\/taizyfarmequipment.com\/vi\/wp-json\/wp\/v2\/users\/1"}],"wp:featuredmedia":[{"embeddable":true,"href":"https:\/\/taizyfarmequipment.com\/vi\/wp-json\/wp\/v2\/media\/3304"}],"wp:attachment":[{"href":"https:\/\/taizyfarmequipment.com\/vi\/wp-json\/wp\/v2\/media?parent=3302"}],"wp:term":[{"taxonomy":"post_tag","embeddable":true,"href":"https:\/\/taizyfarmequipment.com\/vi\/wp-json\/wp\/v2\/tags?post=3302"},{"taxonomy":"product-type","embeddable":true,"href":"https:\/\/taizyfarmequipment.com\/vi\/wp-json\/wp\/v2\/product-type?post=3302"}],"curies":[{"name":"wp","href":"https:\/\/api.w.org\/{rel}","templated":true}]}}