{"id":3316,"date":"2022-04-27T10:08:41","date_gmt":"2022-04-27T10:08:41","guid":{"rendered":"https:\/\/taizyfarmequipment.com\/?post_type=product&#038;p=3316"},"modified":"2025-11-26T16:10:03","modified_gmt":"2025-11-26T08:10:03","slug":"may-say-ngu-coc-tuan-hoan","status":"publish","type":"product","link":"https:\/\/taizyfarmequipment.com\/vi\/product\/circulating-grain-dryer\/","title":{"rendered":"M\u00e1y s\u1ea5y l\u00faa g\u1ea1o l\u01b0u h\u00e0nh | M\u00e1y s\u1ea5y c\u01a1 kh\u00ed cho g\u1ea1o v\u00e0 ng\u00f4"},"content":{"rendered":"<div class=\"kk-star-ratings kksr-auto kksr-align-left kksr-valign-top\"     data-payload='{&quot;align&quot;:&quot;left&quot;,&quot;id&quot;:&quot;3316&quot;,&quot;slug&quot;:&quot;default&quot;,&quot;valign&quot;:&quot;top&quot;,&quot;ignore&quot;:&quot;&quot;,&quot;reference&quot;:&quot;auto&quot;,&quot;class&quot;:&quot;&quot;,&quot;count&quot;:&quot;20&quot;,&quot;legendonly&quot;:&quot;&quot;,&quot;readonly&quot;:&quot;&quot;,&quot;score&quot;:&quot;4.5&quot;,&quot;starsonly&quot;:&quot;&quot;,&quot;best&quot;:&quot;5&quot;,&quot;gap&quot;:&quot;5&quot;,&quot;greet&quot;:&quot;Rate this product&quot;,&quot;legend&quot;:&quot;4.5\\\/5 - (20 b\u00ecnh ch\u1ecdn)&quot;,&quot;size&quot;:&quot;24&quot;,&quot;title&quot;:&quot;Circulating grain dryer | Mechanical dryer for rice and corn&quot;,&quot;width&quot;:&quot;128&quot;,&quot;_legend&quot;:&quot;{score}\\\/{best} - ({count} {votes})&quot;,&quot;font_factor&quot;:&quot;1.25&quot;}'>              <div class=\"kksr-stars\">      <div class=\"kksr-stars-inactive\">             <div class=\"kksr-star\" data-star=\"1\" style=\"padding-right: 5px\">               <div class=\"kksr-icon\" style=\"width: 24px; height: 24px;\"><\/div>         <\/div>             <div class=\"kksr-star\" data-star=\"2\" style=\"padding-right: 5px\">               <div class=\"kksr-icon\" style=\"width: 24px; height: 24px;\"><\/div>         <\/div>             <div class=\"kksr-star\" data-star=\"3\" style=\"padding-right: 5px\">               <div class=\"kksr-icon\" style=\"width: 24px; height: 24px;\"><\/div>         <\/div>             <div class=\"kksr-star\" data-star=\"4\" style=\"padding-right: 5px\">               <div class=\"kksr-icon\" style=\"width: 24px; height: 24px;\"><\/div>         <\/div>             <div class=\"kksr-star\" data-star=\"5\" style=\"padding-right: 5px\">               <div class=\"kksr-icon\" style=\"width: 24px; height: 24px;\"><\/div>         <\/div>     <\/div>      <div class=\"kksr-stars-active\" style=\"width: 128px;\">             <div class=\"kksr-star\" style=\"padding-right: 5px\">               <div class=\"kksr-icon\" style=\"width: 24px; height: 24px;\"><\/div>         <\/div>             <div class=\"kksr-star\" style=\"padding-right: 5px\">               <div class=\"kksr-icon\" style=\"width: 24px; height: 24px;\"><\/div>         <\/div>             <div class=\"kksr-star\" style=\"padding-right: 5px\">               <div class=\"kksr-icon\" style=\"width: 24px; height: 24px;\"><\/div>         <\/div>             <div class=\"kksr-star\" style=\"padding-right: 5px\">               <div class=\"kksr-icon\" style=\"width: 24px; height: 24px;\"><\/div>         <\/div>             <div class=\"kksr-star\" style=\"padding-right: 5px\">               <div class=\"kksr-icon\" style=\"width: 24px; height: 24px;\"><\/div>         <\/div>     <\/div> <\/div>                   <div class=\"kksr-legend\" style=\"font-size: 19.2px;\">             4.5\/5 - (20 l\u01b0\u1ee3t b\u00ecnh ch\u1ecdn)    <\/div>     <\/div>  <p>M\u00e1y s\u1ea5y ng\u0169 c\u1ed1c tu\u1ea7n ho\u00e0n c\u00f2n \u0111\u01b0\u1ee3c g\u1ecdi l\u00e0 m\u00e1y s\u1ea5y tu\u1ea7n ho\u00e0n nhi\u1ec7t \u0111\u1ed9 th\u1ea5p, c\u00f3 th\u1ec3 l\u00e0m kh\u00f4 c\u00e1c lo\u1ea1i h\u1ea1t ng\u0169 c\u1ed1c kh\u00e1c nhau v\u1edbi s\u1ed1 l\u01b0\u1ee3ng l\u1edbn. Nh\u00ecn chung, m\u00e1y ph\u00f9 h\u1ee3p v\u1edbi c\u00e1c tr\u1ea1m ng\u0169 c\u1ed1c l\u1edbn, trang tr\u1ea1i, v.v. Ng\u0169 c\u1ed1c \u0111\u00e3 qua x\u1eed l\u00fd d\u1ec5 b\u1ea3o qu\u1ea3n l\u00e2u, v\u1eadn chuy\u1ec3n \u0111i xa v\u00e0 \u0111\u01b0\u1ee3c ch\u1ebf bi\u1ebfn th\u00eam. <\/p>    <p>Tr\u00ean th\u1ecb tr\u01b0\u1eddng hi\u1ec7n nay c\u00f3 nhi\u1ec1u d\u1ea1ng m\u00e1y s\u1ea5y ng\u0169 c\u1ed1c kh\u00e1c nhau, v\u1edbi c\u1ea5u tr\u00fac b\u00ean trong kh\u00e1c nhau v\u00e0 ph\u01b0\u01a1ng ph\u00e1p x\u1eed l\u00fd c\u1ee7a m\u00e1y kh\u00e1c nhau. M\u00e1y \u0111\u00e3 tr\u1ea3i qua qu\u00e1 tr\u00ecnh ph\u00e1t tri\u1ec3n kh\u00f4ng ng\u1eebng v\u00e0 m\u1eabu m\u1edbi nh\u1ea5t l\u00e0 m\u00e1y s\u1ea5y ng\u0169 c\u1ed1c d\u00f2ng h\u1ed7n h\u1ee3p b\u1ed1n th\u1ebf h\u1ec7. M\u00e1y s\u1ea5y ng\u0169 c\u1ed1c s\u1ea3n xu\u1ea5t hi\u1ec7n t\u1ea1i c\u1ee7a ch\u00fang t\u00f4i l\u00e0 nh\u1eefng m\u00e1y m\u1edbi nh\u1ea5t thu\u1ed9c lo\u1ea1i n\u00e0y.<\/p>    <h2 class=\"wp-block-heading\" id=\"h-introduction-to-circulating-grain-dryer\">Gi\u1edbi thi\u1ec7u m\u00e1y s\u1ea5y ng\u0169 c\u1ed1c tu\u1ea7n ho\u00e0n<\/h2>    <p>M\u00e1y s\u1ea5y ng\u0169 c\u1ed1c c\u1ee7a ch\u00fang t\u00f4i c\u00f3 nhi\u1ec1u m\u1eabu m\u00e3 kh\u00e1c nhau v\u1edbi c\u00f4ng su\u1ea5t \u0111\u1ea7u ra kh\u00e1c nhau cho m\u1ed7i m\u1ebb. Th\u00f4ng th\u01b0\u1eddng, c\u00e1c m\u1eabu 5H-15 v\u00e0 5H-32 \u0111\u01b0\u1ee3c s\u1eed d\u1ee5ng ph\u1ed5 bi\u1ebfn h\u01a1n. M\u00e1y s\u1ea5y ng\u0169 c\u1ed1c n\u00e0y c\u00f3 d\u1ea1ng s\u1ea5y m\u1edbi nh\u1ea5t l\u00e0 s\u1ea5y g\u00f3c. V\u00e0 c\u1ea5u tr\u00fac s\u1ea5y nh\u01b0 v\u1eady c\u00f3 th\u1ec3 k\u00e9o d\u00e0i qu\u00e1 tr\u00ecnh \u0111i xu\u1ed1ng c\u1ee7a h\u1ea1t, do \u0111\u00f3 kh\u00f4ng kh\u00ed n\u00f3ng c\u00f3 th\u1ec3 l\u00e0m kh\u00f4 v\u1eadt li\u1ec7u ho\u00e0n to\u00e0n h\u01a1n. Ngo\u00e0i ra, m\u00e1y c\u00f2n c\u00f3 nhi\u1ec1u ph\u01b0\u01a1ng ph\u00e1p s\u01b0\u1edfi \u1ea5m kh\u00e1c nhau, c\u00f3 th\u1ec3 l\u00e0 nhi\u00ean li\u1ec7u sinh kh\u1ed1i, b\u1ebfp diesel, l\u00f2 \u0111\u1ed1t kh\u00ed t\u1ef1 nhi\u00ean v\u00e0 l\u00f2 \u0111\u1ed1t \u0111i\u1ec7n. <\/p>    <p class=\"translation-block\">Ng\u0169 c\u1ed1c \u0111\u00e3 x\u1eed l\u00fd kh\u00f4ng c\u00f3 m\u1ed1c, s\u00e2u v\u00e0 m\u00f9i l\u1ea1. Do \u0111\u00f3, s\u1ea5y kh\u00f4 l\u00e0 tr\u1ee3 th\u1ee7 t\u1ed1t \u0111\u1ec3 s\u1ea5y s\u1ed1 l\u01b0\u1ee3ng l\u1edbn ng\u0169 c\u1ed1c. V\u00e0 ch\u00fang ta c\u00f3 th\u1ec3 d\u00f9ng m\u00e1y tu\u1ed1t \u0111\u1ec3 tu\u1ed1t h\u1ea1t tr\u01b0\u1edbc khi s\u1ea5y s\u1ed1 l\u01b0\u1ee3ng l\u1edbn. Ch\u00fang t\u00f4i c\u00f3 <a href=\"https:\/\/www.agriculture-machine.com\/multifunctional-thresher-for-maize-beans-sorghum-millet\/\" target=\"_blank\" rel=\"noopener\">m\u00e1y tu\u1ed1t \u0111a ch\u1ee9c n\u0103ng<\/a>, <a href=\"https:\/\/taizyfarmequipment.com\/vi\/san-pham\/may-tuot-lua-mi\/\">m\u00e1y tu\u1ed1t l\u00faa-l\u00faa m\u00ec<\/a>, m\u00e1y tu\u1ed1t ng\u00f4, v\u00e0 c\u00e1c lo\u1ea1i kh\u00e1c.<\/p>    <figure class=\"wp-block-gallery has-nested-images columns-default is-cropped wp-block-gallery-2 is-layout-flex wp-block-gallery-is-layout-flex\"> <figure class=\"wp-block-image size-large\"><img loading=\"lazy\" decoding=\"async\" width=\"720\" height=\"540\" data-id=\"3319\" src=\"https:\/\/taizyfarmequipment.com\/wp-content\/uploads\/2022\/04\/circulating-grain-dryer-0.jpg\" alt=\"\" class=\"wp-image-3319\"\/><figcaption class=\"wp-element-caption\">m\u00e1y s\u1ea5y ng\u0169 c\u1ed1c tu\u1ea7n ho\u00e0n<\/figcaption><\/figure>    <figure class=\"wp-block-image size-large\"><img loading=\"lazy\" decoding=\"async\" width=\"720\" height=\"540\" data-id=\"3320\" src=\"https:\/\/taizyfarmequipment.com\/wp-content\/uploads\/2022\/04\/mechanical-dryer-for-rice-and-corn0.jpg\" alt=\"m\u00e1y s\u1ea5y c\u01a1 kh\u00ed cho g\u1ea1o v\u00e0 ng\u00f4\" class=\"wp-image-3320\" title=\"m\u00e1y s\u1ea5y c\u01a1 kh\u00ed cho g\u1ea1o v\u00e0 ng\u00f4\"\/><figcaption class=\"wp-element-caption\">m\u00e1y s\u1ea5y c\u01a1 kh\u00ed cho g\u1ea1o v\u00e0 ng\u00f4<\/figcaption><\/figure> <\/figure>    <h2 class=\"wp-block-heading\">Ph\u1ea1m vi \u1ee9ng d\u1ee5ng c\u1ee7a m\u00e1y s\u1ea5y l\u00faa c\u01a1 h\u1ecdc l\u00e0 g\u00ec?<\/h2>    <p>C\u00e1c lo\u1ea1i ng\u0169 c\u1ed1c th\u00edch h\u1ee3p: g\u1ea1o, l\u00faa m\u00ec, ng\u00f4, \u0111\u1eadu n\u00e0nh, l\u00faa mi\u1ebfn, k\u00ea, h\u1ea1t c\u1ea3i d\u1ea7u v\u00e0 h\u1ea1t h\u01b0\u1edbng d\u01b0\u01a1ng, v.v.<\/p>    <p>L\u0129nh v\u1ef1c \u00e1p d\u1ee5ng: trang tr\u1ea1i, tr\u1ea1m ng\u0169 c\u1ed1c v\u00e0 h\u1ed9 gia \u0111\u00ecnh chuy\u00ean nghi\u1ec7p tr\u1ed3ng ng\u0169 c\u1ed1c.<\/p>    <figure class=\"wp-block-image size-full\"><img loading=\"lazy\" decoding=\"async\" width=\"720\" height=\"540\" src=\"https:\/\/taizyfarmequipment.com\/wp-content\/uploads\/2022\/04\/grains0.jpg\" alt=\"ng\u0169 c\u1ed1c\" class=\"wp-image-3321\" title=\" ng\u0169 c\u1ed1c\"\/><figcaption class=\"wp-element-caption\"> ng\u0169 c\u1ed1c<\/figcaption><\/figure>    <h2 class=\"wp-block-heading\">C\u1ea5u t\u1ea1o c\u1ee7a m\u00e1y s\u1ea5y ng\u0169 c\u1ed1c tu\u1ea7n ho\u00e0n<\/h2>    <p>M\u00e1y s\u1ea5y ng\u0169 c\u1ed1c tu\u1ea7n ho\u00e0n bao g\u1ed3m thang m\u00e1y, silo, l\u1edbp gia nhi\u1ec7t, b\u1ed9 ph\u1eadn ngu\u1ed3n nhi\u1ec7t, qu\u1ea1t, v.v.<\/p>    <figure class=\"wp-block-image size-full\"><img loading=\"lazy\" decoding=\"async\" width=\"720\" height=\"540\" src=\"https:\/\/taizyfarmequipment.com\/wp-content\/uploads\/2022\/04\/structure-of-the-circulating-grain-dryer0.jpg\" alt=\"c\u1ea5u tr\u00fac c\u1ee7a m\u00e1y s\u1ea5y ng\u0169 c\u1ed1c tu\u1ea7n ho\u00e0n\" class=\"wp-image-3322\" title=\"c\u1ea5u tr\u00fac c\u1ee7a m\u00e1y s\u1ea5y ng\u0169 c\u1ed1c tu\u1ea7n ho\u00e0n\"\/><figcaption class=\"wp-element-caption\">c\u1ea5u tr\u00fac c\u1ee7a m\u00e1y s\u1ea5y ng\u0169 c\u1ed1c tu\u1ea7n ho\u00e0n<\/figcaption><\/figure>    <h3 class=\"wp-block-heading\"><strong>Ch\u1ee9c n\u0103ng c\u1ee7a t\u1eebng b\u1ed9 ph\u1eadn c\u1ee7a m\u00e1y s\u1ea5y ng\u0169 c\u1ed1c l\u00e0 g\u00ec<\/strong>?<\/h3>    <p>1<\/p>    <p>2. Silo: Chi\u1ec1u cao c\u1ee7a silo l\u00e0 kh\u00e1c nhau \u0111\u1ed1i v\u1edbi c\u00e1c m\u1eabu kh\u00e1c nhau. M\u00f4 h\u00ecnh c\u00e0ng l\u1edbn th\u00ec chi\u1ec1u cao th\u00f9ng c\u00e0ng cao.<\/p>    <p>3. L\u1edbp gia nhi\u1ec7t: B\u00ean trong ph\u1ea7n n\u00e0y l\u00e0 l\u1edbp h\u1ed9p g\u00f3c. Kh\u00f4ng kh\u00ed n\u00f3ng \u0111i v\u00e0o l\u1edbp s\u1ea5y \u0111\u1ec3 l\u00e0m kh\u00f4 c\u00e1c h\u1ea1t \u0111i qua l\u1edbp n\u00e0y. Thi\u1ebft k\u1ebf l\u1edbp h\u1ed9p g\u00f3c c\u00f3 th\u1ec3 k\u00e9o d\u00e0i qu\u00e1 tr\u00ecnh r\u01a1i c\u1ee7a v\u1eadt li\u1ec7u, do \u0111\u00f3 c\u00f3 th\u1ec3 l\u00e0m kh\u00f4 v\u1eadt li\u1ec7u ho\u00e0n to\u00e0n. V\u00e0 kh\u00f4ng kh\u00ed n\u00f3ng c\u00f3 th\u1ec3 \u0111i qua l\u1edbp s\u01b0\u1edfi m\u1ed9t c\u00e1ch tr\u01a1n tru m\u00e0 kh\u00f4ng g\u00e2y t\u1eafc ngh\u1ebdn b\u1ee5i.<\/p>    <p>4. B\u1ed9 ph\u1eadn ngu\u1ed3n nhi\u1ec7t: B\u1ed9 ph\u1eadn n\u00e0y c\u1ee7a m\u00e1y s\u1ea5y ng\u0169 c\u1ed1c tu\u1ea7n ho\u00e0n c\u00f3 th\u1ec3 l\u00e0 b\u1ebfp l\u00f2 n\u00f3ng sinh kh\u1ed1i, b\u1ebfp diesel, l\u00f2 \u0111\u1ed1t kh\u00ed t\u1ef1 nhi\u00ean v\u00e0 l\u00f2 \u0111\u1ed1t \u0111i\u1ec7n. Kh\u00f4ng kh\u00ed n\u00f3ng \u0111\u01b0\u1ee3c t\u1ea1o ra b\u1edfi t\u1ea5t c\u1ea3 c\u00e1c ngu\u1ed3n sinh nhi\u1ec7t n\u00e0y s\u1ea1ch s\u1ebd v\u00e0 h\u1ee3p v\u1ec7 sinh.<\/p>    <p>5. Qu\u1ea1t: H\u00fat kh\u00ed n\u00f3ng ra kh\u1ecfi l\u1edbp s\u1ea5y. Qu\u1ea1t ch\u1ea5t l\u01b0\u1ee3ng cao c\u00f3 \u0111\u1ed9 b\u1ec1n cao v\u00e0 tu\u1ed5i th\u1ecd s\u1eed d\u1ee5ng l\u00e2u d\u00e0i.<\/p>    <figure class=\"wp-block-gallery has-nested-images columns-2 is-cropped wp-block-gallery-3 is-layout-flex wp-block-gallery-is-layout-flex\"> <figure class=\"wp-block-image size-large\"><img loading=\"lazy\" decoding=\"async\" width=\"750\" height=\"563\" data-id=\"3323\" src=\"https:\/\/taizyfarmequipment.com\/wp-content\/uploads\/2022\/04\/elevator-3.jpg\" alt=\"thang m\u00e1y\" class=\"wp-image-3323\" title=\"thang m\u00e1y\"\/><figcaption class=\"wp-element-caption\">thang m\u00e1y<\/figcaption><\/figure>    <figure class=\"wp-block-image size-large\"><img loading=\"lazy\" decoding=\"async\" width=\"720\" height=\"540\" data-id=\"3324\" src=\"https:\/\/taizyfarmequipment.com\/wp-content\/uploads\/2022\/04\/heating-sources0.jpg\" alt=\"ngu\u1ed3n s\u01b0\u1edfi \u1ea5m\" class=\"wp-image-3324\" title=\"ngu\u1ed3n s\u01b0\u1edfi \u1ea5m\"\/><figcaption class=\"wp-element-caption\">ngu\u1ed3n s\u01b0\u1edfi \u1ea5m<\/figcaption><\/figure>    <figure class=\"wp-block-image size-large\"><img loading=\"lazy\" decoding=\"async\" width=\"720\" height=\"540\" data-id=\"3325\" src=\"https:\/\/taizyfarmequipment.com\/wp-content\/uploads\/2022\/04\/PLC0.jpg\" alt=\"PLC\" class=\"wp-image-3325\" title=\"PLC\"\/><figcaption class=\"wp-element-caption\">PLC<\/figcaption><\/figure>    <figure class=\"wp-block-image size-large\"><img loading=\"lazy\" decoding=\"async\" width=\"720\" height=\"540\" data-id=\"3326\" src=\"https:\/\/taizyfarmequipment.com\/wp-content\/uploads\/2022\/04\/fan0.jpg\" alt=\"c\u00e1i qu\u1ea1t\" class=\"wp-image-3326\" title=\"c\u00e1i qu\u1ea1t\"\/><figcaption class=\"wp-element-caption\">c\u00e1i qu\u1ea1t<\/figcaption><\/figure> <\/figure>    <h2 class=\"wp-block-heading\"><strong>Quy tr\u00ecnh l\u00e0m vi\u1ec7c c\u1ee7a m\u00e1y s\u1ea5y th\u00e1p ng\u0169 c\u1ed1c<\/strong><\/h2>    <p>To\u00e0n b\u1ed9 m\u00e1y s\u1ea5y ng\u0169 c\u1ed1c tu\u1ea7n ho\u00e0n bao g\u1ed3m nhi\u1ec1u c\u1ea5u tr\u00fac ph\u1ee9c t\u1ea1p. N\u00f3 ch\u1ee7 y\u1ebfu bao g\u1ed3m h\u1ec7 th\u1ed1ng \u0111i\u1ec7n, h\u1ec7 th\u1ed1ng truy\u1ec1n t\u1ea3i, h\u1ec7 th\u1ed1ng \u0111i\u1ec1u khi\u1ec3n v\u00e0 h\u1ec7 th\u1ed1ng s\u1ea5y kh\u00f4.<\/p>    <p>1. \u0110\u1ea7u ti\u00ean ch\u00fang ta cho m\u1ed9t l\u01b0\u1ee3ng l\u1edbn ng\u0169 c\u1ed1c v\u00e0o khu v\u1ef1c b\u1ea3o qu\u1ea3n ng\u0169 c\u1ed1c.<\/p>    <p>2. Sau \u0111\u00f3 b\u1eadt m\u00e1y s\u1ea5y ng\u0169 c\u1ed1c tu\u1ea7n ho\u00e0n, thang m\u00e1y c\u1ee7a m\u00e1y s\u1ebd m\u00fac h\u1ea1t v\u00e0 chuy\u1ec3n v\u1ec1 silo c\u1ee7a m\u00e1y s\u1ea5y.<\/p>    <p>3. H\u1ea1t ti\u1ebfp t\u1ee5c r\u01a1i cho \u0111\u1ebfn khi ch\u1ea1m t\u1edbi l\u1edbp s\u1ea5y.<\/p>    <p>4. H\u1ea1t b\u1ecb ch\u1eb7n b\u1edfi c\u1ea5u tr\u00fac g\u00f3c tr\u00ean l\u1edbp s\u1ea5y, \u0111i\u1ec1u n\u00e0y s\u1ebd l\u00e0m gi\u1ea3m t\u1ed1c \u0111\u1ed9 r\u01a1i. \u0110\u1ed3ng th\u1eddi, kh\u00f4ng kh\u00ed n\u00f3ng l\u00e0m kh\u00f4 h\u1ea1t qua l\u1edbp n\u00e0y.<\/p>    <p>5. H\u1ea1t kh\u00f4 cu\u1ed1i c\u00f9ng \u0111\u01b0\u1ee3c th\u1ea3i ra kh\u1ecfi c\u1eeda x\u1ea3.<\/p>    <h2 class=\"wp-block-heading\">\u01afu \u0111i\u1ec3m c\u1ee7a m\u00e1y s\u1ea5y ng\u0169 c\u1ed1c th\u01b0\u01a1ng m\u1ea1i l\u00e0 g\u00ec?<\/h2>    <p>1. Qu\u00e1 tr\u00ecnh s\u1ea5y \u0111\u1ed3ng \u0111\u1ec1u, l\u01b0\u1ee3ng m\u01b0a nhanh v\u00e0 l\u01b0\u1ee3ng m\u01b0a m\u1ed7i gi\u1edd kho\u1ea3ng 1,2%, gi\u00fap r\u00fat ng\u1eafn th\u1eddi gian s\u1ea5y m\u1ed9t c\u00e1ch hi\u1ec7u qu\u1ea3 v\u00e0 gi\u1ea3m chi ph\u00ed s\u1ea5y.<\/p>    <p>2. S\u1ea5y c\u00e1c h\u1ea1t \u0111\u1ed3ng \u0111\u1ec1u c\u00f3 t\u1ed1c \u0111\u1ed9 n\u1ed5 v\u00f2ng eo th\u1ea5p, th\u1ea5p g\u1ea5p \u0111\u00f4i so v\u1edbi m\u00e1y s\u1ea5y d\u00f2ng ch\u1ea3y ngang.<\/p>    <p>3. T\u1ef7 l\u1ec7 n\u1ea3y m\u1ea7m c\u1ee7a h\u1ea1t \u0111\u01b0\u1ee3c s\u1ea5y b\u1eb1ng m\u00e1y n\u00e0y cao v\u00e0 t\u1ef7 l\u1ec7 n\u1ea3y m\u1ea7m \u0111\u01b0\u1ee3c x\u00e1c \u0111\u1ecbnh l\u00e0 86%.<\/p>    <p>4. C\u1eeda h\u00fat gi\u00f3 ki\u1ec3u h\u1ed9p g\u00f3c \u00eam \u00e1i v\u00e0 ch\u00fang ta kh\u00f4ng c\u1ea7n ph\u1ea3i v\u1ec7 sinh sau nhi\u1ec1u n\u0103m s\u1eed d\u1ee5ng.<\/p>    <p>5. G\u1ea1o kh\u00f4 c\u00f3 ch\u1ea5t l\u01b0\u1ee3ng t\u1ed1t, b\u00e1n r\u1ed9ng r\u00e3i tr\u00ean th\u1ecb tr\u01b0\u1eddng, l\u1ee3i nhu\u1eadn \u0111\u00e1ng k\u1ec3.<\/p>    <p>6. D\u1ec5 v\u1eadn h\u00e0nh. H\u1ec7 th\u1ed1ng \u0111i\u1ec1u khi\u1ec3n ho\u00e0n to\u00e0n t\u1ef1 \u0111\u1ed9ng v\u1edbi m\u00e0n h\u00ecnh c\u1ea3m \u1ee9ng, d\u1ec5 v\u1eadn h\u00e0nh, c\u00f3 th\u1ec3 t\u1ef1 \u0111\u1ed9ng x\u00e1c \u0111\u1ecbnh l\u01b0\u1ee3ng n\u01b0\u1edbc, t\u1ef1 \u0111\u1ed9ng d\u1eebng khi \u0111\u1ea1t gi\u00e1 tr\u1ecb c\u00e0i \u0111\u1eb7t.<\/p>    <p>7. L\u00e0m s\u1ea1ch th\u00e2n thi\u1ec7n v\u1edbi m\u00f4i tr\u01b0\u1eddng. \u0110\u01b0\u1ee3c trang b\u1ecb b\u1ebfp l\u00f2 n\u00f3ng th\u00e2n thi\u1ec7n v\u1edbi m\u00f4i tr\u01b0\u1eddng \u0111\u1ea3m b\u1ea3o th\u1ef1c ph\u1ea9m kh\u00f4ng b\u1ecb \u00f4 nhi\u1ec5m, kh\u00f4ng g\u00e2y ti\u1ebfng \u1ed3n v\u01b0\u1ee3t th\u1eddi gian nh\u01b0 c\u00e1c s\u1ea3n ph\u1ea9m c\u00f9ng lo\u1ea1i, \u0111\u1ed9 rung y\u1ebfu, ti\u1ebft ki\u1ec7m nhi\u00ean li\u1ec7u, gi\u00e1 th\u00e0nh r\u1ebb v\u00e0 tu\u1ed5i th\u1ecd cao.<\/p>    <figure class=\"wp-block-gallery has-nested-images columns-2 is-cropped wp-block-gallery-4 is-layout-flex wp-block-gallery-is-layout-flex\"> <figure class=\"wp-block-image size-large\"><img loading=\"lazy\" decoding=\"async\" width=\"720\" height=\"540\" data-id=\"3327\" src=\"https:\/\/taizyfarmequipment.com\/wp-content\/uploads\/2022\/04\/circulating-grain-dryer-0-1.jpg\" alt=\"m\u00e1y s\u1ea5y ng\u0169 c\u1ed1c tu\u1ea7n ho\u00e0n\" class=\"wp-image-3327\" title=\"m\u00e1y s\u1ea5y ng\u0169 c\u1ed1c tu\u1ea7n ho\u00e0n\"\/><figcaption class=\"wp-element-caption\">m\u00e1y s\u1ea5y ng\u0169 c\u1ed1c tu\u1ea7n ho\u00e0n<\/figcaption><\/figure>    <figure class=\"wp-block-image size-large\"><img loading=\"lazy\" decoding=\"async\" width=\"720\" height=\"540\" data-id=\"3328\" src=\"https:\/\/taizyfarmequipment.com\/wp-content\/uploads\/2022\/04\/circulating-grain-dryer10.jpg\" alt=\"m\u00e1y s\u1ea5y ng\u0169 c\u1ed1c h\u00e0ng lo\u1ea1t\" class=\"wp-image-3328\" title=\"m\u00e1y s\u1ea5y ng\u0169 c\u1ed1c h\u00e0ng lo\u1ea1t\"\/><figcaption class=\"wp-element-caption\">c<br>m\u00e1y s\u1ea5y ng\u0169 c\u1ed1c h\u00e0ng lo\u1ea1t<\/figcaption><\/figure>    <figure class=\"wp-block-image size-large\"><img loading=\"lazy\" decoding=\"async\" width=\"720\" height=\"540\" data-id=\"3329\" src=\"https:\/\/taizyfarmequipment.com\/wp-content\/uploads\/2022\/04\/circulating-grain-dryer-40.jpg\" alt=\"m\u00e1y s\u1ea5y ng\u0169 c\u1ed1c tu\u1ea7n ho\u00e0n\" class=\"wp-image-3329\" title=\"m\u00e1y s\u1ea5y ng\u0169 c\u1ed1c tu\u1ea7n ho\u00e0n\"\/><figcaption class=\"wp-element-caption\">m\u00e1y s\u1ea5y ng\u0169 c\u1ed1c tu\u1ea7n ho\u00e0n<\/figcaption><\/figure>    <figure class=\"wp-block-image size-large\"><img loading=\"lazy\" decoding=\"async\" width=\"720\" height=\"540\" data-id=\"3330\" src=\"https:\/\/taizyfarmequipment.com\/wp-content\/uploads\/2022\/04\/mechanical-dryer-for-rice-and-corn-0.jpg\" alt=\"m\u00e1y s\u1ea5y c\u01a1 kh\u00ed cho g\u1ea1o v\u00e0 ng\u00f4\" class=\"wp-image-3330\" title=\"m\u00e1y s\u1ea5y c\u01a1 kh\u00ed cho g\u1ea1o v\u00e0 ng\u00f4\"\/><figcaption class=\"wp-element-caption\">m\u00e1y s\u1ea5y c\u01a1 kh\u00ed cho g\u1ea1o v\u00e0 ng\u00f4<\/figcaption><\/figure> <\/figure>    <h2 class=\"wp-block-heading\">C\u00e2u h\u1ecfi th\u01b0\u1eddng g\u1eb7p<\/h2>    <p>1. T\u1ed1c \u0111\u1ed9 lo\u1ea1i b\u1ecf n\u01b0\u1edbc m\u1ed7i gi\u1edd c\u1ee7a lo\u1ea1i 1,15 l\u00e0 bao nhi\u00eau?<\/p>    <p>1-1.2%.<\/p>    <p>2. S\u1ef1 kh\u00e1c bi\u1ec7t gi\u1eefa l\u1edbp s\u1ea5y lo\u1ea1i 5H-15 v\u00e0 lo\u1ea1i 5H-32?<\/p>    <p>Chi\u1ec1u cao gi\u1ed1ng nhau, chi\u1ec1u r\u1ed9ng kh\u00e1c nhau, lo\u1ea1i 5H-32 r\u1ed9ng h\u01a1n v\u00e0 d\u00e0i h\u01a1n, d\u00e0i g\u1ea5p \u0111\u00f4i lo\u1ea1i 5H-15, lo\u1ea1i 5H-15 c\u00f3 m\u1ed9t c\u1eeda h\u00fat gi\u00f3 v\u00e0 lo\u1ea1i 5H-32 c\u00f3 hai c\u1eeda h\u00fat gi\u00f3.<\/p>    <p>3. L\u00e0m th\u1ebf n\u00e0o \u0111\u1ec3 bi\u1ebft h\u1ea1t \u0111\u00e3 \u0111\u1ea7y trong m\u00e1y s\u1ea5y?<\/p>    <p>C\u00f3 \u0111\u00e8n c\u1ea3nh b\u00e1o tr\u00ean t\u1ee7 \u0111i\u1ec1u khi\u1ec3n.<\/p>    <p>4. Nhi\u1ec7t \u0111\u1ed9 b\u00ean trong c\u1ee7a m\u00e1y s\u1ea5y ng\u0169 c\u1ed1c tu\u1ea7n ho\u00e0n l\u00e0 bao nhi\u00eau?<\/p>    <p>Nhi\u1ec7t \u0111\u1ed9 \u1edf c\u00e1c \u0111\u1ecba \u0111i\u1ec3m kh\u00e1c nhau l\u00e0 kh\u00e1c nhau, h\u1ea1t th\u01b0\u01a1ng m\u1ea1i th\u01b0\u1eddng kho\u1ea3ng 60 \u0111\u1ed9 C, v\u00e0 h\u1ea1t gi\u1ed1ng kho\u1ea3ng 40 \u0111\u1ed9 C.<\/p>    <p>5. Ch\u1ea5t li\u1ec7u c\u1ee7a thang m\u00e1y g\u1ea7u l\u00e0 g\u00ec?<\/p>    <p>V\u1ea3i nylon nguy\u00ean ch\u1ea5t.<\/p>    <p>6. T\u1ee7 \u0111i\u1ec1u khi\u1ec3n c\u00f3 th\u01b0\u01a1ng hi\u1ec7u v\u00e0 ch\u1ee9c n\u0103ng nh\u01b0 th\u1ebf n\u00e0o?<\/p>    <p>H\u1ed9p \u0111i\u1ec1u khi\u1ec3n t\u1ef1 \u0111\u1ed9ng h\u00f3a Siemens, \u0110\u1ee9c, PLC.<\/p>    <p><\/p>    <p><\/p>    <p><\/p>    <p><\/p>","protected":false},"excerpt":{"rendered":"<p>M\u00e1y s\u1ea5y h\u1ea1t c\u00f2n \u0111\u01b0\u1ee3c g\u1ecdi l\u00e0 m\u00e1y s\u1ea5y l\u01b0u th\u00f4ng nhi\u1ec7t \u0111\u1ed9 th\u1ea5p, c\u00f3 th\u1ec3 l\u00e0m kh\u00f4 c\u00e1c h\u1ea1t h\u1ea1t kh\u00e1c nhau v\u1edbi s\u1ed1 l\u01b0\u1ee3ng l\u1edbn.<\/p>","protected":false},"author":1,"featured_media":3318,"parent":0,"template":"","tags":[],"product-type":[282],"class_list":["post-3316","product","type-product","status-publish","has-post-thumbnail","hentry","product-type-grains-dryer"],"_links":{"self":[{"href":"https:\/\/taizyfarmequipment.com\/vi\/wp-json\/wp\/v2\/product\/3316","targetHints":{"allow":["GET"]}}],"collection":[{"href":"https:\/\/taizyfarmequipment.com\/vi\/wp-json\/wp\/v2\/product"}],"about":[{"href":"https:\/\/taizyfarmequipment.com\/vi\/wp-json\/wp\/v2\/types\/product"}],"author":[{"embeddable":true,"href":"https:\/\/taizyfarmequipment.com\/vi\/wp-json\/wp\/v2\/users\/1"}],"wp:featuredmedia":[{"embeddable":true,"href":"https:\/\/taizyfarmequipment.com\/vi\/wp-json\/wp\/v2\/media\/3318"}],"wp:attachment":[{"href":"https:\/\/taizyfarmequipment.com\/vi\/wp-json\/wp\/v2\/media?parent=3316"}],"wp:term":[{"taxonomy":"post_tag","embeddable":true,"href":"https:\/\/taizyfarmequipment.com\/vi\/wp-json\/wp\/v2\/tags?post=3316"},{"taxonomy":"product-type","embeddable":true,"href":"https:\/\/taizyfarmequipment.com\/vi\/wp-json\/wp\/v2\/product-type?post=3316"}],"curies":[{"name":"wp","href":"https:\/\/api.w.org\/{rel}","templated":true}]}}