{"id":3334,"date":"2022-05-05T11:34:45","date_gmt":"2022-05-05T11:34:45","guid":{"rendered":"https:\/\/taizyfarmequipment.com\/?post_type=product&#038;p=3334"},"modified":"2024-03-14T09:59:46","modified_gmt":"2024-03-14T01:59:46","slug":"may-thu-hoach-bi-ngo","status":"publish","type":"product","link":"https:\/\/taizyfarmequipment.com\/vi\/product\/pumpkin-collecting-machine\/","title":{"rendered":"M\u00e1y thu ho\u1ea1ch b\u00ed ng\u00f4, m\u00e1y thu ho\u1ea1ch d\u01b0a h\u1ea5u"},"content":{"rendered":"<div class=\"kk-star-ratings kksr-auto kksr-align-left kksr-valign-top\"     data-payload='{&quot;align&quot;:&quot;left&quot;,&quot;id&quot;:&quot;3334&quot;,&quot;slug&quot;:&quot;default&quot;,&quot;valign&quot;:&quot;top&quot;,&quot;ignore&quot;:&quot;&quot;,&quot;reference&quot;:&quot;auto&quot;,&quot;class&quot;:&quot;&quot;,&quot;count&quot;:&quot;7&quot;,&quot;legendonly&quot;:&quot;&quot;,&quot;readonly&quot;:&quot;&quot;,&quot;score&quot;:&quot;4.5&quot;,&quot;starsonly&quot;:&quot;&quot;,&quot;best&quot;:&quot;5&quot;,&quot;gap&quot;:&quot;5&quot;,&quot;greet&quot;:&quot;Rate this product&quot;,&quot;legend&quot;:&quot;4.5\\\/5 - (7 b\u00ecnh ch\u1ecdn)&quot;,&quot;size&quot;:&quot;24&quot;,&quot;title&quot;:&quot;Pumpkin collecting machine\u4e28watermelon harvest machine&quot;,&quot;width&quot;:&quot;128&quot;,&quot;_legend&quot;:&quot;{score}\\\/{best} - ({count} {votes})&quot;,&quot;font_factor&quot;:&quot;1.25&quot;}'>              <div class=\"kksr-stars\">      <div class=\"kksr-stars-inactive\">             <div class=\"kksr-star\" data-star=\"1\" style=\"padding-right: 5px\">               <div class=\"kksr-icon\" style=\"width: 24px; height: 24px;\"><\/div>         <\/div>             <div class=\"kksr-star\" data-star=\"2\" style=\"padding-right: 5px\">               <div class=\"kksr-icon\" style=\"width: 24px; height: 24px;\"><\/div>         <\/div>             <div class=\"kksr-star\" data-star=\"3\" style=\"padding-right: 5px\">               <div class=\"kksr-icon\" style=\"width: 24px; height: 24px;\"><\/div>         <\/div>             <div class=\"kksr-star\" data-star=\"4\" style=\"padding-right: 5px\">               <div class=\"kksr-icon\" style=\"width: 24px; height: 24px;\"><\/div>         <\/div>             <div class=\"kksr-star\" data-star=\"5\" style=\"padding-right: 5px\">               <div class=\"kksr-icon\" style=\"width: 24px; height: 24px;\"><\/div>         <\/div>     <\/div>      <div class=\"kksr-stars-active\" style=\"width: 128px;\">             <div class=\"kksr-star\" style=\"padding-right: 5px\">               <div class=\"kksr-icon\" style=\"width: 24px; height: 24px;\"><\/div>         <\/div>             <div class=\"kksr-star\" style=\"padding-right: 5px\">               <div class=\"kksr-icon\" style=\"width: 24px; height: 24px;\"><\/div>         <\/div>             <div class=\"kksr-star\" style=\"padding-right: 5px\">               <div class=\"kksr-icon\" style=\"width: 24px; height: 24px;\"><\/div>         <\/div>             <div class=\"kksr-star\" style=\"padding-right: 5px\">               <div class=\"kksr-icon\" style=\"width: 24px; height: 24px;\"><\/div>         <\/div>             <div class=\"kksr-star\" style=\"padding-right: 5px\">               <div class=\"kksr-icon\" style=\"width: 24px; height: 24px;\"><\/div>         <\/div>     <\/div> <\/div>                   <div class=\"kksr-legend\" style=\"font-size: 19.2px;\">             4.5\/5 - (7 l\u01b0\u1ee3t b\u00ecnh ch\u1ecdn)    <\/div>     <\/div>  <p>M\u00e1y thu th\u1eadp b\u00ed ng\u00f4 l\u00e0 thi\u1ebft b\u1ecb c\u00f3 th\u1ec3 thu th\u1eadp h\u1ea1t d\u01b0a, b\u00ed ng\u00f4, b\u1ea7u, v.v. M\u00e1y c\u00f3 th\u1ec3 th\u1ef1c hi\u1ec7n nhi\u1ec1u thao t\u00e1c nh\u01b0 b\u1ebb d\u00e2y leo, thu th\u1eadp v\u00e0 t\u1ea1o th\u00e0nh d\u1ea3i. V\u00e0 tr\u1edf l\u1ea1i d\u00f2ng c\u00f9ng m\u1ed9t l\u00fac. M\u00e1y ph\u00f9 h\u1ee3p \u0111\u1ec3 thu h\u00e1i hi\u1ec7u qu\u1ea3 s\u1ed1 l\u01b0\u1ee3ng l\u1edbn b\u00ed ng\u00f4, d\u01b0a h\u1ea1t, b\u1ea7u, v.v. tr\u00ean \u0111\u1ed3ng ru\u1ed9ng. Ngo\u00e0i ra, m\u00e1y thu gom b\u00ed ng\u00f4 n\u00e0y c\u00f2n ch\u1eafc ch\u1eafn v\u00e0 b\u1ec1n b\u1ec9, d\u1ec5 v\u1eadn h\u00e0nh, hi\u1ec7u qu\u1ea3 l\u00e0m vi\u1ec7c cao v\u00e0 c\u00f3 th\u1ec3 ti\u1ebft ki\u1ec7m r\u1ea5t nhi\u1ec1u nh\u00e2n l\u1ef1c.<\/p>    <h2 class=\"wp-block-heading\" id=\"h-introduction-of-pumpkin-collecting-machine\">Gi\u1edbi thi\u1ec7u m\u00e1y thu th\u1eadp b\u00ed ng\u00f4<\/h2>    <p class=\"translation-block\"><br>M\u00e1y thu ho\u1ea1ch b\u00ed ng\u00f4 do ch\u00fang t\u00f4i s\u1ea3n xu\u1ea5t ho\u1ea1t \u0111\u1ed9ng k\u1ebft h\u1ee3p v\u1edbi m\u00e1y k\u00e9o th\u00f4ng qua PTO. M\u00e1y k\u00e9o \u0111i\u1ec1u khi\u1ec3n m\u00e1y l\u00e0m vi\u1ec7c. Khi m\u00e1y v\u1eadn h\u00e0nh, n\u00f3 cu\u1ed9n d\u00e2y leo trong khi x\u1ebfp h\u00e0ng qu\u1ea3. V\u00ec v\u1eady, con ng\u01b0\u1eddi c\u00f3 th\u1ec3 x\u1eed l\u00fd b\u00ed ng\u00f4 thu\u1eadn ti\u1ec7n h\u01a1n. M\u00e1y c\u00f3 n\u0103ng su\u1ea5t l\u1edbn v\u00e0 ph\u1ea1m vi thu ho\u1ea1ch r\u1ed9ng. Do \u0111\u00f3, \u0111\u00e2y l\u00e0 thi\u1ebft b\u1ecb l\u00fd t\u01b0\u1edfng cho vi\u1ec7c thu ho\u1ea1ch b\u00ed ng\u00f4, d\u01b0a h\u1ea1t quy m\u00f4 l\u1edbn, v.v. Ngo\u00e0i ra, ch\u00fang t\u00f4i c\u0169ng c\u00f3 m\u1ed9t <a href=\"https:\/\/taizyfarmequipment.com\/vi\/san-pham\/may-chiet-hat-bi-ngo\/\">m\u00e1y t\u00e1ch h\u1ea1t b\u00ed ng\u00f4<\/a>, c\u00f3 th\u1ec3 nhanh ch\u00f3ng lo\u1ea1i b\u1ecf h\u1ea1t t\u1eeb b\u00ed ng\u00f4, d\u01b0a h\u1ea1t, v.v.<\/p>    <h2 class=\"wp-block-heading\">C\u1ea5u t\u1ea1o c\u1ee7a m\u00e1y g\u1eb7t d\u01b0a h\u1ea5u<\/h2>    <p class=\"translation-block\"><br>M\u00e1y <a href=\"https:\/\/www.agriculture-machine.com\/watermelon-and-pumpkin-harvester-machine\/\" target=\"_blank\" rel=\"noopener\">thu ho\u1ea1ch d\u01b0a h\u1ea5u<\/a> n\u00e0y ch\u1ee7 y\u1ebfu bao g\u1ed3m khung, b\u00e1nh xe thu ho\u1ea1ch, tr\u1ee5c lo\u1ea1i b\u1ecf d\u00e2y leo, b\u00e1nh xe \u0111\u1ee1, h\u1ed9p s\u1ed1, h\u1ec7 th\u1ed1ng truy\u1ec1n \u0111\u1ed9ng, \u0111\u01b0\u1eddng th\u1ee7y l\u1ef1c v\u00e0 c\u00e1c th\u00e0nh ph\u1ea7n kh\u00e1c.<\/p>    <p><\/p>    <h2 class=\"wp-block-heading\">C\u00e1c th\u00f4ng s\u1ed1 c\u1ee7a m\u00e1y g\u1eb7t d\u01b0a h\u1ea1t gi\u1ed1ng<\/h2>    <p><br>Khung s\u1eed d\u1ee5ng khung k\u1ebft h\u1ee3p \u1ed1ng vu\u00f4ng; to\u00e0n b\u1ed9 h\u1ed9p s\u1ed1 ph\u00e2n ph\u1ed1i s\u1ee9c m\u1ea1nh; k\u1ebft c\u1ea5u b\u00e1nh xe thanh \u0111\u00f4i; C\u00e1c th\u00f4ng s\u1ed1 k\u1ef9 thu\u1eadt ch\u00ednh nh\u01b0 sau:<\/p>    <figure class=\"wp-block-table\"><table><tbody><tr><td>Chi\u1ec1u r\u1ed9ng l\u00e0m vi\u1ec7c (cm)<\/td><td>C\u1ea5u tr\u00fac th\u1ea7n th\u00e1nh<\/td><td>\u0110\u1eb7t d\u1ea1ng thanh<\/td><td>\u0110\u01b0\u1eddng k\u00ednh xo\u1eafn \u1ed1c(cm)<\/td><td>T\u1ed1c \u0111\u1ed9 l\u00e0m vi\u1ec7c\uff08Km\/h\uff09<\/td><td>C\u00f4ng su\u1ea5t(kW)<\/td><td>Tr\u1ecdng l\u01b0\u1ee3ng (kg)<\/td><\/tr><tr><td>1200+1050<\/td><td>B\u00faa d\u1ea3i cao su \u0111\u00f4i<\/td><td>chu\u1ed7i xo\u1eafn k\u00e9p<\/td><td>50<\/td><td>\u22655&nbsp;<\/td><td>22\uff5e44<\/td><td>518<\/td><\/tr><\/tbody><\/table><figcaption class=\"wp-element-caption\">Watermelon Harvestester tham s\u1ed1<\/figcaption><\/figure>    <h2 class=\"wp-block-heading\"> Nguy\u00ean l\u00fd ho\u1ea1t \u0111\u1ed9ng c\u1ee7a m\u00e1y thu ho\u1ea1ch b\u00ed ng\u00f4<\/h2>    <ol class=\"wp-block-list\"> <li>Kh\u1edfi \u0111\u1ed9ng m\u00e1y k\u00e9o, m\u00e1y k\u00e9o s\u1ebd ph\u00e2n ph\u1ed1i c\u00f4ng su\u1ea5t t\u1edbi t\u1eebng h\u1ec7 th\u1ed1ng tr\u1ee5c t\u1eebng b\u01b0\u1edbc v\u00e0 li\u00ean t\u1ee5c. V\u00e0 vi\u1ec7c th\u1ef1c hi\u1ec7n s\u1ebd lu\u00e2n chuy\u1ec3n t\u01b0\u01a1ng \u1ee9ng.<\/li>    <li>D\u01b0\u1edbi t\u00e1c \u0111\u1ed9ng c\u1ee7a li\u00ean k\u1ebft b\u1ed1n thanh v\u00e0 xi lanh th\u1ee7y l\u1ef1c, xi lanh v\u00edt d\u1ee5ng c\u1ee5 duy tr\u00ec v\u1ecb tr\u00ed t\u01b0\u01a1ng \u0111\u1ed1i v\u1edbi m\u1eb7t \u0111\u1ea5t;<\/li>    <li>Khi m\u00e1y di chuy\u1ec3n v\u1ec1 ph\u00eda tr\u01b0\u1edbc, m\u1ed9t nh\u00f3m xi lanh tr\u1ee5c v\u00edt quay t\u01b0\u01a1ng \u0111\u1ed1i s\u1ebd v\u1eadn chuy\u1ec3n d\u01b0a gi\u1ed1ng sang hai b\u00ean c\u1ee7a m\u00e1y;<\/li>    <li>D\u01b0\u1edbi t\u00e1c \u0111\u1ed9ng c\u1ee7a xi lanh xo\u1eafn \u1ed1c v\u00e0 tr\u1ee5c lo\u1ea1i b\u1ecf d\u00e2y leo. M\u00e1y t\u00e1ch v\u00e0 c\u1eaft d\u00e2y leo, c\u00e0nh c\u1ecf d\u1ea1i;<\/li>    <li>Xy lanh d\u1ea7u s\u1ebd n\u00e2ng m\u00e1y k\u00e9o l\u00ean khi n\u00f3 quay v\u00f2ng;<\/li>    <li>Qua hai chu k\u1ef3 v\u1eadn h\u00e0nh, d\u01b0a gi\u1ed1ng chuy\u1ec3n sang hai b\u00ean \u0111\u01b0\u1ee3c thu gom th\u00e0nh h\u00e0ng;<\/li>    <li>Theo thao t\u00e1c tr\u00ean, n\u00f3 ho\u00e0n th\u00e0nh c\u00e1c thao t\u00e1c lo\u1ea1i b\u1ecf d\u00e2y leo, v\u1eadn chuy\u1ec3n, t\u1ea1o th\u00e0nh d\u1ea3i v\u00e0 thu th\u1eadp h\u1ea1t d\u01b0a.<\/li> <\/ol>    <h2 class=\"wp-block-heading\">Nh\u1eefng l\u1ee3i th\u1ebf c\u1ee7a m\u1ed9t nh\u00e0 s\u01b0u t\u1eadp b\u00ed ng\u00f4 l\u00e0 g\u00ec?<\/h2>    <ol class=\"wp-block-list\"> <li>Ch\u00fang t\u00f4i s\u1eed d\u1ee5ng th\u00e9p ch\u1ea5t l\u01b0\u1ee3ng cao \u0111\u1ec3 h\u00e0n b\u1ed9 thu b\u00ed ng\u00f4. V\u00ec v\u1eady m\u00e1y c\u00f3 k\u1ebft c\u1ea5u h\u1ee3p l\u00fd, ch\u1eafc ch\u1eafn v\u00e0 b\u1ec1n b\u1ec9.<\/li>    <li>H\u00ecnh tr\u1ee5 xo\u1eafn \u1ed1c \u0111\u1ed9c \u0111\u00e1o gi\u00fap d\u1ec5 d\u00e0ng lo\u1ea1i b\u1ecf c\u00e1c lo\u1ea1i c\u00e2y nh\u01b0 d\u00e2y leo v\u00e0 c\u1ecf d\u1ea1i, hi\u1ec7u qu\u1ea3 c\u00f4ng vi\u1ec7c cao.<\/li>    <li>Ngo\u00e0i ra, ch\u00fang t\u00f4i s\u1eed d\u1ee5ng khu\u00f4n \u0111\u1eb7c bi\u1ec7t \u0111\u1ec3 \u0111\u00f3ng d\u1ea5u c\u00e1c b\u1ed9 ph\u1eadn kim lo\u1ea1i t\u1ea5m. V\u00e0 ch\u00fang t\u00f4i \u00e1p d\u1ee5ng c\u1ea5u tr\u00fac h\u00ecnh v\u00f2ng cung v\u00e0 h\u00ecnh \u00e1p su\u1ea5t, c\u00f3 \u0111\u1eb7c t\u00ednh ch\u1eafc ch\u1eafn v\u00e0 kh\u00e9o l\u00e9o.<\/li>    <li>S\u1eed d\u1ee5ng th\u00e9p ch\u1ea5t l\u01b0\u1ee3ng cao \u0111\u1ec3 l\u00e0m h\u1ec7 th\u1ed1ng tr\u1ee5c. V\u00e0 x\u1eed l\u00fd ch\u00fang m\u1ed9t c\u00e1ch tr\u1ecdn v\u1eb9n sau khi l\u1eafp r\u00e1p v\u00e0 h\u00e0n v\u1edbi \u0111\u1ed9 ch\u00ednh x\u00e1c cao.<\/li>    <li>S\u1eed d\u1ee5ng v\u00f2ng bi ch\u1ea5t l\u01b0\u1ee3ng cao v\u00e0 c\u00e1c b\u1ed9 ph\u1eadn ti\u00eau chu\u1ea9n \u0111\u1ec3 \u0111\u1ea3m b\u1ea3o \u0111\u1ed9 tin c\u1eady c\u1ee7a to\u00e0n b\u1ed9 m\u00e1y.<\/li>    <li>C\u00e1c b\u1ed9 ph\u1eadn v\u00e0 th\u00e0nh ph\u1ea7n c\u1ee7a c\u00f9ng m\u1ed9t m\u1eabu m\u00e3 v\u00e0 ch\u1ee7ng lo\u1ea1i c\u00f3 th\u1ec3 ho\u00e1n \u0111\u1ed5i cho nhau v\u00e0 d\u1ec5 d\u00e0ng thay th\u1ebf.<\/li>    <li>N\u00f3 \u00e1p d\u1ee5ng ph\u01b0\u01a1ng th\u1ee9c k\u1ebft n\u1ed1i linh ho\u1ea1t v\u1edbi b\u1ed9 ph\u1eadn ngu\u1ed3n, c\u00f3 kh\u1ea3 n\u0103ng th\u00edch \u1ee9ng t\u1ed1t h\u01a1n v\u1edbi m\u1eb7t \u0111\u1ea5t.<\/li>    <li>C\u1ea5u tr\u00fac b\u00e1nh xe h\u1ed7 tr\u1ee3 ph\u00eda sau \u0111\u1eb7c bi\u1ec7t d\u1ec5 s\u1eed d\u1ee5ng v\u00e0 \u0111i l\u1ea1i nh\u1eb9 nh\u00e0ng.<\/li> <\/ol>    <h2 class=\"wp-block-heading\">Nh\u1eefng l\u01b0u \u00fd khi s\u1eed d\u1ee5ng v\u00e0 v\u1eadn h\u00e0nh m\u00e1y thu th\u1eadp b\u00ed ng\u00f4<\/h2>    <ol class=\"wp-block-list\"> <li>T\u1ed1c \u0111\u1ed9 c\u00f3 th\u1ec3 \u1ea3nh h\u01b0\u1edfng \u0111\u00e1ng k\u1ec3 \u0111\u1ebfn ch\u1ea5t l\u01b0\u1ee3ng h\u1ea1t gi\u1ed1ng, h\u00e3y v\u1eadn h\u00e0nh \u1edf t\u1ed1c \u0111\u1ed9 t\u1eeb 2 km\/h \u0111\u1ebfn 5 km\/h.<\/li>    <li>N\u1ebfu v\u1ec7 sinh ho\u1eb7c b\u1ea3o tr\u00ec n\u00f4ng c\u1ee5, m\u00e1y k\u00e9o ph\u1ea3i \u0111\u01b0\u1ee3c t\u1eaft v\u00e0 tr\u1ee5c truy\u1ec1n \u0111\u1ed9ng d\u1eebng ho\u00e0n to\u00e0n tr\u01b0\u1edbc khi ti\u1ebfp t\u1ee5c.<\/li>    <li>Lu\u00f4n ch\u00fa \u00fd \u0111\u1ebfn \u0111i\u1ec1u ki\u1ec7n l\u00e0m vi\u1ec7c khi h\u1ec7 th\u1ed1ng n\u00e2ng th\u1ee7y l\u1ef1c c\u1ee7a m\u00e1y k\u00e9o \u0111\u01b0\u1ee3c h\u1ea1 xu\u1ed1ng \u0111i\u1ec3m th\u1ea5p nh\u1ea5t, n\u1ebfu kh\u00f4ng n\u00f4ng c\u1ee5 c\u00f3 th\u1ec3 b\u1ecb treo v\u00e0 hi\u1ec7u su\u1ea5t c\u1ee7a n\u00f4ng c\u1ee5 s\u1ebd b\u1ecb gi\u1ea3m;<\/li>    <li>N\u1ebfu m\u1eb7t \u0111\u1ea5t kh\u00f4ng b\u1eb1ng ph\u1eb3ng ho\u1eb7c qu\u00e1 d\u00ednh, h\u00e3y gi\u1ea3m \u00e1p su\u1ea5t l\u1ed1p c\u1ee7a m\u00e1y k\u00e9o m\u1ed9t c\u00e1ch th\u00edch h\u1ee3p \u0111\u1ec3 c\u1ea3i thi\u1ec7n \u0111\u1ed9 \u1ed5n \u0111\u1ecbnh khi v\u1eadn h\u00e0nh.<\/li>    <li>N\u1ebfu b\u1ec1 m\u1eb7t c\u00f3 nhi\u1ec1u m\u1ea3nh v\u1ee5n ho\u1eb7c th\u00e2n r\u1ec5, h\u00e3y lu\u00f4n ch\u00fa \u00fd v\u1ec7 sinh \u0111\u1ec3 tr\u00e1nh ch\u00fang v\u01b0\u1edbng v\u00e0o.<\/li>    <li>Th\u01b0\u1eddng xuy\u00ean v\u1ec7 sinh c\u00e1c v\u01b0\u1edbng v\u00edu c\u1ee7a t\u1eebng tr\u1ee5c c\u1ee7a m\u00e1y \u0111\u1ec3 tr\u00e1nh b\u1ecb t\u1eafc ngh\u1ebdn, kh\u00f4ng \u1ea3nh h\u01b0\u1edfng \u0111\u1ebfn hi\u1ec7u qu\u1ea3 s\u1eed d\u1ee5ng;<\/li>    <li>Kh\u00f4ng sao l\u01b0u khi m\u00e1y b\u1ecb r\u01a1i xu\u1ed1ng \u0111\u1ea5t, c\u00f3 th\u1ec3 g\u00e2y h\u01b0 h\u1ecfng m\u00e1y.<\/li>    <li>Sau khi l\u00f9i xe, h\u00e3y xu\u1ed1ng xe ngay l\u1eadp t\u1ee9c v\u00e0 ki\u1ec3m tra t\u1ea5t c\u1ea3 c\u00e1c b\u1ed9 ph\u1eadn c\u1ee7a m\u00e1y thu th\u1eadp b\u00ed ng\u00f4.<\/li>    <li>Khi quay, n\u00f4ng c\u1ee5 ph\u1ea3i \u0111\u01b0\u1ee3c treo.<\/li>    <li>Trong qu\u00e1 tr\u00ecnh v\u1eadn h\u00e0nh ho\u1eb7c v\u1eadn chuy\u1ec3n, n\u1ebfu c\u00f3 ti\u1ebfng k\u00eau b\u1ea5t th\u01b0\u1eddng, n\u00e9m \u0111\u00e1, n\u00e9m \u0111\u1ea5t\u2026 h\u00e3y d\u1eebng ngay v\u00e0 t\u00ecm hi\u1ec3u nguy\u00ean nh\u00e2n.<\/li> <\/ol>","protected":false},"excerpt":{"rendered":"<p>M\u00e1y thu th\u1eadp b\u00ed ng\u00f4 l\u00e0 thi\u1ebft b\u1ecb c\u00f3 th\u1ec3 thu th\u1eadp d\u01b0a h\u1ea1t, b\u00ed ng\u00f4, b\u1ea7u, v.v ... M\u00e1y c\u00f3 th\u1ec3 ho\u00e0n th\u00e0nh nhi\u1ec1u ho\u1ea1t \u0111\u1ed9ng nh\u01b0 ph\u00e1 v\u1ee1 d\u00e2y leo, thu th\u1eadp v\u00e0 h\u00ecnh th\u00e0nh d\u1ea3i.<\/p>","protected":false},"author":1,"featured_media":4037,"parent":0,"template":"","tags":[],"product-type":[128],"class_list":["post-3334","product","type-product","status-publish","has-post-thumbnail","hentry","product-type-harvester"],"_links":{"self":[{"href":"https:\/\/taizyfarmequipment.com\/vi\/wp-json\/wp\/v2\/product\/3334","targetHints":{"allow":["GET"]}}],"collection":[{"href":"https:\/\/taizyfarmequipment.com\/vi\/wp-json\/wp\/v2\/product"}],"about":[{"href":"https:\/\/taizyfarmequipment.com\/vi\/wp-json\/wp\/v2\/types\/product"}],"author":[{"embeddable":true,"href":"https:\/\/taizyfarmequipment.com\/vi\/wp-json\/wp\/v2\/users\/1"}],"wp:featuredmedia":[{"embeddable":true,"href":"https:\/\/taizyfarmequipment.com\/vi\/wp-json\/wp\/v2\/media\/4037"}],"wp:attachment":[{"href":"https:\/\/taizyfarmequipment.com\/vi\/wp-json\/wp\/v2\/media?parent=3334"}],"wp:term":[{"taxonomy":"post_tag","embeddable":true,"href":"https:\/\/taizyfarmequipment.com\/vi\/wp-json\/wp\/v2\/tags?post=3334"},{"taxonomy":"product-type","embeddable":true,"href":"https:\/\/taizyfarmequipment.com\/vi\/wp-json\/wp\/v2\/product-type?post=3334"}],"curies":[{"name":"wp","href":"https:\/\/api.w.org\/{rel}","templated":true}]}}