{"id":3359,"date":"2022-05-09T10:07:18","date_gmt":"2022-05-09T10:07:18","guid":{"rendered":"https:\/\/taizyfarmequipment.com\/?post_type=product&#038;p=3359"},"modified":"2022-11-10T17:45:12","modified_gmt":"2022-11-10T09:45:12","slug":"may-cat-rom-va-may-xay-ngu-coc-ket-hop","status":"publish","type":"product","link":"https:\/\/taizyfarmequipment.com\/vi\/product\/combined-straw-cutter-and-grain-grinder\/","title":{"rendered":"M\u00e1y c\u1eaft r\u01a1m v\u00e0 m\u00e1y xay ng\u0169 c\u1ed1c k\u1ebft h\u1ee3p"},"content":{"rendered":"<div class=\"kk-star-ratings kksr-auto kksr-align-left kksr-valign-top\"     data-payload='{&quot;align&quot;:&quot;left&quot;,&quot;id&quot;:&quot;3359&quot;,&quot;slug&quot;:&quot;default&quot;,&quot;valign&quot;:&quot;top&quot;,&quot;ignore&quot;:&quot;&quot;,&quot;reference&quot;:&quot;auto&quot;,&quot;class&quot;:&quot;&quot;,&quot;count&quot;:&quot;7&quot;,&quot;legendonly&quot;:&quot;&quot;,&quot;readonly&quot;:&quot;&quot;,&quot;score&quot;:&quot;4.8&quot;,&quot;starsonly&quot;:&quot;&quot;,&quot;best&quot;:&quot;5&quot;,&quot;gap&quot;:&quot;5&quot;,&quot;greet&quot;:&quot;Rate this product&quot;,&quot;legend&quot;:&quot;4.8\\\/5 - (7 b\u00ecnh ch\u1ecdn)&quot;,&quot;size&quot;:&quot;24&quot;,&quot;title&quot;:&quot;Combined straw cutter and grain grinder&quot;,&quot;width&quot;:&quot;136.7&quot;,&quot;_legend&quot;:&quot;{score}\\\/{best} - ({count} {votes})&quot;,&quot;font_factor&quot;:&quot;1.25&quot;}'>              <div class=\"kksr-stars\">      <div class=\"kksr-stars-inactive\">             <div class=\"kksr-star\" data-star=\"1\" style=\"padding-right: 5px\">               <div class=\"kksr-icon\" style=\"width: 24px; height: 24px;\"><\/div>         <\/div>             <div class=\"kksr-star\" data-star=\"2\" style=\"padding-right: 5px\">               <div class=\"kksr-icon\" style=\"width: 24px; height: 24px;\"><\/div>         <\/div>             <div class=\"kksr-star\" data-star=\"3\" style=\"padding-right: 5px\">               <div class=\"kksr-icon\" style=\"width: 24px; height: 24px;\"><\/div>         <\/div>             <div class=\"kksr-star\" data-star=\"4\" style=\"padding-right: 5px\">               <div class=\"kksr-icon\" style=\"width: 24px; height: 24px;\"><\/div>         <\/div>             <div class=\"kksr-star\" data-star=\"5\" style=\"padding-right: 5px\">               <div class=\"kksr-icon\" style=\"width: 24px; height: 24px;\"><\/div>         <\/div>     <\/div>      <div class=\"kksr-stars-active\" style=\"width: 136.7px;\">             <div class=\"kksr-star\" style=\"padding-right: 5px\">               <div class=\"kksr-icon\" style=\"width: 24px; height: 24px;\"><\/div>         <\/div>             <div class=\"kksr-star\" style=\"padding-right: 5px\">               <div class=\"kksr-icon\" style=\"width: 24px; height: 24px;\"><\/div>         <\/div>             <div class=\"kksr-star\" style=\"padding-right: 5px\">               <div class=\"kksr-icon\" style=\"width: 24px; height: 24px;\"><\/div>         <\/div>             <div class=\"kksr-star\" style=\"padding-right: 5px\">               <div class=\"kksr-icon\" style=\"width: 24px; height: 24px;\"><\/div>         <\/div>             <div class=\"kksr-star\" style=\"padding-right: 5px\">               <div class=\"kksr-icon\" style=\"width: 24px; height: 24px;\"><\/div>         <\/div>     <\/div> <\/div>                   <div class=\"kksr-legend\" style=\"font-size: 19.2px;\">             4.8\/5 - (7 b\u00ecnh ch\u1ecdn)    <\/div>     <\/div>  <p>M\u00e1y c\u1eaft r\u01a1m v\u00e0 xay ng\u0169 c\u1ed1c k\u1ebft h\u1ee3p l\u00e0 lo\u1ea1i m\u00e1y n\u00f4ng nghi\u1ec7p \u0111a n\u0103ng. N\u00f3 l\u00e0 m\u1ed9t chi\u1ebfc m\u00e1y \u0111a n\u0103ng c\u00f3 th\u1ec3 th\u1ef1c hi\u1ec7n ba ch\u1ee9c n\u0103ng: c\u1eaft r\u01a1m, b\u0103m nh\u1ecf v\u00e0 nghi\u1ec1n ng\u0169 c\u1ed1c. V\u00ec v\u1eady, n\u00f4ng d\u00e2n c\u00f3 th\u1ec3 s\u1eed d\u1ee5ng m\u1ed9t chi\u1ebfc m\u00e1y \u0111\u1ec3 gi\u1ea3i quy\u1ebft nhu c\u1ea7u th\u1ee9c \u0103n trong qu\u00e1 tr\u00ecnh canh t\u00e1c. Hi\u1ec7n nay tr\u00ean th\u1ecb tr\u01b0\u1eddng c\u00f3 r\u1ea5t nhi\u1ec1u lo\u1ea1i m\u00e1y c\u1eaft, m\u00e0i tr\u1ea5u v\u00e0 ch\u00fang t\u00f4i c\u0169ng c\u00f3 nh\u1eefng lo\u1ea1i m\u00e1y n\u00e0y. V\u00e0 sau khi kh\u00f4ng ng\u1eebng nghi\u00ean c\u1ee9u, ch\u00fang t\u00f4i \u0111\u00e3 cho ra \u0111\u1eddi m\u1ed9t chi\u1ebfc m\u00e1y k\u1ebft h\u1ee3p ba ch\u1ee9c n\u0103ng th\u00e0nh m\u1ed9t. N\u00f3 l\u00e0 m\u1ed9t tr\u1ee3 th\u1ee7 \u0111\u1eafc l\u1ef1c cho n\u00f4ng d\u00e2n l\u00e0m th\u1ee9c \u0103n ch\u0103n nu\u00f4i.<\/p>    <h2 class=\"wp-block-heading\">Gi\u1edbi thi\u1ec7u m\u00e1y c\u1eaft r\u01a1m v\u00e0 m\u00e1y xay ng\u0169 c\u1ed1c k\u1ebft h\u1ee3p<\/h2>    <p class=\"translation-block\">M\u00e1y <a href=\"https:\/\/www.agriculture-machine.com\/combined-chaff-cutter-and-grinder-straw-cutter-and-grain-grinder\/\" target=\"_blank\" rel=\"noopener\">c\u1eaft r\u01a1m v\u00e0 nghi\u1ec1n ng\u0169 c\u1ed1c<\/a> c\u1ee7a ch\u00fang t\u00f4i c\u00f3 th\u1ec3 \u0111\u01b0\u1ee3c trang b\u1ecb hai lo\u1ea1i ngu\u1ed3n \u0111i\u1ec7n: \u0111\u1ed9ng c\u01a1 \u0111i\u1ec7n v\u00e0 \u0111\u1ed9ng c\u01a1 diesel. Kh\u00e1ch h\u00e0ng c\u00f3 th\u1ec3 l\u1ef1a ch\u1ecdn theo nhu c\u1ea7u. M\u00e1y c\u00f3 th\u1ec3 x\u1eed l\u00fd t\u1ea5t c\u1ea3 c\u00e1c lo\u1ea1i th\u1ee9c \u0103n xanh, ch\u1eb3ng h\u1ea1n nh\u01b0 r\u01a1m, c\u1ecf, r\u01a1m l\u00faa v\u00e0 r\u01a1m l\u00faa m\u00ec, \u0111\u1ed3ng th\u1eddi c\u00f3 th\u1ec3 nghi\u1ec1n t\u1ea5t c\u1ea3 c\u00e1c lo\u1ea1i h\u1ea1t. Th\u1ee9c \u0103n v\u00e0 h\u1ea1t \u0111\u00e3 qua x\u1eed l\u00fd c\u00f3 th\u1ec3 \u0111\u01b0\u1ee3c s\u1eed d\u1ee5ng l\u00e0m th\u1ee9c \u0103n cho gia s\u00fac ho\u1eb7c l\u01b0u tr\u1eef. B\u1ed9 c\u1eaft guillotine v\u00e0 m\u00e1y nghi\u1ec1n d\u1ec5 s\u1eed d\u1ee5ng, hi\u1ec7u qu\u1ea3 cao v\u00e0 \u0111a ch\u1ee9c n\u0103ng, \u0111\u01b0\u1ee3c ng\u01b0\u1eddi d\u00f9ng trong v\u00e0 ngo\u00e0i n\u01b0\u1edbc \u01b0a chu\u1ed9ng. Ngo\u00e0i ra, ch\u00fang t\u00f4i c\u00f2n c\u00f3 <a href=\"https:\/\/taizyfarmequipment.com\/vi\/san-pham\/may-bam-co\/\">m\u00e1y c\u1eaft c\u1ecf<\/a>, <a href=\"https:\/\/taizyfarmequipment.com\/vi\/san-pham\/may-dong-kien-tron-u-chua\/\">m\u00e1y cu\u1ed9n \u1ee7 th\u1ee9c \u0103n ch\u0103n nu\u00f4i<\/a>, <a href=\"https:\/\/taizyfarmequipment.com\/vi\/san-pham\/may-nghien-bua\/\">m\u00e1y nghi\u1ec1n h\u1ea1t<\/a>, v.v.<\/p>    <figure class=\"wp-block-gallery has-nested-images columns-default is-cropped wp-block-gallery-2 is-layout-flex wp-block-gallery-is-layout-flex\"> <figure class=\"wp-block-image size-large\"><img loading=\"lazy\" decoding=\"async\" width=\"720\" height=\"540\" data-id=\"3364\" src=\"https:\/\/taizyfarmequipment.com\/wp-content\/uploads\/2022\/05\/chaff-cutter-and-grain-grinder.jpg\" alt=\"m\u00e1y c\u1eaft v\u00e0 xay ng\u0169 c\u1ed1c\" class=\"wp-image-3364\" title=\"m\u00e1y c\u1eaft v\u00e0 xay ng\u0169 c\u1ed1c\"\/><figcaption class=\"wp-element-caption\">m\u00e1y c\u1eaft v\u00e0 xay ng\u0169 c\u1ed1c<\/figcaption><\/figure>    <figure class=\"wp-block-image size-large\"><img loading=\"lazy\" decoding=\"async\" width=\"720\" height=\"540\" data-id=\"3365\" src=\"https:\/\/taizyfarmequipment.com\/wp-content\/uploads\/2022\/05\/straw-cutter-1.jpg\" alt=\"m\u00e1y c\u1eaft r\u01a1m\" class=\"wp-image-3365\" title=\"m\u00e1y c\u1eaft r\u01a1m\"\/><figcaption class=\"wp-element-caption\">m\u00e1y c\u1eaft r\u01a1m<\/figcaption><\/figure> <\/figure>    <h2 class=\"wp-block-heading\" id=\"h-the-scope-of-application-of-the-combined-chaff-cutter\">Ph\u1ea1m vi \u1ee9ng d\u1ee5ng c\u1ee7a m\u00e1y c\u1eaft chaff k\u1ebft h\u1ee3p<\/h2>    <p>M\u00e1y c\u1eaft r\u01a1m v\u00e0 m\u00e1y xay ng\u0169 c\u1ed1c k\u1ebft h\u1ee3p c\u00f3 th\u1ec3 x\u1eed l\u00fd c\u1ecf \u01b0\u1edbt v\u00e0 r\u01a1m r\u1ea1, ch\u1eb3ng h\u1ea1n nh\u01b0 th\u00e2n c\u00e2y ng\u00f4, th\u00e2n c\u00e2y l\u00faa m\u00ec, d\u00e2y khoai lang, v.v. Ng\u0169 c\u1ed1c, ch\u1eb3ng h\u1ea1n nh\u01b0 ng\u00f4, l\u00faa m\u00ec, v.v., l\u00f5i ng\u00f4 v\u00e0 v\u1ecf \u0111\u1eadu ph\u1ed9ng c\u0169ng c\u00f3 th\u1ec3 \u0111\u01b0\u1ee3c nghi\u1ec1n n\u00e1t b\u1eb1ng c\u00e1i m\u00e1y n\u00e0y.<\/p>    <p>C\u00e1c nguy\u00ean li\u1ec7u th\u00f4 \u0111\u00e3 qua ch\u1ebf bi\u1ebfn c\u00f3 th\u1ec3 \u0111\u01b0\u1ee3c s\u1eed d\u1ee5ng \u0111\u1ec3 ch\u0103n nu\u00f4i ng\u1ef1a, gia s\u00fac, c\u1eebu, v\u1ecbt, g\u00e0, l\u1ee3n, th\u1ecf, v.v.<\/p>    <figure class=\"wp-block-gallery has-nested-images columns-default is-cropped wp-block-gallery-3 is-layout-flex wp-block-gallery-is-layout-flex\"> <figure class=\"wp-block-image size-large\"><img loading=\"lazy\" decoding=\"async\" width=\"720\" height=\"540\" data-id=\"3361\" src=\"https:\/\/taizyfarmequipment.com\/wp-content\/uploads\/2022\/05\/raw-material-2.jpg\" alt=\"r\u00ecnh r\u1eadp\" class=\"wp-image-3361\" title=\"r\u00ecnh r\u1eadp \"\/><figcaption class=\"wp-element-caption\">r\u00ecnh r\u1eadp<\/figcaption><\/figure>    <figure class=\"wp-block-image size-large\"><img loading=\"lazy\" decoding=\"async\" width=\"720\" height=\"540\" data-id=\"3362\" src=\"https:\/\/taizyfarmequipment.com\/wp-content\/uploads\/2022\/05\/raw-material-1.jpg\" alt=\"ng\u0169 c\u1ed1c\" class=\"wp-image-3362\" title=\"ng\u0169 c\u1ed1c\"\/><figcaption class=\"wp-element-caption\">ng\u0169 c\u1ed1c<\/figcaption><\/figure> <\/figure>    <h2 class=\"wp-block-heading\">C\u1ea5u t\u1ea1o c\u1ee7a m\u00e1y c\u1eaft r\u01a1m v\u00e0 m\u00e1y xay ng\u0169 c\u1ed1c<\/h2>    <p>M\u00e1y c\u1eaft r\u01a1m v\u00e0 m\u00e1y nghi\u1ec1n ng\u0169 c\u1ed1c k\u1ebft h\u1ee3p n\u00e0y ch\u1ee7 y\u1ebfu c\u00f3 khung, \u0111\u1ea7u v\u00e0o h\u1ea1t, \u0111\u1ea7u v\u00e0o c\u1ecf, c\u00f9m, \u0111\u1ea7u ra c\u1eaft nh\u1ecf, bu\u1ed3ng b\u0103m, m\u00e1y ch\u00e9m v\u00e0 bu\u1ed3ng b\u0103m nh\u1ecf, b\u00e1nh xe, v.v.<\/p>    <figure class=\"wp-block-image size-full is-resized\"><img loading=\"lazy\" decoding=\"async\" src=\"https:\/\/taizyfarmequipment.com\/wp-content\/uploads\/2022\/05\/straw-cutter-and-grain-grinders-structure.jpg\" alt=\"c\u1ea5u t\u1ea1o c\u1ee7a m\u00e1y c\u1eaft r\u01a1m v\u00e0 m\u00e1y xay ng\u0169 c\u1ed1c\" class=\"wp-image-3373\" width=\"720\" height=\"540\" title=\"c\u1ea5u t\u1ea1o c\u1ee7a m\u00e1y c\u1eaft r\u01a1m v\u00e0 m\u00e1y xay ng\u0169 c\u1ed1c\"\/><figcaption class=\"wp-element-caption\">C\u1ea5u t\u1ea1o c\u1ee7a m\u00e1y c\u1eaft r\u01a1m v\u00e0 m\u00e1y xay ng\u0169 c\u1ed1c<\/figcaption><\/figure>    <h2 class=\"wp-block-heading\">C\u00e1c th\u00f4ng s\u1ed1 c\u1ee7a m\u00e1y c\u1eaft r\u01a1m<\/h2>    <p>Ch\u00fang t\u00f4i c\u00f3 hai m\u1eabu m\u00e1y c\u1eaft r\u01a1m v\u00e0 m\u00e1y xay ng\u0169 c\u1ed1c k\u1ebft h\u1ee3p n\u00e0y, ch\u00fang c\u00f3 c\u00f4ng su\u1ea5t v\u00e0 c\u00f4ng su\u1ea5t kh\u00e1c nhau, c\u00f3 th\u1ec3 \u0111\u00e1p \u1ee9ng c\u00e1c nhu c\u1ea7u kh\u00e1c nhau c\u1ee7a kh\u00e1ch h\u00e0ng.<\/p>    <figure class=\"wp-block-table\"><table><tbody><tr><td>Ng\u01b0\u1eddi m\u1eabu<\/td><td>Quy\u1ec1n l\u1ef1c<\/td><td>Dung t\u00edch<\/td><td>Chi\u1ec1u d\u00e0i l\u01b0\u1ee1i<\/td><td>S\u1ed1 l\u01b0\u1ee3ng l\u01b0\u1ee1i<\/td><td>K\u00edch th\u01b0\u1edbc t\u1ed5ng th\u1ec3<\/td><\/tr><tr><td>9ZRF-3.8<\/td><td>hai pha 4,5kW, ba pha 3kW<\/td><td>3800kg\/gi\u1edd<\/td><td>220*70*6mm<\/td><td>5<\/td><td>1700*1200*1500mm<\/td><\/tr><tr><td>9ZRF-4.8<\/td><td>hai pha 4,5kW, ba pha 3kW<\/td><td>4000kg\/gi\u1edd<\/td><td>280*70*6mm<\/td><td>5<\/td><td>1950*1200*1800mm<\/td><\/tr><\/tbody><\/table><figcaption class=\"wp-element-caption\">th\u00f4ng s\u1ed1 c\u1ee7a m\u00e1y c\u1eaft chaff<\/figcaption><\/figure>    <h2 class=\"wp-block-heading\">\u01afu \u0111i\u1ec3m c\u1ee7a m\u00e1y c\u1eaft c\u1ecf v\u00e0 m\u00e1y xay l\u00e0 g\u00ec?<\/h2>    <p>1. Th\u1ee9c \u0103n th\u00f4 xanh \u0111\u01b0\u1ee3c ch\u1ebf bi\u1ebfn b\u1eb1ng m\u00e1y c\u1eaft r\u01a1m v\u00e0 m\u00e1y xay ng\u0169 c\u1ed1c k\u1ebft h\u1ee3p m\u1ec1m, nghi\u1ec1n, m\u1ecbn, c\u00f3 v\u1ecb ngon. Th\u1ee9c \u0103n ch\u0103n nu\u00f4i cao, nhai d\u1ec5 d\u00e0ng h\u01a1n, ti\u00eau h\u00f3a t\u1ed1t h\u01a1n, \u0111i\u1ec1u n\u00e0y c\u0169ng c\u1ea3i thi\u1ec7n t\u1ef7 l\u1ec7 s\u1eed d\u1ee5ng nguy\u00ean li\u1ec7u th\u00f4.<\/p>    <p>2. C\u00f3 th\u1ec3 \u0111i\u1ec1u ch\u1ec9nh, ch\u00fang ta c\u00f3 th\u1ec3 \u0111i\u1ec1u ch\u1ec9nh \u0111\u1ed9 d\u00e0i c\u1ee7a th\u1ee9c \u0103n th\u00f4 xanh v\u00e0 k\u00edch th\u01b0\u1edbc c\u1ee7a c\u00e1c h\u1ea1t h\u1ea1t b\u1eb1ng c\u00e1ch \u0111i\u1ec1u ch\u1ec9nh tay c\u1ea7m.<\/p>    <p>3. M\u00e1y c\u1eaft r\u01a1m v\u00e0 m\u00e1y xay ng\u0169 c\u1ed1c k\u1ebft h\u1ee3p ho\u1ea1t \u0111\u1ed9ng v\u1edbi th\u00e2n m\u00e1y \u1ed5n \u0111\u1ecbnh, hi\u1ec7u su\u1ea5t t\u1ed1t, hi\u1ec7u qu\u1ea3 cao v\u00e0 \u0111\u1ed9 \u1ed3n th\u1ea5p.<\/p>    <p>4. \u00c1p d\u1ee5ng c\u01a1 ch\u1ebf cho \u0103n c\u1ecf ti\u00ean ti\u1ebfn, cho \u0103n t\u1ef1 \u0111\u1ed9ng, d\u00e2y chuy\u1ec1n v\u1eadn chuy\u1ec3n kh\u00f4ng l\u00e0m v\u01b0\u1edbng c\u1ecf, cho \u0103n c\u1ecf \u00eam \u00e1i, n\u0103ng su\u1ea5t cao.<\/p>    <p>5. \u1ee8ng d\u1ee5ng r\u1ed9ng r\u00e3i, c\u00f3 th\u1ec3 x\u1eed l\u00fd c\u00e1c lo\u1ea1i c\u1ecf v\u00e0 ng\u0169 c\u1ed1c \u0111\u1ec3 ch\u0103n nu\u00f4i c\u00e1c lo\u1ea1i v\u1eadt nu\u00f4i.<\/p>    <figure class=\"wp-block-gallery has-nested-images columns-default is-cropped wp-block-gallery-4 is-layout-flex wp-block-gallery-is-layout-flex\"> <figure class=\"wp-block-image size-large\"><img loading=\"lazy\" decoding=\"async\" width=\"720\" height=\"540\" data-id=\"3366\" src=\"https:\/\/taizyfarmequipment.com\/wp-content\/uploads\/2022\/05\/combined-staw-cutter-and-grain-grinder.jpg\" alt=\"M\u00e1y c\u1eaft r\u01a1m v\u00e0 m\u00e1y xay ng\u0169 c\u1ed1c k\u1ebft h\u1ee3p \" class=\"wp-image-3366\" title=\"M\u00e1y c\u1eaft r\u01a1m v\u00e0 m\u00e1y xay ng\u0169 c\u1ed1c k\u1ebft h\u1ee3p \"\/><figcaption class=\"wp-element-caption\">M\u00e1y c\u1eaft r\u01a1m v\u00e0 m\u00e1y xay ng\u0169 c\u1ed1c k\u1ebft h\u1ee3p <\/figcaption><\/figure>    <figure class=\"wp-block-image size-large\"><img loading=\"lazy\" decoding=\"async\" width=\"720\" height=\"540\" data-id=\"3368\" src=\"https:\/\/taizyfarmequipment.com\/wp-content\/uploads\/2022\/05\/chaff-cutter.jpg\" alt=\"m\u00e1y c\u1eaft v\u1ecf tr\u1ea5u\" class=\"wp-image-3368\" title=\"m\u00e1y c\u1eaft v\u1ecf tr\u1ea5u\"\/><figcaption class=\"wp-element-caption\">m\u00e1y c\u1eaft v\u1ecf tr\u1ea5u<\/figcaption><\/figure>    <figure class=\"wp-block-image size-large\"><img loading=\"lazy\" decoding=\"async\" width=\"720\" height=\"540\" data-id=\"3369\" src=\"https:\/\/taizyfarmequipment.com\/wp-content\/uploads\/2022\/05\/grass-chopper.jpg\" alt=\"m\u00e1y b\u0103m c\u1ecf\" class=\"wp-image-3369\" title=\"m\u00e1y b\u0103m c\u1ecf\"\/><figcaption class=\"wp-element-caption\">m\u00e1y b\u0103m c\u1ecf<\/figcaption><\/figure> <\/figure>    <h2 class=\"wp-block-heading\">T\u1ea1i sao n\u00ean ch\u1ecdn m\u00e1y c\u1eaft, nh\u00e0o, nghi\u1ec1n r\u01a1m r\u1ea1 c\u1ee7a ch\u00fang t\u00f4i?<\/h2>    <p>1. Ch\u00fang t\u00f4i s\u1eed d\u1ee5ng v\u1eadt li\u1ec7u ch\u1ea5t l\u01b0\u1ee3ng cao cho t\u1ea5t c\u1ea3 c\u00e1c m\u00e1y n\u00f4ng nghi\u1ec7p c\u1ee7a m\u00ecnh, t\u1eeb kh\u00e2u s\u1ea3n xu\u1ea5t \u0111\u1ebfn l\u1eafp r\u00e1p v\u00e0 ch\u00fang t\u00f4i r\u1ea5t coi tr\u1ecdng ch\u00fang.<\/p>    <p>2. D\u1ecbch v\u1ee5 ch\u1ea5t l\u01b0\u1ee3ng cao. Ch\u00fang t\u00f4i s\u1ebd gi\u1edbi thi\u1ec7u lo\u1ea1i m\u00e1y ph\u00f9 h\u1ee3p t\u00f9y theo t\u00ecnh h\u00ecnh ri\u00eang c\u1ee7a kh\u00e1ch h\u00e0ng. Ch\u00fang t\u00f4i h\u1ed7 tr\u1ee3 tr\u1ef1c tuy\u1ebfn ho\u1eb7c ngo\u1ea1i tuy\u1ebfn \u0111\u1ec3 gi\u1ea3i quy\u1ebft c\u00e1c v\u1ea5n \u0111\u1ec1 kh\u00e1c nhau cho kh\u00e1ch h\u00e0ng.<\/p>    <p>3. M\u00e1y n\u00f4ng nghi\u1ec7p \u0111\u01b0\u1ee3c thi\u1ebft k\u1ebf m\u1edbi c\u1ee7a ch\u00fang t\u00f4i c\u00f3 th\u1ec3 \u0111\u00e1p \u1ee9ng nhi\u1ec1u nhu c\u1ea7u c\u1ee7a kh\u00e1ch h\u00e0ng.<\/p>    <p>4. Ch\u00fang t\u00f4i cung c\u1ea5p d\u1ecbch v\u1ee5 b\u1ea3o h\u00e0nh m\u1ed9t n\u0103m. Trong th\u1eddi gian b\u1ea3o h\u00e0nh, ch\u00fang t\u00f4i s\u1ebd gi\u00fap kh\u00e1ch h\u00e0ng gi\u1ea3i quy\u1ebft c\u00e1c v\u1ea5n \u0111\u1ec1 kh\u00e1c nhau c\u1ee7a m\u00e1y.<\/p>    <figure class=\"wp-block-gallery has-nested-images columns-default is-cropped wp-block-gallery-5 is-layout-flex wp-block-gallery-is-layout-flex\"> <figure class=\"wp-block-image size-large\"><img loading=\"lazy\" decoding=\"async\" width=\"720\" height=\"540\" data-id=\"3370\" src=\"https:\/\/taizyfarmequipment.com\/wp-content\/uploads\/2022\/05\/factory.jpg\" alt=\"nh\u00e0 m\u00e1y\" class=\"wp-image-3370\" title=\"nh\u00e0 m\u00e1y\"\/><figcaption class=\"wp-element-caption\">nh\u00e0 m\u00e1y<\/figcaption><\/figure>    <figure class=\"wp-block-image size-large\"><img loading=\"lazy\" decoding=\"async\" width=\"720\" height=\"540\" data-id=\"3371\" src=\"https:\/\/taizyfarmequipment.com\/wp-content\/uploads\/2022\/05\/5-2.jpg\" alt=\"m\u00e1y c\u1eaft c\u1ecf\" class=\"wp-image-3371\" title=\"m\u00e1y c\u1eaft c\u1ecf\"\/><figcaption class=\"wp-element-caption\">m\u00e1y c\u1eaft c\u1ecf<\/figcaption><\/figure> <\/figure>","protected":false},"excerpt":{"rendered":"<p>M\u00e1y c\u1eaft r\u01a1m v\u00e0 m\u00e1y xay ng\u0169 c\u1ed1c k\u1ebft h\u1ee3p c\u00f3 th\u1ec3 th\u1ef1c hi\u1ec7n ba ch\u1ee9c n\u0103ng: c\u1eaft r\u01a1m, b\u0103m nh\u1ecf v\u00e0 nghi\u1ec1n ng\u0169 c\u1ed1c. N\u00f3 l\u00e0 m\u1ed9t m\u00e1y \u0111a n\u0103ng.<\/p>","protected":false},"author":1,"featured_media":3363,"parent":0,"template":"","tags":[289,292,290,291,294,293],"product-type":[133],"class_list":["post-3359","product","type-product","status-publish","has-post-thumbnail","hentry","tag-chaff-cutter","tag-chopper-cutter","tag-combined-straw-cutter-and-grain-grinder","tag-grass-cutter","tag-hay-cutter","tag-straw-chaff-cutter","product-type-silage-machine"],"_links":{"self":[{"href":"https:\/\/taizyfarmequipment.com\/vi\/wp-json\/wp\/v2\/product\/3359","targetHints":{"allow":["GET"]}}],"collection":[{"href":"https:\/\/taizyfarmequipment.com\/vi\/wp-json\/wp\/v2\/product"}],"about":[{"href":"https:\/\/taizyfarmequipment.com\/vi\/wp-json\/wp\/v2\/types\/product"}],"author":[{"embeddable":true,"href":"https:\/\/taizyfarmequipment.com\/vi\/wp-json\/wp\/v2\/users\/1"}],"wp:featuredmedia":[{"embeddable":true,"href":"https:\/\/taizyfarmequipment.com\/vi\/wp-json\/wp\/v2\/media\/3363"}],"wp:attachment":[{"href":"https:\/\/taizyfarmequipment.com\/vi\/wp-json\/wp\/v2\/media?parent=3359"}],"wp:term":[{"taxonomy":"post_tag","embeddable":true,"href":"https:\/\/taizyfarmequipment.com\/vi\/wp-json\/wp\/v2\/tags?post=3359"},{"taxonomy":"product-type","embeddable":true,"href":"https:\/\/taizyfarmequipment.com\/vi\/wp-json\/wp\/v2\/product-type?post=3359"}],"curies":[{"name":"wp","href":"https:\/\/api.w.org\/{rel}","templated":true}]}}