{"id":3516,"date":"2022-06-06T10:09:08","date_gmt":"2022-06-06T10:09:08","guid":{"rendered":"https:\/\/taizyfarmequipment.com\/?post_type=product&#038;p=3516"},"modified":"2024-01-22T15:36:04","modified_gmt":"2024-01-22T07:36:04","slug":"may-dong-kien-hay-nhat-co-kho","status":"publish","type":"product","link":"https:\/\/taizyfarmequipment.com\/vi\/product\/hay-pick-up-baler-machine\/","title":{"rendered":"Hay nh\u1eb7t m\u00e1y \u0111\u00f3ng ki\u1ec7n\u4e28m\u00e1y k\u00e9o c\u00f3 m\u00e1y \u0111\u00f3ng ki\u1ec7n"},"content":{"rendered":"<div class=\"kk-star-ratings kksr-auto kksr-align-left kksr-valign-top\"     data-payload='{&quot;align&quot;:&quot;left&quot;,&quot;id&quot;:&quot;3516&quot;,&quot;slug&quot;:&quot;default&quot;,&quot;valign&quot;:&quot;top&quot;,&quot;ignore&quot;:&quot;&quot;,&quot;reference&quot;:&quot;auto&quot;,&quot;class&quot;:&quot;&quot;,&quot;count&quot;:&quot;30&quot;,&quot;legendonly&quot;:&quot;&quot;,&quot;readonly&quot;:&quot;&quot;,&quot;score&quot;:&quot;4.7&quot;,&quot;starsonly&quot;:&quot;&quot;,&quot;best&quot;:&quot;5&quot;,&quot;gap&quot;:&quot;5&quot;,&quot;greet&quot;:&quot;Rate this product&quot;,&quot;legend&quot;:&quot;4.7\\\/5 - (30 b\u00ecnh ch\u1ecdn)&quot;,&quot;size&quot;:&quot;24&quot;,&quot;title&quot;:&quot;Hay pick up baler machine\u4e28tractor with baler&quot;,&quot;width&quot;:&quot;133.8&quot;,&quot;_legend&quot;:&quot;{score}\\\/{best} - ({count} {votes})&quot;,&quot;font_factor&quot;:&quot;1.25&quot;}'>              <div class=\"kksr-stars\">      <div class=\"kksr-stars-inactive\">             <div class=\"kksr-star\" data-star=\"1\" style=\"padding-right: 5px\">               <div class=\"kksr-icon\" style=\"width: 24px; height: 24px;\"><\/div>         <\/div>             <div class=\"kksr-star\" data-star=\"2\" style=\"padding-right: 5px\">               <div class=\"kksr-icon\" style=\"width: 24px; height: 24px;\"><\/div>         <\/div>             <div class=\"kksr-star\" data-star=\"3\" style=\"padding-right: 5px\">               <div class=\"kksr-icon\" style=\"width: 24px; height: 24px;\"><\/div>         <\/div>             <div class=\"kksr-star\" data-star=\"4\" style=\"padding-right: 5px\">               <div class=\"kksr-icon\" style=\"width: 24px; height: 24px;\"><\/div>         <\/div>             <div class=\"kksr-star\" data-star=\"5\" style=\"padding-right: 5px\">               <div class=\"kksr-icon\" style=\"width: 24px; height: 24px;\"><\/div>         <\/div>     <\/div>      <div class=\"kksr-stars-active\" style=\"width: 133.8px;\">             <div class=\"kksr-star\" style=\"padding-right: 5px\">               <div class=\"kksr-icon\" style=\"width: 24px; height: 24px;\"><\/div>         <\/div>             <div class=\"kksr-star\" style=\"padding-right: 5px\">               <div class=\"kksr-icon\" style=\"width: 24px; height: 24px;\"><\/div>         <\/div>             <div class=\"kksr-star\" style=\"padding-right: 5px\">               <div class=\"kksr-icon\" style=\"width: 24px; height: 24px;\"><\/div>         <\/div>             <div class=\"kksr-star\" style=\"padding-right: 5px\">               <div class=\"kksr-icon\" style=\"width: 24px; height: 24px;\"><\/div>         <\/div>             <div class=\"kksr-star\" style=\"padding-right: 5px\">               <div class=\"kksr-icon\" style=\"width: 24px; height: 24px;\"><\/div>         <\/div>     <\/div> <\/div>                   <div class=\"kksr-legend\" style=\"font-size: 19.2px;\">             4.7\/5 - (30 l\u01b0\u1ee3t b\u00ecnh ch\u1ecdn)    <\/div>     <\/div>  <p>M\u00e1y nh\u1eb7t c\u1ecf kh\u00f4 l\u00e0 m\u1ed9t lo\u1ea1i thi\u1ebft b\u1ecb h\u00e1i v\u00e0 thu ho\u1ea1ch r\u01a1m, c\u00f3 th\u1ec3 t\u1ef1 \u0111\u1ed9ng ho\u00e0n th\u00e0nh vi\u1ec7c h\u00e1i, \u0111\u00f3ng ki\u1ec7n v\u00e0 th\u1ea3 \u0111\u1ed3ng c\u1ecf, g\u1ea1o, l\u00faa m\u00ec v\u00e0 th\u00e2n c\u00e2y ng\u00f4 nh\u00e0o, \u0111\u01b0\u1ee3c s\u1eed d\u1ee5ng r\u1ed9ng r\u00e3i \u0111\u1ec3 thu th\u1eadp v\u00e0 \u0111\u00f3ng ki\u1ec7n \u0111\u1ed3ng c\u1ecf kh\u00f4 v\u00e0 xanh, th\u00e2n c\u00e2y l\u00faa, l\u00faa m\u00ec v\u00e0 ng\u00f4. M\u00e1y h\u00e1i v\u00e0 \u0111\u00f3ng ki\u1ec7n r\u01a1m c\u00f3 \u0111\u1eb7c \u0111i\u1ec3m c\u1ea5u tr\u00fac nh\u1ecf g\u1ecdn, v\u1eadn h\u00e0nh thu\u1eadn ti\u1ec7n v\u00e0 \u0111\u1ed9 tin c\u1eady cao. <\/p>    <p>Ki\u1ec7n \u0111\u01b0\u1ee3c h\u00ecnh th\u00e0nh nh\u1ecf v\u00e0 g\u1ecdn, ki\u1ec7n b\u00ean trong l\u1ecfng l\u1ebbo v\u00e0 b\u00ean ngo\u00e0i ch\u1eb7t ch\u1ebd, c\u00f3 \u0111\u1ed9 tho\u00e1ng kh\u00ed t\u1ed1t, thu\u1eadn ti\u1ec7n cho vi\u1ec7c v\u1eadn chuy\u1ec3n v\u00e0 l\u01b0u tr\u1eef.<\/p>    <h2 class=\"wp-block-heading\" id=\"h-introduction-to-hay-pick-up-baler-machine\">Gi\u1edbi thi\u1ec7u m\u00e1y \u0111\u00f3ng ki\u1ec7n hay nh\u1eb7t c\u1ecf kh\u00f4<\/h2>    <p class=\"translation-block\">Hi\u1ec7n nay ch\u00fang t\u00f4i s\u1ea3n xu\u1ea5t <a href=\"https:\/\/www.agriculture-machine.com\/round-silage-straw-harvester-and-baler-machine-picking-and-bundling-machine\/\" target=\"_blank\" rel=\"noopener\">m\u00e1y nh\u1eb7t v\u00e0 cu\u1ed9n r\u01a1m<\/a> c\u00f3 th\u1ec3 x\u1eed l\u00fd s\u1ea3n ph\u1ea9m cu\u1ed1i d\u1ea1ng tr\u00f2n v\u00e0 vu\u00f4ng. M\u00e1y nh\u1eb7t v\u00e0 cu\u1ed9n r\u01a1m d\u1ea1ng tr\u00f2n c\u00f3 th\u1ec3 cu\u1ed9n b\u1eb1ng d\u00e2y sisal ho\u1eb7c l\u01b0\u1edbi, trong khi lo\u1ea1i vu\u00f4ng ch\u1ec9 c\u00f3 th\u1ec3 cu\u1ed9n b\u1eb1ng d\u00e2y th\u1eebng. C\u1ea3 hai lo\u1ea1i \u0111\u1ec1u k\u1ebft h\u1ee3p v\u1edbi m\u00e1y k\u00e9o th\u00f4ng qua tr\u1ee5c PTO. V\u1ec1 chi\u1ec1u r\u1ed9ng ho\u1ea1t \u0111\u1ed9ng c\u1ee7a m\u00e1y, lo\u1ea1i vu\u00f4ng c\u00f3 chi\u1ec1u r\u1ed9ng 2,2 m\u00e9t v\u00e0 lo\u1ea1i tr\u00f2n l\u00e0 1,8 m\u00e9t. <\/p>    <p class=\"translation-block\">Vi\u1ec7c qu\u1ea3ng b\u00e1 v\u00e0 s\u1eed d\u1ee5ng m\u00e1y n\u00e0y \u0111\u00e3 \u0111\u00f3ng vai tr\u00f2 l\u1edbn trong vi\u1ec7c th\u00fac \u0111\u1ea9y gi\u1ea3i ph\u00e1p t\u00e1i ch\u1ebf r\u01a1m r\u1ea1 v\u00e0 c\u1ea3i thi\u1ec7n \u00f4 nhi\u1ec5m m\u00f4i tr\u01b0\u1eddng do \u0111\u1ed1t r\u01a1m r\u1ea1 \u1edf n\u00f4ng th\u00f4n. V\u00e0 n\u00e2ng cao ch\u1ea5t l\u01b0\u1ee3ng vi\u1ec7c s\u1eed d\u1ee5ng r\u01a1m v\u00e0 c\u1ecf. K\u1ec3 t\u1eeb khi ra m\u1eaft, m\u00e1y \u0111\u00e3 \u0111\u01b0\u1ee3c h\u1ea7u h\u1ebft n\u00f4ng d\u00e2n y\u00eau th\u00edch. V\u00e0 l\u00e0 m\u1ed9t tr\u1ee3 th\u1ee7 \u0111\u1eafc l\u1ef1c gi\u00fap n\u00f4ng d\u00e2n l\u00e0m gi\u00e0u. H\u01a1n n\u1eefa, ch\u00fang t\u00f4i c\u0169ng c\u00f3 <a href=\"https:\/\/taizyfarmequipment.com\/vi\/san-pham\/may-ep-rom-hinh-vuong\/\">m\u00e1y cu\u1ed9n r\u01a1m l\u1ea5y th\u1ee9c \u0103n \u1ee7<\/a> v\u1edbi ch\u1ee9c n\u0103ng nghi\u1ec1n. <\/p>    <figure class=\"wp-block-gallery has-nested-images columns-default is-cropped wp-block-gallery-2 is-layout-flex wp-block-gallery-is-layout-flex\"> <figure class=\"wp-block-image size-large\"><img loading=\"lazy\" decoding=\"async\" width=\"720\" height=\"540\" data-id=\"3524\" src=\"https:\/\/taizyfarmequipment.com\/wp-content\/uploads\/2022\/06\/Pickup-Round-Baler-0.jpg\" alt=\"M\u00e1y \u0111\u00f3ng ki\u1ec7n tr\u00f2n Pickup\" class=\"wp-image-3524\" title=\"M\u00e1y \u0111\u00f3ng ki\u1ec7n tr\u00f2n Pickup\"\/><figcaption class=\"wp-element-caption\">M\u00e1y \u0111\u00f3ng ki\u1ec7n tr\u00f2n \u0111\u00f3n<\/figcaption><\/figure>    <figure class=\"wp-block-image size-large\"><img loading=\"lazy\" decoding=\"async\" width=\"720\" height=\"540\" data-id=\"3525\" src=\"https:\/\/taizyfarmequipment.com\/wp-content\/uploads\/2022\/06\/hay-pick-up-baler-machine0.jpg\" alt=\"m\u00e1y \u0111\u00f3ng ki\u1ec7n hay nh\u1eb7t c\u1ecf kh\u00f4\" class=\"wp-image-3525\" title=\"m\u00e1y \u0111\u00f3ng ki\u1ec7n hay nh\u1eb7t c\u1ecf kh\u00f4\"\/><figcaption class=\"wp-element-caption\">m\u00e1y \u0111\u00f3ng ki\u1ec7n hay nh\u1eb7t c\u1ecf kh\u00f4<\/figcaption><\/figure> <\/figure>    <h2 class=\"wp-block-heading\">Ph\u1ea1m vi \u1ee9ng d\u1ee5ng c\u1ee7a m\u00e1y k\u00e9o c\u00f3 m\u00e1y \u0111\u00f3ng ki\u1ec7n<\/h2>    <p><br>M\u00e1y k\u00e9o c\u00f3 m\u00e1y \u0111\u00f3ng ki\u1ec7n c\u00f3 th\u1ec3 x\u1eed l\u00fd r\u01a1m l\u00faa m\u00ec, r\u01a1m r\u1ea1, c\u1ecf \u0111\u1ed3ng c\u1ecf, c\u00e2y l\u1ea1c, r\u01a1m ng\u00f4, g\u1ea1o, l\u00faa m\u00ec, r\u01a1m r\u1ea1, \u0111\u1eadu n\u00e0nh, v.v. <\/p>    <h2 class=\"wp-block-heading\">C\u1ea5u t\u1ea1o c\u1ee7a m\u00e1y \u0111\u00f3ng ki\u1ec7n b\u00e1n t\u1ea3i tr\u00f2n<\/h2>    <p><br>M\u00e1y ch\u1ee7 y\u1ebfu bao g\u1ed3m m\u00e1y g\u1eafp, tr\u1ed1ng ph\u01a1i c\u1ecf, c\u01a1 c\u1ea5u truy\u1ec1n b\u00e1nh x\u00edch, h\u1ed9p d\u00e2y, thanh d\u1eabn d\u00e2y v\u00e0 thi\u1ebft b\u1ecb c\u1ea3nh b\u00e1o, c\u01a1 c\u1ea5u \u0111i\u1ec1u khi\u1ec3n th\u1ee7y l\u1ef1c v\u00e0 c\u00e1c b\u1ed9 ph\u1eadn kh\u00e1c. Khi \u0111\u00f3ng ki\u1ec7n c\u00f3 th\u1ec3 t\u1ef1 \u0111\u1ed9ng d\u1eabn d\u00e2y, t\u1ef1 \u0111\u1ed9ng nh\u1eb7t r\u01a1m, t\u1ef1 \u0111\u1ed9ng \u0111\u00f3ng ki\u1ec7n, t\u1ef1 \u0111\u1ed9ng c\u1eaft d\u00e2y. V\u00e0 c\u00f3 th\u1ec3 thay \u0111\u1ed5i v\u00f2ng tr\u00f2n d\u00e2y v\u00e0 m\u1eadt \u0111\u1ed9 ki\u1ec7n khi \u0111\u00f3ng ki\u1ec7n b\u1eb1ng c\u00e1ch \u0111i\u1ec1u ch\u1ec9nh k\u00edch th\u01b0\u1edbc c\u1ee7a b\u00e1nh xe r\u00e3nh \u0111\u1ec3 ki\u1ec7n kh\u00f4ng b\u1ecb ph\u00e2n t\u00e1n v\u00e0 l\u1ed9n x\u1ed9n.<\/p>    <figure class=\"wp-block-image size-full is-resized\"><img loading=\"lazy\" decoding=\"async\" src=\"https:\/\/taizyfarmequipment.com\/wp-content\/uploads\/2022\/06\/square-stalk-baling-machines-structure2-.jpg\" alt=\"c\u1ea5u t\u1ea1o c\u1ee7a m\u00e1y \u0111\u00f3ng ki\u1ec7n th\u00e2n vu\u00f4ng\" class=\"wp-image-3520\" width=\"720\" height=\"540\" title=\"c\u1ea5u t\u1ea1o c\u1ee7a m\u00e1y \u0111\u00f3ng ki\u1ec7n th\u00e2n vu\u00f4ng\"\/><figcaption class=\"wp-element-caption\">C\u1ea5u t\u1ea1o c\u1ee7a m\u00e1y \u0111\u00f3ng ki\u1ec7n th\u00e2n vu\u00f4ng<\/figcaption><\/figure>    <h2 class=\"wp-block-heading\">C\u00e1c th\u00f4ng s\u1ed1 c\u1ee7a m\u00e1y \u0111\u00f3ng ki\u1ec7n hay nh\u1eb7t c\u1ecf kh\u00f4<\/h2>    <figure class=\"wp-block-table\"><table><tbody><tr><td>Ng\u01b0\u1eddi m\u1eabu<\/td><td><strong>ST80*100<\/strong><\/td><\/tr><tr><td>C\u00e2n n\u1eb7ng<\/td><td>680kg<\/td><\/tr><tr><td>S\u1ee9c m\u1ea1nh c\u1ee7a m\u00e1y k\u00e9o<\/td><td>H\u01a1n 40 m\u00e3 l\u1ef1c<\/td><\/tr><tr><td>K\u00edch th\u01b0\u1edbc t\u1ed5ng th\u1ec3<\/td><td>1,63*1,37*1,43m<\/td><\/tr><tr><td>K\u00edch th\u01b0\u1edbc m\u00e1y \u0111\u00f3ng ki\u1ec7n<\/td><td>\u03a6800*1000mm<\/td><\/tr><tr><td>Tr\u1ecdng l\u01b0\u1ee3ng m\u00e1y \u0111\u00f3ng ki\u1ec7n<\/td><td>40-50kg<\/td><\/tr><tr><td>Dung t\u00edch<\/td><td>1,3-1,65 m\u1eabu Anh\/gi\u1edd<\/td><\/tr><\/tbody><\/table><figcaption class=\"wp-element-caption\">hay nh\u1eb7t th\u00f4ng s\u1ed1 c\u1ee7a m\u00e1y \u0111\u00f3ng ki\u1ec7n<\/figcaption><\/figure>    <h2 class=\"wp-block-heading\">\u01afu \u0111i\u1ec3m c\u1ee7a m\u00e1y \u0111\u00f3ng ki\u1ec7n vu\u00f4ng nh\u1ecf c\u00f4ng su\u1ea5t cao<\/h2>    <ol class=\"wp-block-list\"> <li>D\u1ea5u ch\u00e2n nh\u1ecf, nh\u1eb9, v\u1eadn h\u00e0nh \u0111\u01a1n gi\u1ea3n, hi\u1ec7u qu\u1ea3 cao.<\/li>    <li>Hi\u1ec7u qu\u1ea3 l\u00e0m vi\u1ec7c cao, m\u1ed9t gi\u1edd c\u00f3 th\u1ec3 thu gom \u0111\u01b0\u1ee3c h\u01a1n 5 m\u1eabu r\u01a1m, thu \u0111\u01b0\u1ee3c kho\u1ea3ng 800 kg r\u01a1m r\u1ea1.<\/li>    <li>C\u00e1c ki\u1ec7n r\u01a1m c\u00f3 k\u1ebft c\u1ea5u nh\u1ecf g\u1ecdn, m\u1eadt \u0111\u1ed9 cao, \u0111\u1ed9 tho\u00e1ng kh\u00ed t\u1ed1t.<\/li>    <li>R\u01a1m sau khi \u0111\u00f3ng ki\u1ec7n l\u00e0m gi\u1ea3m d\u1ea5u ch\u00e2n c\u1ee7a r\u01a1m v\u00e0 gi\u1ea3m \u0111\u00e1ng k\u1ec3 d\u1ea5u ch\u00e2n l\u01b0u tr\u1eef.<\/li>    <li>Nh\u1eefng ki\u1ec7n r\u01a1m d\u1ec5 d\u00e0ng v\u1eadn chuy\u1ec3n v\u00e0 c\u00f2n gi\u1ea3m thi\u1ec3u kh\u1ea3 n\u0103ng ch\u00e1y n\u1ed5.<\/li> <\/ol>    <figure class=\"wp-block-gallery has-nested-images columns-default is-cropped wp-block-gallery-3 is-layout-flex wp-block-gallery-is-layout-flex\"> <figure class=\"wp-block-image size-large\"><img loading=\"lazy\" decoding=\"async\" width=\"720\" height=\"540\" data-id=\"3521\" src=\"https:\/\/taizyfarmequipment.com\/wp-content\/uploads\/2022\/06\/square-straw-pick-up-baler-machine-.jpg\" alt=\"m\u00e1y \u0111\u00f3ng ki\u1ec7n nh\u1eb7t r\u01a1m vu\u00f4ng\" class=\"wp-image-3521\" title=\"m\u00e1y \u0111\u00f3ng ki\u1ec7n nh\u1eb7t r\u01a1m vu\u00f4ng\"\/><figcaption class=\"wp-element-caption\">m\u00e1y \u0111\u00f3ng ki\u1ec7n nh\u1eb7t r\u01a1m vu\u00f4ng<\/figcaption><\/figure>    <figure class=\"wp-block-image size-large\"><img loading=\"lazy\" decoding=\"async\" width=\"720\" height=\"540\" data-id=\"3522\" src=\"https:\/\/taizyfarmequipment.com\/wp-content\/uploads\/2022\/06\/tractor-with-baler-0.jpg\" alt=\"m\u00e1y k\u00e9o c\u00f3 m\u00e1y \u0111\u00f3ng ki\u1ec7n\" class=\"wp-image-3522\" title=\"m\u00e1y k\u00e9o c\u00f3 m\u00e1y \u0111\u00f3ng ki\u1ec7n\"\/><figcaption class=\"wp-element-caption\">m\u00e1y k\u00e9o c\u00f3 m\u00e1y \u0111\u00f3ng ki\u1ec7n<\/figcaption><\/figure> <\/figure>    <h2 class=\"wp-block-heading\">Nguy\u00ean l\u00fd l\u00e0m vi\u1ec7c c\u1ee7a m\u00e1y \u0111\u00f3ng ki\u1ec7n nh\u1eb7t cu\u1ed1ng<\/h2>    <p><br>Tr\u1ee5c \u0111\u1ea7u ra c\u00f4ng su\u1ea5t c\u1ee7a m\u00e1y k\u00e9o \u0111\u01b0\u1ee3c \u0111\u01b0a \u0111\u1ebfn tr\u1ee5c \u0111\u1ea7u v\u00e0o c\u1ee7a m\u00e1y \u0111\u00f3ng ki\u1ec7n th\u00f4ng qua tr\u1ee5c truy\u1ec1n \u0111\u1ed9ng v\u1ea1n n\u0103ng, d\u1eabn \u0111\u1ed9ng c\u01a1 c\u1ea5u con l\u0103n quay. V\u00e0 c\u01a1 c\u1ea5u nh\u1eb7t r\u01a1m th\u00f4ng qua b\u00e1nh x\u00edch v\u00e0 x\u00edch t\u01b0\u01a1ng \u1ee9ng. Giao di\u1ec7n \u0111\u1ea7u ra th\u1ee7y l\u1ef1c c\u1ee7a m\u00e1y k\u00e9o \u0111\u01b0\u1ee3c s\u1eed d\u1ee5ng \u0111\u1ec3 \u0111i\u1ec1u khi\u1ec3n s\u1ef1 gi\u00e3n n\u1edf v\u00e0 co l\u1ea1i c\u1ee7a piston c\u1ee7a xi lanh \u0111\u1ec3 th\u1ef1c hi\u1ec7n ho\u1ea1t \u0111\u1ed9ng nh\u1ea3 ki\u1ec7n.<\/p>    <h2 class=\"wp-block-heading\">\u0110i\u1ec3m k\u1ef9 thu\u1eadt v\u1eadn h\u00e0nh m\u00e1y h\u00e1i v\u00e0 \u0111\u00f3ng ki\u1ec7n r\u01a1m<\/h2>    <ol class=\"wp-block-list\"> <li>Ng\u01b0\u1eddi l\u00e1i xe n\u00ean n\u1eafm v\u1eefng c\u00f4ng ngh\u1ec7 v\u1eadn h\u00e0nh l\u00e1i xe. Trong qu\u00e1 tr\u00ecnh v\u1eadn h\u00e0nh, ng\u01b0\u1eddi l\u00e1i xe n\u00ean \u0111\u00e1nh l\u00e1i v\u00e0o gi\u1eefa \u0111\u1ec3 tr\u00e1nh ki\u1ec7n ki\u1ec7n c\u00f3 \u0111\u1ea7u to.<\/li>    <li>D\u00e2y Bale c\u00f3 c\u1ea5u tr\u00fac b\u01a1m b\u00ean ngo\u00e0i, \u00edt n\u00fat th\u1eaft h\u01a1n, \u0111\u1ed9 b\u1ec1n cao, gi\u00fap ch\u1ed1ng \u0111\u1ee9t d\u00e2y ho\u1eb7c d\u00e2y th\u1ebb.<\/li>    <li>G\u1eedi d\u00e2y khi ga ph\u1ea3i \u1ed5n \u0111\u1ecbnh, gi\u1eef ga \u1edf t\u1ed1c \u0111\u1ed9 trung b\u00ecnh \u0111\u1ec3 \u0111\u1ea3m b\u1ea3o ch\u1ea5t l\u01b0\u1ee3ng g\u1eedi d\u00e2y.<\/li>    <li>Khi cho d\u00e2y d\u1eebng l\u1ea1i, h\u00e3y di chuy\u1ec3n van th\u1ee7y l\u1ef1c ngay l\u1eadp t\u1ee9c, kh\u00f4ng d\u1eebng l\u1ea1i \u0111\u1ec3 ki\u1ec7n r\u01a1m kh\u00f4ng b\u1ecb con l\u0103n \u00e1p l\u1ef1c c\u1ecd x\u00e1t ra xa nhau. Khi th\u1ea3 ki\u1ec7n ra kh\u00f4ng \u0111\u01b0\u1ee3c gi\u1ea3m t\u1ed1c \u0111\u1ed9 v\u00ec ki\u1ec7n c\u00f3 th\u1ec3 \u0111\u01b0\u1ee3c th\u1ea3 ra b\u1eb1ng qu\u00e1n t\u00ednh quay.<\/li> <\/ol>    <figure class=\"wp-block-image size-full\"><img loading=\"lazy\" decoding=\"async\" width=\"720\" height=\"540\" src=\"https:\/\/taizyfarmequipment.com\/wp-content\/uploads\/2022\/06\/hay-pick-up-baler-machine-0.jpg\" alt=\"m\u00e1y \u0111\u00f3ng ki\u1ec7n hay nh\u1eb7t c\u1ecf kh\u00f4 \" class=\"wp-image-3523\" title=\"m\u00e1y \u0111\u00f3ng ki\u1ec7n hay nh\u1eb7t c\u1ecf kh\u00f4 \"\/><figcaption class=\"wp-element-caption\">m\u00e1y \u0111\u00f3ng ki\u1ec7n hay nh\u1eb7t c\u1ecf kh\u00f4<\/figcaption><\/figure>","protected":false},"excerpt":{"rendered":"<p>M\u00e1y nh\u1eb7t c\u1ecf kh\u00f4 c\u00f3 th\u1ec3 t\u1ef1 \u0111\u1ed9ng ho\u00e0n th\u00e0nh vi\u1ec7c h\u00e1i, \u0111\u00f3ng ki\u1ec7n v\u00e0 th\u1ea3 \u0111\u1ed3ng c\u1ecf cho l\u00faa, l\u00faa m\u00ec v\u00e0 th\u00e2n c\u00e2y ng\u00f4 nh\u00e0o.<\/p>","protected":false},"author":1,"featured_media":3518,"parent":0,"template":"","tags":[],"product-type":[133],"class_list":["post-3516","product","type-product","status-publish","has-post-thumbnail","hentry","product-type-silage-machine"],"_links":{"self":[{"href":"https:\/\/taizyfarmequipment.com\/vi\/wp-json\/wp\/v2\/product\/3516","targetHints":{"allow":["GET"]}}],"collection":[{"href":"https:\/\/taizyfarmequipment.com\/vi\/wp-json\/wp\/v2\/product"}],"about":[{"href":"https:\/\/taizyfarmequipment.com\/vi\/wp-json\/wp\/v2\/types\/product"}],"author":[{"embeddable":true,"href":"https:\/\/taizyfarmequipment.com\/vi\/wp-json\/wp\/v2\/users\/1"}],"wp:featuredmedia":[{"embeddable":true,"href":"https:\/\/taizyfarmequipment.com\/vi\/wp-json\/wp\/v2\/media\/3518"}],"wp:attachment":[{"href":"https:\/\/taizyfarmequipment.com\/vi\/wp-json\/wp\/v2\/media?parent=3516"}],"wp:term":[{"taxonomy":"post_tag","embeddable":true,"href":"https:\/\/taizyfarmequipment.com\/vi\/wp-json\/wp\/v2\/tags?post=3516"},{"taxonomy":"product-type","embeddable":true,"href":"https:\/\/taizyfarmequipment.com\/vi\/wp-json\/wp\/v2\/product-type?post=3516"}],"curies":[{"name":"wp","href":"https:\/\/api.w.org\/{rel}","templated":true}]}}