{"id":3529,"date":"2022-06-07T09:46:21","date_gmt":"2022-06-07T09:46:21","guid":{"rendered":"https:\/\/taizyfarmequipment.com\/?post_type=product&#038;p=3529"},"modified":"2025-11-26T17:05:14","modified_gmt":"2025-11-26T09:05:14","slug":"may-gieo-hat-rau-cu-day-tay","status":"publish","type":"product","link":"https:\/\/taizyfarmequipment.com\/vi\/product\/hand-push-vegetable-seeder\/","title":{"rendered":"M\u00e1y gieo h\u1ea1t rau tay | M\u00e1y tr\u1ed3ng h\u1ea1t rau"},"content":{"rendered":"<div class=\"kk-star-ratings kksr-auto kksr-align-left kksr-valign-top\"     data-payload='{&quot;align&quot;:&quot;left&quot;,&quot;id&quot;:&quot;3529&quot;,&quot;slug&quot;:&quot;default&quot;,&quot;valign&quot;:&quot;top&quot;,&quot;ignore&quot;:&quot;&quot;,&quot;reference&quot;:&quot;auto&quot;,&quot;class&quot;:&quot;&quot;,&quot;count&quot;:&quot;12&quot;,&quot;legendonly&quot;:&quot;&quot;,&quot;readonly&quot;:&quot;&quot;,&quot;score&quot;:&quot;4.6&quot;,&quot;starsonly&quot;:&quot;&quot;,&quot;best&quot;:&quot;5&quot;,&quot;gap&quot;:&quot;5&quot;,&quot;greet&quot;:&quot;Rate this product&quot;,&quot;legend&quot;:&quot;4.6\\\/5 - (12 b\u00ecnh ch\u1ecdn)&quot;,&quot;size&quot;:&quot;24&quot;,&quot;title&quot;:&quot;Hand push vegetable seeder | Vegetable seed planting machine&quot;,&quot;width&quot;:&quot;130.9&quot;,&quot;_legend&quot;:&quot;{score}\\\/{best} - ({count} {votes})&quot;,&quot;font_factor&quot;:&quot;1.25&quot;}'>              <div class=\"kksr-stars\">      <div class=\"kksr-stars-inactive\">             <div class=\"kksr-star\" data-star=\"1\" style=\"padding-right: 5px\">               <div class=\"kksr-icon\" style=\"width: 24px; height: 24px;\"><\/div>         <\/div>             <div class=\"kksr-star\" data-star=\"2\" style=\"padding-right: 5px\">               <div class=\"kksr-icon\" style=\"width: 24px; height: 24px;\"><\/div>         <\/div>             <div class=\"kksr-star\" data-star=\"3\" style=\"padding-right: 5px\">               <div class=\"kksr-icon\" style=\"width: 24px; height: 24px;\"><\/div>         <\/div>             <div class=\"kksr-star\" data-star=\"4\" style=\"padding-right: 5px\">               <div class=\"kksr-icon\" style=\"width: 24px; height: 24px;\"><\/div>         <\/div>             <div class=\"kksr-star\" data-star=\"5\" style=\"padding-right: 5px\">               <div class=\"kksr-icon\" style=\"width: 24px; height: 24px;\"><\/div>         <\/div>     <\/div>      <div class=\"kksr-stars-active\" style=\"width: 130.9px;\">             <div class=\"kksr-star\" style=\"padding-right: 5px\">               <div class=\"kksr-icon\" style=\"width: 24px; height: 24px;\"><\/div>         <\/div>             <div class=\"kksr-star\" style=\"padding-right: 5px\">               <div class=\"kksr-icon\" style=\"width: 24px; height: 24px;\"><\/div>         <\/div>             <div class=\"kksr-star\" style=\"padding-right: 5px\">               <div class=\"kksr-icon\" style=\"width: 24px; height: 24px;\"><\/div>         <\/div>             <div class=\"kksr-star\" style=\"padding-right: 5px\">               <div class=\"kksr-icon\" style=\"width: 24px; height: 24px;\"><\/div>         <\/div>             <div class=\"kksr-star\" style=\"padding-right: 5px\">               <div class=\"kksr-icon\" style=\"width: 24px; height: 24px;\"><\/div>         <\/div>     <\/div> <\/div>                   <div class=\"kksr-legend\" style=\"font-size: 19.2px;\">             4.6\/5 - (12 b\u00ecnh ch\u1ecdn)    <\/div>     <\/div>  <p>B\u00e0n tay c\u1ee7a ch\u00fang t\u00f4i \u0111\u1ea9y h\u1ea1t gi\u1ed1ng rau c\u00f3 th\u1ec3 gieo nhi\u1ec1u lo\u1ea1i h\u1ea1t rau. Ng\u01b0\u1eddi tr\u1ed3ng rau c\u00f3 s\u1ed1 h\u00e0ng kh\u00e1c nhau, c\u00f3 th\u1ec3 \u0111\u00e1p \u1ee9ng nhu c\u1ea7u c\u1ee7a kh\u00e1ch h\u00e0ng v\u1ec1 s\u1ed1 l\u01b0\u1ee3ng h\u00e0ng. N\u00f3i chung, ng\u01b0\u1eddi tr\u1ed3ng rau c\u1ee7a ch\u00fang t\u00f4i l\u00e0 \u0111\u1ed9ng c\u01a1 x\u0103ng. B\u1edfi v\u00ec m\u00e1y c\u00f3 l\u1ef1c k\u00e9o \u0111\u01b0\u1ee3c cung c\u1ea5p n\u0103ng l\u01b0\u1ee3ng, m\u1ecdi ng\u01b0\u1eddi kh\u00f4ng c\u1ea7n ph\u1ea3i n\u1ed7 l\u1ef1c nhi\u1ec1u \u0111\u1ec3 s\u1eed d\u1ee5ng m\u00e1y. V\u00e0 m\u00e1y gieo h\u1ea1t th\u1ef1c v\u1eadt c\u00f3 t\u1ed1c \u0111\u1ed9 gieo h\u1ea1t nhanh, hi\u1ec7u qu\u1ea3 cao v\u00e0 ti\u1ebft ki\u1ec7m th\u1eddi gian. <\/p>    <p class=\"translation-block\">Khi m\u00e1y ho\u1ea1t \u0111\u1ed9ng, n\u00f3 c\u00f3 th\u1ec3 ho\u00e0n th\u00e0nh c\u00e1c thao t\u00e1c b\u1eeba r\u00e3nh, gieo h\u1ea1t v\u00e0 ph\u1ee7 \u0111\u1ea5t trong m\u1ed9t l\u1ea7n. V\u00e0 m\u00e1y c\u00f3 th\u1ec3 l\u00e0m vi\u1ec7c tr\u00ean \u0111\u1ed3ng b\u1eb1ng v\u00e0 ru\u1ed9ng b\u1eadc thang, kh\u00f4ng k\u00e9n \u0111\u1ecba h\u00ecnh v\u00e0 c\u00f3 kh\u1ea3 n\u0103ng th\u00edch \u1ee9ng cao. Ngo\u00e0i ra, ch\u00fang t\u00f4i c\u0169ng c\u00f3 <a href=\"https:\/\/taizyfarmequipment.com\/vi\/san-pham\/may-nuoi-vuon-uom\/\">m\u00e1y \u01b0\u01a1m c\u00e2y gi\u1ed1ng<\/a> \u0111\u1ec3 gieo h\u1ea1t v\u00e0o khay c\u1ed1c, ph\u00f9 h\u1ee3p \u0111\u1ec3 tr\u1ed3ng trong nh\u00e0 k\u00ednh.<\/p>    <figure class=\"wp-block-gallery has-nested-images columns-default is-cropped wp-block-gallery-2 is-layout-flex wp-block-gallery-is-layout-flex\"> <figure class=\"wp-block-image size-large\"><img loading=\"lazy\" decoding=\"async\" width=\"720\" height=\"540\" data-id=\"3535\" src=\"https:\/\/taizyfarmequipment.com\/wp-content\/uploads\/2022\/06\/hand-push-soybean-seeder-0.jpg\" alt=\"m\u00e1y gieo h\u1ea1t \u0111\u1eadu n\u00e0nh \u0111\u1ea9y tay \" class=\"wp-image-3535\" title=\"m\u00e1y gieo h\u1ea1t \u0111\u1eadu n\u00e0nh \u0111\u1ea9y tay \"\/><figcaption class=\"wp-element-caption\">m\u00e1y gieo h\u1ea1t \u0111\u1eadu n\u00e0nh \u0111\u1ea9y tay<\/figcaption><\/figure>    <figure class=\"wp-block-image size-large\"><img loading=\"lazy\" decoding=\"async\" width=\"720\" height=\"540\" data-id=\"3536\" src=\"https:\/\/taizyfarmequipment.com\/wp-content\/uploads\/2022\/06\/vegetable-seed-planting-machine-0.jpg\" alt=\"m\u00e1y gieo h\u1ea1t rau\" class=\"wp-image-3536\" title=\"m\u00e1y gieo h\u1ea1t rau\"\/><figcaption class=\"wp-element-caption\">m\u00e1y gieo h\u1ea1t rau<\/figcaption><\/figure> <\/figure>    <h2 class=\"wp-block-heading\" id=\"h-application-scope-of-the-hand-push-vegetable-seeder\">Ph\u1ea1m vi \u1ee9ng d\u1ee5ng c\u1ee7a m\u00e1y gieo h\u1ea1t rau c\u1ee7 \u0111\u1ea9y tay<\/h2>    <p class=\"translation-block\">This <a href=\"https:\/\/www.agriculture-machine.com\/vegetable-seed-planters-vegetable-sowing-machine\/\" target=\"_blank\" rel=\"noopener\">hand push vegetable seeder<\/a> can plant carrots, daikon, carrots, turnips, beets, onions, spinach, radishes, daikon, carrots, turnips, beets, onions, green shoots, cabbage, asparagus, sunflower, lettuce, celery, cabbage, small cabbage, baby cabbage, choy sum, green onion, snow red, sesame, grape, pepper, cauliflower, broccoli, rapeseed, millet, soybean, wheat, forage grass, and other small and medium seeds. For seeds of different sizes, we should change different seeding trays.<\/p>    <figure class=\"wp-block-gallery has-nested-images columns-default is-cropped wp-block-gallery-3 is-layout-flex wp-block-gallery-is-layout-flex\"> <figure class=\"wp-block-image size-large\"><img loading=\"lazy\" decoding=\"async\" width=\"720\" height=\"540\" data-id=\"3532\" src=\"https:\/\/taizyfarmequipment.com\/wp-content\/uploads\/2022\/06\/seeds-0.jpg\" alt=\"h\u1ea1t gi\u1ed1ng\" class=\"wp-image-3532\" title=\"h\u1ea1t gi\u1ed1ng\"\/><figcaption class=\"wp-element-caption\">h\u1ea1t gi\u1ed1ng<\/figcaption><\/figure>    <figure class=\"wp-block-image size-large\"><img loading=\"lazy\" decoding=\"async\" width=\"720\" height=\"540\" data-id=\"3533\" src=\"https:\/\/taizyfarmequipment.com\/wp-content\/uploads\/2022\/06\/variuos-seeds-0.jpg\" alt=\"h\u1ea1t gi\u1ed1ng kh\u00e1c nhau\" class=\"wp-image-3533\" title=\"h\u1ea1t gi\u1ed1ng kh\u00e1c nhau\"\/><figcaption class=\"wp-element-caption\">h\u1ea1t gi\u1ed1ng kh\u00e1c nhau<\/figcaption><\/figure> <\/figure>    <h2 class=\"wp-block-heading\"><br><br>C\u1ea5u t\u1ea1o c\u1ee7a m\u00e1y gieo h\u1ea1t rau c\u1ee7<\/h2>    <p>M\u00e1y gieo h\u1ea1t rau ch\u1ee7 y\u1ebfu bao g\u1ed3m ngu\u1ed3n \u0111i\u1ec7n, d\u1ee5ng c\u1ee5 m\u1edf, h\u1ed9p gieo h\u1ea1t, tay v\u1ecbn, b\u00e1nh xe ph\u1ee7 \u0111\u1ea5t, b\u00e1nh xe, v.v.<\/p>    <figure class=\"wp-block-image size-full\"><img loading=\"lazy\" decoding=\"async\" width=\"720\" height=\"540\" src=\"https:\/\/taizyfarmequipment.com\/wp-content\/uploads\/2022\/06\/tomato-seed-planting-machine-0.jpg\" alt=\"m\u00e1y gieo h\u1ea1t c\u00e0 chua\" class=\"wp-image-3534\" title=\"m\u00e1y gieo h\u1ea1t c\u00e0 chua\"\/><figcaption class=\"wp-element-caption\">m\u00e1y gieo h\u1ea1t c\u00e0 chua<\/figcaption><\/figure>    <h2 class=\"wp-block-heading\">Nguy\u00ean l\u00fd ho\u1ea1t \u0111\u1ed9ng c\u1ee7a m\u00e1y gieo h\u1ea1t c\u00e0 chua<\/h2>    <p>Sau khi h\u1ec7 th\u1ed1ng ki\u1ec3m so\u00e1t gieo h\u1ea1t \u0111\u1ecba ph\u01b0\u01a1ng ki\u1ec3m so\u00e1t ch\u00ednh x\u00e1c s\u1ed1 l\u01b0\u1ee3ng h\u1ea1t \u0111\u01b0\u1ee3c gieo, c\u00e1c h\u1ea1t t\u01b0\u01a1ng \u0111\u1ed1i \u0111\u1ec1u \u0111\u1eb7n v\u00e0 c\u00e1c h\u1ea1t \u0111\u01a1n l\u1ebb \u0111\u01b0\u1ee3c th\u1ea3i v\u00e0o l\u1edbp \u0111\u1ea5t. Cu\u1ed1i c\u00f9ng, kho\u1ea3ng c\u00e1ch gi\u1eefa c\u00e1c c\u00e2y l\u00e0 t\u1ef1 nhi\u00ean v\u00e0 h\u1ee3p l\u00fd, gi\u00fap ti\u1ebft ki\u1ec7m c\u00f4ng s\u1ee9c tr\u1ed3ng tr\u1ecdt v\u00e0 t\u1ec9a th\u01b0a nh\u00e2n t\u1ea1o. \u0110\u1ed3ng th\u1eddi, hi\u1ec7u qu\u1ea3 gieo h\u1ea1t g\u1ea5p h\u01a1n 15 l\u1ea7n so v\u1edbi gieo h\u1ea1t th\u1ee7 c\u00f4ng. <\/p>    <h2 class=\"wp-block-heading\">Th\u00f4ng s\u1ed1 k\u1ef9 thu\u1eadt c\u1ee7a m\u00e1y gieo h\u1ea1t rau c\u1ee7 \u0111\u1ea9y tay<\/h2>    <figure class=\"wp-block-table\"><table><tbody><tr><td>Ph\u01b0\u01a1ng ph\u00e1p b\u1eaft \u0111\u1ea7u<\/td><td>kh\u1edfi \u0111\u1ed9ng k\u00e9o tay<\/td><\/tr><tr><td>Quy\u1ec1n l\u1ef1c<\/td><td>\u0110\u1ed9ng c\u01a1 x\u0103ng 170 4.0KW<\/td><\/tr><tr><td>C\u00e2n n\u1eb7ng<\/td><td>160kg<\/td><\/tr><tr><td>K\u00edch th\u01b0\u1edbc \u0111\u00f3ng g\u00f3i<\/td><td>1160*1260*870mm<\/td><\/tr><\/tbody><\/table><figcaption class=\"wp-element-caption\">Tay \u0111\u1ea9y h\u1ea1t gi\u1ed1ng c\u00e2y gi\u1ed1ng c\u00e2y gi\u1ed1ng<\/figcaption><\/figure>    <h2 class=\"wp-block-heading\"><br>M\u00e1y tr\u1ed3ng rau c\u00f3 \u0111\u1eb7c \u0111i\u1ec3m g\u00ec?<\/h2>    <ol class=\"wp-block-list\"> <li>M\u00e1y tr\u1ed3ng rau c\u00f3 th\u1ec3 ho\u00e0n th\u00e0nh vi\u1ec7c m\u01b0\u01a1ng, gieo h\u1ea1t, ph\u1ee7 \u0111\u1ea5t v\u00e0 n\u1ed5 m\u00ecn c\u00f9ng m\u1ed9t l\u00fac.<\/li>    <li>V\u1edbi nh\u00e0 m\u00e1y \u0111i\u1ec7n ri\u00eang, n\u00f3 ph\u00f9 h\u1ee3p cho c\u00e1c ho\u1ea1t \u0111\u1ed9ng quy m\u00f4 l\u1edbn. V\u00e0 c\u00f3 th\u1ec3 l\u00e0m vi\u1ec7c tr\u00ean s\u01b0\u1eddn n\u00fai.<\/li>    <li>H\u1ea1t nh\u1ecf c\u00f3 t\u00e1c d\u1ee5ng t\u1ed1t trong th\u00e2m canh.<\/li>    <li>D\u1ec5 d\u00e0ng v\u1eadn h\u00e0nh v\u00e0 kh\u00e9o l\u00e9o khi xoay.<\/li>    <li>B\u00e1nh xe gieo h\u1ea1t l\u00e0m b\u1eb1ng v\u1eadt li\u1ec7u \u0111\u1eb7c bi\u1ec7t c\u00f3 th\u1ec3 th\u1ea3 h\u1ea1t ch\u00ednh x\u00e1c. V\u00e0 c\u00f3 t\u1ef7 l\u1ec7 r\u01a1i h\u1ea1t cao. V\u00ec v\u1eady, m\u00e1y n\u00e0y c\u0169ng ti\u1ebft ki\u1ec7m h\u1ea1t gi\u1ed1ng.<\/li>    <li>Hai b\u00ean c\u00f3 b\u00e1nh xe cao su di chuy\u1ec3n \u0111\u01b0\u1ee3c. V\u00ec v\u1eady, thu\u1eadn ti\u1ec7n cho vi\u1ec7c c\u1ea5t gi\u1eef v\u00e0 di chuy\u1ec3n ch\u1eadu tr\u1ed3ng c\u00e2y khi kh\u00f4ng ho\u1ea1t \u0111\u1ed9ng.<\/li>    <li>Lo\u1ea1i b\u00e1nh gieo h\u1ea1t, l\u1eafp r\u00e1p mi\u1ec5n ph\u00ed. V\u00ec v\u1eady, c\u00f3 th\u1ec3 th\u00e1o r\u1eddi \u0111\u1ec3 t\u0103ng gi\u1ea3m s\u1ed1 l\u01b0\u1ee3ng h\u00e0ng.<\/li>    <li>Ch\u00fang ta c\u00f3 th\u1ec3 thay \u0111\u1ed5i b\u00e1nh gieo h\u1ea1t \u0111\u1ec3 gieo c\u00e1c lo\u1ea1i h\u1ea1t kh\u00e1c nhau.<\/li>    <li>K\u1ebft h\u1ee3p ng\u1eabu nhi\u00ean c\u00e1c lo\u1ea1i b\u00e1nh r\u0103ng kh\u00e1c nhau \u0111\u1ec3 \u0111i\u1ec1u ch\u1ec9nh kho\u1ea3ng c\u00e1ch gi\u1eefa c\u00e1c c\u00e2y.<\/li> <\/ol>    <p><\/p>","protected":false},"excerpt":{"rendered":"<p>B\u00e0n tay \u0111\u1ea9y c\u00e2y gi\u1ed1ng rau c\u00f3 th\u1ec3 gieo nhi\u1ec1u lo\u1ea1i h\u1ea1t rau. V\u00e0 ch\u00fang t\u00f4i c\u00f3 c\u00e1c h\u00e0ng kh\u00e1c nhau, c\u00f3 th\u1ec3 \u0111\u00e1p \u1ee9ng nhu c\u1ea7u kh\u00e1c nhau c\u1ee7a kh\u00e1ch h\u00e0ng. <\/p>","protected":false},"author":1,"featured_media":3531,"parent":0,"template":"","tags":[],"product-type":[235],"class_list":["post-3529","product","type-product","status-publish","has-post-thumbnail","hentry","product-type-planter"],"_links":{"self":[{"href":"https:\/\/taizyfarmequipment.com\/vi\/wp-json\/wp\/v2\/product\/3529","targetHints":{"allow":["GET"]}}],"collection":[{"href":"https:\/\/taizyfarmequipment.com\/vi\/wp-json\/wp\/v2\/product"}],"about":[{"href":"https:\/\/taizyfarmequipment.com\/vi\/wp-json\/wp\/v2\/types\/product"}],"author":[{"embeddable":true,"href":"https:\/\/taizyfarmequipment.com\/vi\/wp-json\/wp\/v2\/users\/1"}],"wp:featuredmedia":[{"embeddable":true,"href":"https:\/\/taizyfarmequipment.com\/vi\/wp-json\/wp\/v2\/media\/3531"}],"wp:attachment":[{"href":"https:\/\/taizyfarmequipment.com\/vi\/wp-json\/wp\/v2\/media?parent=3529"}],"wp:term":[{"taxonomy":"post_tag","embeddable":true,"href":"https:\/\/taizyfarmequipment.com\/vi\/wp-json\/wp\/v2\/tags?post=3529"},{"taxonomy":"product-type","embeddable":true,"href":"https:\/\/taizyfarmequipment.com\/vi\/wp-json\/wp\/v2\/product-type?post=3529"}],"curies":[{"name":"wp","href":"https:\/\/api.w.org\/{rel}","templated":true}]}}