{"id":3552,"date":"2022-06-10T09:35:42","date_gmt":"2022-06-10T09:35:42","guid":{"rendered":"https:\/\/taizyfarmequipment.com\/?post_type=product&#038;p=3552"},"modified":"2025-06-18T17:34:51","modified_gmt":"2025-06-18T09:34:51","slug":"may-boc-vo-ngo","status":"publish","type":"product","link":"https:\/\/taizyfarmequipment.com\/vi\/product\/maize-sheller-machine\/","title":{"rendered":"M\u00e1y t\u00e1ch h\u1ea1t ng\u00f4 | M\u00e1y thu ho\u1ea1ch ng\u00f4 c\u00f4ng su\u1ea5t cao"},"content":{"rendered":"<div class=\"kk-star-ratings kksr-auto kksr-align-left kksr-valign-top\"     data-payload='{&quot;align&quot;:&quot;left&quot;,&quot;id&quot;:&quot;3552&quot;,&quot;slug&quot;:&quot;default&quot;,&quot;valign&quot;:&quot;top&quot;,&quot;ignore&quot;:&quot;&quot;,&quot;reference&quot;:&quot;auto&quot;,&quot;class&quot;:&quot;&quot;,&quot;count&quot;:&quot;15&quot;,&quot;legendonly&quot;:&quot;&quot;,&quot;readonly&quot;:&quot;&quot;,&quot;score&quot;:&quot;4.7&quot;,&quot;starsonly&quot;:&quot;&quot;,&quot;best&quot;:&quot;5&quot;,&quot;gap&quot;:&quot;5&quot;,&quot;greet&quot;:&quot;Rate this product&quot;,&quot;legend&quot;:&quot;4.7\\\/5 - (15 b\u00ecnh ch\u1ecdn)&quot;,&quot;size&quot;:&quot;24&quot;,&quot;title&quot;:&quot;Maize sheller machine | High capacity corn threshing machine&quot;,&quot;width&quot;:&quot;133.8&quot;,&quot;_legend&quot;:&quot;{score}\\\/{best} - ({count} {votes})&quot;,&quot;font_factor&quot;:&quot;1.25&quot;}'>              <div class=\"kksr-stars\">      <div class=\"kksr-stars-inactive\">             <div class=\"kksr-star\" data-star=\"1\" style=\"padding-right: 5px\">               <div class=\"kksr-icon\" style=\"width: 24px; height: 24px;\"><\/div>         <\/div>             <div class=\"kksr-star\" data-star=\"2\" style=\"padding-right: 5px\">               <div class=\"kksr-icon\" style=\"width: 24px; height: 24px;\"><\/div>         <\/div>             <div class=\"kksr-star\" data-star=\"3\" style=\"padding-right: 5px\">               <div class=\"kksr-icon\" style=\"width: 24px; height: 24px;\"><\/div>         <\/div>             <div class=\"kksr-star\" data-star=\"4\" style=\"padding-right: 5px\">               <div class=\"kksr-icon\" style=\"width: 24px; height: 24px;\"><\/div>         <\/div>             <div class=\"kksr-star\" data-star=\"5\" style=\"padding-right: 5px\">               <div class=\"kksr-icon\" style=\"width: 24px; height: 24px;\"><\/div>         <\/div>     <\/div>      <div class=\"kksr-stars-active\" style=\"width: 133.8px;\">             <div class=\"kksr-star\" style=\"padding-right: 5px\">               <div class=\"kksr-icon\" style=\"width: 24px; height: 24px;\"><\/div>         <\/div>             <div class=\"kksr-star\" style=\"padding-right: 5px\">               <div class=\"kksr-icon\" style=\"width: 24px; height: 24px;\"><\/div>         <\/div>             <div class=\"kksr-star\" style=\"padding-right: 5px\">               <div class=\"kksr-icon\" style=\"width: 24px; height: 24px;\"><\/div>         <\/div>             <div class=\"kksr-star\" style=\"padding-right: 5px\">               <div class=\"kksr-icon\" style=\"width: 24px; height: 24px;\"><\/div>         <\/div>             <div class=\"kksr-star\" style=\"padding-right: 5px\">               <div class=\"kksr-icon\" style=\"width: 24px; height: 24px;\"><\/div>         <\/div>     <\/div> <\/div>                   <div class=\"kksr-legend\" style=\"font-size: 19.2px;\">             4.7\/5 - (15 l\u01b0\u1ee3t b\u00ecnh ch\u1ecdn)    <\/div>     <\/div>  <p class=\"translation-block\">M\u00e1y <strong>Tu\u1ed1t Ng\u00f4<\/strong> l\u00e0 thi\u1ebft b\u1ecb tu\u1ed1t ng\u00f4 hi\u1ec7u su\u1ea5t cao gi\u00fap \u0111\u01a1n gi\u1ea3n h\u00f3a quy tr\u00ecnh sau thu ho\u1ea1ch cho n\u00f4ng d\u00e2n v\u00e0 nh\u00e0 ch\u1ebf bi\u1ebfn ng\u0169 c\u1ed1c. <\/p>    <p>C\u00f3 kh\u1ea3 n\u0103ng x\u1eed l\u00fd l\u00ean \u0111\u1ebfn 6 t\u1ea5n ng\u00f4 kh\u00f4 m\u1ed7i gi\u1edd, m\u00e1y n\u00e0y \u0111\u1ea3m b\u1ea3o t\u1ef7 l\u1ec7 t\u00e1ch v\u1ecf \u1ea5n t\u01b0\u1ee3ng tr\u00ean 99,5% v\u1edbi t\u1ef7 l\u1ec7 h\u01b0 h\u1ea1i d\u01b0\u1edbi 1,5%. N\u00f3 k\u1ebft h\u1ee3p vi\u1ec7c t\u00e1ch v\u1ecf, ph\u00e2n t\u00e1ch, l\u00e0m s\u1ea1ch v\u00e0 x\u1ea3 h\u1ea1t th\u00e0nh m\u1ed9t quy tr\u00ecnh m\u01b0\u1ee3t m\u00e0. <\/p>    <p>\u0110\u01b0\u1ee3c cung c\u1ea5p n\u0103ng l\u01b0\u1ee3ng b\u1edfi \u0111\u1ed9ng c\u01a1 diesel ho\u1eb7c \u0111\u1ed9ng c\u01a1 \u0111i\u1ec7n, m\u00e1y t\u00e1ch h\u1ea1t ng\u00f4 c\u00f3 h\u1ec7 th\u1ed1ng c\u1ea5p li\u1ec7u b\u0103ng t\u1ea3i, b\u1ed9 x\u1ea3 xo\u00e1y v\u00e0 c\u00e1c th\u00e0nh ph\u1ea7n \u0111i\u1ec1u ch\u1ec9nh \u0111\u1ec3 ph\u00f9 h\u1ee3p v\u1edbi c\u00e1c \u0111i\u1ec1u ki\u1ec7n l\u00e0m vi\u1ec7c kh\u00e1c nhau. <\/p>    <figure class=\"wp-block-embed is-type-video is-provider-youtube wp-block-embed-youtube wp-embed-aspect-16-9 wp-has-aspect-ratio\"><div class=\"wp-block-embed__wrapper\"> <iframe loading=\"lazy\" title=\"M\u00e1y t\u00e1ch h\u1ea1t ng\u00f4 hi\u1ec7u su\u1ea5t cao \u2013 T\u1ed1i \u0111a h\u00f3a v\u1ee5 thu ho\u1ea1ch c\u1ee7a b\u1ea1n! #ng\u00f4 #ng\u00f4 #t\u00e1chh\u1ea1t #n\u00f4ngnghi\u1ec7p\" width=\"500\" height=\"281\" src=\"https:\/\/www.youtube.com\/embed\/R3A8AMbCGYA?feature=oembed\" frameborder=\"0\" allow=\"accelerometer; autoplay; clipboard-write; encrypted-media; gyroscope; picture-in-picture; web-share\" referrerpolicy=\"strict-origin-when-cross-origin\" allowfullscreen><\/iframe> <\/div><figcaption class=\"wp-element-caption\">video m\u00e1y t\u00e1ch h\u1ea1t ng\u00f4<\/figcaption><\/figure>    <h2 class=\"wp-block-heading\" id=\"h-what-is-a-sheller-machine\">m\u00e1y t\u00e1ch h\u1ea1t ng\u00f4 b\u00e1n<\/h2>    <p class=\"translation-block\"><strong>M\u00e1y tu\u1ed1t ng\u00f4 b\u00e1n<\/strong> \u2013 \u0111\u01b0\u1ee3c thi\u1ebft k\u1ebf \u0111\u1ec3 t\u00e1ch h\u1ea1t ng\u00f4 kh\u1ecfi b\u1eafp m\u1ed9t c\u00e1ch hi\u1ec7u qu\u1ea3 v\u1edbi kh\u1ed1i l\u01b0\u1ee3ng l\u1edbn. M\u00e1y \u0111a n\u0103ng n\u00e0y h\u1ed7 tr\u1ee3 c\u1ea3 t\u00f9y ch\u1ecdn \u0111\u1ed9ng c\u01a1 diesel v\u00e0 \u0111\u1ed9ng c\u01a1 \u0111i\u1ec7n, \u0111\u00e1p \u1ee9ng nhu c\u1ea7u ngu\u1ed3n cung c\u1ea5p \u0111i\u1ec7n \u0111a d\u1ea1ng c\u1ee7a kh\u00e1ch h\u00e0ng \u1edf c\u00e1c v\u00f9ng kh\u00e1c nhau. <\/p>    <p>\u0110\u1ec3 t\u0103ng c\u01b0\u1eddng s\u1ef1 ti\u1ec7n l\u1ee3i, c\u00e1c ph\u1ee5 ki\u1ec7n t\u00f9y ch\u1ecdn nh\u01b0 \u1ed1ng chuy\u1ec3n t\u1ea3i h\u1ea1t v\u00e0 b\u0103ng t\u1ea3i c\u00f3 s\u1eb5n, gi\u00fap gi\u1ea3m \u0111\u00e1ng k\u1ec3 n\u1ed7 l\u1ef1c th\u1ee7 c\u00f4ng trong qu\u00e1 tr\u00ecnh v\u1eadn h\u00e0nh. <\/p>    <p class=\"translation-block\">B\u00ean c\u1ea1nh m\u00e1y tu\u1ed1t ng\u00f4 kh\u00f4, ch\u00fang t\u00f4i c\u0169ng cung c\u1ea5p <strong><a href=\"https:\/\/taizyfarmequipment.com\/vi\/san-pham\/may-boc-vo-ngo-tuoi\/\" data-type=\"link\" data-id=\"https:\/\/taizyfarmequipment.com\/product\/fresh-corn-shelling-machine\/\">m\u00e1y tu\u1ed1t ng\u00f4 t\u01b0\u01a1i<\/a><\/strong> \u0111\u01b0\u1ee3c ch\u1ebf t\u1ea1o ri\u00eang \u0111\u1ec3 x\u1eed l\u00fd ng\u00f4 ch\u01b0a ph\u01a1i kh\u00f4, mang l\u1ea1i s\u1ef1 linh ho\u1ea1t h\u01a1n cho c\u00e1c \u0111i\u1ec1u ki\u1ec7n thu ho\u1ea1ch kh\u00e1c nhau.<\/p>    <figure class=\"wp-block-gallery has-nested-images columns-default is-cropped wp-block-gallery-2 is-layout-flex wp-block-gallery-is-layout-flex\"> <figure class=\"wp-block-image size-large\"><img loading=\"lazy\" decoding=\"async\" width=\"720\" height=\"540\" data-id=\"3555\" src=\"https:\/\/taizyfarmequipment.com\/wp-content\/uploads\/2022\/06\/maize-sheller-machine-1.jpg\" alt=\"m\u00e1y b\u00f3c v\u1ecf ng\u00f4\" class=\"wp-image-3555\" title=\"m\u00e1y b\u00f3c v\u1ecf ng\u00f4\"\/><figcaption class=\"wp-element-caption\">m\u00e1y b\u00f3c v\u1ecf ng\u00f4<\/figcaption><\/figure>    <figure class=\"wp-block-image size-large\"><img loading=\"lazy\" decoding=\"async\" width=\"720\" height=\"540\" data-id=\"3556\" src=\"https:\/\/taizyfarmequipment.com\/wp-content\/uploads\/2022\/06\/corn-thresher-machine-.jpg\" alt=\"m\u00e1y tu\u1ed1t ng\u00f4 \" class=\"wp-image-3556\" title=\"m\u00e1y tu\u1ed1t ng\u00f4 \"\/><figcaption class=\"wp-element-caption\">m\u00e1y tu\u1ed1t ng\u00f4 <\/figcaption><\/figure> <\/figure>    <h2 class=\"wp-block-heading\">C\u1ea5u t\u1ea1o c\u1ee7a m\u00e1y b\u00f3c v\u1ecf ng\u00f4<\/h2>    <p>M\u00e1y t\u00e1ch h\u1ea1t ng\u00f4 c\u00f3 c\u1ea5u tr\u00fac thi\u1ebft k\u1ebf t\u1ed1t \u0111\u1ea3m b\u1ea3o qu\u00e1 tr\u00ecnh t\u00e1ch h\u1ea1t ng\u00f4 hi\u1ec7u qu\u1ea3 v\u00e0 d\u1ec5 v\u1eadn h\u00e0nh. N\u00f3 \u0111\u01b0\u1ee3c ch\u1ebf t\u1ea1o v\u1edbi c\u00e1c th\u00e0nh ph\u1ea7n b\u1ec1n b\u1ec9, ho\u1ea1t \u0111\u1ed9ng c\u00f9ng nhau \u0111\u1ec3 t\u00e1ch h\u1ea1t ng\u00f4 ra kh\u1ecfi b\u1eafp trong khi gi\u1ea3m thi\u1ec3u c\u00f4ng s\u1ee9c lao \u0111\u1ed9ng.<\/p>    <div class=\"wp-block-media-text is-stacked-on-mobile\"><figure class=\"wp-block-media-text__media\"><img loading=\"lazy\" decoding=\"async\" width=\"720\" height=\"540\" src=\"https:\/\/taizyfarmequipment.com\/wp-content\/uploads\/2022\/06\/high-capacity-corn-threshing-machine-.jpg\" alt=\"m\u00e1y tu\u1ed1t ng\u00f4 c\u00f4ng su\u1ea5t cao\" class=\"wp-image-3557 size-full\"\/><\/figure><div class=\"wp-block-media-text__content\"> <ul class=\"wp-block-list\"> <li><strong>c\u1ed5ng v\u00e0o ng\u00f4<\/strong> \u2013 N\u01a1i m\u00e0 ng\u00f4 \u0111\u01b0\u1ee3c cho v\u00e0o m\u00e1y.<\/li>    <li><strong>Thi\u1ebft b\u1ecb th\u00f3c v\u00e0 l\u0103n b\u00ean trong<\/strong> \u2013 Ch\u1ecbu tr\u00e1ch nhi\u1ec7m t\u00e1ch h\u1ea1t ra kh\u1ecfi b\u1eafp th\u00f4ng qua s\u1ef1 quay nhanh v\u00e0 ma s\u00e1t.<\/li>    <li><strong>C\u1eeda ra h\u1ea1t ng\u00f4<\/strong> \u2013 Th\u1ea3i h\u1ea1t \u0111\u00e3 t\u00e1ch ra sau khi x\u1eed l\u00fd.<\/li>    <li><strong>C\u1eeda ra b\u1eafp ng\u00f4<\/strong> \u2013 Th\u1ea3i b\u1eafp r\u1ed7ng ri\u00eang bi\u1ec7t \u0111\u1ec3 gi\u1eef cho quy tr\u00ecnh s\u1ea1ch s\u1ebd v\u00e0 hi\u1ec7u qu\u1ea3.<\/li>    <li><strong>H\u1ec7 th\u1ed1ng n\u0103ng l\u01b0\u1ee3ng<\/strong> \u2013 \u0110\u01b0\u1ee3c trang b\u1ecb \u0111\u1ed9ng c\u01a1 \u0111i\u1ec7n ho\u1eb7c \u0111\u1ed9ng c\u01a1 diesel \u0111\u1ec3 ph\u00f9 h\u1ee3p v\u1edbi c\u00e1c ngu\u1ed3n n\u0103ng l\u01b0\u1ee3ng kh\u00e1c nhau.<\/li>    <li><strong>Khung m\u00e1y<\/strong> \u2013 Cung c\u1ea5p m\u1ed9t n\u1ec1n t\u1ea3ng \u1ed5n \u0111\u1ecbnh \u0111\u1ec3 h\u1ed7 tr\u1ee3 t\u1ea5t c\u1ea3 c\u00e1c th\u00e0nh ph\u1ea7n trong qu\u00e1 tr\u00ecnh ho\u1ea1t \u0111\u1ed9ng.<\/li> <\/ul> <\/div><\/div>    <p class=\"translation-block\"><strong>Thi\u1ebft b\u1ecb t\u00f9y ch\u1ecdn:<\/strong> \u0110\u1ec3 t\u0103ng hi\u1ec7u qu\u1ea3 l\u00e0m vi\u1ec7c, m\u00e1y tu\u1ed1t ng\u00f4 c\u00f3 th\u1ec3 \u0111\u01b0\u1ee3c trang b\u1ecb <strong>b\u0103ng chuy\u1ec1n<\/strong> v\u00e0 <strong>\u1ed1ng chuy\u1ec3n ng\u0169 c\u1ed1c<\/strong>. B\u0103ng chuy\u1ec1n \u0111\u01a1n gi\u1ea3n h\u00f3a qu\u00e1 tr\u00ecnh n\u1ea1p b\u1eb1ng c\u00e1ch t\u1ef1 \u0111\u1ed9ng \u0111\u01b0a ng\u00f4 v\u00e0o bu\u1ed3ng tu\u1ed1t, gi\u1ea3m nhu c\u1ea7u x\u1eed l\u00fd th\u1ee7 c\u00f4ng. <\/p>    <p>Trong khi \u0111\u00f3, \u1ed1ng chuy\u1ec3n h\u1ea1t cho ph\u00e9p thu th\u1eadp v\u00e0 v\u1eadn chuy\u1ec3n h\u1ea1t \u0111\u00e3 b\u00f3c v\u1ecf \u0111\u1ebfn m\u1ed9t \u0111\u1ecba \u0111i\u1ec3m \u0111\u01b0\u1ee3c ch\u1ec9 \u0111\u1ecbnh. C\u1ea3 hai b\u1ed5 sung n\u00e0y gi\u00fap ti\u1ebft ki\u1ec7m lao \u0111\u1ed9ng v\u00e0 l\u00e0m cho to\u00e0n b\u1ed9 ho\u1ea1t \u0111\u1ed9ng tr\u1edf n\u00ean thu\u1eadn ti\u1ec7n v\u00e0 h\u1ee3p l\u00fd h\u01a1n.<\/p>    <h2 class=\"wp-block-heading\">\u0110\u1eb7c \u0111i\u1ec3m k\u1ef9 thu\u1eadt c\u1ee7a m\u00e1y b\u00f3c v\u1ecf ng\u00f4 th\u01b0\u01a1ng m\u1ea1i<\/h2>    <figure class=\"wp-block-table\"><table><tbody><tr><td>Ng\u01b0\u1eddi m\u1eabu<\/td><td>5TY-80D (c\u00f3 b\u1ed9 c\u1ea5p li\u1ec7u v\u00e0 b\u0103ng t\u1ea3i n\u00e2ng)<\/td><\/tr><tr><td>Quy\u1ec1n l\u1ef1c<\/td><td>\u0110\u1ed9ng c\u01a1 diesel 15HP ho\u1eb7c \u0111\u1ed9ng c\u01a1 7,5 KW<\/td><\/tr><tr><td>Dung t\u00edch<\/td><td>6t\/h (H\u1ea1t ng\u00f4)<\/td><\/tr><tr><td>T\u1ef7 l\u1ec7 \u0111\u1eadp<\/td><td>\u226599,5%<\/td><\/tr><tr><td>T\u1ef7 l\u1ec7 t\u1ed5n th\u1ea5t<\/td><td>2,0%<\/td><\/tr><tr><td>T\u1ef7 l\u1ec7 v\u1ee1<\/td><td>.5%<\/td><\/tr><tr><td>T\u1ef7 l\u1ec7 t\u1ea1p ch\u1ea5t<\/td><td>.0%<\/td><\/tr><tr><td>C\u00e2n n\u1eb7ng<\/td><td>350kg<\/td><\/tr><tr><td>K\u00edch c\u1ee1<\/td><td>3860*1360*2480\u00a0mm<\/td><\/tr><\/tbody><\/table><figcaption class=\"wp-element-caption\"><strong>m\u00e1y b\u00f3c v\u1ecf ng\u00f4 th\u01b0\u01a1ng m\u1ea1i<\/strong>c\u00e1c tham s\u1ed1 c\u1ee7a<\/figcaption><\/figure>    <h2 class=\"wp-block-heading\">Quy tr\u00ecnh l\u00e0m vi\u1ec7c c\u1ee7a m\u00e1y b\u00f3c v\u1ecf ng\u00f4<\/h2>    <div class=\"wp-block-media-text has-media-on-the-right is-stacked-on-mobile\"><div class=\"wp-block-media-text__content\"> <ul class=\"wp-block-list\"> <li><strong>Cho ng\u00f4 v\u00e0o b\u0103ng t\u1ea3i<\/strong> <ul class=\"wp-block-list\"> <li>Ng\u01b0\u1eddi d\u00f9ng b\u1eaft \u0111\u1ea7u b\u1eb1ng c\u00e1ch \u0111\u1eb7t ng\u00f4 l\u00ean b\u0103ng t\u1ea3i c\u1ee7a m\u00e1y t\u00e1ch h\u1ea1t ng\u00f4.<\/li> <\/ul> <\/li>    <li><strong>Giao h\u00e0ng b\u1eb1ng b\u0103ng t\u1ea3i \u0111\u1ebfn bu\u1ed3ng \u0111\u1eadp<\/strong> <ul class=\"wp-block-list\"> <li>B\u0103ng t\u1ea3i di chuy\u1ec3n li\u00ean t\u1ee5c, mang ng\u00f4 v\u00e0 chuy\u1ec3n n\u00f3 v\u00e0o bu\u1ed3ng t\u00e1ch h\u1ea1t c\u1ee7a m\u00e1y.<\/li> <\/ul> <\/li>    <li><strong>H\u00e0nh \u0111\u1ed9ng \u0111\u1eadp b\u00ean trong bu\u1ed3ng<\/strong> <ul class=\"wp-block-list\"> <li>Khi v\u00e0o bu\u1ed3ng t\u00e1ch h\u1ea1t, ng\u00f4 g\u1eb7p ph\u1ea3i con l\u0103n b\u1eb1ng s\u1eaft v\u00e0 l\u01b0\u1edbi.<\/li>    <li>Con l\u0103n s\u1eaft quay v\u00e0, th\u00f4ng qua s\u1ef1 t\u01b0\u01a1ng t\u00e1c v\u1edbi m\u00e0n h\u00ecnh, \u00e1p d\u1ee5ng l\u1ef1c ma s\u00e1t v\u00e0 va ch\u1ea1m l\u00ean ng\u00f4. H\u00e0nh \u0111\u1ed9ng n\u00e0y gi\u00fap xay ng\u00f4, l\u00e0m l\u1ecfng c\u00e1c h\u1ea1t ng\u00f4 ra kh\u1ecfi b\u1eafp.<\/li> <\/ul> <\/li> <\/ul> <\/div><figure class=\"wp-block-media-text__media\"><img loading=\"lazy\" decoding=\"async\" width=\"720\" height=\"540\" src=\"https:\/\/taizyfarmequipment.com\/wp-content\/uploads\/2022\/06\/automatic-corn-threshing-machine-.jpg\" alt=\"m\u00e1y tu\u1ed1t ng\u00f4 t\u1ef1 \u0111\u1ed9ng \" class=\"wp-image-3559 size-full\"\/><\/figure><\/div>    <div class=\"wp-block-media-text is-stacked-on-mobile\"><figure class=\"wp-block-media-text__media\"><img loading=\"lazy\" decoding=\"async\" width=\"720\" height=\"540\" src=\"https:\/\/taizyfarmequipment.com\/wp-content\/uploads\/2022\/06\/high-speed-maize-sheller-machine-.jpg\" alt=\"m\u00e1y b\u00f3c v\u1ecf ng\u00f4 t\u1ed1c \u0111\u1ed9 cao\" class=\"wp-image-3561 size-full\"\/><\/figure><div class=\"wp-block-media-text__content\"> <ul class=\"wp-block-list\"> <li><strong>T\u00e1ch b\u1eafp ng\u00f4 v\u00e0 h\u1ea1t<\/strong> <ul class=\"wp-block-list\"> <li>Sau khi \u0111\u00e3 \u0111\u1eadp, c\u00e1c c\u01a1 ch\u1ebf b\u00ean trong c\u1ee7a m\u00e1y, c\u00f3 th\u1ec3 d\u1ef1a v\u00e0o c\u00e1c y\u1ebfu t\u1ed1 nh\u01b0 k\u00edch th\u01b0\u1edbc, h\u00ecnh d\u1ea1ng v\u00e0 s\u1ef1 kh\u00e1c bi\u1ec7t v\u1ec1 tr\u1ecdng l\u01b0\u1ee3ng, s\u1ebd t\u00e1ch b\u1eafp ng\u00f4 ra kh\u1ecfi h\u1ea1t.<\/li> <\/ul> <\/li>    <li><strong>Th\u1ea3i ra t\u1eeb c\u00e1c c\u1eeda ra t\u01b0\u01a1ng \u1ee9ng<\/strong> <ul class=\"wp-block-list\"> <li>C\u00e1c h\u1ea1t ng\u00f4 \u0111\u00e3 \u0111\u01b0\u1ee3c t\u00e1ch ra s\u1ebd tho\u00e1t kh\u1ecfi m\u00e1y qua l\u1ed1i ra h\u1ea1t \u0111\u01b0\u1ee3c ch\u1ec9 \u0111\u1ecbnh.<\/li>    <li>C\u00e1c b\u1eafp ng\u00f4 \u0111\u01b0\u1ee3c th\u1ea3i ra t\u1eeb l\u1ed1i ra b\u1eafp, ho\u00e0n th\u00e0nh quy tr\u00ecnh t\u00e1ch h\u1ea1t.<\/li> <\/ul> <\/li> <\/ul> <\/div><\/div>    <h2 class=\"wp-block-heading\"><strong>\u01afu \u0111i\u1ec3m c\u1ee7a m\u00e1y tu\u1ed1t ng\u00f4 t\u1ef1 \u0111\u1ed9ng<\/strong><\/h2>    <div class=\"wp-block-media-text has-media-on-the-right is-stacked-on-mobile\"><div class=\"wp-block-media-text__content\"> <ul class=\"wp-block-list\"> <li><strong>Nhi\u1ec1u ch\u1ee9c n\u0103ng trong m\u1ed9t b\u01b0\u1edbc<\/strong> \u2013 M\u00e1y n\u00e0y t\u00edch h\u1ee3p t\u00e1ch h\u1ea1t, ph\u00e2n t\u00e1ch, l\u00e0m s\u1ea1ch v\u00e0 x\u1ebfp ch\u1ed3ng, ho\u00e0n th\u00e0nh t\u1ea5t c\u1ea3 c\u00e1c nhi\u1ec7m v\u1ee5 trong m\u1ed9t ho\u1ea1t \u0111\u1ed9ng duy nh\u1ea5t.<\/li>    <li><strong>Hi\u1ec7u su\u1ea5t cao<\/strong> \u2013 V\u1edbi c\u00f4ng su\u1ea5t l\u00ean \u0111\u1ebfn 6 t\u1ea5n m\u1ed7i gi\u1edd, n\u00f3 c\u1ea3i thi\u1ec7n \u0111\u00e1ng k\u1ec3 n\u0103ng su\u1ea5t.<\/li>    <li><strong>Hi\u1ec7u su\u1ea5t xu\u1ea5t s\u1eafc<\/strong> \u2013 N\u00f3 \u0111\u1ea3m b\u1ea3o t\u1ef7 l\u1ec7 lo\u1ea1i b\u1ecf h\u1ea1t cao v\u00e0 cung c\u1ea5p s\u1ea3n ph\u1ea9m cu\u1ed1i c\u00f9ng s\u1ea1ch s\u1ebd.<\/li>    <li><strong>C\u1ea5u tr\u00fac b\u1ec1n<\/strong> \u2013 \u0110\u01b0\u1ee3c x\u00e2y d\u1ef1ng b\u1eb1ng v\u1eadt li\u1ec7u ch\u1ea5t l\u01b0\u1ee3ng cao, m\u00e1y ch\u1eafc ch\u1eafn v\u00e0 \u0111\u00e1ng tin c\u1eady cho vi\u1ec7c s\u1eed d\u1ee5ng l\u00e2u d\u00e0i.<\/li>    <li><strong>V\u1eadn chuy\u1ec3n h\u1ea1t hi\u1ec7u qu\u1ea3<\/strong> \u2013 \u1ed0ng truy\u1ec1n h\u1ea1t t\u00f9y ch\u1ecdn gi\u00fap v\u1eadn chuy\u1ec3n h\u1ea1t ng\u00f4 tr\u1ef1c ti\u1ebfp \u0111\u1ebfn v\u1ecb tr\u00ed \u0111\u01b0\u1ee3c ch\u1ec9 \u0111\u1ecbnh, gi\u1ea3m lao \u0111\u1ed9ng v\u00e0 t\u0103ng t\u00ednh ti\u1ec7n l\u1ee3i.<\/li> <\/ul> <\/div><figure class=\"wp-block-media-text__media\"><img loading=\"lazy\" decoding=\"async\" width=\"720\" height=\"540\" src=\"https:\/\/taizyfarmequipment.com\/wp-content\/uploads\/2022\/06\/Maize-sheller-machine.webp\" alt=\"m\u00e1y t\u00e1ch h\u1ea1t ng\u00f4\" class=\"wp-image-4852 size-full\" srcset=\"https:\/\/taizyfarmequipment.com\/wp-content\/uploads\/2022\/06\/Maize-sheller-machine.webp 720w, https:\/\/taizyfarmequipment.com\/wp-content\/uploads\/2022\/06\/Maize-sheller-machine-300x225.webp 300w, https:\/\/taizyfarmequipment.com\/wp-content\/uploads\/2022\/06\/Maize-sheller-machine-16x12.webp 16w\" sizes=\"auto, (max-width: 720px) 100vw, 720px\" \/><\/figure><\/div>    <h2 class=\"wp-block-heading\">L\u1eafp \u0111\u1eb7t v\u00e0 \u0111i\u1ec1u ch\u1ec9nh m\u00e1y b\u00f3c v\u1ecf ng\u00f4 c\u00f4ng nghi\u1ec7p<\/h2>    <div class=\"wp-block-media-text is-stacked-on-mobile\"><figure class=\"wp-block-media-text__media\"><img loading=\"lazy\" decoding=\"async\" width=\"720\" height=\"540\" src=\"https:\/\/taizyfarmequipment.com\/wp-content\/uploads\/2022\/06\/industrial-corn-sheller-.jpg\" alt=\"m\u00e1y b\u00f3c v\u1ecf ng\u00f4 c\u00f4ng nghi\u1ec7p\" class=\"wp-image-3560 size-full\"\/><\/figure><div class=\"wp-block-media-text__content\"> <ul class=\"wp-block-list\"> <li><strong>L\u1eafp \u0111\u1eb7t \u0111\u1ed9ng c\u01a1 diesel<\/strong> tr\u00ean khung. \u0110i\u1ec1u ch\u1ec9nh thanh v\u00edt \u0111\u1ec3 si\u1ebft ch\u1eb7t ho\u1eb7c n\u1edbi l\u1ecfng d\u00e2y \u0111ai. Th\u00e1o v\u00edt t\u00e1ch ra \u0111\u1ec3 n\u00e2ng \u0111\u1ed9ng c\u01a1, n\u1edbi l\u1ecfng d\u00e2y \u0111ai v\u00e0 cho ph\u00e9p kh\u1edfi \u0111\u1ed9ng kh\u00f4ng t\u1ea3i.<\/li>    <li><strong>Ki\u1ec3m tra \u0111\u1ed9 c\u0103ng c\u1ee7a d\u00e2y \u0111ai<\/strong> cho tr\u1ee5c ch\u00ednh, v\u00edt t\u1ea3i, thang m\u00e1y v\u00e0 qu\u1ea1t. \u0110\u1ea3m b\u1ea3o t\u1ea5t c\u1ea3 c\u00e1c d\u00e2y \u0111ai \u0111\u1ec1u v\u1eeba ph\u1ea3i.<\/li>    <li><strong>\u0110i\u1ec1u ch\u1ec9nh g\u00f3c c\u1ee7a m\u00e0n rung<\/strong> b\u1eb1ng c\u00e1ch thay \u0111\u1ed5i chi\u1ec1u cao c\u1ee7a hai khung h\u1ed7 tr\u1ee3 \u0111\u1ec3 ki\u1ec3m so\u00e1t t\u1ed1c \u0111\u1ed9 x\u1ea3 t\u1ea1p ch\u1ea5t.<\/li>    <li><strong>Thi\u1ebft l\u1eadp c\u1eeda ra cho t\u1ea1p ch\u1ea5t<\/strong>. Bu\u1ed9c m\u1ed9t t\u00fai d\u1ec7t l\u1edbn b\u00ean d\u01b0\u1edbi l\u01b0\u1edbi \u0111\u1ec3 thu th\u1eadp c\u00e1c t\u1ea1p ch\u1ea5t \u0111\u01b0\u1ee3c x\u1ea3 ra.<\/li>    <li><strong>\u1ed4n \u0111\u1ecbnh m\u00e1y<\/strong> b\u1eb1ng c\u00e1ch \u0111i\u1ec1u ch\u1ec9nh c\u00e1c thanh h\u1ed7 tr\u1ee3 d\u01b0\u1edbi \u0111\u1ed9ng c\u01a1 diesel cho \u0111\u1ebfn khi b\u00e1nh xe g\u1ea7n nh\u01b0 nh\u1ea5c kh\u1ecfi m\u1eb7t \u0111\u1ea5t \u0111\u1ec3 ho\u1ea1t \u0111\u1ed9ng \u1ed5n \u0111\u1ecbnh.<\/li> <\/ul> <\/div><\/div>    <h2 class=\"wp-block-heading\">Li\u00ean h\u1ec7 v\u1edbi ch\u00fang t\u00f4i ngay b\u00e2y gi\u1edd!<\/h2>    <p class=\"translation-block\">M\u00e1y <strong><a href=\"https:\/\/en.wikipedia.org\/wiki\/Maize\" data-type=\"link\" data-id=\"https:\/\/en.wikipedia.org\/wiki\/Maize\" target=\"_blank\" rel=\"noopener\">ng\u00f4<\/a> tu\u1ed1t<\/strong> c\u1ee7a ch\u00fang t\u00f4i mang l\u1ea1i hi\u1ec7u qu\u1ea3 v\u00e0 \u0111\u1ed9 b\u1ec1n v\u01b0\u1ee3t tr\u1ed9i. V\u1edbi t\u00f9y ch\u1ecdn d\u00f9ng diesel ho\u1eb7c \u0111i\u1ec7n v\u00e0 c\u00e1c ph\u1ee5 ki\u1ec7n b\u1ed5 sung nh\u01b0 b\u0103ng chuy\u1ec1n v\u00e0 \u1ed1ng chuy\u1ec3n ng\u0169 c\u1ed1c, m\u00e1y c\u00f3 th\u1ec3 \u0111\u01b0\u1ee3c t\u00f9y ch\u1ec9nh \u0111\u1ec3 ph\u00f9 h\u1ee3p nhu c\u1ea7u c\u1ee5 th\u1ec3 c\u1ee7a b\u1ea1n v\u00e0 c\u1ea3i thi\u1ec7n quy tr\u00ecnh ch\u1ebf bi\u1ebfn ng\u00f4. <\/p>    <p class=\"translation-block\">B\u00ean c\u1ea1nh m\u00e1y tu\u1ed1t ng\u00f4, ch\u00fang t\u00f4i cung c\u1ea5p \u0111\u1ea7y \u0111\u1ee7 thi\u1ebft b\u1ecb ch\u1ebf bi\u1ebfn ng\u00f4, bao g\u1ed3m <a href=\"https:\/\/taizyfarmequipment.com\/vi\/san-pham\/may-nghien-dia\/\" data-type=\"link\" data-id=\"https:\/\/taizyfarmequipment.com\/product\/disk-mill-machine\/\">m\u00e1y xay ng\u00f4<\/a> v\u00e0 <a href=\"https:\/\/taizyfarmequipment.com\/vi\/san-pham\/may-boc-vo-ngo-tuoi\/\" data-type=\"link\" data-id=\"https:\/\/taizyfarmequipment.com\/product\/fresh-corn-shelling-machine\/\">m\u00e1y tu\u1ed1t ng\u00f4 t\u01b0\u01a1i<\/a>, \u0111\u01b0\u1ee3c thi\u1ebft k\u1ebf \u0111\u1ec3 gi\u00fap b\u1ea1n x\u1eed l\u00fd m\u1ecdi b\u01b0\u1edbc s\u1ea3n xu\u1ea5t ng\u00f4 m\u1ed9t c\u00e1ch d\u1ec5 d\u00e0ng. <\/p>    <p>N\u1ebfu b\u1ea1n mu\u1ed1n t\u0103ng c\u01b0\u1eddng n\u0103ng su\u1ea5t v\u00e0 gi\u1ea3m chi ph\u00ed lao \u0111\u1ed9ng, xin \u0111\u1eebng ng\u1ea7n ng\u1ea1i li\u00ean h\u1ec7 v\u1edbi ch\u00fang t\u00f4i \u0111\u1ec3 \u0111\u01b0\u1ee3c t\u01b0 v\u1ea5n chi ti\u1ebft v\u00e0 b\u00e1o gi\u00e1 c\u1ea1nh tranh. Ch\u00fang t\u00f4i mong mu\u1ed1n gi\u00fap b\u1ea1n t\u00ecm ra gi\u1ea3i ph\u00e1p m\u00e1y m\u00f3c ho\u00e0n h\u1ea3o!<\/p>    <figure class=\"wp-block-image size-large\"><img loading=\"lazy\" decoding=\"async\" width=\"720\" height=\"540\" src=\"https:\/\/taizyfarmequipment.com\/wp-content\/uploads\/2022\/06\/corn-threshing-machine.webp\" alt=\"m\u00e1y tu\u1ed1t ng\u00f4\" class=\"wp-image-4854\" srcset=\"https:\/\/taizyfarmequipment.com\/wp-content\/uploads\/2022\/06\/corn-threshing-machine.webp 720w, https:\/\/taizyfarmequipment.com\/wp-content\/uploads\/2022\/06\/corn-threshing-machine-300x225.webp 300w, https:\/\/taizyfarmequipment.com\/wp-content\/uploads\/2022\/06\/corn-threshing-machine-16x12.webp 16w\" sizes=\"auto, (max-width: 720px) 100vw, 720px\" \/><figcaption class=\"wp-element-caption\">m\u00e1y tu\u1ed1t ng\u00f4<\/figcaption><\/figure>","protected":false},"excerpt":{"rendered":"<p>M\u00e1y t\u00e1ch h\u1ea1t ng\u00f4 l\u00e0 thi\u1ebft b\u1ecb thu ho\u1ea1ch ng\u00f4 hi\u1ec7u su\u1ea5t cao gi\u00fap \u0111\u01a1n gi\u1ea3n h\u00f3a quy tr\u00ecnh sau thu ho\u1ea1ch cho n\u00f4ng d\u00e2n v\u00e0 c\u00e1c nh\u00e0 ch\u1ebf bi\u1ebfn ng\u0169 c\u1ed1c. <\/p>","protected":false},"author":1,"featured_media":3554,"parent":0,"template":"","tags":[340],"product-type":[129],"class_list":["post-3552","product","type-product","status-publish","has-post-thumbnail","hentry","tag-maize-sheller-machine","product-type-thresher-and-sheller"],"_links":{"self":[{"href":"https:\/\/taizyfarmequipment.com\/vi\/wp-json\/wp\/v2\/product\/3552","targetHints":{"allow":["GET"]}}],"collection":[{"href":"https:\/\/taizyfarmequipment.com\/vi\/wp-json\/wp\/v2\/product"}],"about":[{"href":"https:\/\/taizyfarmequipment.com\/vi\/wp-json\/wp\/v2\/types\/product"}],"author":[{"embeddable":true,"href":"https:\/\/taizyfarmequipment.com\/vi\/wp-json\/wp\/v2\/users\/1"}],"wp:featuredmedia":[{"embeddable":true,"href":"https:\/\/taizyfarmequipment.com\/vi\/wp-json\/wp\/v2\/media\/3554"}],"wp:attachment":[{"href":"https:\/\/taizyfarmequipment.com\/vi\/wp-json\/wp\/v2\/media?parent=3552"}],"wp:term":[{"taxonomy":"post_tag","embeddable":true,"href":"https:\/\/taizyfarmequipment.com\/vi\/wp-json\/wp\/v2\/tags?post=3552"},{"taxonomy":"product-type","embeddable":true,"href":"https:\/\/taizyfarmequipment.com\/vi\/wp-json\/wp\/v2\/product-type?post=3552"}],"curies":[{"name":"wp","href":"https:\/\/api.w.org\/{rel}","templated":true}]}}