{"id":3849,"date":"2022-11-21T17:58:07","date_gmt":"2022-11-21T09:58:07","guid":{"rendered":"https:\/\/taizyfarmequipment.com\/?post_type=product&#038;p=3849"},"modified":"2025-11-26T16:12:54","modified_gmt":"2025-11-26T08:12:54","slug":"may-thu-hoach-thuc-an-gia-suc-de-ban","status":"publish","type":"product","link":"https:\/\/taizyfarmequipment.com\/vi\/product\/forage-harvester-for-sale\/","title":{"rendered":"M\u00e1y thu ho\u1ea1ch th\u1ee9c \u0103n gia s\u00fac \u0111\u1ec3 b\u00e1n | M\u00e1y thu ho\u1ea1ch \u1ee7 chua"},"content":{"rendered":"<div class=\"kk-star-ratings kksr-auto kksr-align-left kksr-valign-top\"     data-payload='{&quot;align&quot;:&quot;left&quot;,&quot;id&quot;:&quot;3849&quot;,&quot;slug&quot;:&quot;default&quot;,&quot;valign&quot;:&quot;top&quot;,&quot;ignore&quot;:&quot;&quot;,&quot;reference&quot;:&quot;auto&quot;,&quot;class&quot;:&quot;&quot;,&quot;count&quot;:&quot;16&quot;,&quot;legendonly&quot;:&quot;&quot;,&quot;readonly&quot;:&quot;&quot;,&quot;score&quot;:&quot;4.6&quot;,&quot;starsonly&quot;:&quot;&quot;,&quot;best&quot;:&quot;5&quot;,&quot;gap&quot;:&quot;5&quot;,&quot;greet&quot;:&quot;Rate this product&quot;,&quot;legend&quot;:&quot;4.6\\\/5 - (16 b\u00ecnh ch\u1ecdn)&quot;,&quot;size&quot;:&quot;24&quot;,&quot;title&quot;:&quot;Forage harvester for sale | Silage harvester&quot;,&quot;width&quot;:&quot;130.9&quot;,&quot;_legend&quot;:&quot;{score}\\\/{best} - ({count} {votes})&quot;,&quot;font_factor&quot;:&quot;1.25&quot;}'>              <div class=\"kksr-stars\">      <div class=\"kksr-stars-inactive\">             <div class=\"kksr-star\" data-star=\"1\" style=\"padding-right: 5px\">               <div class=\"kksr-icon\" style=\"width: 24px; height: 24px;\"><\/div>         <\/div>             <div class=\"kksr-star\" data-star=\"2\" style=\"padding-right: 5px\">               <div class=\"kksr-icon\" style=\"width: 24px; height: 24px;\"><\/div>         <\/div>             <div class=\"kksr-star\" data-star=\"3\" style=\"padding-right: 5px\">               <div class=\"kksr-icon\" style=\"width: 24px; height: 24px;\"><\/div>         <\/div>             <div class=\"kksr-star\" data-star=\"4\" style=\"padding-right: 5px\">               <div class=\"kksr-icon\" style=\"width: 24px; height: 24px;\"><\/div>         <\/div>             <div class=\"kksr-star\" data-star=\"5\" style=\"padding-right: 5px\">               <div class=\"kksr-icon\" style=\"width: 24px; height: 24px;\"><\/div>         <\/div>     <\/div>      <div class=\"kksr-stars-active\" style=\"width: 130.9px;\">             <div class=\"kksr-star\" style=\"padding-right: 5px\">               <div class=\"kksr-icon\" style=\"width: 24px; height: 24px;\"><\/div>         <\/div>             <div class=\"kksr-star\" style=\"padding-right: 5px\">               <div class=\"kksr-icon\" style=\"width: 24px; height: 24px;\"><\/div>         <\/div>             <div class=\"kksr-star\" style=\"padding-right: 5px\">               <div class=\"kksr-icon\" style=\"width: 24px; height: 24px;\"><\/div>         <\/div>             <div class=\"kksr-star\" style=\"padding-right: 5px\">               <div class=\"kksr-icon\" style=\"width: 24px; height: 24px;\"><\/div>         <\/div>             <div class=\"kksr-star\" style=\"padding-right: 5px\">               <div class=\"kksr-icon\" style=\"width: 24px; height: 24px;\"><\/div>         <\/div>     <\/div> <\/div>                   <div class=\"kksr-legend\" style=\"font-size: 19.2px;\">             4.6\/5 - (16 l\u01b0\u1ee3t b\u00ecnh ch\u1ecdn)    <\/div>     <\/div>  <p>M\u00e1y thu ho\u1ea1ch th\u1ee9c \u0103n gia s\u00fac c\u00f3 hi\u1ec7u qu\u1ea3 trong vi\u1ec7c nghi\u1ec1n v\u00e0 thu gom r\u01a1m. N\u00f3 c\u00f3 th\u1ec3 nghi\u1ec1n n\u00e1t th\u00e2n c\u00e2y ng\u00f4 v\u00e0 \u0111\u01b0a ch\u00fang tr\u1edf l\u1ea1i \u0111\u1ed3ng ru\u1ed9ng ho\u1eb7c thu th\u1eadp ch\u00fang \u0111\u1ec3 s\u1eed d\u1ee5ng l\u00e0m th\u1ee9c \u0103n gia s\u00fac ho\u1eb7c th\u1ee9c \u0103n gia s\u00fac. <\/p>    <p>C\u00f3 nhi\u1ec1u m\u1eabu m\u00e3 kh\u00e1c nhau v\u1edbi chi\u1ec1u r\u1ed9ng c\u1eaft t\u1eeb 1m \u0111\u1ebfn 2m, m\u00e1y g\u1eb7t t\u01b0\u01a1ng th\u00edch v\u1edbi m\u00e1y k\u00e9o 60Hp v\u00e0 ho\u1ea1t \u0111\u1ed9ng \u1edf c\u00f4ng su\u1ea5t 0,25-0,48 m2\/h, \u0111\u1ea1t t\u1ed1c \u0111\u1ed9 thu h\u1ed3i tr\u00ean 80%. <\/p>    <p>Chi\u1ec1u cao g\u1ed1c r\u1ea1 c\u00f3 th\u1ec3 \u0111i\u1ec1u ch\u1ec9nh v\u00e0 kh\u1ea3 n\u0103ng c\u1eaft hi\u1ec7u qu\u1ea3 khi\u1ebfn n\u00f3 tr\u1edf th\u00e0nh c\u00f4ng c\u1ee5 thi\u1ebft y\u1ebfu \u0111\u1ec3 qu\u1ea3n l\u00fd r\u01a1m r\u1ea1 hi\u1ec7u qu\u1ea3 trong ho\u1ea1t \u0111\u1ed9ng n\u00f4ng nghi\u1ec7p.<\/p>    <figure class=\"wp-block-embed is-type-video is-provider-youtube wp-block-embed-youtube wp-embed-aspect-16-9 wp-has-aspect-ratio\"><div class=\"wp-block-embed__wrapper\"> <iframe loading=\"lazy\" title=\"G\u1eb7p g\u1ee1 c\u00e1c chuy\u00ean gia: Ph\u1ecfng v\u1ea5n n\u00f4ng d\u00e2n v\u1ec1 c\u00e1c ph\u01b0\u01a1ng ph\u00e1p hay nh\u1ea5t v\u1ec1 m\u00e1y thu ho\u1ea1ch th\u1ee9c \u0103n gia s\u00fac #silage #forage\" width=\"500\" height=\"281\" src=\"https:\/\/www.youtube.com\/embed\/GWtISYUIpYM?feature=oembed\" frameborder=\"0\" allow=\"accelerometer; autoplay; clipboard-write; encrypted-media; gyroscope; picture-in-picture; web-share\" referrerpolicy=\"strict-origin-when-cross-origin\" allowfullscreen><\/iframe> <\/div><figcaption class=\"wp-element-caption\">Quy tr\u00ecnh l\u00e0m vi\u1ec7c c\u1ee7a m\u00e1y thu ho\u1ea1ch \u1ee7 chua<\/figcaption><\/figure>    <h2 class=\"wp-block-heading\">Ph\u1ea1m vi \u1ee9ng d\u1ee5ng c\u1ee7a m\u00e1y thu ho\u1ea1ch \u1ee7 chua<\/h2>    <div class=\"wp-block-media-text is-stacked-on-mobile\"><figure class=\"wp-block-media-text__media\"><img loading=\"lazy\" decoding=\"async\" width=\"720\" height=\"540\" src=\"https:\/\/taizyfarmequipment.com\/wp-content\/uploads\/2022\/11\/straw-field.webp\" alt=\"c\u00e1nh \u0111\u1ed3ng r\u01a1m\" class=\"wp-image-4726 size-full\" srcset=\"https:\/\/taizyfarmequipment.com\/wp-content\/uploads\/2022\/11\/straw-field.webp 720w, https:\/\/taizyfarmequipment.com\/wp-content\/uploads\/2022\/11\/straw-field-300x225.webp 300w, https:\/\/taizyfarmequipment.com\/wp-content\/uploads\/2022\/11\/straw-field-16x12.webp 16w\" sizes=\"auto, (max-width: 720px) 100vw, 720px\" \/><\/figure><div class=\"wp-block-media-text__content\"> <p>M\u00e1y thu ho\u1ea1ch \u1ee7 chua c\u00f3 th\u1ec3 x\u1eed l\u00fd nhi\u1ec1u nguy\u00ean li\u1ec7u th\u00f4 kh\u00e1c nhau, bao g\u1ed3m:<\/p>    <ul class=\"wp-block-list\"> <li>ng\u00f4 <a href=\"https:\/\/en.wikipedia.org\/wiki\/Stalk\" data-type=\"link\" data-id=\"https:\/\/en.wikipedia.org\/wiki\/Stalk\" target=\"_blank\" rel=\"noopener\">th\u00e2n c\u00e2y<\/a><\/li>    <li>Th\u00e2n c\u00e2y l\u00faa mi\u1ebfn<\/li>    <li>Th\u00e2n c\u00e2y b\u00f4ng<\/li>    <li>Th\u00e2n c\u00e2y l\u00faa m\u00ec<\/li>    <li>c\u1ecf<\/li> <\/ul>    <p>Nguy\u00ean li\u1ec7u th\u00f4 nghi\u1ec1n c\u00f3 th\u1ec3 l\u00e0:<\/p>    <ul class=\"wp-block-list\"> <li>\u0110\u00f3ng g\u00f3i v\u00e0o \u1ee7 chua \u0111\u1ec3 b\u1ea3o qu\u1ea3n<\/li>    <li>Tr\u1ef1c ti\u1ebfp tr\u1edf l\u1ea1i hi\u1ec7n tr\u01b0\u1eddng<\/li> <\/ul> <\/div><\/div>    <h2 class=\"wp-block-heading\">M\u00e1y thu ho\u1ea1ch th\u1ee9c \u0103n gia s\u00fac \u0111\u1ec3 b\u00e1n<\/h2>    <div class=\"wp-block-media-text has-media-on-the-right is-stacked-on-mobile\"><div class=\"wp-block-media-text__content\"> <ul class=\"wp-block-list\"> <li>M\u00e1y thu ho\u1ea1ch th\u1ee9c \u0103n gia s\u00fac y\u00eau c\u1ea7u m\u1ed9t m\u00e1y k\u00e9o \u0111\u1ec3 v\u1eadn h\u00e0nh, v\u1edbi k\u00edch th\u01b0\u1edbc m\u00e1y k\u00e9o kh\u00e1c nhau t\u00f9y theo ki\u1ec3u m\u00e1y.<\/li>    <li>M\u00e1y thu ho\u1ea1ch \u1ee7 chua c\u00f3 chi\u1ec1u r\u1ed9ng thu ho\u1ea1ch 1 m\u00e9t th\u01b0\u1eddng c\u1ea7n m\u00e1y k\u00e9o c\u00f3 c\u00f4ng su\u1ea5t t\u1ed1i thi\u1ec3u 60 m\u00e3 l\u1ef1c.<\/li>    <li>C\u00e1c chi\u1ec1u r\u1ed9ng thu ho\u1ea1ch c\u00f3 s\u1eb5n bao g\u1ed3m 1m, 1,3m, 1,5m, 1,65m, 1,8m, 2m, 2,2m v\u00e0 2,4m.<\/li>    <li>\u0110\u1ed1i v\u1edbi nh\u1eefng kh\u00e1ch h\u00e0ng mu\u1ed1n s\u1ea3n xu\u1ea5t th\u1ee9c \u0103n \u1ee7 chua, <a href=\"https:\/\/taizyfarmequipment.com\/vi\/san-pham\/may-dong-kien-tron-u-chua\/\" data-type=\"link\" data-id=\"https:\/\/taizyfarmequipment.com\/product\/silage-round-baler\/\">m\u00e1y \u0111\u00f3ng ki\u1ec7n tr\u00f2n \u1ee7 chua<\/a> c\u00f3 th\u1ec3 d\u00f9ng \u0111\u1ec3 \u0111\u00f3ng ki\u1ec7n r\u01a1m r\u1ea1 \u0111\u00e3 nghi\u1ec1n n\u00e1t.<\/li>    <li>Th\u1ee9c \u0103n th\u00f4 xanh \u0111\u00f3ng ki\u1ec7n thu\u1eadn ti\u1ec7n cho vi\u1ec7c b\u1ea3o qu\u1ea3n v\u00e0 v\u1eadn chuy\u1ec3n.<\/li> <\/ul> <\/div><figure class=\"wp-block-media-text__media\"><img loading=\"lazy\" decoding=\"async\" width=\"720\" height=\"540\" src=\"https:\/\/taizyfarmequipment.com\/wp-content\/uploads\/2022\/11\/forage-harvester-for-sale-2.webp\" alt=\"M\u00e1y thu ho\u1ea1ch th\u1ee9c \u0103n gia s\u00fac \u0111\u1ec3 b\u00e1n\" class=\"wp-image-3851 size-full\"\/><\/figure><\/div>    <h2 class=\"wp-block-heading\">C\u00e1c th\u00f4ng s\u1ed1 c\u1ee7a m\u00e1y nghi\u1ec1n v\u00e0 t\u00e1i ch\u1ebf r\u01a1m<\/h2>    <figure class=\"wp-block-table\"><table><tbody><tr><td>T\u00ean<\/td><td>M\u00e1y g\u1eb7t tr\u1ea5u<\/td><\/tr><tr><td>\u0110\u1ed9ng c\u01a1<\/td><td>M\u00e1y k\u00e9o \u226560HP<\/td><\/tr><tr><td>K\u00edch th\u01b0\u1edbc<\/td><td>1,6 * 1,2 * 2,8m<\/td><\/tr><tr><td>C\u00e2n n\u1eb7ng<\/td><td>800kg<\/td><\/tr><tr><td>Chi\u1ec1u r\u1ed9ng thu ho\u1ea1ch<\/td><td>1,3m<\/td><\/tr><tr><td>T\u1ef7 l\u1ec7 t\u00e1i ch\u1ebf<\/td><td>\u226580%<\/td><\/tr><tr><td>Kho\u1ea3ng c\u00e1ch n\u00e9m<\/td><td>3-5m<\/td><\/tr><tr><td>Chi\u1ec1u cao n\u00e9m<\/td><td>\u22652m<\/td><\/tr><tr><td>Chi\u1ec1u d\u00e0i r\u01a1m r\u1ea1 nghi\u1ec1n n\u00e1t<\/td><td>D\u01b0\u1edbi 80mm<\/td><\/tr><tr><td>L\u01b0\u1ee1i quay<\/td><td>32 chi\u1ebfc<\/td><\/tr><tr><td>T\u1ed1c \u0111\u1ed9 tr\u1ee5c c\u1eaft<\/td><td>2160r\/ph\u00fat<\/td><\/tr><tr><td>T\u1ed1c \u0111\u1ed9 l\u00e0m vi\u1ec7c<\/td><td>2-4km\/gi\u1edd<\/td><\/tr><tr><td>Dung t\u00edch<\/td><td>0,25-0,48h\u33a1\/h<\/td><\/tr><\/tbody><\/table><figcaption class=\"wp-element-caption\">th\u00f4ng s\u1ed1 m\u00e1y nghi\u1ec1n v\u00e0 t\u00e1i ch\u1ebf r\u01a1m<\/figcaption><\/figure>    <h2 class=\"wp-block-heading\">Nguy\u00ean l\u00fd l\u00e0m vi\u1ec7c c\u1ee7a m\u00e1y b\u0103m c\u1ecf<\/h2>    <div class=\"wp-block-media-text is-stacked-on-mobile\"><figure class=\"wp-block-media-text__media\"><img loading=\"lazy\" decoding=\"async\" width=\"720\" height=\"540\" src=\"https:\/\/taizyfarmequipment.com\/wp-content\/uploads\/2022\/11\/Silage-harvester-with-a-good-price.webp\" alt=\"M\u00e1y thu ho\u1ea1ch \u1ee7 chua v\u1edbi gi\u00e1 t\u1ed1t\" class=\"wp-image-4294 size-full\" srcset=\"https:\/\/taizyfarmequipment.com\/wp-content\/uploads\/2022\/11\/Silage-harvester-with-a-good-price.webp 720w, https:\/\/taizyfarmequipment.com\/wp-content\/uploads\/2022\/11\/Silage-harvester-with-a-good-price-300x225.webp 300w\" sizes=\"auto, (max-width: 720px) 100vw, 720px\" \/><\/figure><div class=\"wp-block-media-text__content\"> <p>M\u00e1y g\u1eb7t \u1ee7 ho\u1ea1t \u0111\u1ed9ng hi\u1ec7u qu\u1ea3 nh\u1edd s\u1eed d\u1ee5ng l\u01b0\u1ee1i c\u1eaft quay v\u1edbi t\u1ed1c \u0111\u1ed9 cao b\u1eaft \u0111\u1ea7u qu\u00e1 tr\u00ecnh c\u1eaft khi r\u01a1m \u0111\u01b0\u1ee3c k\u00e9o v\u00e0o v\u1ecf m\u00e1y. <\/p>    <p>Thi\u1ebft k\u1ebf c\u1ee7a v\u1ecf m\u00e1y, c\u00f3 th\u00e0nh trong h\u00ecnh \u0111\u01b0\u1eddng g\u1ea5p, t\u1ea1o \u0111i\u1ec1u ki\u1ec7n cho nhi\u1ec1u l\u1ea7n c\u1eaft \u0111\u1ee9t th\u00e2n stalk, \u0111\u1ea3m b\u1ea3o r\u01a1m b\u1ecb nghi\u1ec1n n\u00e1t th\u00e0nh m\u1ea3nh nh\u1ecf.<\/p> <\/div><\/div>    <div class=\"wp-block-media-text has-media-on-the-right is-stacked-on-mobile\"><div class=\"wp-block-media-text__content\"> <p>Qu\u1ea1t sau \u0111\u00f3 \u0111\u00f3ng vai tr\u00f2 quan tr\u1ecdng trong vi\u1ec7c \u0111u\u1ed5i v\u1eadt li\u1ec7u \u0111\u00e3 x\u1eed l\u00fd ra ngo\u00e0i, cho ph\u00e9p v\u1eadn h\u00e0nh tr\u01a1n tru. <\/p>    <p>Ngo\u00e0i ra, t\u00f9y ch\u1ecdn th\u00eam ng\u0103n ch\u1ee9a thu gom s\u1ebd t\u0103ng s\u1ef1 ti\u1ec7n l\u1ee3i b\u1eb1ng c\u00e1ch thu th\u1eadp tr\u1ef1c ti\u1ebfp r\u01a1m \u0111\u00e3 b\u0103m.<\/p> <\/div><figure class=\"wp-block-media-text__media\"><img loading=\"lazy\" decoding=\"async\" width=\"720\" height=\"540\" src=\"https:\/\/taizyfarmequipment.com\/wp-content\/uploads\/2022\/11\/Silage-harvester-for-sale.webp\" alt=\"M\u00e1y thu ho\u1ea1ch \u1ee7 chua \u0111\u1ec3 b\u00e1n\" class=\"wp-image-4293 size-full\" srcset=\"https:\/\/taizyfarmequipment.com\/wp-content\/uploads\/2022\/11\/Silage-harvester-for-sale.webp 720w, https:\/\/taizyfarmequipment.com\/wp-content\/uploads\/2022\/11\/Silage-harvester-for-sale-300x225.webp 300w\" sizes=\"auto, (max-width: 720px) 100vw, 720px\" \/><\/figure><\/div>    <h2 class=\"wp-block-heading\">C\u1ea5u tr\u00fac m\u00e1y thu th\u1ea3m<\/h2>    <div class=\"wp-block-media-text is-stacked-on-mobile\"><figure class=\"wp-block-media-text__media\"><img loading=\"lazy\" decoding=\"async\" width=\"720\" height=\"540\" src=\"https:\/\/taizyfarmequipment.com\/wp-content\/uploads\/2022\/11\/Small-silage-chopper-.webp\" alt=\"l\u01b0\u1ee1i c\u1ee7a m\u00e1y b\u0103m th\u1ee9c \u0103n \u1ee7 chua\" class=\"wp-image-3854 size-full\"\/><\/figure><div class=\"wp-block-media-text__content\"> <p>M\u00e1y thu th\u1ea3m ch\u1ee7 y\u1ebfu g\u1ed3m n\u1eafp, khung, treo, gh\u00e9p h\u1ed9p s\u1ed1, b\u00e1nh c\u0103ng l\u1edbn, qu\u1ea1t, b\u00e1nh r\u0103ng chuy\u1ec3n ti\u1ebfp, \u1ed1ng v\u00e0o, \u1ed1c v\u00edt, kho\u1ea3ng c\u00e1ch ch\u1ea5t l\u1ecfng, b\u00e1nh xe \u0111\u1ea5t v\u00e0 \u1ed1ng tho\u00e1t.<\/p> <\/div><\/div>    <h2 class=\"wp-block-heading\">C\u00e1c t\u00ednh n\u0103ng ch\u00ednh c\u1ee7a c\u1ea5u tr\u00fac m\u00e1y thu ho\u1ea1ch th\u1ee9c \u0103n gia s\u00fac <\/h2>    <div class=\"wp-block-media-text has-media-on-the-right is-stacked-on-mobile\"><div class=\"wp-block-media-text__content\"> <ul class=\"wp-block-list\"> <li>L\u01b0\u1ee1i quay t\u1ed1c \u0111\u1ed9 cao \u0111\u1ec3 c\u1eaft hi\u1ec7u qu\u1ea3.<\/li>    <li>B\u1ee9c t\u01b0\u1eddng b\u00ean trong h\u00ecnh \u0111\u01b0\u1eddng g\u1ea5p \u0111\u1ed9c \u0111\u00e1o \u0111\u1ec3 c\u1eaft nhi\u1ec1u l\u1ea7n.<\/li>    <li>V\u1eadn chuy\u1ec3n r\u01a1m r\u1ea1 \u0111\u00e3 nghi\u1ec1n b\u1eb1ng qu\u1ea1t.<\/li>    <li>Ph\u1ec5u thu gom t\u00f9y ch\u1ecdn \u0111\u1ec3 g\u1eedi tr\u1ef1c ti\u1ebfp.<\/li>    <li>Linh ho\u1ea1t trong vi\u1ec7c x\u1eed l\u00fd c\u00e1c nguy\u00ean li\u1ec7u th\u00f4 kh\u00e1c nhau nh\u01b0 th\u00e2n c\u00e2y ng\u00f4, th\u00e2n c\u00e2y l\u00faa m\u00ec v\u00e0 c\u1ecf.<\/li> <\/ul> <\/div><figure class=\"wp-block-media-text__media\"><img loading=\"lazy\" decoding=\"async\" width=\"720\" height=\"540\" src=\"https:\/\/taizyfarmequipment.com\/wp-content\/uploads\/2022\/11\/forage-harvester-for-sale-3.webp\" alt=\"c\u1ea5u tr\u00fac b\u00ean trong c\u1ee7a m\u00e1y thu ho\u1ea1ch th\u1ee9c \u0103n gia s\u00fac\" class=\"wp-image-3855 size-full\"\/><\/figure><\/div>    <h2 class=\"wp-block-heading\">\u01afu \u0111i\u1ec3m c\u1ee7a m\u00e1y thu ho\u1ea1ch th\u1ee9c \u0103n gia s\u00fac \u0111\u1ec3 b\u00e1n<\/h2>    <ul class=\"wp-block-list\"> <li>M\u00e1y thu ho\u1ea1ch th\u1ee9c \u0103n gia s\u00fac \u0111\u1ec3 b\u00e1n \u00e1p d\u1ee5ng ch\u1ebf \u0111\u1ed9 cho \u0103n t\u1ef1 \u0111\u1ed9ng v\u00e0 c\u00f3 hi\u1ec7u qu\u1ea3 s\u1ea3n xu\u1ea5t cao. Ch\u1ea5t l\u01b0\u1ee3ng s\u1ea3n xu\u1ea5t \u0111\u00e1ng tin c\u1eady, c\u00f3 \u0111\u1eb7c \u0111i\u1ec3m c\u1ea5u tr\u00fac \u0111\u01a1n gi\u1ea3n, v\u1eadn h\u00e0nh thu\u1eadn ti\u1ec7n, kh\u1ed1i l\u01b0\u1ee3ng nh\u1ecf v\u00e0 hi\u1ec7u qu\u1ea3 cao.<\/li>    <li>R\u01a1m t\u00e1i ch\u1ebf kh\u00f4ng b\u1ecb gi\u1edbi h\u1ea1n b\u1edfi \u0111\u1ed9 kh\u00f4 v\u00e0 \u01b0\u1edbt, \u0111\u1ed3ng th\u1eddi c\u00f3 th\u1ec3 x\u1eed l\u00fd c\u00e1c v\u1eadt li\u1ec7u \u01b0\u1edbt, gi\u00fap n\u00e2ng cao hi\u1ec7u qu\u1ea3 c\u00f4ng vi\u1ec7c.<\/li>    <li>B\u1ec1n b\u1ec9. C\u00e1c th\u00e0nh ph\u1ea7n k\u1ebft c\u1ea5u th\u00e9p, v\u1eadt li\u1ec7u ch\u1eafc ch\u1eafn v\u00e0 \u0111\u00e1ng tin c\u1eady, v\u00f2ng bi t\u1ef1 \u0111i\u1ec1u ch\u1ec9nh c\u00f4ng su\u1ea5t cao v\u00e0 tu\u1ed5i th\u1ecd d\u00e0i.<\/li>    <li>S\u1eed d\u1ee5ng r\u1ed9ng r\u00e3i h\u01a1n, m\u00e1y thu ho\u1ea1ch th\u1ee9c \u0103n gia s\u00fac \u0111\u1ec3 b\u00e1n kh\u00f4ng ch\u1ec9 c\u00f3 th\u1ec3 nghi\u1ec1n n\u00e1t th\u00e2n c\u00e2y ng\u00f4 m\u00e0 c\u00f2n c\u00f3 th\u1ec3 x\u1eed l\u00fd r\u01a1m l\u00faa m\u00ec, th\u00e2n c\u00e2y b\u00f4ng, r\u01a1m r\u1ea1, tr\u1ea5u, v\u1ecf \u0111\u1eadu ph\u1ed9ng, l\u00f5i ng\u00f4, c\u00e0nh, l\u00e1 v\u00e0 m\u00f9n c\u01b0a.<\/li>    <li>M\u00e1y thu ho\u1ea1ch th\u1ee9c \u0103n gia s\u00fac \u0111\u1ec3 b\u00e1n d\u1ec5 di chuy\u1ec3n, thu\u1eadn ti\u1ec7n cho vi\u1ec7c s\u1ea3n xu\u1ea5t tr\u00ean \u0111\u1ed3ng ru\u1ed9ng.<\/li> <\/ul>    <figure class=\"wp-block-image size-full\"><img loading=\"lazy\" decoding=\"async\" width=\"720\" height=\"540\" src=\"https:\/\/taizyfarmequipment.com\/wp-content\/uploads\/2022\/11\/forage-harvester-for-sale-4.webp\" alt=\"m\u00e1y b\u0103m th\u1ee9c \u0103n \u1ee7 chua trong kho\" class=\"wp-image-3856\" title=\"M\u00e1y thu ho\u1ea1ch th\u1ee9c \u0103n gia s\u00fac \u0111\u1ec3 b\u00e1n\"\/><figcaption class=\"wp-element-caption\">m\u00e1y b\u0103m th\u1ee9c \u0103n \u1ee7 chua trong kho<\/figcaption><\/figure>    <h2 class=\"wp-block-heading\">L\u1eddi khuy\u00ean b\u1ea3o tr\u00ec cho m\u00e1y thu ho\u1ea1ch th\u1ee9c \u0103n gia s\u00fac<\/h2>    <div class=\"wp-block-media-text is-stacked-on-mobile\"><figure class=\"wp-block-media-text__media\"><img loading=\"lazy\" decoding=\"async\" width=\"720\" height=\"540\" src=\"https:\/\/taizyfarmequipment.com\/wp-content\/uploads\/2022\/11\/corn-chopper-.webp\" alt=\"nh\u00e0 m\u00e1y s\u1ea3n xu\u1ea5t m\u00e1y c\u1eaft ng\u00f4\" class=\"wp-image-3857 size-full\"\/><\/figure><div class=\"wp-block-media-text__content\"> <ul class=\"wp-block-list\"> <li>Ki\u1ec3m tra v\u00e0 si\u1ebft ch\u1eb7t c\u00e1c \u1ed1c v\u00edt k\u1ebft n\u1ed1i.<\/li>    <li>Ki\u1ec3m tra t\u00ecnh tr\u1ea1ng b\u1ecbt k\u00edn c\u1ee7a h\u1ed9p s\u1ed1.<\/li>    <li>Th\u00eam d\u1ea7u b\u00f4i tr\u01a1n v\u00e0o t\u1ea5t c\u1ea3 c\u00e1c \u0111i\u1ec3m b\u00f4i tr\u01a1n.<\/li>    <li>Lo\u1ea1i b\u1ecf \u0111\u1ea5t s\u00e9t \u0111\u1ec3 tr\u00e1nh t\u0103ng t\u1ea3i m\u00e1y.<\/li>    <li>Theo d\u00f5i nhi\u1ec7t \u0111\u1ed9 \u1ed5 tr\u1ee5c; \u0111i\u1ec1u ch\u1ec9nh ho\u1eb7c ti\u1ebfp nhi\u00ean li\u1ec7u n\u1ebfu qu\u00e1 cao.<\/li>    <li>M\u1edf n\u1eafp qu\u1ea1t \u0111\u1ec3 ki\u1ec3m tra v\u00e0 si\u1ebft ch\u1eb7t c\u00e1c v\u00edt \u1edf tr\u1ee5c b\u00e1nh xe b\u1ecb l\u1ecfng.<\/li> <\/ul> <\/div><\/div>    <h2 class=\"wp-block-heading\">C\u00e2u h\u1ecfi th\u01b0\u1eddng g\u1eb7p v\u1ec1 m\u00e1y g\u1eb7t \u1ee7 silage<\/h2>   <div id=\"rank-math-faq\" class=\"rank-math-block\"> <div class=\"rank-math-list\"> <div id=\"faq-question-1704854080661\" class=\"rank-math-list-item\"> <h3 class=\"rank-math-question\">C\u00e1c ph\u1ee5 ki\u1ec7n l\u00e0 g\u00ec?<\/h3> <div class=\"rank-math-answer\">  <p>10 l\u01b0\u1ee1i dao v\u00e0 l\u01b0\u1ee1i h\u00ecnh ch\u1eef Y.<\/p>  <\/div> <\/div> <div id=\"faq-question-1704854089320\" class=\"rank-math-list-item\"> <h3 class=\"rank-math-question\">M\u00e1y ph\u00f9 h\u1ee3p l\u00e0 g\u00ec?<\/h3> <div class=\"rank-math-answer\">  <p>M\u00e1y qu\u1ea5n ki\u1ec7n.<\/p>  <\/div> <\/div> <div id=\"faq-question-1704854125511\" class=\"rank-math-list-item\"> <h3 class=\"rank-math-question\">M\u00e1y c\u00f3 th\u1ec3 thu ho\u1ea1ch ng\u00f4, l\u00faa mi\u1ebfn v\u00e0 c\u00e1c lo\u1ea1i c\u00e2y tr\u1ed3ng kh\u00e1c kh\u00f4ng?<\/h3> <div class=\"rank-math-answer\">  <p>Kh\u00f4ng th\u1ec3 thu ho\u1ea1ch, l\u00faa mi\u1ebfn ng\u00f4 s\u1ebd \u0111\u01b0\u1ee3c nghi\u1ec1n tr\u1ef1c ti\u1ebfp b\u1eb1ng m\u00e1y.<\/p>  <\/div> <\/div> <div id=\"faq-question-1704854153905\" class=\"rank-math-list-item\"> <h3 class=\"rank-math-question\">M\u00e1y c\u00f3 th\u1ec3 l\u00e0m vi\u1ec7c tr\u00ean v\u00f9ng \u0111\u1ea5t ng\u1eadp n\u01b0\u1edbc kh\u00f4ng?<\/h3> <div class=\"rank-math-answer\">  <p>Kh\u00f4ng, n\u00f3 s\u1ebd l\u00e0m h\u1ecfng l\u01b0\u1ee1i dao, v\u00e0 nghi\u00eam tr\u1ecdng h\u01a1n l\u00e0 n\u00f3 s\u1ebd ch\u1eb7n thang m\u00e1y.<\/p>  <\/div> <\/div> <div id=\"faq-question-1704854190291\" class=\"rank-math-list-item\"> <h3 class=\"rank-math-question\">Bao l\u00e2u th\u00ec ph\u1ea3i thay l\u01b0\u1ee1i dao?<\/h3> <div class=\"rank-math-answer\">  <p>M\u00e1y c\u00f3 th\u1ec3 \u0111\u01b0\u1ee3c thay th\u1ebf sau 2 n\u0103m s\u1eed d\u1ee5ng.<\/p>  <\/div> <\/div> <\/div> <\/div>   <figure class=\"wp-block-image size-full\"><img loading=\"lazy\" decoding=\"async\" width=\"720\" height=\"540\" src=\"https:\/\/taizyfarmequipment.com\/wp-content\/uploads\/2022\/11\/silage-harvester-.webp\" alt=\"m\u00e1y thu ho\u1ea1ch \u1ee7 chua th\u01b0\u01a1ng m\u1ea1i\" class=\"wp-image-3859\" title=\"m\u00e1y thu ho\u1ea1ch \u1ee7 chua\"\/><figcaption class=\"wp-element-caption\">m\u00e1y thu ho\u1ea1ch \u1ee7 chua th\u01b0\u01a1ng m\u1ea1i<\/figcaption><\/figure>    <h2 class=\"wp-block-heading\">K\u1ebft n\u1ed1i thi\u1ebft b\u1ecb \u0111\u1ea7u ra th\u1ee7y l\u1ef1c c\u1ee7a m\u00e1y g\u1eb7t \u0111\u1eadp cu\u1ed1ng<\/h2>    <figure class=\"wp-block-gallery has-nested-images columns-default is-cropped wp-block-gallery-2 is-layout-flex wp-block-gallery-is-layout-flex\"> <figure class=\"wp-block-image size-large\"><img loading=\"lazy\" decoding=\"async\" width=\"720\" height=\"540\" data-id=\"3852\" src=\"https:\/\/taizyfarmequipment.com\/wp-content\/uploads\/2022\/11\/stalk-harvester-machine-.webp\" alt=\"m\u00e1y thu ho\u1ea1ch cu\u1ed1ng\" class=\"wp-image-3852\" title=\"m\u00e1y thu ho\u1ea1ch cu\u1ed1ng\"\/><figcaption class=\"wp-element-caption\">m\u00e1y thu ho\u1ea1ch cu\u1ed1ng<\/figcaption><\/figure>    <figure class=\"wp-block-image size-large\"><img loading=\"lazy\" decoding=\"async\" width=\"720\" height=\"540\" data-id=\"3853\" src=\"https:\/\/taizyfarmequipment.com\/wp-content\/uploads\/2022\/11\/silage-chopper-.webp\" alt=\"k\u1ebft n\u1ed1i m\u00e1y thu ho\u1ea1ch cu\u1ed1ng\" class=\"wp-image-3853\" title=\"m\u00e1y thu ho\u1ea1ch cu\u1ed1ng\"\/><figcaption class=\"wp-element-caption\">k\u1ebft n\u1ed1i m\u00e1y thu ho\u1ea1ch cu\u1ed1ng<\/figcaption><\/figure> <\/figure>    <h2 class=\"wp-block-heading\">M\u00e1y g\u1eb7t \u1ee7 \u0111\u01b0\u1ee3c b\u00e1n cho Campuchia<\/h2>    <p>Kh\u00e1ch h\u00e0ng Campuchia c\u1ee7a ch\u00fang t\u00f4i v\u1eeba mua m\u1ed9t m\u00e1y g\u1eb7t c\u1ecf \u0111\u1ec3 b\u00e1n t\u1eeb ch\u00fang t\u00f4i. Qua trao \u0111\u1ed5i v\u1edbi kh\u00e1ch h\u00e0ng, ch\u00fang t\u00f4i \u0111\u01b0\u1ee3c bi\u1ebft kh\u00e1ch h\u00e0ng c\u00f3 m\u1ed9t c\u00e1nh \u0111\u1ed3ng ng\u00f4 v\u00e0 \u0111ang cho c\u1eebu \u0103n. <\/p>    <p>V\u00ec v\u1eady, \u0111\u1ec3 s\u1eed d\u1ee5ng hi\u1ec7u qu\u1ea3 h\u01a1n nh\u1eefng th\u00e2n c\u00e2y ng\u00f4 n\u00e0y, kh\u00e1ch h\u00e0ng mong mu\u1ed1n mua \u0111\u01b0\u1ee3c m\u1ed9t chi\u1ebfc m\u00e1y c\u00f3 th\u1ec3 tr\u1ef1c ti\u1ebfp x\u1eed l\u00fd th\u00e2n c\u00e2y ng\u00f4 ngay tr\u00ean \u0111\u1ed3ng ru\u1ed9ng. Di\u1ec7n t\u00edch tr\u1ed3ng c\u00e2y c\u1ee7a kh\u00e1ch h\u00e0ng kh\u00f4ng l\u1edbn l\u1eafm v\u00e0 ch\u00fang t\u00f4i khuy\u1ebfn ngh\u1ecb chi\u1ec1u r\u1ed9ng thu ho\u1ea1ch l\u00e0 1,5 m\u00e9t. <\/p>    <p>V\u00ec kh\u00e1ch h\u00e0ng c\u00f3 m\u00e1y k\u00e9o n\u00ean ch\u1ec9 c\u1ea7n mua b\u1ed9 ph\u1eadn thu ho\u1ea1ch r\u01a1m. Sau khi kh\u00e1ch h\u00e0ng nh\u1eadn \u0111\u01b0\u1ee3c m\u00e1y, ch\u00fang t\u00f4i s\u1ebd h\u01b0\u1edbng d\u1eabn kh\u00e1ch h\u00e0ng c\u00e1ch k\u1ebft n\u1ed1i m\u00e1y k\u00e9o tr\u1ef1c tuy\u1ebfn. V\u00ec v\u1eady, kh\u00e1ch h\u00e0ng c\u00f3 th\u1ec3 y\u00ean t\u00e2m mua h\u00e0ng.<\/p>    <figure class=\"wp-block-image size-full\"><img loading=\"lazy\" decoding=\"async\" width=\"720\" height=\"540\" src=\"https:\/\/taizyfarmequipment.com\/wp-content\/uploads\/2022\/11\/forage-chopper-packing-and-shipping-.webp\" alt=\"v\u1eadn chuy\u1ec3n m\u00e1y b\u0103m th\u1ee9c \u0103n gia s\u00fac\" class=\"wp-image-3858\" title=\"m\u00e1y c\u1eaft th\u1ee9c \u0103n gia s\u00fac \u0111\u00f3ng g\u00f3i v\u00e0 v\u1eadn chuy\u1ec3n\"\/><figcaption class=\"wp-element-caption\">v\u1eadn chuy\u1ec3n m\u00e1y b\u0103m th\u1ee9c \u0103n gia s\u00fac<\/figcaption><\/figure>    <h2 class=\"wp-block-heading\">Li\u00ean h\u1ec7 v\u1edbi ch\u00fang t\u00f4i<\/h2>    <p>\u0110\u1ec3 theo \u0111u\u1ed5i m\u00e1y thu ho\u1ea1ch \u1ee7 chua l\u00fd t\u01b0\u1edfng, s\u1ea3n ph\u1ea9m c\u1ee7a ch\u00fang t\u00f4i kh\u00f4ng ch\u1ec9 mang l\u1ea1i hi\u1ec7u su\u1ea5t v\u00e0 t\u00ednh linh ho\u1ea1t v\u01b0\u1ee3t tr\u1ed9i m\u00e0 c\u00f2n \u0111\u01b0\u1ee3c thi\u1ebft k\u1ebf t\u1ec9 m\u1ec9 \u0111\u1ec3 \u0111\u1ea3m b\u1ea3o ho\u1ea1t \u0111\u1ed9ng n\u00f4ng nghi\u1ec7p hi\u1ec7u qu\u1ea3 v\u00e0 \u0111\u00e1ng tin c\u1eady. <\/p>    <p>Vui l\u00f2ng li\u00ean h\u1ec7 v\u1edbi nh\u00f3m t\u1eadn t\u00e2m c\u1ee7a ch\u00fang t\u00f4i \u0111\u1ec3 bi\u1ebft th\u00eam th\u00f4ng tin v\u1ec1 m\u00e1y thu ho\u1ea1ch th\u1ee9c \u0103n \u1ee7 chua c\u1ee7a ch\u00fang t\u00f4i. Ch\u00fang t\u00f4i cam k\u1ebft cung c\u1ea5p t\u01b0 v\u1ea5n chi ti\u1ebft v\u1ec1 s\u1ea3n ph\u1ea9m v\u00e0 \u0111\u1ec1 xu\u1ea5t m\u00f4 h\u00ecnh ph\u00f9 h\u1ee3p nh\u1ea5t d\u1ef1a tr\u00ean nhu c\u1ea7u c\u1ee5 th\u1ec3 c\u1ee7a trang tr\u1ea1i c\u1ee7a b\u1ea1n.<\/p>","protected":false},"excerpt":{"rendered":"<p>M\u00e1y b\u0103m nghi\u1ec1n c\u1ecf v\u00e0o hi\u1ec7u qu\u1ea3 cho vi\u1ec7c nghi\u1ec1n v\u00e0 thu th\u1eadp r\u01a1m.<\/p>","protected":false},"author":1,"featured_media":3850,"parent":0,"template":"","tags":[337,338],"product-type":[133],"class_list":["post-3849","product","type-product","status-publish","has-post-thumbnail","hentry","tag-forage-harvester","tag-silage-harvester","product-type-silage-machine"],"_links":{"self":[{"href":"https:\/\/taizyfarmequipment.com\/vi\/wp-json\/wp\/v2\/product\/3849","targetHints":{"allow":["GET"]}}],"collection":[{"href":"https:\/\/taizyfarmequipment.com\/vi\/wp-json\/wp\/v2\/product"}],"about":[{"href":"https:\/\/taizyfarmequipment.com\/vi\/wp-json\/wp\/v2\/types\/product"}],"author":[{"embeddable":true,"href":"https:\/\/taizyfarmequipment.com\/vi\/wp-json\/wp\/v2\/users\/1"}],"wp:featuredmedia":[{"embeddable":true,"href":"https:\/\/taizyfarmequipment.com\/vi\/wp-json\/wp\/v2\/media\/3850"}],"wp:attachment":[{"href":"https:\/\/taizyfarmequipment.com\/vi\/wp-json\/wp\/v2\/media?parent=3849"}],"wp:term":[{"taxonomy":"post_tag","embeddable":true,"href":"https:\/\/taizyfarmequipment.com\/vi\/wp-json\/wp\/v2\/tags?post=3849"},{"taxonomy":"product-type","embeddable":true,"href":"https:\/\/taizyfarmequipment.com\/vi\/wp-json\/wp\/v2\/product-type?post=3849"}],"curies":[{"name":"wp","href":"https:\/\/api.w.org\/{rel}","templated":true}]}}