{"id":3912,"date":"2022-12-13T15:43:34","date_gmt":"2022-12-13T07:43:34","guid":{"rendered":"https:\/\/taizyfarmequipment.com\/?post_type=product&#038;p=3912"},"modified":"2025-11-26T16:02:04","modified_gmt":"2025-11-26T08:02:04","slug":"may-cay-lua-cho-cay-giong-lua","status":"publish","type":"product","link":"https:\/\/taizyfarmequipment.com\/vi\/product\/rice-transplanter-for-rice-seedings\/","title":{"rendered":"M\u00e1y c\u1ea5y l\u00faa 4 h\u00e0ng \u0111\u1ec3 s\u1ea1 l\u00faa"},"content":{"rendered":"<div class=\"kk-star-ratings kksr-auto kksr-align-left kksr-valign-top\"     data-payload='{&quot;align&quot;:&quot;left&quot;,&quot;id&quot;:&quot;3912&quot;,&quot;slug&quot;:&quot;default&quot;,&quot;valign&quot;:&quot;top&quot;,&quot;ignore&quot;:&quot;&quot;,&quot;reference&quot;:&quot;auto&quot;,&quot;class&quot;:&quot;&quot;,&quot;count&quot;:&quot;5&quot;,&quot;legendonly&quot;:&quot;&quot;,&quot;readonly&quot;:&quot;&quot;,&quot;score&quot;:&quot;4.7&quot;,&quot;starsonly&quot;:&quot;&quot;,&quot;best&quot;:&quot;5&quot;,&quot;gap&quot;:&quot;5&quot;,&quot;greet&quot;:&quot;Rate this product&quot;,&quot;legend&quot;:&quot;4.7\\\/5 - (5 b\u00ecnh ch\u1ecdn)&quot;,&quot;size&quot;:&quot;24&quot;,&quot;title&quot;:&quot;4 row rice transplanter for rice seedings&quot;,&quot;width&quot;:&quot;133.8&quot;,&quot;_legend&quot;:&quot;{score}\\\/{best} - ({count} {votes})&quot;,&quot;font_factor&quot;:&quot;1.25&quot;}'>              <div class=\"kksr-stars\">      <div class=\"kksr-stars-inactive\">             <div class=\"kksr-star\" data-star=\"1\" style=\"padding-right: 5px\">               <div class=\"kksr-icon\" style=\"width: 24px; height: 24px;\"><\/div>         <\/div>             <div class=\"kksr-star\" data-star=\"2\" style=\"padding-right: 5px\">               <div class=\"kksr-icon\" style=\"width: 24px; height: 24px;\"><\/div>         <\/div>             <div class=\"kksr-star\" data-star=\"3\" style=\"padding-right: 5px\">               <div class=\"kksr-icon\" style=\"width: 24px; height: 24px;\"><\/div>         <\/div>             <div class=\"kksr-star\" data-star=\"4\" style=\"padding-right: 5px\">               <div class=\"kksr-icon\" style=\"width: 24px; height: 24px;\"><\/div>         <\/div>             <div class=\"kksr-star\" data-star=\"5\" style=\"padding-right: 5px\">               <div class=\"kksr-icon\" style=\"width: 24px; height: 24px;\"><\/div>         <\/div>     <\/div>      <div class=\"kksr-stars-active\" style=\"width: 133.8px;\">             <div class=\"kksr-star\" style=\"padding-right: 5px\">               <div class=\"kksr-icon\" style=\"width: 24px; height: 24px;\"><\/div>         <\/div>             <div class=\"kksr-star\" style=\"padding-right: 5px\">               <div class=\"kksr-icon\" style=\"width: 24px; height: 24px;\"><\/div>         <\/div>             <div class=\"kksr-star\" style=\"padding-right: 5px\">               <div class=\"kksr-icon\" style=\"width: 24px; height: 24px;\"><\/div>         <\/div>             <div class=\"kksr-star\" style=\"padding-right: 5px\">               <div class=\"kksr-icon\" style=\"width: 24px; height: 24px;\"><\/div>         <\/div>             <div class=\"kksr-star\" style=\"padding-right: 5px\">               <div class=\"kksr-icon\" style=\"width: 24px; height: 24px;\"><\/div>         <\/div>     <\/div> <\/div>                   <div class=\"kksr-legend\" style=\"font-size: 19.2px;\">             4.7\/5 - (5 l\u01b0\u1ee3t b\u00ecnh ch\u1ecdn)    <\/div>     <\/div>  <p>M\u00e1y c\u1ea5y l\u00faa hi\u1ec7n \u0111\u00e3 l\u00e0 s\u1ef1 l\u1ef1a ch\u1ecdn h\u00e0ng \u0111\u1ea7u c\u1ee7a h\u1ea7u h\u1ebft ng\u01b0\u1eddi tr\u1ed3ng l\u00faa. Ng\u00e0y nay, \u0111\u1ec3 c\u00f4ng vi\u1ec7c \u0111\u1ed3ng \u00e1ng hi\u1ec7u qu\u1ea3 h\u01a1n, vi\u1ec7c s\u1eed d\u1ee5ng m\u00e1y m\u00f3c \u0111\u1ec3 c\u1ea5y l\u00faa \u0111\u00e3 tr\u1edf th\u00e0nh m\u1ed9t hi\u1ec7n t\u01b0\u1ee3ng ph\u1ed5 bi\u1ebfn. M\u00e1y c\u1ea5y l\u00faa m\u1ea1nh m\u1ebd. <\/p>    <p>V\u00e0 m\u00e1y c\u1ea5y c\u1ee7a ch\u00fang t\u00f4i c\u00f3 th\u1ec3 tr\u1ed3ng 4 ho\u1eb7c 6 h\u00e0ng c\u00e2y con c\u00f9ng m\u1ed9t l\u00fac. So v\u1edbi lao \u0111\u1ed9ng ch\u00e2n tay th\u00ec hi\u1ec7u qu\u1ea3 h\u01a1n, hi\u1ec7u qu\u1ea3 c\u1ea5y l\u00faa c\u0169ng t\u1ed1t.<\/p>    <h2 class=\"wp-block-heading\">Gi\u1edbi thi\u1ec7u m\u00e1y c\u1ea5y l\u00faa<\/h2>    <p>Hi\u1ec7n nay ch\u00fang t\u00f4i s\u1ea3n xu\u1ea5t m\u00e1y c\u1ea5y l\u00faa lo\u1ea1i 4 h\u00e0ng v\u00e0 6 h\u00e0ng. V\u1ec1 m\u00e1y c\u1ea5y l\u00faa 4 h\u00e0ng, ng\u01b0\u1eddi d\u00f9ng c\u1ea7n ph\u1ea3i \u0111\u1ea9y m\u00e1y b\u1eb1ng tay \u0111\u1ec3 l\u00e0m vi\u1ec7c. M\u00e1y c\u1ea5y l\u00faa \u0111\u01b0\u1ee3c ch\u1ea1y b\u1eb1ng \u0111\u1ed9ng c\u01a1 x\u0103ng. Khi s\u1eed d\u1ee5ng m\u00e1y c\u1ea5y l\u00faa 6 h\u00e0ng, kh\u00e1ch h\u00e0ng c\u1ea7n ng\u1ed3i l\u00e1i m\u00e1y c\u1ea5y l\u00faa. \u0110\u1ed1i v\u1edbi m\u00e1y c\u1ea5y 6 h\u00e0ng, ngu\u1ed3n \u0111i\u1ec7n l\u00e0 \u0111\u1ed9ng c\u01a1 diesel.<br>Ngo\u00e0i ra, ch\u00fang ta c\u00f3 th\u1ec3 \u0111i\u1ec1u ch\u1ec9nh \u0111\u1ed9 s\u00e2u c\u1ee7a m\u1eabu m\u00e1y c\u1ea5y l\u00faa n\u00e0y t\u1eeb 15 cm \u0111\u1ebfn 35 cm.<\/p>    <p class=\"translation-block\">Ngo\u00e0i c\u00e1c m\u00e1y n\u00e0y \u0111\u1ec3 c\u1ea5y l\u00faa, ch\u00fang t\u00f4i c\u00f2n s\u1ea3n xu\u1ea5t <a href=\"https:\/\/taizyfarmequipment.com\/vi\/san-pham\/may-gieo-hat-rau-cu-day-tay\/\">m\u00e1y c\u1ea5y\/gieo c\u00e2y rau<\/a>, c\u00f3 th\u1ec3 c\u1ea5y gi\u1ed1ng cho nhi\u1ec1u lo\u1ea1i rau kh\u00e1c nhau.<\/p>    <figure class=\"wp-block-gallery has-nested-images columns-default is-cropped wp-block-gallery-2 is-layout-flex wp-block-gallery-is-layout-flex\"> <figure class=\"wp-block-image size-full\"><img loading=\"lazy\" decoding=\"async\" width=\"720\" height=\"540\" data-id=\"4974\" src=\"https:\/\/taizyfarmequipment.com\/wp-content\/uploads\/2022\/12\/rice-transplanter.webp\" alt=\"m\u00e1y c\u1ea5y l\u00faa\" class=\"wp-image-4974\" title=\"m\u00e1y c\u1ea5y l\u00faa 4 h\u00e0ng\" srcset=\"https:\/\/taizyfarmequipment.com\/wp-content\/uploads\/2022\/12\/rice-transplanter.webp 720w, https:\/\/taizyfarmequipment.com\/wp-content\/uploads\/2022\/12\/rice-transplanter-300x225.webp 300w, https:\/\/taizyfarmequipment.com\/wp-content\/uploads\/2022\/12\/rice-transplanter-16x12.webp 16w\" sizes=\"auto, (max-width: 720px) 100vw, 720px\" \/><figcaption class=\"wp-element-caption\">m\u00e1y c\u1ea5y l\u00faa<\/figcaption><\/figure>    <figure class=\"wp-block-image size-large\"><img loading=\"lazy\" decoding=\"async\" width=\"720\" height=\"540\" data-id=\"3918\" src=\"https:\/\/taizyfarmequipment.com\/wp-content\/uploads\/2022\/12\/6-row-rice-planting-machine-.webp\" alt=\"m\u00e1y tr\u1ed3ng l\u00faa 6 h\u00e0ng\" class=\"wp-image-3918\" title=\"m\u00e1y tr\u1ed3ng l\u00faa 6 h\u00e0ng\"\/><figcaption class=\"wp-element-caption\">m\u00e1y tr\u1ed3ng l\u00faa 6 h\u00e0ng<\/figcaption><\/figure> <\/figure>    <h2 class=\"wp-block-heading\">Lo\u1ea1i m\u00e1y n\u00e0o c\u00f3 th\u1ec3 l\u00e0m vi\u1ec7c v\u1edbi m\u00e1y gieo l\u00faa?<\/h2>    <p class=\"translation-block\">M\u00e1y c\u1ea5y l\u00faa c\u00f3 th\u1ec3 l\u00e0m vi\u1ec7c c\u00f9ng v\u1edbi <a href=\"https:\/\/www.agriculture-machine.com\/rice-nursery-seedling-machine\/\" target=\"_blank\" rel=\"noopener\">m\u00e1y \u01b0\u01a1m m\u1ea1<\/a>. Ch\u00fang ta c\u00f3 th\u1ec3 d\u00f9ng m\u00e1y \u01b0\u01a1m m\u1ea1 \u0111\u1ec3 nu\u00f4i m\u1ea1 l\u00faa tr\u01b0\u1edbc. Sau \u0111\u00f3 c\u00f3 th\u1ec3 c\u1ea5y m\u1ea1 khi m\u1ea1 \u0111\u00e3 tr\u01b0\u1edfng th\u00e0nh. Vi\u1ec7c n\u00e0y ti\u1ebft ki\u1ec7m nhi\u1ec1u th\u1eddi gian so v\u1edbi \u01b0\u01a1m m\u1ea1 v\u00e0 c\u1ea5y th\u1ee7 c\u00f4ng, \u0111\u1ed3ng th\u1eddi n\u00e2ng cao hi\u1ec7u qu\u1ea3.<\/p>    <figure class=\"wp-block-image size-full\"><img loading=\"lazy\" decoding=\"async\" width=\"720\" height=\"540\" src=\"https:\/\/taizyfarmequipment.com\/wp-content\/uploads\/2022\/12\/Rice-Nursery-Seedling-Machine-.jpg\" alt=\"m\u00e1y \u01b0\u01a1m l\u00faa\" class=\"wp-image-3919\" title=\"m\u00e1y \u01b0\u01a1m l\u00faa\"\/><figcaption class=\"wp-element-caption\">m\u00e1y \u01b0\u01a1m l\u00faa<\/figcaption><\/figure>    <h2 class=\"wp-block-heading\">T\u1ea1i sao ch\u00fang ta c\u1ea7n s\u1eed d\u1ee5ng m\u00e1y gieo h\u1ea1t l\u00faa?<\/h2>    <ol class=\"wp-block-list\"> <li>Hi\u1ec7u qu\u1ea3 c\u00f4ng vi\u1ec7c cao. Ch\u00fang ta \u0111\u1ec1u bi\u1ebft r\u1eb1ng vi\u1ec7c c\u1ea5y gh\u00e9p th\u1ee7 c\u00f4ng r\u1ea5t t\u1ed1n th\u1eddi gian. V\u00e0 c\u1ea7n tuy\u1ec3n d\u1ee5ng r\u1ea5t nhi\u1ec1u nh\u00e2n l\u1ef1c, v\u1eeba c\u1ea3i thi\u1ec7n \u0111\u01b0\u1ee3c chi ph\u00ed tr\u1ed3ng l\u00faa. V\u00ec v\u1eady, s\u1eed d\u1ee5ng m\u00e1y gieo h\u1ea1t l\u00faa c\u00f3 th\u1ec3 hi\u1ec7u qu\u1ea3 v\u00e0 ti\u1ebft ki\u1ec7m chi ph\u00ed h\u01a1n.<\/li>    <li>M\u00e1y gieo l\u00faa ho\u1ea1t \u0111\u1ed9ng t\u1ed1t. B\u1edfi v\u00ec c\u00f4ng vi\u1ec7c c\u1ee7a m\u00e1y c\u00f3 th\u1ec3 nh\u1eadn ra v\u00e0 duy tr\u00ec kho\u1ea3ng c\u00e1ch c\u00e2y v\u00e0 kho\u1ea3ng c\u00e1ch h\u00e0ng ti\u00eau chu\u1ea9n. \u0110i\u1ec1u n\u00e0y c\u0169ng gi\u00fap c\u00e2y con ph\u00e1t tri\u1ec3n t\u1ed1t h\u01a1n.<\/li> <\/ol>    <h2 class=\"wp-block-heading\">C\u1ea5u t\u1ea1o c\u1ee7a m\u00e1y c\u1ea5y l\u00faa<\/h2>    <ol class=\"wp-block-list\"> <li>\u0110\u1ea7u ti\u00ean l\u00e0 m\u00e1y c\u1ea5y l\u00faa 4 h\u00e0ng. Ki\u1ec3u tr\u1ed3ng l\u00faa n\u00e0y ch\u1ee7 y\u1ebfu bao g\u1ed3m h\u1ed9p m\u1ea1, khung khay m\u1ea1, \u0111\u1ed9ng c\u01a1, b\u00e1nh xe,\u2026 Sau \u0111\u00e2y l\u00e0 s\u01a1 \u0111\u1ed3 c\u1ea5u t\u1ea1o chi ti\u1ebft c\u1ee7a m\u00e1y.<\/li> <\/ol>    <figure class=\"wp-block-image size-full is-resized\"><img loading=\"lazy\" decoding=\"async\" width=\"720\" height=\"540\" src=\"https:\/\/taizyfarmequipment.com\/wp-content\/uploads\/2022\/12\/4-row-paddy-planting-machines-structure.webp\" alt=\"C\u1ea5u t\u1ea1o m\u00e1y c\u1ea5y l\u00faa 4 h\u00e0ng\" class=\"wp-image-4975\" style=\"width:720px;height:540px\" title=\"C\u1ea5u t\u1ea1o m\u00e1y c\u1ea5y l\u00faa 4 h\u00e0ng\" srcset=\"https:\/\/taizyfarmequipment.com\/wp-content\/uploads\/2022\/12\/4-row-paddy-planting-machines-structure.webp 720w, https:\/\/taizyfarmequipment.com\/wp-content\/uploads\/2022\/12\/4-row-paddy-planting-machines-structure-300x225.webp 300w, https:\/\/taizyfarmequipment.com\/wp-content\/uploads\/2022\/12\/4-row-paddy-planting-machines-structure-16x12.webp 16w\" sizes=\"auto, (max-width: 720px) 100vw, 720px\" \/><figcaption class=\"wp-element-caption\">C\u1ea5u tr\u00fac m\u00e1y tr\u1ed3ng l\u00faa 4 h\u00e0ng<\/figcaption><\/figure>    <p>2. Sau \u0111\u00e2y l\u00e0 s\u01a1 \u0111\u1ed3 c\u1ea5u t\u1ea1o c\u1ee7a m\u00e1y c\u1ea5y l\u00faa 6 h\u00e0ng.<\/p>    <figure class=\"wp-block-image size-full\"><img loading=\"lazy\" decoding=\"async\" width=\"720\" height=\"540\" src=\"https:\/\/taizyfarmequipment.com\/wp-content\/uploads\/2022\/12\/6-row-rice-transplanter-strucure-.webp\" alt=\"C\u1ea5u t\u1ea1o m\u00e1y c\u1ea5y l\u00faa 6 h\u00e0ng \" class=\"wp-image-3921\" title=\"C\u1ea5u t\u1ea1o m\u00e1y c\u1ea5y l\u00faa 6 h\u00e0ng \"\/><figcaption class=\"wp-element-caption\">C\u1ea5u t\u1ea1o m\u00e1y c\u1ea5y l\u00faa 6 h\u00e0ng<\/figcaption><\/figure>    <h2 class=\"wp-block-heading\">Nguy\u00ean l\u00fd ho\u1ea1t \u0111\u1ed9ng c\u1ee7a m\u00e1y tr\u1ed3ng l\u00faa<\/h2>    <p>M\u1eb7c d\u00f9 b\u1ec1 ngo\u00e0i c\u1ee7a m\u00e1y c\u00f3 kh\u00e1c nhau. Nh\u01b0ng quy tr\u00ecnh c\u01a1 b\u1ea3n v\u1ec1 c\u00e1ch th\u1ee9c ho\u1ea1t \u0111\u1ed9ng c\u1ee7a m\u00e1y m\u00f3c th\u00ec g\u1ea7n nh\u01b0 gi\u1ed1ng nhau. <\/p>    <ol class=\"wp-block-list\"> <li>M\u1ea7m l\u00faa nguy\u00ean l\u00e1 \u0111\u01b0\u1ee3c cho v\u00e0o h\u1ed9p \u01b0\u01a1m. <\/li>    <li>Sau \u0111\u00f3 di chuy\u1ec3n sang b\u00ean b\u1eb1ng h\u1ed9p m\u1ea1, v\u00e0 thi\u1ebft b\u1ecb l\u1ea5y m\u1ea1 s\u1ebd l\u1ea5y \u0111i m\u1ed9t s\u1ed1 l\u01b0\u1ee3ng c\u00e2y con nh\u1ea5t \u0111\u1ecbnh theo c\u00e1c l\u1ea7n chia li\u00ean ti\u1ebfp. <\/li>    <li>D\u01b0\u1edbi t\u00e1c \u0111\u1ed9ng c\u1ee7a c\u01a1 ch\u1ebf \u0111i\u1ec1u khi\u1ec3n qu\u1ef9 \u0111\u1ea1o, c\u00e2y con \u0111\u01b0\u1ee3c \u0111\u01b0a v\u00e0o \u0111\u1ea5t theo y\u00eau c\u1ea7u n\u00f4ng h\u1ecdc. <\/li>    <li>Cu\u1ed1i c\u00f9ng, thi\u1ebft b\u1ecb l\u1ea5y c\u00e2y gi\u1ed1ng quay tr\u1edf l\u1ea1i h\u1ed9p \u0111\u1ef1ng c\u00e2y gi\u1ed1ng \u0111\u1ec3 l\u1ea5y c\u00e2y gi\u1ed1ng theo m\u1ed9t qu\u1ef9 \u0111\u1ea1o nh\u1ea5t \u0111\u1ecbnh.<\/li> <\/ol>    <figure class=\"wp-block-gallery has-nested-images columns-default is-cropped wp-block-gallery-3 is-layout-flex wp-block-gallery-is-layout-flex\"> <figure class=\"wp-block-image size-large\"><img loading=\"lazy\" decoding=\"async\" width=\"720\" height=\"540\" data-id=\"3923\" src=\"https:\/\/taizyfarmequipment.com\/wp-content\/uploads\/2022\/12\/rice-plantation-machine-.webp\" alt=\"m\u00e1y tr\u1ed3ng l\u00faa\" class=\"wp-image-3923\" title=\"m\u00e1y tr\u1ed3ng l\u00faa\"\/><figcaption class=\"wp-element-caption\">m\u00e1y tr\u1ed3ng l\u00faa<\/figcaption><\/figure>    <figure class=\"wp-block-image size-large\"><img loading=\"lazy\" decoding=\"async\" width=\"720\" height=\"540\" data-id=\"3924\" src=\"https:\/\/taizyfarmequipment.com\/wp-content\/uploads\/2022\/12\/rice-planting-machine-.webp\" alt=\"m\u00e1y tr\u1ed3ng l\u00faa \" class=\"wp-image-3924\" title=\"m\u00e1y tr\u1ed3ng l\u00faa \"\/><figcaption class=\"wp-element-caption\">m\u00e1y tr\u1ed3ng l\u00faa<\/figcaption><\/figure> <\/figure>    <h2 class=\"wp-block-heading\">Th\u00f4ng tin k\u1ef9 thu\u1eadt chi ti\u1ebft v\u1ec1 m\u00e1y tr\u1ed3ng l\u00faa<\/h2>    <h2 class=\"wp-block-heading\">4 h\u00e0ng <\/h2>    <figure class=\"wp-block-table\"><table><tbody><tr><td>Ng\u01b0\u1eddi m\u1eabu<\/td><td>2ZS-4<\/td><\/tr><tr><td>K\u00edch c\u1ee1<\/td><td>2140\u00d71630\u00d7910(mm)<\/td><\/tr><tr><td>C\u00e2n n\u1eb7ng<\/td><td>165kg<\/td><\/tr><tr><td>C\u00f4ng su\u1ea5t \u0111\u1ed9ng c\u01a1<\/td><td>2,6\/3000 (kw\/v\u00f2ng\/ph\u00fat)<\/td><\/tr><tr><td>D\u00e2y chuy\u1ec1n l\u00e0m vi\u1ec7c<\/td><td>4 d\u00f2ng<\/td><\/tr><tr><td>T\u1ed1c \u0111\u1ed9 l\u00e0m vi\u1ec7c<\/td><td>0,34-0,77 (m\/s)<\/td><\/tr><tr><td>Kho\u1ea3ng c\u00e1ch d\u00f2ng<\/td><td>300(mm)<\/td><\/tr><tr><td>Kho\u1ea3ng c\u00e1ch gieo h\u1ea1t<\/td><td>210;180;160;140;120(mm)<\/td><\/tr><tr><td>\u0110\u1ed9 s\u00e2u gieo h\u1ea1t<\/td><td>15-35(mm)<\/td><\/tr><\/tbody><\/table><\/figure>    <h2 class=\"wp-block-heading\">6 h\u00e0ng <\/h2>    <figure class=\"wp-block-table\"><table><tbody><tr><td>Ng\u01b0\u1eddi m\u1eabu<\/td><td>CY-6<\/td><\/tr><tr><td>M\u1eabu \u0111\u1ed9ng c\u01a1 Diesel<\/td><td>Kh\u1edfi \u0111\u1ed9ng b\u1eb1ng tay 175F<\/td><\/tr><tr><td>C\u00f4ng su\u1ea5t \u0111\u1ed9ng c\u01a1 Diesel (kw\/HP)<\/td><td>3.72\/5.5<\/td><\/tr><tr><td>T\u1ed1c \u0111\u1ed9 quay \u0111\u1ed9ng c\u01a1 Diesel (r\/min)<\/td><td>2600<\/td><\/tr><tr><td>S\u1ed1 h\u00e0ng c\u1ea5y<\/td><td>6<\/td><\/tr><tr><td>Kho\u1ea3ng c\u00e1ch h\u00e0ng \u0111\u1ebfn h\u00e0ng (mm)<\/td><td>300mm<\/td><\/tr><tr><td>Kho\u1ea3ng c\u00e1ch t\u1eeb \u0111\u1ed3i t\u1edbi \u0111\u1ed3i (mm)<\/td><td>120\/140mm<\/td><\/tr><tr><td>Hi\u1ec7u qu\u1ea3 C\u1ea5y gh\u00e9p<\/td><td>0,35-0,5 m\u1eabu Anh\/gi\u1edd<\/td><\/tr><tr><td>Tr\u1ecdng l\u01b0\u1ee3ng t\u1ecbnh<\/td><td>300kg<\/td><\/tr><\/tbody><\/table><\/figure>    <h2 class=\"wp-block-heading\">M\u00e1y gieo h\u1ea1t l\u00faa c\u00f3 \u0111\u1eb7c \u0111i\u1ec3m g\u00ec?<\/h2>    <ol class=\"wp-block-list\"> <li>M\u00e1y c\u1ea5y l\u00faa ho\u1ea1t \u0111\u1ed9ng nhanh, gieo m\u1ea1 \u0111\u1ec1u, gi\u00fap kh\u00e1ng b\u1ec7nh v\u00e0 n\u0103ng su\u1ea5t cao!<\/li>    <li>M\u00e1y c\u1ea5y l\u00faa 4 h\u00e0ng c\u1ea7n c\u1ea7m tay, m\u00e1y c\u1ea5y l\u00faa 6 h\u00e0ng c\u00f3 th\u1ec3 \u0111i\u1ec1u khi\u1ec3n \u0111\u01b0\u1ee3c. Ng\u01b0\u1eddi d\u00e2n kh\u00f4ng c\u1ea7n ph\u1ea3i c\u00fai xu\u1ed1ng \u0111\u1ec3 tr\u1ed3ng l\u00faa. \u0110i\u1ec1u n\u00e0y l\u00e0m gi\u1ea3m \u0111\u00e1ng k\u1ec3 c\u01b0\u1eddng \u0111\u1ed9 lao \u0111\u1ed9ng c\u1ee7a con ng\u01b0\u1eddi.<\/li>    <li>M\u00e1y th\u1ef1c hi\u1ec7n m\u1ed9t h\u1ed1 cho m\u1ed9t c\u00e2y con, tr\u00e1nh hi\u1ec7n t\u01b0\u1ee3ng l\u00e3ng ph\u00ed c\u00e2y con.<\/li>    <li>L\u00faa \u0111\u01b0\u1ee3c tr\u1ed3ng b\u1eb1ng m\u00e1y c\u1ea5y l\u00faa c\u00f3 l\u1ee3i cho s\u1ef1 th\u00f4ng tho\u00e1ng c\u1ee7a l\u00faa v\u00e0 \u00e1nh n\u1eafng. H\u1ea1t g\u1ea1o nh\u01b0 v\u1eady \u0111\u1ea7y v\u00e0 t\u1ef7 l\u1ec7 v\u1ecf r\u1ed7ng th\u1ea5p.<\/li> <\/ol>    <figure class=\"wp-block-image size-full is-resized\"><img loading=\"lazy\" decoding=\"async\" width=\"720\" height=\"540\" src=\"https:\/\/taizyfarmequipment.com\/wp-content\/uploads\/2022\/12\/rice-sowing-machine-1-1.webp\" alt=\"m\u00e1y gieo l\u00faa \" class=\"wp-image-3925\" style=\"width:720px;height:540px\" title=\"m\u00e1y gieo l\u00faa \"\/><figcaption class=\"wp-element-caption\">m\u00e1y gieo l\u00faa <\/figcaption><\/figure>    <h2 class=\"wp-block-heading\">Taizy Machine-Comp-Customer L\u1ef1a ch\u1ecdn t\u1ed1t nh\u1ea5t<\/h2>    <ol class=\"wp-block-list\"> <li>Ch\u00fang t\u00f4i l\u00e0 nh\u00e0 s\u1ea3n xu\u1ea5t m\u00e1y m\u00f3c n\u00f4ng nghi\u1ec7p chuy\u00ean nghi\u1ec7p. Ch\u00fang t\u00f4i cam k\u1ebft nghi\u00ean c\u1ee9u v\u00e0 thi\u1ebft k\u1ebf m\u00e1y m\u00f3c n\u00f4ng nghi\u1ec7p ti\u1ec7n l\u1ee3i v\u00e0 ch\u1ea5t l\u01b0\u1ee3ng cao h\u01a1n.<\/li>    <li>M\u00e1y ch\u1ea5t l\u01b0\u1ee3ng cao. C\u00e1c m\u00e1y m\u00f3c ch\u00fang t\u00f4i s\u1ea3n xu\u1ea5t \u0111\u01b0\u1ee3c l\u00e0m b\u1eb1ng v\u1eadt li\u1ec7u t\u1ed1t nh\u1ea5t. B\u1eb1ng c\u00e1ch n\u00e0y, tu\u1ed5i th\u1ecd c\u1ee7a m\u00e1y \u0111\u01b0\u1ee3c k\u00e9o d\u00e0i h\u01a1n.<\/li>    <li>\u0110\u1ed9i ng\u0169 ph\u1ee5c v\u1ee5 chuy\u00ean nghi\u1ec7p. Ng\u01b0\u1eddi qu\u1ea3n l\u00fd b\u00e1n h\u00e0ng c\u1ee7a ch\u00fang t\u00f4i c\u00f3 th\u1ec3 cung c\u1ea5p cho b\u1ea1n c\u00e1c gi\u1ea3i ph\u00e1p chuy\u00ean nghi\u1ec7p, vui l\u00f2ng li\u00ean h\u1ec7 v\u1edbi ch\u00fang t\u00f4i.<\/li>    <li>D\u1ecbch v\u1ee5 sau b\u00e1n h\u00e0ng m\u1ed9t n\u0103m. Ch\u00fang t\u00f4i s\u1ebd cung c\u1ea5p cho kh\u00e1ch h\u00e0ng d\u1ecbch v\u1ee5 h\u1eadu m\u00e3i m\u1ed9t n\u0103m tr\u1ef1c tuy\u1ebfn ho\u1eb7c ngo\u1ea1i tuy\u1ebfn.<\/li> <\/ol>    <figure class=\"wp-block-gallery has-nested-images columns-default is-cropped wp-block-gallery-4 is-layout-flex wp-block-gallery-is-layout-flex\"> <figure class=\"wp-block-image size-large\"><img loading=\"lazy\" decoding=\"async\" width=\"720\" height=\"540\" data-id=\"3926\" src=\"https:\/\/taizyfarmequipment.com\/wp-content\/uploads\/2022\/12\/paddy-seeding-machine-.webp\" alt=\"m\u00e1y gieo h\u1ea1t l\u00faa \" class=\"wp-image-3926\" title=\"m\u00e1y gieo h\u1ea1t l\u00faa \"\/><figcaption class=\"wp-element-caption\">m\u00e1y gieo h\u1ea1t l\u00faa<\/figcaption><\/figure>    <figure class=\"wp-block-image size-large\"><img loading=\"lazy\" decoding=\"async\" width=\"720\" height=\"540\" data-id=\"3928\" src=\"https:\/\/taizyfarmequipment.com\/wp-content\/uploads\/2022\/12\/exporting-of-the-paddy-saowing-machine-.webp\" alt=\"xu\u1ea5t kh\u1ea9u m\u00e1y gieo l\u00faa\" class=\"wp-image-3928\" title=\"xu\u1ea5t kh\u1ea9u m\u00e1y gieo l\u00faa\"\/><figcaption class=\"wp-element-caption\">xu\u1ea5t kh\u1ea9u m\u00e1y gieo l\u00faa<\/figcaption><\/figure> <\/figure>","protected":false},"excerpt":{"rendered":"<p>M\u00e1y c\u1ea5y l\u00faa hi\u1ec7n \u0111\u00e3 l\u00e0 s\u1ef1 l\u1ef1a ch\u1ecdn h\u00e0ng \u0111\u1ea7u c\u1ee7a h\u1ea7u h\u1ebft ng\u01b0\u1eddi tr\u1ed3ng l\u00faa. Ng\u00e0y nay, \u0111\u1ec3 th\u1ef1c hi\u1ec7n c\u00f4ng vi\u1ec7c \u0111\u1ea5t n\u00f4ng nghi\u1ec7p hi\u1ec7u qu\u1ea3 h\u01a1n, n\u00f3 \u0111\u00e3 tr\u1edf th\u00e0nh m\u1ed9t hi\u1ec7n t\u01b0\u1ee3ng ph\u1ed5 bi\u1ebfn.<\/p>","protected":false},"author":1,"featured_media":3915,"parent":0,"template":"","tags":[],"product-type":[134],"class_list":["post-3912","product","type-product","status-publish","has-post-thumbnail","hentry","product-type-nursery-transplanter"],"_links":{"self":[{"href":"https:\/\/taizyfarmequipment.com\/vi\/wp-json\/wp\/v2\/product\/3912","targetHints":{"allow":["GET"]}}],"collection":[{"href":"https:\/\/taizyfarmequipment.com\/vi\/wp-json\/wp\/v2\/product"}],"about":[{"href":"https:\/\/taizyfarmequipment.com\/vi\/wp-json\/wp\/v2\/types\/product"}],"author":[{"embeddable":true,"href":"https:\/\/taizyfarmequipment.com\/vi\/wp-json\/wp\/v2\/users\/1"}],"wp:featuredmedia":[{"embeddable":true,"href":"https:\/\/taizyfarmequipment.com\/vi\/wp-json\/wp\/v2\/media\/3915"}],"wp:attachment":[{"href":"https:\/\/taizyfarmequipment.com\/vi\/wp-json\/wp\/v2\/media?parent=3912"}],"wp:term":[{"taxonomy":"post_tag","embeddable":true,"href":"https:\/\/taizyfarmequipment.com\/vi\/wp-json\/wp\/v2\/tags?post=3912"},{"taxonomy":"product-type","embeddable":true,"href":"https:\/\/taizyfarmequipment.com\/vi\/wp-json\/wp\/v2\/product-type?post=3912"}],"curies":[{"name":"wp","href":"https:\/\/api.w.org\/{rel}","templated":true}]}}