{"id":3938,"date":"2022-12-19T17:18:33","date_gmt":"2022-12-19T09:18:33","guid":{"rendered":"https:\/\/taizyfarmequipment.com\/?post_type=product&#038;p=3938"},"modified":"2023-01-07T17:38:31","modified_gmt":"2023-01-07T09:38:31","slug":"may-gat-lua-va-lua-mi","status":"publish","type":"product","link":"https:\/\/taizyfarmequipment.com\/vi\/product\/reaper-binder-for-rice-and-wheat\/","title":{"rendered":"Ch\u1ea5t k\u1ebft d\u00ednh cho g\u1ea1o v\u00e0 l\u00faa m\u00ec"},"content":{"rendered":"<div class=\"kk-star-ratings kksr-auto kksr-align-left kksr-valign-top\"     data-payload='{&quot;align&quot;:&quot;left&quot;,&quot;id&quot;:&quot;3938&quot;,&quot;slug&quot;:&quot;default&quot;,&quot;valign&quot;:&quot;top&quot;,&quot;ignore&quot;:&quot;&quot;,&quot;reference&quot;:&quot;auto&quot;,&quot;class&quot;:&quot;&quot;,&quot;count&quot;:&quot;30&quot;,&quot;legendonly&quot;:&quot;&quot;,&quot;readonly&quot;:&quot;&quot;,&quot;score&quot;:&quot;4.7&quot;,&quot;starsonly&quot;:&quot;&quot;,&quot;best&quot;:&quot;5&quot;,&quot;gap&quot;:&quot;5&quot;,&quot;greet&quot;:&quot;Rate this product&quot;,&quot;legend&quot;:&quot;4.7\\\/5 - (30 b\u00ecnh ch\u1ecdn)&quot;,&quot;size&quot;:&quot;24&quot;,&quot;title&quot;:&quot;Reaper binder for rice and wheat&quot;,&quot;width&quot;:&quot;133.8&quot;,&quot;_legend&quot;:&quot;{score}\\\/{best} - ({count} {votes})&quot;,&quot;font_factor&quot;:&quot;1.25&quot;}'>              <div class=\"kksr-stars\">      <div class=\"kksr-stars-inactive\">             <div class=\"kksr-star\" data-star=\"1\" style=\"padding-right: 5px\">               <div class=\"kksr-icon\" style=\"width: 24px; height: 24px;\"><\/div>         <\/div>             <div class=\"kksr-star\" data-star=\"2\" style=\"padding-right: 5px\">               <div class=\"kksr-icon\" style=\"width: 24px; height: 24px;\"><\/div>         <\/div>             <div class=\"kksr-star\" data-star=\"3\" style=\"padding-right: 5px\">               <div class=\"kksr-icon\" style=\"width: 24px; height: 24px;\"><\/div>         <\/div>             <div class=\"kksr-star\" data-star=\"4\" style=\"padding-right: 5px\">               <div class=\"kksr-icon\" style=\"width: 24px; height: 24px;\"><\/div>         <\/div>             <div class=\"kksr-star\" data-star=\"5\" style=\"padding-right: 5px\">               <div class=\"kksr-icon\" style=\"width: 24px; height: 24px;\"><\/div>         <\/div>     <\/div>      <div class=\"kksr-stars-active\" style=\"width: 133.8px;\">             <div class=\"kksr-star\" style=\"padding-right: 5px\">               <div class=\"kksr-icon\" style=\"width: 24px; height: 24px;\"><\/div>         <\/div>             <div class=\"kksr-star\" style=\"padding-right: 5px\">               <div class=\"kksr-icon\" style=\"width: 24px; height: 24px;\"><\/div>         <\/div>             <div class=\"kksr-star\" style=\"padding-right: 5px\">               <div class=\"kksr-icon\" style=\"width: 24px; height: 24px;\"><\/div>         <\/div>             <div class=\"kksr-star\" style=\"padding-right: 5px\">               <div class=\"kksr-icon\" style=\"width: 24px; height: 24px;\"><\/div>         <\/div>             <div class=\"kksr-star\" style=\"padding-right: 5px\">               <div class=\"kksr-icon\" style=\"width: 24px; height: 24px;\"><\/div>         <\/div>     <\/div> <\/div>                   <div class=\"kksr-legend\" style=\"font-size: 19.2px;\">             4.7\/5 - (30 l\u01b0\u1ee3t b\u00ecnh ch\u1ecdn)    <\/div>     <\/div>  <p class=\"translation-block\">M\u00e1y g\u1eb7t li\u00ean h\u1ee3p nh\u1ecf (reaper binder) l\u00e0 m\u1ed9t m\u00e1y g\u1eb7t nh\u1ecf d\u00f9ng \u0111\u1ec3 thu ho\u1ea1ch l\u00faa m\u00ec, l\u00faa v\u00e0 c\u00e1c lo\u1ea1i c\u00e2y tr\u1ed3ng kh\u00e1c. V\u00ec l\u00e0 m\u00e1y g\u1eb7t nh\u1ecf, n\u00f3 r\u1ea5t ph\u00f9 h\u1ee3p cho c\u00e1c h\u1ed9 gia \u0111\u00ecnh c\u00f3 ru\u1ed9ng nh\u1ecf. Ngo\u00e0i m\u00e1y g\u1eb7t n\u00e0y, ch\u00fang t\u00f4i c\u00f2n c\u00f3 <a href=\"https:\/\/www.agriculture-machine.com\/reaper-binder\/\" target=\"_blank\" rel=\"noopener\">m\u00e1y g\u1eb7t c\u1ed9t b\u00f3 l\u00faa<\/a>. V\u1eadt li\u1ec7u thu ho\u1ea1ch c\u00f3 th\u1ec3 \u0111\u01b0\u1ee3c g\u1eb7t v\u00e0 b\u00f3 l\u1ea1i.<\/p>    <h2 class=\"wp-block-heading\">M\u00e1y \u0111\u00f3ng s\u00e1ch g\u1eb7t l\u00e0 g\u00ec?<\/h2>    <p>C\u00f3 3 m\u1eabu m\u00e1y \u00e9p Reaper do Taizy s\u1ea3n xu\u1ea5t. C\u00e1c m\u1eabu m\u00e1y g\u1eb7t l\u00faa kh\u00e1c nhau c\u00f3 chi\u1ec1u r\u1ed9ng thu ho\u1ea1ch kh\u00e1c nhau. Ch\u00fang t\u00f4i s\u1ebd \u0111\u1ec1 xu\u1ea5t m\u00e1y c\u00f3 chi\u1ec1u r\u1ed9ng thu ho\u1ea1ch ph\u00f9 h\u1ee3p t\u00f9y theo t\u00ecnh h\u00ecnh c\u1ee5 th\u1ec3 c\u1ee7a kh\u00e1ch h\u00e0ng. M\u00e1y c\u1eaft l\u00faa \u0111\u01b0\u1ee3c trang b\u1ecb \u0111\u1ed9ng c\u01a1 diesel. <\/p>    <p>Ch\u00fang t\u00f4i c\u00f3 3 lo\u1ea1i m\u00e1y c\u1eaft c\u1ecf. M\u1ed9t l\u00e0 lo\u1ea1i c\u00f3 l\u01b0\u1ee1i th\u1eb3ng \u0111\u1ee9ng \u0111\u1ec3 c\u1eaft c\u1ecf r\u1ed1i. M\u1ed9t lo\u1ea1i kh\u00e1c l\u00e0 lo\u1ea1i c\u00f3 khung \u0111\u1ee1 \u1edf ph\u00eda tr\u00ean, ph\u00f9 h\u1ee3p v\u1edbi nh\u1eefng th\u00e2n c\u00e2y cao h\u01a1n nh\u01b0 th\u00e2n ng\u00f4. Th\u1ee9 ba l\u00e0 m\u00f4 h\u00ecnh th\u00f4ng th\u01b0\u1eddng, kh\u00f4ng c\u00f3 dao d\u1ecdc v\u00e0 gi\u00e1 \u0111\u1ee1.<\/p>    <figure class=\"wp-block-gallery has-nested-images columns-default is-cropped wp-block-gallery-2 is-layout-flex wp-block-gallery-is-layout-flex\"> <figure class=\"wp-block-image size-large\"><img loading=\"lazy\" decoding=\"async\" width=\"720\" height=\"540\" data-id=\"4031\" src=\"https:\/\/taizyfarmequipment.com\/wp-content\/uploads\/2023\/01\/reaper-binder-machine-.webp\" alt=\"m\u00e1y k\u1ebft d\u00ednh m\u00e1y g\u1eb7t\" class=\"wp-image-4031\" title=\"m\u00e1y k\u1ebft d\u00ednh m\u00e1y g\u1eb7t\"\/><figcaption class=\"wp-element-caption\">m\u00e1y k\u1ebft d\u00ednh m\u00e1y g\u1eb7t<\/figcaption><\/figure>    <figure class=\"wp-block-image size-large\"><img loading=\"lazy\" decoding=\"async\" width=\"720\" height=\"540\" data-id=\"4032\" src=\"https:\/\/taizyfarmequipment.com\/wp-content\/uploads\/2023\/01\/wheat-cutting-and-binding-machine.webp\" alt=\"m\u00e1y c\u1eaft v\u00e0 \u0111\u00f3ng s\u00e1ch l\u00faa m\u00ec\" class=\"wp-image-4032\" title=\"m\u00e1y c\u1eaft v\u00e0 \u0111\u00f3ng s\u00e1ch l\u00faa m\u00ec\"\/><figcaption class=\"wp-element-caption\">m\u00e1y c\u1eaft v\u00e0 \u0111\u00f3ng s\u00e1ch l\u00faa m\u00ec<\/figcaption><\/figure>    <figure class=\"wp-block-image size-large\"><img loading=\"lazy\" decoding=\"async\" width=\"720\" height=\"540\" data-id=\"4033\" src=\"https:\/\/taizyfarmequipment.com\/wp-content\/uploads\/2023\/01\/Hand-reaper-machine-.webp\" alt=\"M\u00e1y g\u1eb7t c\u1ea7m tay\" class=\"wp-image-4033\" title=\"M\u00e1y g\u1eb7t c\u1ea7m tay\"\/><figcaption class=\"wp-element-caption\">M\u00e1y g\u1eb7t c\u1ea7m tay<\/figcaption><\/figure> <\/figure>    <h2 class=\"wp-block-heading\">M\u00e1y c\u1eaft v\u00e0 \u0111\u00f3ng l\u00faa c\u00f3 th\u1ec3 x\u1eed l\u00fd nh\u1eefng lo\u1ea1i c\u00e2y n\u00e0o?<\/h2>    <p class=\"translation-block\">M\u00e1y c\u1eaft v\u00e0 bu\u1ed9c l\u00faa c\u1ee7a ch\u00fang t\u00f4i c\u00f3 th\u1ec3 x\u1eed l\u00fd nhi\u1ec1u lo\u1ea1i v\u1eadt li\u1ec7u. Nh\u1eefng v\u1eadt li\u1ec7u n\u00e0y bao g\u1ed3m l\u00faa, l\u00faa m\u00ec, \u0111\u1eadu n\u00e0nh, c\u1ecf, k\u00ea, ng\u0169 c\u1ed1c, c\u1ecf linh l\u0103ng, v.v. Ngo\u00e0i ra, b\u00ean c\u1ea1nh m\u00e1y g\u1eb7t li\u00ean h\u1ee3p b\u00e1n, ch\u00fang t\u00f4i c\u00f2n s\u1ea3n xu\u1ea5t <a href=\"https:\/\/taizyfarmequipment.com\/vi\/san-pham\/may-gat-ngo-mot-hang\/\">m\u00e1y g\u1eb7t b\u1eafp nh\u1ecf<\/a> chuy\u00ean thu ho\u1ea1ch ng\u00f4. M\u00e1y g\u1eb7t ng\u00f4 thu ho\u1ea1ch m\u1ed9t h\u00e0ng ng\u00f4 t\u1ea1i m\u1ed9t th\u1eddi \u0111i\u1ec3m, v\u00e0 m\u1ed9t ng\u01b0\u1eddi c\u00f3 th\u1ec3 ho\u00e0n th\u00e0nh c\u00f4ng vi\u1ec7c.<\/p>    <figure class=\"wp-block-image size-full\"><img loading=\"lazy\" decoding=\"async\" width=\"720\" height=\"540\" src=\"https:\/\/taizyfarmequipment.com\/wp-content\/uploads\/2023\/01\/various-plants-.webp\" alt=\"nhi\u1ec1u lo\u1ea1i c\u00e2y kh\u00e1c nhau \" class=\"wp-image-4034\" title=\"nhi\u1ec1u lo\u1ea1i c\u00e2y kh\u00e1c nhau \"\/><figcaption class=\"wp-element-caption\">nhi\u1ec1u lo\u1ea1i c\u00e2y kh\u00e1c nhau<\/figcaption><\/figure>    <h2 class=\"wp-block-heading\">Tay Reaper Machine tham s\u1ed1<\/h2>    <figure class=\"wp-block-table\"><table><tbody><tr><td>Chi\u1ec1u r\u1ed9ng thu ho\u1ea1ch<\/td><td>1000<\/td><\/tr><tr><td>Chi\u1ec1u cao sau khi c\u1eaft<\/td><td>\u226550<\/td><\/tr><tr><td>Dung t\u00edch<\/td><td>0,41-0,66 m\u1eabu Anh\/h<\/td><\/tr><tr><td>G\u00f3c \u0111\u1eb7t (\u0111\u1ed9)<\/td><td>90 \u00b1 20<\/td><\/tr><tr><td>H\u00ecnh th\u1ee9c \u0111\u1eb7t<\/td><td>\u0111i ngang<\/td><\/tr><tr><td>S\u1ee9c m\u1ea1nh h\u1ed7 tr\u1ee3<\/td><td>(3,64KW) 170F\/\u0111\u1ed9ng c\u01a1 diesel ba v\u00f2ng 4,5 ng\u1ef1a<\/td><\/tr><tr><td>Tr\u1ecdng l\u01b0\u1ee3ng t\u1ecbnh (KG)<\/td><td>210<\/td><\/tr><tr><td>T\u1ed5ng tr\u1ecdng l\u01b0\u1ee3ng (KG)<\/td><td>250<\/td><\/tr><tr><td>K\u00edch th\u01b0\u1edbc g\u00f3i h\u00e0ng (d\u00e0i*r\u1ed9ng*cao) m<\/td><td>1.3*1.07*0.65<\/td><\/tr><\/tbody><\/table><figcaption class=\"wp-element-caption\">Tay Reaper Machine tham s\u1ed1<\/figcaption><\/figure>    <h2 class=\"wp-block-heading\">\u01afu \u0111i\u1ec3m c\u1ee7a m\u00e1y g\u1eb7t l\u00faa th\u1ee7 c\u00f4ng<\/h2>    <ol class=\"wp-block-list\"> <li>\u1ee8ng d\u1ee5ng \u0111a d\u1ea1ng. C\u00f3 th\u1ec3 x\u1eed l\u00fd h\u1ea7u h\u1ebft c\u00e1c lo\u1ea1i c\u00e2y tr\u1ed3ng ph\u1ed5 bi\u1ebfn.<\/li>    <li>D\u1ec5 s\u1eed d\u1ee5ng. Hi\u1ec7u su\u1ea5t ho\u1ea1t \u0111\u1ed9ng m\u1ea1nh m\u1ebd. V\u00e0 t\u1ea5t c\u1ea3 c\u00f4ng vi\u1ec7c c\u00f3 th\u1ec3 \u0111\u01b0\u1ee3c ho\u00e0n th\u00e0nh ch\u1ec9 v\u1edbi m\u1ed9t thao t\u00e1c c\u1ea7m tay.<\/li>    <li>C\u1ea5u t\u1ea1o c\u1ee7a m\u00e1y g\u1eb7t th\u1ee7 c\u00f4ng nh\u1ecf g\u1ecdn, kh\u1ed1i l\u01b0\u1ee3ng nh\u1ecf, di\u1ec7n t\u00edch chi\u1ebfm d\u1ee5ng c\u1ee7a m\u00e1y x\u1edbi gi\u00f3 l\u00e0 thi\u1ebft b\u1ecb thu\u1eadn ti\u1ec7n nh\u1ea5t cho n\u00f4ng d\u00e2n thu ho\u1ea1ch m\u00f9a m\u00e0ng.<\/li>    <li>M\u00e1y th\u00edch h\u1ee3p s\u1eed d\u1ee5ng \u1edf v\u00f9ng n\u00fai, \u0111\u1ed3i, ru\u1ed9ng nh\u1ecf.<\/li>    <li>L\u1ed1p ph\u00f9 h\u1ee3p trong qu\u00e1 tr\u00ecnh v\u1eadn h\u00e0nh l\u00e0 lo\u1ea1i l\u1ed1p c\u00f3 \u0111\u01b0\u1eddng k\u00ednh l\u1edbn, c\u00f3 kh\u1ea3 n\u0103ng v\u01b0\u1ee3t qua m\u1ea1nh m\u1ebd v\u00e0 \u0111\u1eb7c bi\u1ec7t th\u00edch h\u1ee3p khi v\u1eadn h\u00e0nh tr\u00ean m\u1eb7t \u0111\u1ea5t \u1ea9m \u01b0\u1edbt v\u00e0 m\u1ee5c n\u00e1t.<\/li>    <li>Ly h\u1ee3p l\u00e1i b\u1eb1ng tay, \u0111\u00e1nh l\u00e1i d\u1ec5 d\u00e0ng, linh ho\u1ea1t, b\u00e1n k\u00ednh quay v\u00f2ng nh\u1ecf, kh\u00f4ng b\u1ecb l\u1ec7ch tr\u00ean \u0111\u1ecba h\u00ecnh \u01b0\u1edbt, x\u1ea5u.<\/li> <\/ol>    <figure class=\"wp-block-image size-full\"><img loading=\"lazy\" decoding=\"async\" width=\"720\" height=\"540\" src=\"https:\/\/taizyfarmequipment.com\/wp-content\/uploads\/2023\/01\/manual-paddy-reaper-.webp\" alt=\"m\u00e1y g\u1eb7t l\u00faa b\u1eb1ng tay\" class=\"wp-image-4035\" title=\"m\u00e1y g\u1eb7t l\u00faa b\u1eb1ng tay\"\/><figcaption class=\"wp-element-caption\">m\u00e1y g\u1eb7t l\u00faa b\u1eb1ng tay<\/figcaption><\/figure>    <h2 class=\"wp-block-heading\">M\u00e1y c\u1eaft l\u00faa ho\u1ea1t \u0111\u1ed9ng nh\u01b0 th\u1ebf n\u00e0o?<\/h2>    <p>Khi ch\u1ea5t k\u1ebft d\u00ednh c\u1ee7a m\u00e1y g\u1eb7t ti\u1ebfn l\u00ean, b\u1ed9 chia c\u00e2y tr\u1ed3ng s\u1ebd t\u00e1ch c\u00e2y tr\u1ed3ng ra. Sau \u0111\u00f3, nh\u1eefng con dao s\u1ebd c\u1eaft v\u1ee5 m\u00f9a. Ti\u1ebfp theo, b\u0103ng chuy\u1ec1n \u0111\u01b0a c\u00e2y tr\u1ed3ng th\u1eb3ng \u0111\u1ee9ng sang tr\u00e1i. Cu\u1ed1i c\u00f9ng, d\u01b0\u1edbi t\u00e1c \u0111\u1ed9ng c\u1ee7a b\u00e1nh sao v\u00e0 l\u00f2 xo \u00e1p su\u1ea5t y\u1ebfu, c\u00e2y tr\u1ed3ng \u0111\u01b0\u1ee3c x\u1ebfp th\u00e0nh t\u1eebng d\u1ea3i v\u00e0 x\u1ebfp g\u1ecdn g\u00e0ng tr\u00ean m\u1eb7t \u0111\u1ea5t.<\/p>    <h2 class=\"wp-block-heading\">M\u00e1y c\u1eaft l\u00faa m\u00ec Video l\u00e0m vi\u1ec7c<\/h2>    <figure class=\"wp-block-embed is-type-video is-provider-youtube wp-block-embed-youtube wp-embed-aspect-4-3 wp-has-aspect-ratio\"><div class=\"wp-block-embed__wrapper\"> <iframe loading=\"lazy\" title=\"video r\u1ea5t xu\u1ea5t s\u1eafc!!! c\u00e1ch l\u1eafp \u0111\u1eb7t m\u00e1y g\u1eb7t l\u00faa v\u00e0 m\u00e1y \u0111\u00f3ng s\u00e1ch?\" width=\"500\" height=\"375\" src=\"https:\/\/www.youtube.com\/embed\/qVnE7wE-lAI?feature=oembed\" frameborder=\"0\" allow=\"accelerometer; autoplay; clipboard-write; encrypted-media; gyroscope; picture-in-picture; web-share\" referrerpolicy=\"strict-origin-when-cross-origin\" allowfullscreen><\/iframe> <\/div><\/figure>    <h2 class=\"wp-block-heading\">M\u00e1y g\u1eb7t l\u00faa Taizy-s\u1ef1 l\u1ef1a ch\u1ecdn t\u1ed1t nh\u1ea5t<\/h2>    <ol class=\"wp-block-list\"> <li>Ch\u00fang t\u00f4i l\u00e0 nh\u00e0 s\u1ea3n xu\u1ea5t m\u00e1y m\u00f3c n\u00f4ng nghi\u1ec7p chuy\u00ean nghi\u1ec7p. Cam k\u1ebft s\u1ea3n xu\u1ea5t c\u00e1c s\u1ea3n ph\u1ea9m m\u00e1y m\u00f3c n\u00f4ng nghi\u1ec7p ch\u1ea5t l\u01b0\u1ee3ng cao, b\u1ec1n b\u1ec9. V\u00ec v\u1eady, m\u1ed7i m\u00e1y m\u00f3c n\u00f4ng nghi\u1ec7p c\u1ee7a ch\u00fang t\u00f4i \u0111\u1ec1u c\u00f3 ch\u1ea5t l\u01b0\u1ee3ng cao v\u00e0 gi\u00e1 th\u00e0nh th\u1ea5p. Kh\u00e1ch h\u00e0ng c\u00f3 th\u1ec3 y\u00ean t\u00e2m mua h\u00e0ng.<\/li>    <li>Ch\u00fang t\u00f4i \u0111\u00e3 xu\u1ea5t kh\u1ea9u m\u00e1y m\u00f3c trong nhi\u1ec1u n\u0103m. V\u00ec v\u1eady, kh\u00e1ch h\u00e0ng n\u01b0\u1edbc ngo\u00e0i c\u00f3 th\u1ec3 \u0111\u01b0\u1ee3c gi\u00fap \u0111\u1ee1 gi\u1ea3i quy\u1ebft nhi\u1ec1u v\u1ea5n \u0111\u1ec1 g\u1eb7p ph\u1ea3i trong qu\u00e1 tr\u00ecnh mua h\u00e0ng.<\/li>    <li>D\u1ecbch v\u1ee5 to\u00e0n di\u1ec7n. Nh\u00e2n vi\u00ean b\u00e1n h\u00e0ng c\u1ee7a ch\u00fang t\u00f4i c\u00f3 ki\u1ebfn \u200b\u200bth\u1ee9c m\u00e1y m\u00f3c chuy\u00ean nghi\u1ec7p. C\u00f3 th\u1ec3 gi\u00fap kh\u00e1ch h\u00e0ng gi\u1ea3i \u0111\u00e1p nhi\u1ec1u th\u1eafc m\u1eafc kh\u00e1c nhau v\u1ec1 m\u00e1y.<\/li>    <li>D\u1ecbch v\u1ee5 sau b\u00e1n h\u00e0ng m\u1ed9t n\u0103m. Ch\u00fang t\u00f4i h\u1ed7 tr\u1ee3 d\u1ecbch v\u1ee5 sau b\u00e1n h\u00e0ng m\u1ed9t n\u0103m cho t\u1ea5t c\u1ea3 c\u00e1c m\u00e1y.<\/li> <\/ol>    <figure class=\"wp-block-image size-full\"><img loading=\"lazy\" decoding=\"async\" width=\"720\" height=\"540\" src=\"https:\/\/taizyfarmequipment.com\/wp-content\/uploads\/2023\/01\/rice-reaper-harvester-.webp\" alt=\"m\u00e1y g\u1eb7t l\u00faa\" class=\"wp-image-4036\" title=\"m\u00e1y g\u1eb7t l\u00faa\"\/><figcaption class=\"wp-element-caption\">m\u00e1y g\u1eb7t l\u00faa<\/figcaption><\/figure>","protected":false},"excerpt":{"rendered":"<p>M\u00e1y g\u1eb7t l\u00e0 lo\u1ea1i m\u00e1y g\u1eb7t nh\u1ecf chuy\u00ean d\u00f9ng \u0111\u1ec3 thu ho\u1ea1ch l\u00faa m\u00ec, g\u1ea1o v\u00e0 c\u00e1c lo\u1ea1i c\u00e2y tr\u1ed3ng kh\u00e1c. V\u00ec l\u00e0 m\u00e1y g\u1eb7t c\u1ee1 nh\u1ecf n\u00ean r\u1ea5t ph\u00f9 h\u1ee3p v\u1edbi nh\u1eefng gia \u0111\u00ecnh c\u00f3 ru\u1ed9ng nh\u1ecf.<\/p>","protected":false},"author":1,"featured_media":4029,"parent":0,"template":"","tags":[301],"product-type":[128],"class_list":["post-3938","product","type-product","status-publish","has-post-thumbnail","hentry","tag-reaper-binder","product-type-harvester"],"_links":{"self":[{"href":"https:\/\/taizyfarmequipment.com\/vi\/wp-json\/wp\/v2\/product\/3938","targetHints":{"allow":["GET"]}}],"collection":[{"href":"https:\/\/taizyfarmequipment.com\/vi\/wp-json\/wp\/v2\/product"}],"about":[{"href":"https:\/\/taizyfarmequipment.com\/vi\/wp-json\/wp\/v2\/types\/product"}],"author":[{"embeddable":true,"href":"https:\/\/taizyfarmequipment.com\/vi\/wp-json\/wp\/v2\/users\/1"}],"wp:featuredmedia":[{"embeddable":true,"href":"https:\/\/taizyfarmequipment.com\/vi\/wp-json\/wp\/v2\/media\/4029"}],"wp:attachment":[{"href":"https:\/\/taizyfarmequipment.com\/vi\/wp-json\/wp\/v2\/media?parent=3938"}],"wp:term":[{"taxonomy":"post_tag","embeddable":true,"href":"https:\/\/taizyfarmequipment.com\/vi\/wp-json\/wp\/v2\/tags?post=3938"},{"taxonomy":"product-type","embeddable":true,"href":"https:\/\/taizyfarmequipment.com\/vi\/wp-json\/wp\/v2\/product-type?post=3938"}],"curies":[{"name":"wp","href":"https:\/\/api.w.org\/{rel}","templated":true}]}}