{"id":3944,"date":"2022-12-21T17:06:49","date_gmt":"2022-12-21T09:06:49","guid":{"rendered":"https:\/\/taizyfarmequipment.com\/?post_type=product&#038;p=3944"},"modified":"2025-11-26T15:59:48","modified_gmt":"2025-11-26T07:59:48","slug":"may-gieo-hat-lua-tu-dong","status":"publish","type":"product","link":"https:\/\/taizyfarmequipment.com\/vi\/product\/automatic-paddy-seed-sowing-machine\/","title":{"rendered":"M\u00e1y gieo h\u1ea1t l\u00faa t\u1ef1 \u0111\u1ed9ng"},"content":{"rendered":"<div class=\"kk-star-ratings kksr-auto kksr-align-left kksr-valign-top\"     data-payload='{&quot;align&quot;:&quot;left&quot;,&quot;id&quot;:&quot;3944&quot;,&quot;slug&quot;:&quot;default&quot;,&quot;valign&quot;:&quot;top&quot;,&quot;ignore&quot;:&quot;&quot;,&quot;reference&quot;:&quot;auto&quot;,&quot;class&quot;:&quot;&quot;,&quot;count&quot;:&quot;25&quot;,&quot;legendonly&quot;:&quot;&quot;,&quot;readonly&quot;:&quot;&quot;,&quot;score&quot;:&quot;4.7&quot;,&quot;starsonly&quot;:&quot;&quot;,&quot;best&quot;:&quot;5&quot;,&quot;gap&quot;:&quot;5&quot;,&quot;greet&quot;:&quot;Rate this product&quot;,&quot;legend&quot;:&quot;4.7\\\/5 - (25 b\u00ecnh ch\u1ecdn)&quot;,&quot;size&quot;:&quot;24&quot;,&quot;title&quot;:&quot;Automatic rice paddy seed sowing machine&quot;,&quot;width&quot;:&quot;133.8&quot;,&quot;_legend&quot;:&quot;{score}\\\/{best} - ({count} {votes})&quot;,&quot;font_factor&quot;:&quot;1.25&quot;}'>              <div class=\"kksr-stars\">      <div class=\"kksr-stars-inactive\">             <div class=\"kksr-star\" data-star=\"1\" style=\"padding-right: 5px\">               <div class=\"kksr-icon\" style=\"width: 24px; height: 24px;\"><\/div>         <\/div>             <div class=\"kksr-star\" data-star=\"2\" style=\"padding-right: 5px\">               <div class=\"kksr-icon\" style=\"width: 24px; height: 24px;\"><\/div>         <\/div>             <div class=\"kksr-star\" data-star=\"3\" style=\"padding-right: 5px\">               <div class=\"kksr-icon\" style=\"width: 24px; height: 24px;\"><\/div>         <\/div>             <div class=\"kksr-star\" data-star=\"4\" style=\"padding-right: 5px\">               <div class=\"kksr-icon\" style=\"width: 24px; height: 24px;\"><\/div>         <\/div>             <div class=\"kksr-star\" data-star=\"5\" style=\"padding-right: 5px\">               <div class=\"kksr-icon\" style=\"width: 24px; height: 24px;\"><\/div>         <\/div>     <\/div>      <div class=\"kksr-stars-active\" style=\"width: 133.8px;\">             <div class=\"kksr-star\" style=\"padding-right: 5px\">               <div class=\"kksr-icon\" style=\"width: 24px; height: 24px;\"><\/div>         <\/div>             <div class=\"kksr-star\" style=\"padding-right: 5px\">               <div class=\"kksr-icon\" style=\"width: 24px; height: 24px;\"><\/div>         <\/div>             <div class=\"kksr-star\" style=\"padding-right: 5px\">               <div class=\"kksr-icon\" style=\"width: 24px; height: 24px;\"><\/div>         <\/div>             <div class=\"kksr-star\" style=\"padding-right: 5px\">               <div class=\"kksr-icon\" style=\"width: 24px; height: 24px;\"><\/div>         <\/div>             <div class=\"kksr-star\" style=\"padding-right: 5px\">               <div class=\"kksr-icon\" style=\"width: 24px; height: 24px;\"><\/div>         <\/div>     <\/div> <\/div>                   <div class=\"kksr-legend\" style=\"font-size: 19.2px;\">             4.7\/5 - (25 l\u01b0\u1ee3t b\u00ecnh ch\u1ecdn)    <\/div>     <\/div>  <p class=\"translation-block\">M\u00e1y gieo m\u1ea1 l\u00faa c\u00f3 th\u1ec3 c\u1ea3i thi\u1ec7n hi\u1ec7u qu\u1ea3 gieo m\u1ea1 l\u00faa. V\u1edbi c\u00f4ng su\u1ea5t <strong>969-1017 khay m\u1ed7i gi\u1edd<\/strong>, n\u00f3 \u0111\u1ea3m b\u1ea3o gieo nhanh v\u00e0 \u0111\u1ec1u, gi\u1ea3m \u0111\u00e1ng k\u1ec3 lao \u0111\u1ed9ng th\u1ee7 c\u00f4ng. <\/p>    <p>M\u00e1y gieo h\u1ea1t m\u1ea1 l\u00faa t\u1ef1 \u0111\u1ed9ng n\u00e0y c\u00f3 ch\u1ee9c n\u0103ng \u0111\u1ecbnh l\u01b0\u1ee3ng h\u1ea1t v\u00e0 \u0111\u1ed5 khay t\u1ef1 \u0111\u1ed9ng, mang l\u1ea1i k\u1ebft qu\u1ea3 \u0111\u1ed3ng \u0111\u1ec1u gi\u00fap c\u1ea3i thi\u1ec7n ch\u1ea5t l\u01b0\u1ee3ng v\u00e0 s\u1ef1 ph\u00e1t tri\u1ec3n c\u1ee7a m\u1ea1. <\/p>    <figure class=\"wp-block-embed is-type-video is-provider-youtube wp-block-embed-youtube wp-embed-aspect-9-16 wp-has-aspect-ratio\"><div class=\"wp-block-embed__wrapper\"> <iframe loading=\"lazy\" title=\"M\u00e1y gieo h\u1ea1t m\u1ea1 l\u00faa t\u1ef1 \u0111\u1ed9ng cho n\u00f4ng nghi\u1ec7p hi\u1ec7u su\u1ea5t cao #rice #paddy #sow #farming\" width=\"422\" height=\"750\" src=\"https:\/\/www.youtube.com\/embed\/XhMncCF22Iw?feature=oembed\" frameborder=\"0\" allow=\"accelerometer; autoplay; clipboard-write; encrypted-media; gyroscope; picture-in-picture; web-share\" referrerpolicy=\"strict-origin-when-cross-origin\" allowfullscreen><\/iframe> <\/div><figcaption class=\"wp-element-caption\">Video ho\u1ea1t \u0111\u1ed9ng m\u00e1y gieo h\u1ea1t m\u1ea1 l\u00faa t\u1ef1 \u0111\u1ed9ng<\/figcaption><\/figure>    <h2 class=\"wp-block-heading\">M\u00e1y gieo m\u1ea1 l\u00faa b\u00e1n<\/h2>    <div class=\"wp-block-media-text is-stacked-on-mobile\"><figure class=\"wp-block-media-text__media\"><img loading=\"lazy\" decoding=\"async\" width=\"720\" height=\"540\" src=\"https:\/\/taizyfarmequipment.com\/wp-content\/uploads\/2023\/01\/paddy-seed-sowing-machine-2.webp\" alt=\"m\u00e1y gieo h\u1ea1t l\u00faa\" class=\"wp-image-4022 size-full\"\/><\/figure><div class=\"wp-block-media-text__content\"> <p>M\u00e1y gieo h\u1ea1t m\u1ea1 l\u00faa t\u1ef1 \u0111\u1ed9ng c\u1ee7a Taizy t\u00edch h\u1ee3p c\u1ea5p khay, n\u1ea1p \u0111\u1ea5t, gieo h\u1ea1t, t\u01b0\u1edbi n\u01b0\u1edbc v\u00e0 x\u1ebfp khay trong m\u1ed9t m\u00e1y. <\/p>    <p>N\u00f3 ti\u1ebft ki\u1ec7m nh\u00e2n l\u1ef1c v\u00e0 th\u1eddi gian, \u0111\u1ea3m b\u1ea3o gieo ch\u00ednh x\u00e1c, c\u1ea3i thi\u1ec7n t\u1ef7 l\u1ec7 s\u1ed1ng c\u1ee7a m\u1ea1 v\u00e0 gi\u1ea3m l\u00e3ng ph\u00ed h\u1ea1t gi\u1ed1ng.<\/p> <\/div><\/div>    <h2 class=\"wp-block-heading\">C\u1ea5u tr\u00fac m\u00e1y gieo m\u1ea1 l\u00faa<\/h2>    <div class=\"wp-block-media-text has-media-on-the-right is-stacked-on-mobile\"><div class=\"wp-block-media-text__content\"> <p>M\u00e1y ch\u1ee7 y\u1ebfu bao g\u1ed3m b\u0103ng t\u1ea3i, h\u1ed9p ph\u1ee7 m\u00e0ng, b\u1ed9 ph\u1eadn phun n\u01b0\u1edbc, thi\u1ebft b\u1ecb gieo h\u1ea1t, b\u1ed9 ph\u1eadn x\u1ebfp khay, b\u1ed9 ph\u1eadn n\u1ea1p \u0111\u1ea5t, v.v.<\/p> <\/div><figure class=\"wp-block-media-text__media\"><img loading=\"lazy\" decoding=\"async\" width=\"720\" height=\"540\" src=\"https:\/\/taizyfarmequipment.com\/wp-content\/uploads\/2023\/01\/rice-seedling-machine-.webp\" alt=\"m\u00e1y gieo h\u1ea1t l\u00faa\" class=\"wp-image-4023 size-full\"\/><\/figure><\/div>    <h2 class=\"wp-block-heading\">M\u00e1y gieo m\u1ea1 l\u00faa ho\u1ea1t \u0111\u1ed9ng nh\u01b0 th\u1ebf n\u00e0o?<\/h2>    <div class=\"wp-block-media-text is-stacked-on-mobile\"><figure class=\"wp-block-media-text__media\"><img loading=\"lazy\" decoding=\"async\" width=\"720\" height=\"540\" src=\"https:\/\/taizyfarmequipment.com\/wp-content\/uploads\/2023\/01\/automatic-paddy-rice-seeding-machine-.webp\" alt=\"m\u00e1y gieo h\u1ea1t l\u00faa cho doanh nghi\u1ec7p\" class=\"wp-image-4020 size-full\"\/><\/figure><div class=\"wp-block-media-text__content\"> <ul class=\"wp-block-list\"> <li>\u0110\u1eb7t m\u1ed9t khay m\u1ea1 l\u00ean thi\u1ebft b\u1ecb cung c\u1ea5p khay t\u1ef1 \u0111\u1ed9ng v\u00e0 b\u1eadt m\u00e1y.<\/li>    <li>B\u0103ng t\u1ea3i di chuy\u1ec3n khay t\u1edbi h\u1ed9p \u0111\u1ea5t \u0111\u1ea7u ti\u00ean \u0111\u1ec3 ph\u1ee7 \u0111\u1ea5t \u0111\u1ec1u.<\/li>    <li>B\u00e0n ch\u1ea3i lo\u1ea1i b\u1ecf \u0111\u1ea5t th\u1eeba kh\u1ecfi khay.<\/li>    <li>B\u1ed9 phun n\u01b0\u1edbc r\u1ea3i n\u01b0\u1edbc l\u00ean khay.<\/li>    <li>Khay \u0111i qua ph\u1ea7n gieo, n\u01a1i h\u1ea1t \u0111\u01b0\u1ee3c gieo ch\u00ednh x\u00e1c.<\/li>    <li>Khay \u0111\u01b0\u1ee3c ph\u1ee7 l\u1edbp mulching sau khi gieo \u0111\u1ec3 h\u1ed7 tr\u1ee3 <a href=\"https:\/\/en.wikipedia.org\/wiki\/Seedling\" data-type=\"link\" data-id=\"https:\/\/en.wikipedia.org\/wiki\/Seedling\" target=\"_blank\" rel=\"noopener\">c\u00e2y gi\u1ed1ng<\/a> t\u0103ng tr\u01b0\u1edfng.<\/li>    <li>M\u00e1y t\u1ef1 \u0111\u1ed9ng x\u1ebfp c\u00e1c khay m\u1ea1, s\u1eb5n s\u00e0ng cho c\u00f4ng nh\u00e2n thu gom.<\/li> <\/ul> <\/div><\/div>    <h2 class=\"wp-block-heading\">\u01afu \u0111i\u1ec3m c\u1ee7a m\u00e1y \u01b0\u01a1m l\u00faa<\/h2>    <ol class=\"wp-block-list\"> <li><strong>Hi\u1ec7u qu\u1ea3 gieo cao<\/strong>. K\u1ebft h\u1ee3p ph\u1ee7 l\u1edbp mulching, gieo h\u1ea1t, t\u01b0\u1edbi n\u01b0\u1edbc v\u00e0 x\u1ebfp khay t\u1ef1 \u0111\u1ed9ng trong m\u1ed9t m\u00e1y \u0111\u1ec3 ho\u00e0n th\u00e0nh t\u1ea5t c\u1ea3 c\u00e1c c\u00f4ng \u0111o\u1ea1n gieo h\u1ea1t nhanh ch\u00f3ng.<\/li>    <li><strong>Gieo ch\u00ednh x\u00e1c<\/strong>. Ti\u1ebft ki\u1ec7m h\u1ea1t gi\u1ed1ng l\u00faa v\u00e0 \u0111\u1ea3m b\u1ea3o c\u00e2y m\u1ea7m ph\u00e1t tri\u1ec3n t\u1ed1t v\u1edbi t\u1ef7 l\u1ec7 s\u1ed1ng cao.<\/li>    <li><strong>T\u1ef1 \u0111\u1ed9ng h\u00f3a cao<\/strong>. T\u1ef1 \u0111\u1ed9ng c\u1ea5p khay, x\u1ebfp khay, v\u00e0 bao g\u1ed3m b\u0103ng chuy\u1ec1n c\u1ea5p \u0111\u1ea5t t\u1ef1 \u0111\u1ed9ng, gi\u1ea3m thi\u1ec3u y\u00eau c\u1ea7u nh\u00e2n c\u00f4ng.<\/li>    <li><strong>V\u1eadn h\u00e0nh d\u1ec5 d\u00e0ng<\/strong>. C\u1ea5u tr\u00fac \u0111\u01a1n gi\u1ea3n cho ph\u00e9p m\u1ed9t ng\u01b0\u1eddi ho\u00e0n th\u00e0nh to\u00e0n b\u1ed9 qu\u00e1 tr\u00ecnh gieo h\u1ea1t l\u00faa m\u1ed9t c\u00e1ch hi\u1ec7u qu\u1ea3.<\/li> <\/ol>    <figure class=\"wp-block-gallery has-nested-images columns-default is-cropped wp-block-gallery-2 is-layout-flex wp-block-gallery-is-layout-flex\"> <figure class=\"wp-block-image size-large\"><img loading=\"lazy\" decoding=\"async\" width=\"720\" height=\"540\" data-id=\"4025\" src=\"https:\/\/taizyfarmequipment.com\/wp-content\/uploads\/2023\/01\/factory-.webp\" alt=\"m\u00e1y \u01b0\u01a1m l\u00faa trong kho\" class=\"wp-image-4025\" title=\"Nh\u00e0 m\u00e1y c\u1ee7a ch\u00fang t\u00f4i \"\/><figcaption class=\"wp-element-caption\">m\u00e1y \u01b0\u01a1m l\u00faa trong kho<\/figcaption><\/figure>    <figure class=\"wp-block-image size-large\"><img loading=\"lazy\" decoding=\"async\" width=\"720\" height=\"540\" data-id=\"4027\" src=\"https:\/\/taizyfarmequipment.com\/wp-content\/uploads\/2023\/01\/part-of-our-factory-.webp\" alt=\"m\u00e1y \u01b0\u01a1m l\u00faa xu\u1ea5t kh\u1ea9u\" class=\"wp-image-4027\" title=\"m\u1ed9t ph\u1ea7n c\u1ee7a nh\u00e0 m\u00e1y c\u1ee7a ch\u00fang t\u00f4i \"\/><figcaption class=\"wp-element-caption\">m\u00e1y \u01b0\u01a1m l\u00faa xu\u1ea5t kh\u1ea9u<\/figcaption><\/figure> <\/figure>    <h2 class=\"wp-block-heading\">Th\u00f4ng s\u1ed1 c\u1ee7a m\u00e1y gieo h\u1ea1t l\u00faa<\/h2>    <figure class=\"wp-block-table\"><table><tbody><tr><td>Ng\u01b0\u1eddi m\u1eabu<strong><\/strong><\/td><td>TZY-280A<strong><\/strong><\/td><\/tr><tr><td>K\u00edch c\u1ee1<\/td><td>6830*460*1020mm<strong><\/strong><\/td><\/tr><tr><td>C\u00e2n n\u1eb7ng<\/td><td>190kg<strong><\/strong><\/td><\/tr><tr><td>Quy\u1ec1n l\u1ef1c<\/td><td>240w \u0111\u1ec3 giao h\u00e0ng120w \u0111\u1ec3 gieo h\u1ea1t<strong><\/strong><\/td><\/tr><tr><td>Ph\u1ec5u ph\u1ee5 tr\u1ee3 \u0111\u1ea5t gieo h\u1ea1t<\/td><td>45L<strong><\/strong><\/td><\/tr><tr><td>Ph\u1ec5u h\u1ea1t<\/td><td>30L<strong><\/strong><\/td><\/tr><tr><td>Ph\u1ec5u ph\u1ee5 tr\u1ee3 \u0111\u1ea5t gieo h\u1ea1t<\/td><td>45L<\/td><\/tr><tr><td>L\u01b0\u1ee3ng gieo(g\/khay)<\/td><td>95\uff5e304.5<strong><\/strong><\/td><\/tr><tr><td>Dung t\u00edch<\/td><td>969-1017khay\/gi\u1edd<\/td><\/tr><tr><td>\u0110\u1ed9 d\u00e0y c\u1ee7a l\u00f2ng \u0111\u1ea5t<\/td><td>18-25mm<\/td><\/tr><tr><td>\u0110\u1ed9 d\u00e0y c\u1ee7a l\u1edbp \u0111\u1ea5t b\u1ec1 m\u1eb7t<\/td><td>3-9mm<\/td><\/tr><\/tbody><\/table><figcaption class=\"wp-element-caption\">M\u00e1y tr\u1ed3ng gi\u1ed1ng l\u00faa<\/figcaption><\/figure>    <h2 class=\"wp-block-heading\">Nh\u1eefng lo\u1ea1i m\u00e1y n\u00e0o c\u00f3 th\u1ec3 l\u00e0m vi\u1ec7c \u0111\u01b0\u1ee3c v\u1edbi m\u00e1y gieo h\u1ea1t l\u00faa?<\/h2>    <div class=\"wp-block-media-text has-media-on-the-right is-stacked-on-mobile\"><div class=\"wp-block-media-text__content\"> <p class=\"translation-block\">M\u00e1y gieo m\u1ea1 l\u00faa c\u00f3 th\u1ec3 \u0111\u01b0\u1ee3c s\u1eed d\u1ee5ng k\u1ebft h\u1ee3p v\u1edbi <a href=\"https:\/\/taizyfarmequipment.com\/vi\/san-pham\/may-cay-lua-cho-cay-giong-lua\/\" data-type=\"link\" data-id=\"https:\/\/taizyfarmequipment.com\/product\/rice-transplanter-for-rice-seedings\/\">m\u00e1y c\u1ea5y l\u00faa<\/a> \u0111\u1ec3 c\u1ea3i thi\u1ec7n \u0111\u00e1ng k\u1ec3 hi\u1ec7u su\u1ea5t. <\/p>    <p>\u0110\u1ea7u ti\u00ean, m\u00e1y gieo m\u1ea1 \u0111\u01b0\u1ee3c s\u1eed d\u1ee5ng \u0111\u1ec3 gieo h\u1ea1t, v\u00e0 khi m\u1ea1 ph\u00e1t tri\u1ec3n \u0111\u1ebfn tr\u01b0\u1edfng th\u00e0nh, m\u00e1y c\u1ea5y l\u00faa s\u1ebd \u0111\u01b0\u1ee3c s\u1eed d\u1ee5ng \u0111\u1ec3 c\u1ea5y ch\u00fang v\u00e0o ru\u1ed9ng.<\/p> <\/div><figure class=\"wp-block-media-text__media\"><img loading=\"lazy\" decoding=\"async\" width=\"720\" height=\"540\" src=\"https:\/\/taizyfarmequipment.com\/wp-content\/uploads\/2022\/12\/rice-transplanter.webp\" alt=\"m\u00e1y c\u1ea5y l\u00faa\" class=\"wp-image-4974 size-full\" srcset=\"https:\/\/taizyfarmequipment.com\/wp-content\/uploads\/2022\/12\/rice-transplanter.webp 720w, https:\/\/taizyfarmequipment.com\/wp-content\/uploads\/2022\/12\/rice-transplanter-300x225.webp 300w, https:\/\/taizyfarmequipment.com\/wp-content\/uploads\/2022\/12\/rice-transplanter-16x12.webp 16w\" sizes=\"auto, (max-width: 720px) 100vw, 720px\" \/><\/figure><\/div>    <h2 class=\"wp-block-heading\">M\u00e1y \u01b0\u01a1m l\u00faa b\u00e1n cho Azerbaijan<\/h2>    <p>M\u1ed9t kh\u00e1ch h\u00e0ng \u0111\u1ebfn t\u1eeb Azerbaijan \u0111\u00e3 mua m\u00e1y gieo h\u1ea1t l\u00faa c\u1ee7a ch\u00fang t\u00f4i. Kh\u00e1ch h\u00e0ng \u0111\u00e3 mua n\u00f3 cho b\u1ea1n c\u1ee7a m\u00ecnh. Trong khi trao \u0111\u1ed5i v\u1edbi kh\u00e1ch h\u00e0ng v\u1ec1 m\u00e1y, ch\u00fang t\u00f4i \u0111\u00e3 g\u1eedi h\u00ecnh \u1ea3nh, video v\u00e0 th\u00f4ng s\u1ed1 c\u1ee7a m\u00e1y cho kh\u00e1ch h\u00e0ng. <\/p>    <p>Ch\u00fang t\u00f4i c\u0169ng gi\u1edbi thi\u1ec7u t\u1edbi kh\u00e1ch h\u00e0ng hai m\u1eabu m\u00e1y gieo h\u1ea1t l\u00faa. M\u1ed9t l\u00e0 m\u00f4 h\u00ecnh ti\u00eau chu\u1ea9n v\u00e0 m\u1ed9t l\u00e0 m\u00f4 h\u00ecnh ho\u00e0n to\u00e0n t\u1ef1 \u0111\u1ed9ng. Sau \u0111\u00f3, kh\u00e1ch h\u00e0ng \u0111\u00e3 quy\u1ebft \u0111\u1ecbnh mua m\u00e1y \u01b0\u01a1m l\u00faa ho\u00e0n to\u00e0n t\u1ef1 \u0111\u1ed9ng sau khi b\u00e0n b\u1ea1c v\u1edbi b\u1ea1n b\u00e8.<\/p>    <figure class=\"wp-block-image size-large\"><img loading=\"lazy\" decoding=\"async\" width=\"720\" height=\"540\" src=\"https:\/\/taizyfarmequipment.com\/wp-content\/uploads\/2023\/01\/paddy-seed-sowing-machine-.jpg\" alt=\"v\u1eadn chuy\u1ec3n m\u00e1y gieo h\u1ea1t l\u00faa\" class=\"wp-image-4028\" title=\"m\u00e1y gieo h\u1ea1t l\u00faa\"\/><figcaption class=\"wp-element-caption\">v\u1eadn chuy\u1ec3n m\u00e1y gieo h\u1ea1t l\u00faa<\/figcaption><\/figure>    <h2 class=\"wp-block-heading\">T\u1ea1i sao ch\u1ecdn mua m\u00e1y gieo h\u1ea1t m\u1ea1 l\u00faa t\u1ef1 \u0111\u1ed9ng c\u1ee7a ch\u00fang t\u00f4i?<\/h2>    <p>Ch\u00fang t\u00f4i \u01b0u ti\u00ean ch\u1ea5t l\u01b0\u1ee3ng v\u00e0 \u0111\u1ed9 b\u1ec1n c\u1ee7a s\u1ea3n ph\u1ea9m, \u0111\u1ea3m b\u1ea3o M\u00e1y gieo h\u1ea1t duy tr\u00ec hi\u1ec7u su\u1ea5t cao v\u00e0 \u1ed5n \u0111\u1ecbnh qua th\u1eddi gian s\u1eed d\u1ee5ng k\u00e9o d\u00e0i. Ngo\u00e0i ra, nh\u00f3m d\u1ecbch v\u1ee5 kh\u00e1ch h\u00e0ng c\u1ee7a ch\u00fang t\u00f4i lu\u00f4n s\u1eb5n s\u00e0ng h\u1ed7 tr\u1ee3 v\u00e0 gi\u1ea3i quy\u1ebft m\u1ecdi th\u1eafc m\u1eafc li\u00ean quan \u0111\u1ebfn vi\u1ec7c s\u1eed d\u1ee5ng v\u00e0 b\u1ea3o tr\u00ec m\u00e1y.<\/p>    <p>N\u1ebfu b\u1ea1n d\u1ef1 \u0111\u1ecbnh c\u1ea3i thi\u1ec7n hi\u1ec7u qu\u1ea3 tr\u1ed3ng l\u00faa, gi\u1ea3m chi ph\u00ed lao \u0111\u1ed9ng v\u00e0 n\u00e2ng cao t\u01b0\u01a1ng lai c\u1ee7a s\u1ea3n xu\u1ea5t n\u00f4ng nghi\u1ec7p th\u00ec M\u00e1y gieo h\u1ea1t l\u00faa c\u1ee7a ch\u00fang t\u00f4i l\u00e0 s\u1ef1 l\u1ef1a ch\u1ecdn l\u00fd t\u01b0\u1edfng. <\/p>    <h2 class=\"wp-block-heading\">Ph\u1ea7n k\u1ebft lu\u1eadn<\/h2>    <p>H\u00e3y li\u00ean h\u1ec7 v\u1edbi ch\u00fang t\u00f4i b\u1ea5t c\u1ee9 l\u00fac n\u00e0o; ch\u00fang t\u00f4i mong mu\u1ed1n cung c\u1ea5p cho b\u1ea1n th\u00f4ng tin chi ti\u1ebft h\u01a1n v\u00e0 \u0111i\u1ec1u ch\u1ec9nh gi\u1ea3i ph\u00e1p ph\u00f9 h\u1ee3p nh\u1ea5t v\u1edbi nhu c\u1ea7u n\u00f4ng nghi\u1ec7p c\u1ee7a b\u1ea1n. B\u1eb1ng c\u00e1ch ch\u1ecdn m\u00e1y c\u1ee7a ch\u00fang t\u00f4i, b\u1ea1n \u0111ang ti\u1ebfn m\u1ed9t b\u01b0\u1edbc t\u1edbi s\u1ea3n xu\u1ea5t n\u00f4ng nghi\u1ec7p hi\u1ec7u qu\u1ea3, b\u1ec1n v\u1eefng v\u00e0 th\u00e0nh c\u00f4ng h\u01a1n.<\/p>","protected":false},"excerpt":{"rendered":"<p>M\u00e1y gieo m\u1ea1 l\u00faa c\u00f3 th\u1ec3 c\u1ea3i thi\u1ec7n hi\u1ec7u qu\u1ea3 gieo m\u1ea1 l\u00faa. <\/p>","protected":false},"author":1,"featured_media":4019,"parent":0,"template":"","tags":[343],"product-type":[134],"class_list":["post-3944","product","type-product","status-publish","has-post-thumbnail","hentry","tag-automatic-rice-paddy-seed-sowing-machine","product-type-nursery-transplanter"],"_links":{"self":[{"href":"https:\/\/taizyfarmequipment.com\/vi\/wp-json\/wp\/v2\/product\/3944","targetHints":{"allow":["GET"]}}],"collection":[{"href":"https:\/\/taizyfarmequipment.com\/vi\/wp-json\/wp\/v2\/product"}],"about":[{"href":"https:\/\/taizyfarmequipment.com\/vi\/wp-json\/wp\/v2\/types\/product"}],"author":[{"embeddable":true,"href":"https:\/\/taizyfarmequipment.com\/vi\/wp-json\/wp\/v2\/users\/1"}],"wp:featuredmedia":[{"embeddable":true,"href":"https:\/\/taizyfarmequipment.com\/vi\/wp-json\/wp\/v2\/media\/4019"}],"wp:attachment":[{"href":"https:\/\/taizyfarmequipment.com\/vi\/wp-json\/wp\/v2\/media?parent=3944"}],"wp:term":[{"taxonomy":"post_tag","embeddable":true,"href":"https:\/\/taizyfarmequipment.com\/vi\/wp-json\/wp\/v2\/tags?post=3944"},{"taxonomy":"product-type","embeddable":true,"href":"https:\/\/taizyfarmequipment.com\/vi\/wp-json\/wp\/v2\/product-type?post=3944"}],"curies":[{"name":"wp","href":"https:\/\/api.w.org\/{rel}","templated":true}]}}