{"id":3988,"date":"2023-01-05T14:40:47","date_gmt":"2023-01-05T06:40:47","guid":{"rendered":"https:\/\/taizyfarmequipment.com\/?post_type=product&#038;p=3988"},"modified":"2025-11-26T16:10:56","modified_gmt":"2025-11-26T08:10:56","slug":"may-cay-dia-nang-ban","status":"publish","type":"product","link":"https:\/\/taizyfarmequipment.com\/vi\/product\/heavy-duty-disc-harrow-for-sale\/","title":{"rendered":"C\u1ea7n b\u00e1n m\u00e1y b\u1eeba \u0111\u0129a th\u1ee7y l\u1ef1c h\u1ea1ng n\u1eb7ng"},"content":{"rendered":"<div class=\"kk-star-ratings kksr-auto kksr-align-left kksr-valign-top\"     data-payload='{&quot;align&quot;:&quot;left&quot;,&quot;id&quot;:&quot;3988&quot;,&quot;slug&quot;:&quot;default&quot;,&quot;valign&quot;:&quot;top&quot;,&quot;ignore&quot;:&quot;&quot;,&quot;reference&quot;:&quot;auto&quot;,&quot;class&quot;:&quot;&quot;,&quot;count&quot;:&quot;8&quot;,&quot;legendonly&quot;:&quot;&quot;,&quot;readonly&quot;:&quot;&quot;,&quot;score&quot;:&quot;4.9&quot;,&quot;starsonly&quot;:&quot;&quot;,&quot;best&quot;:&quot;5&quot;,&quot;gap&quot;:&quot;5&quot;,&quot;greet&quot;:&quot;Rate this product&quot;,&quot;legend&quot;:&quot;4.9\\\/5 - (8 b\u00ecnh ch\u1ecdn)&quot;,&quot;size&quot;:&quot;24&quot;,&quot;title&quot;:&quot;Hydraulic heavy duty disc harrow for sale&quot;,&quot;width&quot;:&quot;139.6&quot;,&quot;_legend&quot;:&quot;{score}\\\/{best} - ({count} {votes})&quot;,&quot;font_factor&quot;:&quot;1.25&quot;}'>              <div class=\"kksr-stars\">      <div class=\"kksr-stars-inactive\">             <div class=\"kksr-star\" data-star=\"1\" style=\"padding-right: 5px\">               <div class=\"kksr-icon\" style=\"width: 24px; height: 24px;\"><\/div>         <\/div>             <div class=\"kksr-star\" data-star=\"2\" style=\"padding-right: 5px\">               <div class=\"kksr-icon\" style=\"width: 24px; height: 24px;\"><\/div>         <\/div>             <div class=\"kksr-star\" data-star=\"3\" style=\"padding-right: 5px\">               <div class=\"kksr-icon\" style=\"width: 24px; height: 24px;\"><\/div>         <\/div>             <div class=\"kksr-star\" data-star=\"4\" style=\"padding-right: 5px\">               <div class=\"kksr-icon\" style=\"width: 24px; height: 24px;\"><\/div>         <\/div>             <div class=\"kksr-star\" data-star=\"5\" style=\"padding-right: 5px\">               <div class=\"kksr-icon\" style=\"width: 24px; height: 24px;\"><\/div>         <\/div>     <\/div>      <div class=\"kksr-stars-active\" style=\"width: 139.6px;\">             <div class=\"kksr-star\" style=\"padding-right: 5px\">               <div class=\"kksr-icon\" style=\"width: 24px; height: 24px;\"><\/div>         <\/div>             <div class=\"kksr-star\" style=\"padding-right: 5px\">               <div class=\"kksr-icon\" style=\"width: 24px; height: 24px;\"><\/div>         <\/div>             <div class=\"kksr-star\" style=\"padding-right: 5px\">               <div class=\"kksr-icon\" style=\"width: 24px; height: 24px;\"><\/div>         <\/div>             <div class=\"kksr-star\" style=\"padding-right: 5px\">               <div class=\"kksr-icon\" style=\"width: 24px; height: 24px;\"><\/div>         <\/div>             <div class=\"kksr-star\" style=\"padding-right: 5px\">               <div class=\"kksr-icon\" style=\"width: 24px; height: 24px;\"><\/div>         <\/div>     <\/div> <\/div>                   <div class=\"kksr-legend\" style=\"font-size: 19.2px;\">             4.9\/5 - (8 l\u01b0\u1ee3t b\u00ecnh ch\u1ecdn)    <\/div>     <\/div>  <p>M\u00e1y b\u1eeba \u0111\u0129a h\u1ea1ng n\u1eb7ng ch\u1ee7 y\u1ebfu \u0111\u01b0\u1ee3c s\u1eed d\u1ee5ng \u0111\u1ec3 x\u1edbi \u0111\u1ea5t sau khi c\u00e0y. \u0110i\u1ec1u n\u00e0y \u0111\u1ea1t \u0111\u01b0\u1ee3c c\u00e1c y\u00eau c\u1ea7u v\u1ec1 \u0111\u1ea5t tr\u01b0\u1edbc khi gieo h\u1ea1t. \u0110\u0129a m\u00e1y k\u00e9o h\u1ea1ng n\u1eb7ng c\u0169ng c\u00f3 th\u1ec3 \u0111\u01b0\u1ee3c s\u1eed d\u1ee5ng \u0111\u1ec3 l\u00e0m c\u1ecf, l\u00e0m \u0111\u1ea5t n\u00f4ng v\u00e0 lo\u1ea1i b\u1ecf g\u1ed1c r\u1ea1 tr\u00ean \u0111\u1ea5t c\u00f3 g\u1ed1c r\u1ea1. <\/p>    <p class=\"translation-block\">N\u00f3i chung, b\u1eeba \u0111\u0129a l\u00e0 m\u1ed9t nh\u00f3m b\u1eeba c\u00f3 nhi\u1ec1u \u0111\u0129a l\u00f5m ho\u1eb7c c\u00f3 r\u0103ng g\u1eafn ch\u1eb7t v\u00e0o m\u1ed9t tr\u1ee5c ngang. V\u00e0 ch\u00fang ta \u0111\u1ec1u c\u00e0y \u0111\u1ea5t b\u1eb1ng m\u1ed9t <a href=\"https:\/\/taizyfarmequipment.com\/vi\/san-pham\/can-ban-may-cay-dia\/\">c\u00e0y \u0111\u0129a<\/a> tr\u01b0\u1edbc khi s\u1eed d\u1ee5ng b\u1eeba \u0111\u0129a.<\/p>    <h2 class=\"wp-block-heading\">Gi\u1edbi thi\u1ec7u m\u00e1y b\u1eeba \u0111\u0129a h\u1ea1ng n\u1eb7ng<\/h2>    <p>C\u00f3 nhi\u1ec1u lo\u1ea1i m\u00e1y b\u1eeba \u0111\u0129a h\u1ea1ng n\u1eb7ng do Taizy s\u1ea3n xu\u1ea5t. V\u00e0 ch\u00fang t\u00f4i s\u1ea3n xu\u1ea5t m\u00e1y b\u1eeba \u0111\u0129a h\u1ea1ng n\u1eb7ng \u0111\u1ed1i l\u1eadp, m\u00e1y b\u1eeba \u0111\u0129a h\u1ea1ng n\u1eb7ng offset, m\u00e1y b\u1eeba h\u1ea1ng n\u1eb7ng g\u1ea5p th\u1ee7y l\u1ef1c, v.v.<\/p>    <p class=\"translation-block\">Nh\u1eefng lo\u1ea1i <a href=\"https:\/\/www.agriculture-machine.com\/heavy-disc-harrow-hydraulic-trailed-heavy-duty-harrow\/\" target=\"_blank\" rel=\"noopener\">b\u1eeba \u0111\u0129a h\u1ea1ng n\u1eb7ng<\/a> n\u00e0y \u0111\u01b0\u1ee3c k\u00e9o b\u1eb1ng \u00e1p l\u1ef1c th\u1ee7y l\u1ef1c. B\u1eeba \u0111\u0129a h\u1ea1ng n\u1eb7ng ch\u1ee7 y\u1ebfu \u0111\u01b0\u1ee3c s\u1eed d\u1ee5ng tr\u00ean \u0111\u1ed3ng ru\u1ed9ng tr\u01b0\u1edbc khi c\u00e0y r\u01a1m r\u1ea1, ph\u00e1 v\u1ee5n b\u1ec1 m\u1eb7t r\u01a1m r\u1ea1, v\u00e0 c\u1eaft nh\u1ecf r\u01a1m tr\u1ea3 l\u1ea1i \u0111\u1ed3ng ru\u1ed9ng. Ngo\u00e0i ra c\u00f2n c\u00f3 c\u00e1c thao t\u00e1c nghi\u1ec1n \u0111\u1ea5t sau c\u00e0y, san ph\u1eb3ng v\u00e0 gi\u1eef \u1ea9m.<\/p>    <p>N\u00f3 c\u00f3 c\u00e1c \u0111\u1eb7c \u0111i\u1ec3m v\u1ec1 c\u1ea5u tr\u00fac h\u1ee3p l\u00fd, ch\u1eafc ch\u1eafn v\u00e0 b\u1ec1n b\u1ec9, v\u1eadn chuy\u1ec3n thu\u1eadn ti\u1ec7n, b\u00e1n k\u00ednh quay v\u00f2ng nh\u1ecf, d\u1ec5 d\u00e0ng \u0111i\u1ec1u ch\u1ec9nh, b\u1ea3o tr\u00ec, v.v. <\/p>    <figure class=\"wp-block-gallery has-nested-images columns-default is-cropped wp-block-gallery-2 is-layout-flex wp-block-gallery-is-layout-flex\"> <figure class=\"wp-block-image size-large\"><img loading=\"lazy\" decoding=\"async\" width=\"720\" height=\"540\" data-id=\"3991\" src=\"https:\/\/taizyfarmequipment.com\/wp-content\/uploads\/2023\/01\/opposed-heavy-duty-disc-harrows-.webp\" alt=\"ph\u1ea3n \u0111\u1ed1i b\u1eeba \u0111\u0129a h\u1ea1ng n\u1eb7ng\" class=\"wp-image-3991\" title=\"ph\u1ea3n \u0111\u1ed1i b\u1eeba \u0111\u0129a h\u1ea1ng n\u1eb7ng\"\/><figcaption class=\"wp-element-caption\">ph\u1ea3n \u0111\u1ed1i b\u1eeba \u0111\u0129a h\u1ea1ng n\u1eb7ng<\/figcaption><\/figure>    <figure class=\"wp-block-image size-large\"><img loading=\"lazy\" decoding=\"async\" width=\"720\" height=\"540\" data-id=\"3992\" src=\"https:\/\/taizyfarmequipment.com\/wp-content\/uploads\/2023\/01\/offset-heavy-duty-disc-harrows-.webp\" alt=\"m\u00e1y b\u1eeba \u0111\u0129a h\u1ea1ng n\u1eb7ng offset\" class=\"wp-image-3992\" title=\"m\u00e1y b\u1eeba \u0111\u0129a h\u1ea1ng n\u1eb7ng offset\"\/><figcaption class=\"wp-element-caption\">m\u00e1y b\u1eeba \u0111\u0129a h\u1ea1ng n\u1eb7ng offset<\/figcaption><\/figure>    <figure class=\"wp-block-image size-large\"><img loading=\"lazy\" decoding=\"async\" width=\"720\" height=\"540\" data-id=\"3993\" src=\"https:\/\/taizyfarmequipment.com\/wp-content\/uploads\/2023\/01\/hydraulic-folding-heavy-harrows-.webp\" alt=\"m\u00e1y b\u1eeba h\u1ea1ng n\u1eb7ng g\u1ea5p th\u1ee7y l\u1ef1c\" class=\"wp-image-3993\" title=\"m\u00e1y b\u1eeba h\u1ea1ng n\u1eb7ng g\u1ea5p th\u1ee7y l\u1ef1c\"\/><figcaption class=\"wp-element-caption\">m\u00e1y b\u1eeba h\u1ea1ng n\u1eb7ng g\u1ea5p th\u1ee7y l\u1ef1c<\/figcaption><\/figure> <\/figure>    <h2 class=\"wp-block-heading\">C\u1ea5u t\u1ea1o c\u1ee7a m\u00e1y b\u1eeba \u0111\u0129a h\u1ea1ng n\u1eb7ng<\/h2>    <p>M\u00e1y b\u1eeba \u0111\u0129a h\u1ea1ng n\u1eb7ng ch\u1ee7 y\u1ebfu bao g\u1ed3m \u0111\u0129a, khung b\u1eeba, nh\u00f3m b\u1eeba, thi\u1ebft b\u1ecb k\u00e9o ho\u1eb7c h\u1ec7 th\u1ed1ng treo, c\u01a1 c\u1ea5u \u0111i\u1ec1u ch\u1ec9nh \u0111\u1ed9 nghi\u00eang, v.v. To\u00e0n b\u1ed9 m\u00e1y c\u00f3 c\u1ea5u tr\u00fac \u0111\u01a1n gi\u1ea3n, v\u1eadn h\u00e0nh thu\u1eadn ti\u1ec7n, d\u1ec5 v\u1eadn h\u00e0nh. V\u00e0 n\u00f3 r\u1ea5t d\u1ec5 d\u00e0ng \u0111\u1ec3 b\u1ea3o tr\u00ec v\u00e0 s\u1eeda ch\u1eefa. To\u00e0n b\u1ed9 c\u1ea5u tr\u00fac m\u00e1y \u0111\u01a1n gi\u1ea3n, d\u1ec5 v\u1eadn h\u00e0nh, hi\u1ec7u qu\u1ea3 l\u00e0m vi\u1ec7c t\u1ed1t.<\/p>    <figure class=\"wp-block-image size-full is-resized\"><img loading=\"lazy\" decoding=\"async\" width=\"720\" height=\"540\" src=\"https:\/\/taizyfarmequipment.com\/wp-content\/uploads\/2023\/01\/heavy-disc-harrow-.webp\" alt=\"b\u1eeba \u0111\u0129a n\u1eb7ng\" class=\"wp-image-3994\" style=\"width:720px;height:540px\" title=\"b\u1eeba \u0111\u0129a n\u1eb7ng\"\/><figcaption class=\"wp-element-caption\">b\u1eeba \u0111\u0129a n\u1eb7ng<\/figcaption><\/figure>    <h2 class=\"wp-block-heading\">M\u00e1y b\u1eeba \u0111\u0129a offset h\u1ea1ng n\u1eb7ng ho\u1ea1t \u0111\u1ed9ng nh\u01b0 th\u1ebf n\u00e0o?<\/h2>    <p>Khi m\u00e1y b\u1eeba \u0111\u0129a h\u1ea1ng n\u1eb7ng ho\u1ea1t \u0111\u1ed9ng, l\u01b0\u1ee1i \u0111\u0129a vu\u00f4ng g\u00f3c v\u1edbi m\u1eb7t \u0111\u1ea5t. V\u00e0 h\u01b0\u1edbng m\u00e1y v\u1ec1 ph\u00eda tr\u01b0\u1edbc t\u1ea1o th\u00e0nh m\u1ed9t g\u00f3c xi\u00ean. Sau \u0111\u00f3, d\u01b0\u1edbi t\u00e1c d\u1ee5ng c\u1ee7a l\u1ef1c k\u00e9o c\u1ee7a m\u00e1y k\u00e9o v\u00e0 ph\u1ea3n l\u1ef1c c\u1ee7a \u0111\u1ea5t, l\u01b0\u1ee1i c\u00e0o s\u1ebd l\u0103n d\u1ecdc theo tr\u1ee5c g\u00f3c. D\u01b0\u1edbi t\u00e1c d\u1ee5ng c\u1ee7a l\u1ef1c h\u00fat c\u00e0o, dao h\u00fat c\u00e0o c\u1eaft v\u00e0o \u0111\u1ea5t. <\/p>    <p>\u0110\u1ed3ng th\u1eddi, l\u01b0\u1ee1i b\u1eeba \u0111\u0129a c\u1eaft b\u1ecf g\u1ed1c c\u00e2y v\u00e0 g\u1ed1c r\u1ea1, c\u1eaft b\u1ecf lu\u1ed1ng. \u0110\u1ea5t h\u01a1i nh\u00f4 l\u00ean d\u1ecdc theo b\u1ec1 m\u1eb7t c\u00e0o r\u1ed3i r\u01a1i xu\u1ed1ng, c\u00f3 t\u00e1c d\u1ee5ng che ph\u1ee7 nh\u1ea5t \u0111\u1ecbnh.<\/p>    <figure class=\"wp-block-image size-full\"><img loading=\"lazy\" decoding=\"async\" width=\"720\" height=\"540\" src=\"https:\/\/taizyfarmequipment.com\/wp-content\/uploads\/2023\/01\/heavy-disc-harrow-2.webp\" alt=\"b\u1eeba \u0111\u0129a n\u1eb7ng\" class=\"wp-image-3995\" title=\"b\u1eeba \u0111\u0129a n\u1eb7ng\"\/><figcaption class=\"wp-element-caption\">b\u1eeba \u0111\u0129a n\u1eb7ng<\/figcaption><\/figure>    <h2 class=\"wp-block-heading\">Th\u00f4ng s\u1ed1 k\u1ef9 thu\u1eadt c\u1ee7a \u0111\u0129a offset n\u1eb7ng<\/h2>    <figure class=\"wp-block-table\"><table><tbody><tr><td>Ng\u01b0\u1eddi m\u1eabu<\/td><td>Chi\u1ec1u r\u1ed9ng l\u00e0m vi\u1ec7c (mm)<\/td><td>\u0110\u1ed9 s\u00e2u l\u00e0m vi\u1ec7c (mm)<\/td><td>\u0110\u01b0\u1eddng k\u00ednh c\u1ee7a \u0111\u0129a (mm)<\/td><td>S\u1ed1 \u0111\u0129a (chi\u1ebfc)<\/td><td>Tr\u1ecdng l\u01b0\u1ee3ng (kg)<\/td><td>C\u00f4ng su\u1ea5t ph\u00f9 h\u1ee3p (hp)<\/td><td>Li\u00ean k\u1ebft<\/td><\/tr><tr><td>1BZ-1.8<\/td><td>1800<\/td><td>200<\/td><td>660<\/td><td>16<\/td><td>1160<\/td><td>70<\/td><td>K\u00e9o th\u1ee7y l\u1ef1c v\u1edbi m\u00e1y k\u00e9o<\/td><\/tr><tr><td>1BZ-2.2<\/td><td>2200<\/td><td>200<\/td><td>660<\/td><td>20<\/td><td>1250<\/td><td>80<\/td><td>K\u00e9o th\u1ee7y l\u1ef1c v\u1edbi m\u00e1y k\u00e9o<\/td><\/tr><tr><td>1BZ-2.5<\/td><td>2500<\/td><td>200<\/td><td>660<\/td><td>24<\/td><td>1350<\/td><td>90<\/td><td>K\u00e9o th\u1ee7y l\u1ef1c v\u1edbi m\u00e1y k\u00e9o<\/td><\/tr><tr><td>1BZ-3.0<\/td><td>3000<\/td><td>200<\/td><td>660<\/td><td>28<\/td><td>1430<\/td><td>100<\/td><td>K\u00e9o th\u1ee7y l\u1ef1c v\u1edbi m\u00e1y k\u00e9o<\/td><\/tr><tr><td>1BZ-3.4<\/td><td>3400<\/td><td>200<\/td><td>660<\/td><td>32<\/td><td>1550<\/td><td>120<\/td><td>K\u00e9o th\u1ee7y l\u1ef1c v\u1edbi m\u00e1y k\u00e9o<\/td><\/tr><tr><td>1BZ-4.0<\/td><td>4000<\/td><td>200<\/td><td>660<\/td><td>36<\/td><td>1900<\/td><td>150<\/td><td>K\u00e9o th\u1ee7y l\u1ef1c v\u1edbi m\u00e1y k\u00e9o<\/td><\/tr><tr><td>1BZ-5.3<\/td><td>5300<\/td><td>200<\/td><td>660<\/td><td>48<\/td><td>2500<\/td><td>180<\/td><td>K\u00e9o th\u1ee7y l\u1ef1c v\u1edbi m\u00e1y k\u00e9o<\/td><\/tr><\/tbody><\/table><figcaption class=\"wp-element-caption\">tham s\u1ed1 \u0111\u0129a offset n\u1eb7ng<\/figcaption><\/figure>    <h2 class=\"wp-block-heading\">\u01afu \u0111i\u1ec3m c\u1ee7a m\u00e1y b\u1eeba \u0111\u0129a h\u1ea1ng n\u1eb7ng l\u00e0 g\u00ec?<\/h2>    <ol class=\"wp-block-list\"> <li>M\u00e1y b\u1eeba \u0111\u0129a h\u1ea1ng n\u1eb7ng c\u00f3 t\u1ed1c \u0111\u1ed9 nghi\u1ec1n \u0111\u1ea5t cao, thu\u1eadn l\u1ee3i cho vi\u1ec7c l\u00e0m \u0111\u1ea5t.<\/li>    <li>M\u00e1y b\u1eeba n\u1eb7ng \u0111\u0129a c\u00f3 \u0111\u1eb7c \u0111i\u1ec3m l\u00e0 c\u1ecf kh\u00f4ng b\u1ecb r\u1ed1i, ch\u1ea5t l\u01b0\u1ee3ng v\u1eadn h\u00e0nh cao, hi\u1ec7u qu\u1ea3 cao.<\/li>    <li>M\u00e1y b\u1eeba \u0111\u0129a h\u1ea1ng n\u1eb7ng c\u00f3 th\u1ec3 c\u1eaft v\u00e0 tr\u1ed9n t\u1ed1t h\u01a1n c\u00e1c t\u00e0n d\u01b0 c\u00e2y tr\u1ed3ng \u0111\u1ec3 t\u1ea1o th\u00e0nh k\u00edch th\u01b0\u1edbc \u0111\u1ea5t \u0111\u1ec1u \u0111\u1eb7n h\u01a1n.<\/li>    <li>M\u00e1y b\u1eeba \u0111\u0129a ch\u1eafc ch\u1eafn v\u00e0 b\u1ec1n, c\u00f3 th\u1ec3 xuy\u00ean qua \u0111\u1ea5t c\u1ee9ng gi\u00f2n t\u1ed1t h\u01a1n.<\/li>    <li>Hi\u1ec7u su\u1ea5t m\u00e1y t\u1ed1t v\u00e0 c\u00f4ng vi\u1ec7c h\u00e0ng ng\u00e0y \u1ed5n \u0111\u1ecbnh.<\/li> <\/ol>    <figure class=\"wp-block-image size-full\"><img loading=\"lazy\" decoding=\"async\" width=\"720\" height=\"540\" src=\"https:\/\/taizyfarmequipment.com\/wp-content\/uploads\/2023\/01\/heavy-disc-harrow-3.webp\" alt=\"b\u1eeba \u0111\u0129a n\u1eb7ng\" class=\"wp-image-3996\" title=\"b\u1eeba \u0111\u0129a n\u1eb7ng\"\/><figcaption class=\"wp-element-caption\">b\u1eeba \u0111\u0129a n\u1eb7ng<\/figcaption><\/figure>    <h2 class=\"wp-block-heading\">S\u1ef1 kh\u00e1c bi\u1ec7t gi\u1eefa b\u1eeba \u0111\u0129a v\u00e0 c\u00e0y \u0111\u0129a<\/h2>    <ol class=\"wp-block-list\"> <li>\u0110\u1ed1i t\u01b0\u1ee3ng ho\u1ea1t \u0111\u1ed9ng v\u00e0 vai tr\u00f2 c\u1ee7a m\u00e1y l\u00e0 kh\u00e1c nhau. M\u00e1y c\u00e0y \u0111\u0129a ch\u1ee7 y\u1ebfu \u0111\u01b0\u1ee3c s\u1eed d\u1ee5ng \u0111\u1ec3 c\u00e0y x\u1edbi \u0111\u1ea5t hoang. V\u00e0 m\u00e1y b\u1eeba \u0111\u0129a \u0111\u01b0\u1ee3c s\u1eed d\u1ee5ng \u0111\u1ec3 nghi\u1ec1n v\u00e0 ph\u00e2n lo\u1ea1i \u0111\u1ea5t canh t\u00e1c.<\/li>    <li>C\u00e1ch k\u1ebft n\u1ed1i v\u1edbi \u0111\u1ea7u m\u00e1y l\u00e0 kh\u00e1c nhau. M\u00e1y c\u00e0y \u0111\u0129a l\u00e0 h\u1ec7 th\u1ed1ng treo ba \u0111i\u1ec3m, m\u00e1y b\u1eeba \u0111\u0129a c\u00f3 lo\u1ea1i l\u1ef1c k\u00e9o l\u1edbn, ngo\u00e0i ra c\u00f2n c\u00f3 lo\u1ea1i h\u1ec7 th\u1ed1ng treo nh\u1ecf.<\/li>    <li>C\u1ea5u t\u1ea1o c\u1ee7a m\u00e1y v\u00e0 ho\u1ea1t \u0111\u1ed9ng c\u1ee7a l\u1ef1c l\u00e0 kh\u00e1c nhau. C\u00e0y \u0111\u0129a l\u00e0 h\u1ec7 th\u1ed1ng treo ba \u0111i\u1ec3m, l\u00e0 thi\u1ebft b\u1ecb d\u00f9ng \u0111\u1ec3 c\u00e2n b\u1eb1ng \u00e1p su\u1ea5t b\u00ean c\u1ee7a b\u00e1nh sau, thi\u1ebft b\u1ecb ch\u1ecbu \u00e1p l\u1ef1c b\u00ean trong qu\u00e1 tr\u00ecnh v\u1eadn h\u00e0nh. M\u00e1y b\u1eeba \u0111\u0129a bao g\u1ed3m khung k\u00e9o, khung b\u1eeba v\u00e0 nhi\u1ec1u nh\u00f3m \u0111\u0129a \u0111\u1ed1i x\u1ee9ng tr\u00e1i v\u00e0 ph\u1ea3i. V\u00e0 l\u1ef1c t\u01b0\u01a1ng \u0111\u1ed1i c\u00e2n b\u1eb1ng trong qu\u00e1 tr\u00ecnh ho\u1ea1t \u0111\u1ed9ng.<\/li>    <li>C\u1ea5u tr\u00fac c\u1ee7a c\u00e1c b\u1ed9 ph\u1eadn l\u00e0m vi\u1ec7c ch\u00ednh v\u00e0 thi\u1ebft b\u1ecb l\u00e0 kh\u00e1c nhau. \u0110\u0129a c\u00e0y \u0110\u0129a h\u00ecnh c\u1ea7u l\u00f5m, m\u00e9p \u0111\u0129a d\u00e0y 0,5-1mm. c\u00f4ng vi\u1ec7c suy gi\u1ea3m 40-45. V\u00e0 b\u1ec1 m\u1eb7t th\u1eb3ng \u0111\u1ee9ng c\u00f3 \u0111\u1ed9 nghi\u00eang 15-25 \u0111\u1ed9. \u0110\u1ed9 l\u00f5m h\u00ecnh c\u1ea7u c\u1ee7a b\u1eeba \u0111\u0129a t\u01b0\u01a1ng \u0111\u1ed1i nh\u1ecf, \u0111\u1ed9 d\u00e0y c\u1ee7a m\u00e9p \u0111\u0129a l\u00e0 0,3-0,8mm. V\u00e0 \u0111\u1ed9 nghi\u00eang l\u00e0m vi\u1ec7c l\u00e0 0-10 \u0111\u1ed9, kh\u00f4ng c\u00f3 \u0111\u1ed9 nghi\u00eang.<\/li> <\/ol>    <figure class=\"wp-block-gallery has-nested-images columns-default is-cropped wp-block-gallery-3 is-layout-flex wp-block-gallery-is-layout-flex\"> <figure class=\"wp-block-image size-large\"><img loading=\"lazy\" decoding=\"async\" width=\"720\" height=\"540\" data-id=\"3997\" src=\"https:\/\/taizyfarmequipment.com\/wp-content\/uploads\/2023\/01\/disc-plow-.webp\" alt=\"\" class=\"wp-image-3997\"\/><figcaption class=\"wp-element-caption\">c\u00e0y \u0111\u0129a<\/figcaption><\/figure>    <figure class=\"wp-block-image size-large\"><img loading=\"lazy\" decoding=\"async\" width=\"720\" height=\"540\" data-id=\"3999\" src=\"https:\/\/taizyfarmequipment.com\/wp-content\/uploads\/2023\/01\/disc-harrow-.webp\" alt=\"b\u1eeba \u0111\u0129a \" class=\"wp-image-3999\" title=\"b\u1eeba \u0111\u0129a \"\/><figcaption class=\"wp-element-caption\">b\u1eeba \u0111\u0129a <\/figcaption><\/figure> <\/figure>    <p><\/p>","protected":false},"excerpt":{"rendered":"<p>M\u00e1y b\u1eeba \u0111\u0129a h\u1ea1ng n\u1eb7ng ch\u1ee7 y\u1ebfu \u0111\u01b0\u1ee3c s\u1eed d\u1ee5ng \u0111\u1ec3 x\u1edbi \u0111\u1ea5t sau khi c\u00e0y. \u0110i\u1ec1u n\u00e0y \u0111\u1ea1t \u0111\u01b0\u1ee3c c\u00e1c y\u00eau c\u1ea7u v\u1ec1 \u0111\u1ea5t tr\u01b0\u1edbc khi gieo h\u1ea1t.<\/p>","protected":false},"author":1,"featured_media":3990,"parent":0,"template":"","tags":[],"product-type":[302],"class_list":["post-3988","product","type-product","status-publish","has-post-thumbnail","hentry","product-type-arable-plows"],"_links":{"self":[{"href":"https:\/\/taizyfarmequipment.com\/vi\/wp-json\/wp\/v2\/product\/3988","targetHints":{"allow":["GET"]}}],"collection":[{"href":"https:\/\/taizyfarmequipment.com\/vi\/wp-json\/wp\/v2\/product"}],"about":[{"href":"https:\/\/taizyfarmequipment.com\/vi\/wp-json\/wp\/v2\/types\/product"}],"author":[{"embeddable":true,"href":"https:\/\/taizyfarmequipment.com\/vi\/wp-json\/wp\/v2\/users\/1"}],"wp:featuredmedia":[{"embeddable":true,"href":"https:\/\/taizyfarmequipment.com\/vi\/wp-json\/wp\/v2\/media\/3990"}],"wp:attachment":[{"href":"https:\/\/taizyfarmequipment.com\/vi\/wp-json\/wp\/v2\/media?parent=3988"}],"wp:term":[{"taxonomy":"post_tag","embeddable":true,"href":"https:\/\/taizyfarmequipment.com\/vi\/wp-json\/wp\/v2\/tags?post=3988"},{"taxonomy":"product-type","embeddable":true,"href":"https:\/\/taizyfarmequipment.com\/vi\/wp-json\/wp\/v2\/product-type?post=3988"}],"curies":[{"name":"wp","href":"https:\/\/api.w.org\/{rel}","templated":true}]}}