{"id":4206,"date":"2023-11-16T16:54:32","date_gmt":"2023-11-16T08:54:32","guid":{"rendered":"https:\/\/taizyfarmequipment.com\/?post_type=product&#038;p=4206"},"modified":"2023-11-16T16:54:34","modified_gmt":"2023-11-16T08:54:34","slug":"may-tuot-lua-va-lua-mi","status":"publish","type":"product","link":"https:\/\/taizyfarmequipment.com\/vi\/product\/rice-and-wheat-thresher-machine\/","title":{"rendered":"M\u00e1y tu\u1ed1t l\u00faa v\u00e0 l\u00faa m\u00ec"},"content":{"rendered":"<div class=\"kk-star-ratings kksr-auto kksr-align-left kksr-valign-top\"     data-payload='{&quot;align&quot;:&quot;left&quot;,&quot;id&quot;:&quot;4206&quot;,&quot;slug&quot;:&quot;default&quot;,&quot;valign&quot;:&quot;top&quot;,&quot;ignore&quot;:&quot;&quot;,&quot;reference&quot;:&quot;auto&quot;,&quot;class&quot;:&quot;&quot;,&quot;count&quot;:&quot;12&quot;,&quot;legendonly&quot;:&quot;&quot;,&quot;readonly&quot;:&quot;&quot;,&quot;score&quot;:&quot;4.6&quot;,&quot;starsonly&quot;:&quot;&quot;,&quot;best&quot;:&quot;5&quot;,&quot;gap&quot;:&quot;5&quot;,&quot;greet&quot;:&quot;Rate this product&quot;,&quot;legend&quot;:&quot;4.6\\\/5 - (12 b\u00ecnh ch\u1ecdn)&quot;,&quot;size&quot;:&quot;24&quot;,&quot;title&quot;:&quot;Rice and wheat thresher machine&quot;,&quot;width&quot;:&quot;130.9&quot;,&quot;_legend&quot;:&quot;{score}\\\/{best} - ({count} {votes})&quot;,&quot;font_factor&quot;:&quot;1.25&quot;}'>              <div class=\"kksr-stars\">      <div class=\"kksr-stars-inactive\">             <div class=\"kksr-star\" data-star=\"1\" style=\"padding-right: 5px\">               <div class=\"kksr-icon\" style=\"width: 24px; height: 24px;\"><\/div>         <\/div>             <div class=\"kksr-star\" data-star=\"2\" style=\"padding-right: 5px\">               <div class=\"kksr-icon\" style=\"width: 24px; height: 24px;\"><\/div>         <\/div>             <div class=\"kksr-star\" data-star=\"3\" style=\"padding-right: 5px\">               <div class=\"kksr-icon\" style=\"width: 24px; height: 24px;\"><\/div>         <\/div>             <div class=\"kksr-star\" data-star=\"4\" style=\"padding-right: 5px\">               <div class=\"kksr-icon\" style=\"width: 24px; height: 24px;\"><\/div>         <\/div>             <div class=\"kksr-star\" data-star=\"5\" style=\"padding-right: 5px\">               <div class=\"kksr-icon\" style=\"width: 24px; height: 24px;\"><\/div>         <\/div>     <\/div>      <div class=\"kksr-stars-active\" style=\"width: 130.9px;\">             <div class=\"kksr-star\" style=\"padding-right: 5px\">               <div class=\"kksr-icon\" style=\"width: 24px; height: 24px;\"><\/div>         <\/div>             <div class=\"kksr-star\" style=\"padding-right: 5px\">               <div class=\"kksr-icon\" style=\"width: 24px; height: 24px;\"><\/div>         <\/div>             <div class=\"kksr-star\" style=\"padding-right: 5px\">               <div class=\"kksr-icon\" style=\"width: 24px; height: 24px;\"><\/div>         <\/div>             <div class=\"kksr-star\" style=\"padding-right: 5px\">               <div class=\"kksr-icon\" style=\"width: 24px; height: 24px;\"><\/div>         <\/div>             <div class=\"kksr-star\" style=\"padding-right: 5px\">               <div class=\"kksr-icon\" style=\"width: 24px; height: 24px;\"><\/div>         <\/div>     <\/div> <\/div>                   <div class=\"kksr-legend\" style=\"font-size: 19.2px;\">             4.6\/5 - (12 b\u00ecnh ch\u1ecdn)    <\/div>     <\/div>  <p><br>M\u00e1y tu\u1ed1t l\u00faa v\u00e0 l\u00faa m\u00ec th\u00edch h\u1ee3p \u0111\u1ec3 tu\u1ed1t nhi\u1ec1u lo\u1ea1i c\u00e2y tr\u1ed3ng, bao g\u1ed3m l\u00faa m\u00ec, g\u1ea1o, \u0111\u1eadu n\u00e0nh, h\u1ea1t c\u1ea3i d\u1ea7u, k\u00ea, l\u00faa mi\u1ebfn v\u00e0 c\u00e1c lo\u1ea1i kh\u00e1c. N\u00f3 \u0111\u01b0\u1ee3c \u0111\u1eb7c tr\u01b0ng b\u1edfi hi\u1ec7u qu\u1ea3 s\u1ea3n xu\u1ea5t cao, \u0111\u1eadp k\u1ef9 l\u01b0\u1ee1ng v\u00e0 kh\u00f4ng b\u1ecb h\u01b0 h\u1ea1i v\u00e0 h\u00e0m l\u01b0\u1ee3ng t\u1ea1p ch\u1ea5t t\u1ed1i thi\u1ec3u. <\/p>    <p>M\u00e1y n\u00e0y c\u00f3 th\u1ec3 \u0111\u01b0\u1ee3c cung c\u1ea5p n\u0103ng l\u01b0\u1ee3ng b\u1eb1ng ba t\u00f9y ch\u1ecdn kh\u00e1c nhau: \u0111\u1ed9ng c\u01a1 diesel, \u0111\u1ed9ng c\u01a1 x\u0103ng ho\u1eb7c \u0111\u1ed9ng c\u01a1 \u0111i\u1ec7n, mang l\u1ea1i kh\u1ea3 n\u0103ng th\u00edch \u1ee9ng d\u1ef1a tr\u00ean c\u00e1c y\u00eau c\u1ea7u c\u1ee5 th\u1ec3.<\/p>    <figure class=\"wp-block-gallery has-nested-images columns-default is-cropped wp-block-gallery-2 is-layout-flex wp-block-gallery-is-layout-flex\"> <figure class=\"wp-block-image size-large\"><img loading=\"lazy\" decoding=\"async\" width=\"720\" height=\"540\" data-id=\"4216\" src=\"https:\/\/taizyfarmequipment.com\/wp-content\/uploads\/2023\/11\/commercial-thresher-machine.webp\" alt=\"m\u00e1y tu\u1ed1t l\u00faa th\u01b0\u01a1ng m\u1ea1i\" class=\"wp-image-4216\" srcset=\"https:\/\/taizyfarmequipment.com\/wp-content\/uploads\/2023\/11\/commercial-thresher-machine.webp 720w, https:\/\/taizyfarmequipment.com\/wp-content\/uploads\/2023\/11\/commercial-thresher-machine-300x225.webp 300w\" sizes=\"auto, (max-width: 720px) 100vw, 720px\" \/><figcaption class=\"wp-element-caption\">m\u00e1y tu\u1ed1t l\u00faa th\u01b0\u01a1ng m\u1ea1i<\/figcaption><\/figure>    <figure class=\"wp-block-image size-large\"><img loading=\"lazy\" decoding=\"async\" width=\"720\" height=\"540\" data-id=\"4217\" src=\"https:\/\/taizyfarmequipment.com\/wp-content\/uploads\/2023\/11\/industrial-thresher-machine.webp\" alt=\"m\u00e1y tu\u1ed1t l\u00faa c\u00f4ng nghi\u1ec7p\" class=\"wp-image-4217\" srcset=\"https:\/\/taizyfarmequipment.com\/wp-content\/uploads\/2023\/11\/industrial-thresher-machine.webp 720w, https:\/\/taizyfarmequipment.com\/wp-content\/uploads\/2023\/11\/industrial-thresher-machine-300x225.webp 300w\" sizes=\"auto, (max-width: 720px) 100vw, 720px\" \/><figcaption class=\"wp-element-caption\">m\u00e1y tu\u1ed1t l\u00faa c\u00f4ng nghi\u1ec7p<\/figcaption><\/figure>    <figure class=\"wp-block-image size-large\"><img loading=\"lazy\" decoding=\"async\" width=\"720\" height=\"540\" data-id=\"4218\" src=\"https:\/\/taizyfarmequipment.com\/wp-content\/uploads\/2023\/11\/thresher-machine-with-good-price.webp\" alt=\"m\u00e1y tu\u1ed1t l\u00faa gi\u00e1 t\u1ed1t\" class=\"wp-image-4218\" srcset=\"https:\/\/taizyfarmequipment.com\/wp-content\/uploads\/2023\/11\/thresher-machine-with-good-price.webp 720w, https:\/\/taizyfarmequipment.com\/wp-content\/uploads\/2023\/11\/thresher-machine-with-good-price-300x225.webp 300w\" sizes=\"auto, (max-width: 720px) 100vw, 720px\" \/><figcaption class=\"wp-element-caption\">m\u00e1y tu\u1ed1t l\u00faa gi\u00e1 t\u1ed1t<\/figcaption><\/figure> <\/figure>    <h2 class=\"wp-block-heading\">Nguy\u00ean l\u00fd ho\u1ea1t \u0111\u1ed9ng c\u1ee7a m\u00e1y tu\u1ed1t l\u00faa, l\u00faa m\u00ec<\/h2>    <p>M\u00e1y tu\u1ed1t l\u00faa v\u00e0 l\u00faa m\u00ec c\u1ee7a ch\u00fang t\u00f4i bao g\u1ed3m c\u1eeda h\u00fat gi\u00f3, c\u1eeda x\u1ea3 r\u01a1m, c\u1eeda x\u1ea3 h\u1ea1t v\u00e0 tr\u1ee5 \u0111\u1eadp. D\u01b0\u1edbi \u0111\u00e2y l\u00e0 t\u1ed5ng quan v\u1ec1 nguy\u00ean l\u00fd l\u00e0m vi\u1ec7c c\u1ee7a m\u00e1y:<\/p>    <figure class=\"wp-block-image size-full\"><img loading=\"lazy\" decoding=\"async\" width=\"720\" height=\"540\" src=\"https:\/\/taizyfarmequipment.com\/wp-content\/uploads\/2023\/11\/thresher-machine.webp\" alt=\"m\u00e1y tu\u1ed1t l\u00faa\" class=\"wp-image-4219\" srcset=\"https:\/\/taizyfarmequipment.com\/wp-content\/uploads\/2023\/11\/thresher-machine.webp 720w, https:\/\/taizyfarmequipment.com\/wp-content\/uploads\/2023\/11\/thresher-machine-300x225.webp 300w\" sizes=\"auto, (max-width: 720px) 100vw, 720px\" \/><figcaption class=\"wp-element-caption\">m\u00e1y tu\u1ed1t l\u00faa<\/figcaption><\/figure>    <ol class=\"wp-block-list\"> <li><strong>Qu\u00e1 tr\u00ecnh cho \u0103n:<\/strong> N\u00f4ng d\u00e2n \u0111\u01b0a c\u00e2y tr\u1ed3ng \u0111\u00e3 thu ho\u1ea1ch nh\u01b0 g\u1ea1o ho\u1eb7c l\u00faa m\u00ec qua c\u1eeda v\u00e0o, \u0111\u01b0a ch\u00fang v\u00e0o m\u00e1y.<\/li>    <li><strong>V\u1eadn h\u00e0nh xi lanh \u0111\u1eadp:<\/strong> C\u00e2y tr\u1ed3ng \u0111i v\u00e0o tr\u1ee5 \u0111\u1eadp, m\u1ed9t b\u1ed9 ph\u1eadn quan tr\u1ecdng. Xi lanh \u0111\u1eadp, th\u00f4ng qua chuy\u1ec3n \u0111\u1ed9ng quay ho\u1eb7c c\u00e1c ph\u01b0\u01a1ng ti\u1ec7n c\u01a1 h\u1ecdc kh\u00e1c, s\u1ebd t\u00e1ch h\u1ea1t ra kh\u1ecfi r\u01a1m. Trong qu\u00e1 tr\u00ecnh n\u00e0y, m\u00e1y s\u1ebd t\u00e1c d\u1ee5ng l\u1ef1c th\u00edch h\u1ee3p \u0111\u1ec3 \u0111\u1ea3m b\u1ea3o vi\u1ec7c \u0111\u1eadp \u0111\u1ea1t hi\u1ec7u qu\u1ea3.<\/li>    <li><strong>T\u00e1ch h\u1ea1t v\u00e0 r\u01a1m:<\/strong> Sau khi \u0111\u1eadp xong, h\u1ea1t gi\u1ed1ng (ng\u0169 c\u1ed1c) v\u00e0 r\u01a1m r\u1ea1 l\u1ea7n l\u01b0\u1ee3t \u0111\u01b0\u1ee3c th\u1ea3i qua c\u1eeda x\u1ea3 h\u1ea1t v\u00e0 c\u1eeda x\u1ea3 r\u01a1m. \u0110\u1ea7u ra h\u1ea1t gi\u1ed1ng \u0111\u01b0\u1ee3c s\u1eed d\u1ee5ng \u0111\u1ec3 thu th\u1eadp c\u00e1c h\u1ea1t \u0111\u00e3 t\u00e1ch ra, trong khi \u0111\u1ea7u ra r\u01a1m s\u1ebd lo\u1ea1i b\u1ecf c\u00e1c t\u00e0n d\u01b0 c\u00e2y tr\u1ed3ng kh\u00f4ng s\u1eed d\u1ee5ng.<\/li> <\/ol>    <figure class=\"wp-block-image size-full\"><img loading=\"lazy\" decoding=\"async\" width=\"720\" height=\"540\" src=\"https:\/\/taizyfarmequipment.com\/wp-content\/uploads\/2023\/11\/structure-of-rice-and-wheat-threshing-machine.webp\" alt=\"c\u1ea5u t\u1ea1o c\u1ee7a m\u00e1y tu\u1ed1t l\u00faa v\u00e0 l\u00faa m\u00ec\" class=\"wp-image-4209\" srcset=\"https:\/\/taizyfarmequipment.com\/wp-content\/uploads\/2023\/11\/structure-of-rice-and-wheat-threshing-machine.webp 720w, https:\/\/taizyfarmequipment.com\/wp-content\/uploads\/2023\/11\/structure-of-rice-and-wheat-threshing-machine-300x225.webp 300w\" sizes=\"auto, (max-width: 720px) 100vw, 720px\" \/><figcaption class=\"wp-element-caption\">c\u1ea5u t\u1ea1o c\u1ee7a m\u00e1y tu\u1ed1t l\u00faa v\u00e0 l\u00faa m\u00ec<\/figcaption><\/figure>    <h2 class=\"wp-block-heading\">Nguy\u00ean li\u1ec7u c\u1ee7a m\u00e1y tu\u1ed1t l\u00faa<\/h2>    <p>M\u00e1y tu\u1ed1t l\u00faa c\u1ee7a ch\u00fang t\u00f4i l\u00e0 m\u1ed9t c\u00f4ng c\u1ee5 n\u00f4ng nghi\u1ec7p \u0111a n\u0103ng ph\u00f9 h\u1ee3p v\u1edbi nhi\u1ec1u lo\u1ea1i c\u00e2y tr\u1ed3ng, bao g\u1ed3m \u0111\u1eadu n\u00e0nh, l\u00faa mi\u1ebfn, l\u00faa m\u00ec, k\u00ea, g\u1ea1o, h\u1ea1t c\u1ea3i d\u1ea7u, quinoa, v\u1eebng, v.v. Ph\u00f9 h\u1ee3p v\u1edbi \u0111\u1eb7c \u0111i\u1ec3m c\u1ee7a c\u00e1c lo\u1ea1i c\u00e2y tr\u1ed3ng kh\u00e1c nhau, m\u00e1y n\u00e0y \u0111\u01b0\u1ee3c trang b\u1ecb c\u00e1c m\u00e0n ch\u1eafn c\u00f3 k\u00edch th\u01b0\u1edbc kh\u00e1c nhau, cho ph\u00e9p l\u1ef1a ch\u1ecdn k\u00edch th\u01b0\u1edbc m\u1eaft l\u01b0\u1edbi ph\u00f9 h\u1ee3p d\u1ef1a tr\u00ean k\u00edch th\u01b0\u1edbc c\u1ee7a c\u00e2y tr\u1ed3ng.<\/p>    <p>T\u00ednh linh ho\u1ea1t c\u1ee7a chi\u1ebfc m\u00e1y n\u00e0y cho ph\u00e9p n\u00f4ng d\u00e2n x\u1eed l\u00fd hi\u1ec7u qu\u1ea3 nhi\u1ec1u lo\u1ea1i c\u00e2y tr\u1ed3ng kh\u00e1c nhau ch\u1ec9 b\u1eb1ng m\u1ed9t thi\u1ebft b\u1ecb duy nh\u1ea5t. B\u1eb1ng c\u00e1ch ch\u1ecdn k\u00edch th\u01b0\u1edbc s\u00e0ng ph\u00f9 h\u1ee3p, m\u00e1y \u0111\u1eadp l\u00faa c\u1ee7a ch\u00fang t\u00f4i \u0111\u1ea3m b\u1ea3o hi\u1ec7u su\u1ea5t v\u01b0\u1ee3t tr\u1ed9i, \u0111\u1ea3m b\u1ea3o ph\u00e2n t\u00e1ch hi\u1ec7u qu\u1ea3 v\u00e0 k\u1ef9 l\u01b0\u1ee1ng trong qu\u00e1 tr\u00ecnh \u0111\u1eadp l\u00faa. <\/p>    <p>Cho d\u00f9 \u0111\u00f3 l\u00e0 \u0111\u1eadu n\u00e0nh, l\u00faa mi\u1ebfn, l\u00faa m\u00ec hay c\u00e1c lo\u1ea1i c\u00e2y tr\u1ed3ng kh\u00e1c, chi\u1ebfc m\u00e1y n\u00e0y \u0111\u1ec1u cung c\u1ea5p gi\u1ea3i ph\u00e1p t\u1ed1i \u01b0u cho t\u1eebng lo\u1ea1i c\u00e2y, gi\u00fap s\u1ea3n xu\u1ea5t n\u00f4ng nghi\u1ec7p tr\u1edf n\u00ean thu\u1eadn ti\u1ec7n v\u00e0 hi\u1ec7u qu\u1ea3 h\u01a1n. Kh\u1ea3 n\u0103ng th\u00edch \u1ee9ng v\u00e0 t\u00ednh linh ho\u1ea1t c\u1ee7a thi\u1ebft k\u1ebf nh\u1eb1m \u0111\u00e1p \u1ee9ng nhu c\u1ea7u c\u1ee7a c\u00e1c trang tr\u1ea1i v\u00e0 c\u00e2y tr\u1ed3ng kh\u00e1c nhau, cu\u1ed1i c\u00f9ng l\u00e0 n\u00e2ng cao hi\u1ec7u qu\u1ea3 v\u00e0 ch\u1ea5t l\u01b0\u1ee3ng c\u1ee7a ch\u1ebf bi\u1ebfn n\u00f4ng nghi\u1ec7p.<\/p>    <figure class=\"wp-block-gallery has-nested-images columns-default is-cropped wp-block-gallery-3 is-layout-flex wp-block-gallery-is-layout-flex\"> <figure class=\"wp-block-image size-large\"><img loading=\"lazy\" decoding=\"async\" width=\"720\" height=\"540\" data-id=\"4210\" src=\"https:\/\/taizyfarmequipment.com\/wp-content\/uploads\/2023\/11\/different-materials-of-rice-and-wheat-threshing-machine.webp\" alt=\"v\u1eadt li\u1ec7u kh\u00e1c nhau c\u1ee7a m\u00e1y tu\u1ed1t l\u00faa v\u00e0 l\u00faa m\u00ec\" class=\"wp-image-4210\" srcset=\"https:\/\/taizyfarmequipment.com\/wp-content\/uploads\/2023\/11\/different-materials-of-rice-and-wheat-threshing-machine.webp 720w, https:\/\/taizyfarmequipment.com\/wp-content\/uploads\/2023\/11\/different-materials-of-rice-and-wheat-threshing-machine-300x225.webp 300w\" sizes=\"auto, (max-width: 720px) 100vw, 720px\" \/><figcaption class=\"wp-element-caption\">v\u1eadt li\u1ec7u kh\u00e1c nhau c\u1ee7a m\u00e1y tu\u1ed1t l\u00faa v\u00e0 l\u00faa m\u00ec<\/figcaption><\/figure>    <figure class=\"wp-block-image size-large\"><img loading=\"lazy\" decoding=\"async\" width=\"720\" height=\"540\" data-id=\"4211\" src=\"https:\/\/taizyfarmequipment.com\/wp-content\/uploads\/2023\/11\/raw-materials-of-rice-and-wheat-threshing-machine.webp\" alt=\"nguy\u00ean li\u1ec7u c\u1ee7a m\u00e1y tu\u1ed1t l\u00faa v\u00e0 l\u00faa m\u00ec\" class=\"wp-image-4211\" srcset=\"https:\/\/taizyfarmequipment.com\/wp-content\/uploads\/2023\/11\/raw-materials-of-rice-and-wheat-threshing-machine.webp 720w, https:\/\/taizyfarmequipment.com\/wp-content\/uploads\/2023\/11\/raw-materials-of-rice-and-wheat-threshing-machine-300x225.webp 300w\" sizes=\"auto, (max-width: 720px) 100vw, 720px\" \/><figcaption class=\"wp-element-caption\">nguy\u00ean li\u1ec7u c\u1ee7a m\u00e1y tu\u1ed1t l\u00faa v\u00e0 l\u00faa m\u00ec<\/figcaption><\/figure> <\/figure>    <h2 class=\"wp-block-heading\">Th\u00f4ng s\u1ed1 c\u1ee7a m\u00e1y tu\u1ed1t l\u00faa v\u00e0 l\u00faa m\u00ec<\/h2>    <figure class=\"wp-block-table\"><table><tbody><tr><td>Ng\u01b0\u1eddi m\u1eabu<\/td><td>T\u1ed1c \u0111\u1ed9 \u0111\u1ecbnh m\u1ee9c<\/td><td>Dung t\u00edch<\/td><td>m\u00e1y \u0111\u1eadp l\u00faa<\/td><td>K\u00edch th\u01b0\u1edbc s\u00e0ng<\/td><td>C\u00e2n n\u1eb7ng<\/td><td>K\u00edch th\u01b0\u1edbc t\u1ed5ng th\u1ec3<\/td><\/tr><tr><td>TZ-90<\/td><td>3600 v\u00f2ng\/ph\u00fat<\/td><td>600-800kg\/gi\u1edd<\/td><td>360*900mm<\/td><td>870*610mm<\/td><td>90kg<\/td><td>1640*1640*1280mm<\/td><\/tr><\/tbody><\/table><\/figure>    <h2 class=\"wp-block-heading\">\u1ee8ng d\u1ee5ng ch\u00ednh c\u1ee7a m\u00e1y tu\u1ed1t l\u00faa v\u00e0 l\u00faa m\u00ec<\/h2>    <ol class=\"wp-block-list\"> <li><strong>Ch\u1ee7 trang tr\u1ea1i quy m\u00f4 l\u1edbn:<\/strong> Nh\u1eefng m\u00e1y n\u00e0y \u0111\u00f3ng m\u1ed9t vai tr\u00f2 quan tr\u1ecdng trong c\u00e1c trang tr\u1ea1i quy m\u00f4 l\u1edbn. \u0110\u1ed1i v\u1edbi nh\u1eefng ng\u01b0\u1eddi tr\u1ed3ng l\u00faa v\u00e0 l\u00faa m\u00ec tr\u00ean di\u1ec7n t\u00edch r\u1ed9ng, thi\u1ebft b\u1ecb n\u00e0y gi\u00fap n\u00e2ng cao \u0111\u00e1ng k\u1ec3 hi\u1ec7u qu\u1ea3 s\u1ea3n xu\u1ea5t v\u00e0 gi\u1ea3m nhu c\u1ea7u v\u1ec1 l\u1ef1c l\u01b0\u1ee3ng lao \u0111\u1ed9ng l\u1edbn.<\/li>    <li><strong>N\u00f4ng d\u00e2n quy m\u00f4 nh\u1ecf:<\/strong> Ngay c\u1ea3 trong c\u00e1c ho\u1ea1t \u0111\u1ed9ng n\u00f4ng nghi\u1ec7p nh\u1ecf h\u01a1n, m\u00e1y tu\u1ed1t l\u00faa v\u00e0 l\u00faa m\u00ec v\u1eabn ch\u1ee9ng t\u1ecf l\u00e0 m\u1ed9t c\u00f4ng c\u1ee5 c\u00f3 gi\u00e1 tr\u1ecb. N\u00f3 h\u1ed7 tr\u1ee3 n\u00f4ng d\u00e2n quy m\u00f4 nh\u1ecf x\u1eed l\u00fd c\u00e2y tr\u1ed3ng hi\u1ec7u qu\u1ea3 h\u01a1n, gi\u1ea3m lao \u0111\u1ed9ng ch\u00e2n tay v\u00e0 c\u1ea3i thi\u1ec7n n\u0103ng su\u1ea5t t\u1ed5ng th\u1ec3.<\/li>    <li><strong>Ng\u01b0\u1eddi tr\u1ed3ng \u0111a v\u1ee5:<\/strong> Do t\u00ednh linh ho\u1ea1t c\u1ee7a nh\u1eefng m\u00e1y tu\u1ed1t l\u00faa n\u00e0y, ch\u00fang r\u1ea5t l\u00fd t\u01b0\u1edfng cho nh\u1eefng ng\u01b0\u1eddi n\u00f4ng d\u00e2n canh t\u00e1c nhi\u1ec1u lo\u1ea1i c\u00e2y tr\u1ed3ng. \u0110i\u1ec1u n\u00e0y bao g\u1ed3m nh\u1eefng ng\u01b0\u1eddi tr\u1ed3ng c\u00e1c lo\u1ea1i c\u00e2y tr\u1ed3ng kh\u00e1c nhau nh\u01b0 l\u00faa m\u00ec, g\u1ea1o, \u0111\u1eadu n\u00e0nh, h\u1ea1t c\u1ea3i d\u1ea7u, v.v.<\/li>    <li><strong>C\u00e1c nh\u00e0 s\u1ea3n xu\u1ea5t n\u00f4ng nghi\u1ec7p c\u00f3 c\u00f4ng ngh\u1ec7 ti\u00ean ti\u1ebfn:<\/strong> N\u00f4ng d\u00e2n \u00e1p d\u1ee5ng c\u00f4ng ngh\u1ec7 n\u00f4ng nghi\u1ec7p hi\u1ec7n \u0111\u1ea1i v\u00e0 thi\u1ebft b\u1ecb c\u01a1 gi\u1edbi h\u00f3a nh\u1eadn th\u1ea5y m\u00e1y tu\u1ed1t l\u00faa v\u00e0 l\u00faa m\u00ec l\u00e0 kh\u00f4ng th\u1ec3 thi\u1ebfu. Nh\u1eefng nh\u00e0 s\u1ea3n xu\u1ea5t nh\u01b0 v\u1eady c\u00f3 xu h\u01b0\u1edbng \u0111\u1ea7u t\u01b0 v\u00e0o c\u00e1c c\u00f4ng c\u1ee5 n\u00f4ng nghi\u1ec7p ti\u00ean ti\u1ebfn \u0111\u1ec3 t\u0103ng hi\u1ec7u qu\u1ea3 v\u00e0 n\u0103ng su\u1ea5t.<\/li>    <li><strong>C\u00e1c khu v\u1ef1c thi\u1ebfu lao \u0111\u1ed9ng:<\/strong> \u1ede m\u1ed9t s\u1ed1 v\u00f9ng n\u00f4ng th\u00f4n \u0111ang thi\u1ebfu lao \u0111\u1ed9ng, n\u00f4ng d\u00e2n c\u00f3 xu h\u01b0\u1edbng \u00e1p d\u1ee5ng c\u00e1c c\u00f4ng c\u1ee5 t\u1ef1 \u0111\u1ed9ng nh\u01b0 m\u00e1y tu\u1ed1t l\u00faa v\u00e0 l\u00faa m\u00ec \u0111\u1ec3 gi\u1ea3m b\u1edbt \u00e1p l\u1ef1c lao \u0111\u1ed9ng.<\/li> <\/ol>    <figure class=\"wp-block-gallery has-nested-images columns-default is-cropped wp-block-gallery-4 is-layout-flex wp-block-gallery-is-layout-flex\"> <figure class=\"wp-block-image size-large\"><img loading=\"lazy\" decoding=\"async\" width=\"720\" height=\"540\" data-id=\"4213\" src=\"https:\/\/taizyfarmequipment.com\/wp-content\/uploads\/2023\/11\/thresher-machine-for-sale.webp\" alt=\"m\u00e1y tu\u1ed1t l\u00faa \u0111\u1ec3 b\u00e1n\" class=\"wp-image-4213\" srcset=\"https:\/\/taizyfarmequipment.com\/wp-content\/uploads\/2023\/11\/thresher-machine-for-sale.webp 720w, https:\/\/taizyfarmequipment.com\/wp-content\/uploads\/2023\/11\/thresher-machine-for-sale-300x225.webp 300w\" sizes=\"auto, (max-width: 720px) 100vw, 720px\" \/><figcaption class=\"wp-element-caption\">m\u00e1y tu\u1ed1t l\u00faa \u0111\u1ec3 b\u00e1n<\/figcaption><\/figure>    <figure class=\"wp-block-image size-large\"><img loading=\"lazy\" decoding=\"async\" width=\"720\" height=\"540\" data-id=\"4212\" src=\"https:\/\/taizyfarmequipment.com\/wp-content\/uploads\/2023\/11\/thresher-machine-for-business.webp\" alt=\"m\u00e1y tu\u1ed1t l\u00faa cho doanh nghi\u1ec7p\" class=\"wp-image-4212\" srcset=\"https:\/\/taizyfarmequipment.com\/wp-content\/uploads\/2023\/11\/thresher-machine-for-business.webp 720w, https:\/\/taizyfarmequipment.com\/wp-content\/uploads\/2023\/11\/thresher-machine-for-business-300x225.webp 300w\" sizes=\"auto, (max-width: 720px) 100vw, 720px\" \/><figcaption class=\"wp-element-caption\">m\u00e1y tu\u1ed1t l\u00faa cho doanh nghi\u1ec7p<\/figcaption><\/figure> <\/figure>    <h2 class=\"wp-block-heading\">T\u1ea1i sao n\u00ean ch\u1ecdn mua m\u00e1y tu\u1ed1t l\u00faa, l\u00faa m\u00ec c\u1ee7a ch\u00fang t\u00f4i<\/h2>    <p>L\u00e0 nh\u00e0 cung c\u1ea5p m\u00e1y tu\u1ed1t l\u00faa v\u00e0 l\u00faa m\u00ec, ch\u00fang t\u00f4i t\u1ef1 h\u00e0o cung c\u1ea5p c\u00e1c s\u1ea3n ph\u1ea9m v\u00e0 d\u1ecbch v\u1ee5 \u0111\u1eb7c bi\u1ec7t. N\u0103ng l\u1ef1c t\u1ed3n kho c\u1ee7a ch\u00fang t\u00f4i l\u00e0 y\u1ebfu t\u1ed1 then ch\u1ed1t trong s\u1ef1 th\u00e0nh c\u00f4ng c\u1ee7a ch\u00fang t\u00f4i, \u0111\u1ea3m b\u1ea3o kh\u1ea3 n\u0103ng \u0111\u00e1p \u1ee9ng k\u1ecbp th\u1eddi nhu c\u1ea7u c\u1ee7a kh\u00e1ch h\u00e0ng v\u00e0 th\u1ef1c hi\u1ec7n c\u00e1c \u0111\u01a1n \u0111\u1eb7t h\u00e0ng \u1edf quy m\u00f4 v\u00e0 ch\u1ee7ng lo\u1ea1i kh\u00e1c nhau.<\/p>    <p>C\u00f3 l\u01b0\u1ee3ng h\u00e0ng t\u1ed3n kho d\u1ed3i d\u00e0o \u0111\u1ed3ng ngh\u0129a v\u1edbi vi\u1ec7c ch\u00fang t\u00f4i c\u00f3 th\u1ec3 cung c\u1ea5p c\u00e1c gi\u1ea3i ph\u00e1p linh ho\u1ea1t, nhanh ch\u00f3ng \u0111\u00e1p \u1ee9ng c\u00e1c y\u00eau c\u1ea7u t\u00f9y ch\u1ec9nh t\u1eeb kh\u00e1ch h\u00e0ng. Kho h\u00e0ng c\u1ee7a ch\u00fang t\u00f4i kh\u00f4ng ch\u1ec9 bao g\u1ed3m c\u00e1c m\u1eabu ti\u00eau chu\u1ea9n m\u00e0 c\u00f2n c\u00f3 nhi\u1ec1u k\u00edch c\u1ee1 v\u00e0 c\u1ea5u h\u00ecnh \u0111a d\u1ea1ng, \u0111\u00e1p \u1ee9ng nhu c\u1ea7u c\u1ee7a c\u00e1c khu v\u1ef1c v\u00e0 ho\u1ea1t \u0111\u1ed9ng n\u00f4ng nghi\u1ec7p kh\u00e1c nhau.<\/p>    <p>L\u00e0 \u0111\u1ed1i t\u00e1c \u0111\u00e1ng tin c\u1eady c\u1ee7a b\u1ea1n, ch\u00fang t\u00f4i cam k\u1ebft cung c\u1ea5p cho b\u1ea1n c\u00e1c m\u00e1y tu\u1ed1t l\u00faa v\u00e0 l\u00faa m\u00ec hi\u1ec7u su\u1ea5t cao, b\u1ec1n b\u1ec9 v\u00e0 ti\u1ebft ki\u1ec7m chi ph\u00ed. Cho d\u00f9 b\u1ea1n l\u00e0 ch\u1ee7 trang tr\u1ea1i quy m\u00f4 l\u1edbn, n\u00f4ng d\u00e2n quy m\u00f4 nh\u1ecf hay doanh nghi\u1ec7p n\u00f4ng nghi\u1ec7p, n\u0103ng l\u1ef1c t\u1ed3n kho c\u1ee7a ch\u00fang t\u00f4i cho ph\u00e9p ch\u00fang t\u00f4i \u0111\u00e1p \u1ee9ng nhu c\u1ea7u \u0111a d\u1ea1ng c\u1ee7a b\u1ea1n, g\u00f3p ph\u1ea7n th\u00fac \u0111\u1ea9y s\u1ea3n xu\u1ea5t n\u00f4ng nghi\u1ec7p c\u1ee7a b\u1ea1n. Ch\u00fang t\u00f4i mong mu\u1ed1n thi\u1ebft l\u1eadp m\u1ed1i quan h\u1ec7 h\u1ee3p t\u00e1c l\u00e2u d\u00e0i v\u1edbi b\u1ea1n, c\u00f9ng nhau th\u00fac \u0111\u1ea9y t\u0103ng tr\u01b0\u1edfng v\u00e0 th\u1ecbnh v\u01b0\u1ee3ng trong l\u0129nh v\u1ef1c n\u00f4ng nghi\u1ec7p.<\/p>    <figure class=\"wp-block-gallery has-nested-images columns-default is-cropped wp-block-gallery-5 is-layout-flex wp-block-gallery-is-layout-flex\"> <figure class=\"wp-block-image size-large\"><img loading=\"lazy\" decoding=\"async\" width=\"720\" height=\"540\" data-id=\"4214\" src=\"https:\/\/taizyfarmequipment.com\/wp-content\/uploads\/2023\/11\/rice-and-wheat-threshing-machine-in-stock.webp\" alt=\"m\u00e1y tu\u1ed1t l\u00faa v\u00e0 l\u00faa m\u00ec c\u00f2n h\u00e0ng\" class=\"wp-image-4214\" srcset=\"https:\/\/taizyfarmequipment.com\/wp-content\/uploads\/2023\/11\/rice-and-wheat-threshing-machine-in-stock.webp 720w, https:\/\/taizyfarmequipment.com\/wp-content\/uploads\/2023\/11\/rice-and-wheat-threshing-machine-in-stock-300x225.webp 300w\" sizes=\"auto, (max-width: 720px) 100vw, 720px\" \/><figcaption class=\"wp-element-caption\">m\u00e1y tu\u1ed1t l\u00faa v\u00e0 l\u00faa m\u00ec c\u00f2n h\u00e0ng<\/figcaption><\/figure>    <figure class=\"wp-block-image size-large\"><img loading=\"lazy\" decoding=\"async\" width=\"720\" height=\"540\" data-id=\"4215\" src=\"https:\/\/taizyfarmequipment.com\/wp-content\/uploads\/2023\/11\/transportation-of-rice-and-wheat-threshing-machine.webp\" alt=\"v\u1eadn chuy\u1ec3n m\u00e1y tu\u1ed1t l\u00faa v\u00e0 l\u00faa m\u00ec\" class=\"wp-image-4215\" srcset=\"https:\/\/taizyfarmequipment.com\/wp-content\/uploads\/2023\/11\/transportation-of-rice-and-wheat-threshing-machine.webp 720w, https:\/\/taizyfarmequipment.com\/wp-content\/uploads\/2023\/11\/transportation-of-rice-and-wheat-threshing-machine-300x225.webp 300w\" sizes=\"auto, (max-width: 720px) 100vw, 720px\" \/><figcaption class=\"wp-element-caption\">v\u1eadn chuy\u1ec3n m\u00e1y tu\u1ed1t l\u00faa v\u00e0 l\u00faa m\u00ec<\/figcaption><\/figure> <\/figure>","protected":false},"excerpt":{"rendered":"<p>M\u00e1y tu\u1ed1t l\u00faa v\u00e0 l\u00faa m\u00ec th\u00edch h\u1ee3p \u0111\u1ec3 tu\u1ed1t nhi\u1ec1u lo\u1ea1i c\u00e2y tr\u1ed3ng, bao g\u1ed3m l\u00faa m\u00ec, g\u1ea1o, \u0111\u1eadu n\u00e0nh, h\u1ea1t c\u1ea3i d\u1ea7u, k\u00ea, l\u00faa mi\u1ebfn v\u00e0 c\u00e1c lo\u1ea1i kh\u00e1c. <\/p>","protected":false},"author":1,"featured_media":4207,"parent":0,"template":"","tags":[],"product-type":[129],"class_list":["post-4206","product","type-product","status-publish","has-post-thumbnail","hentry","product-type-thresher-and-sheller"],"_links":{"self":[{"href":"https:\/\/taizyfarmequipment.com\/vi\/wp-json\/wp\/v2\/product\/4206","targetHints":{"allow":["GET"]}}],"collection":[{"href":"https:\/\/taizyfarmequipment.com\/vi\/wp-json\/wp\/v2\/product"}],"about":[{"href":"https:\/\/taizyfarmequipment.com\/vi\/wp-json\/wp\/v2\/types\/product"}],"author":[{"embeddable":true,"href":"https:\/\/taizyfarmequipment.com\/vi\/wp-json\/wp\/v2\/users\/1"}],"wp:featuredmedia":[{"embeddable":true,"href":"https:\/\/taizyfarmequipment.com\/vi\/wp-json\/wp\/v2\/media\/4207"}],"wp:attachment":[{"href":"https:\/\/taizyfarmequipment.com\/vi\/wp-json\/wp\/v2\/media?parent=4206"}],"wp:term":[{"taxonomy":"post_tag","embeddable":true,"href":"https:\/\/taizyfarmequipment.com\/vi\/wp-json\/wp\/v2\/tags?post=4206"},{"taxonomy":"product-type","embeddable":true,"href":"https:\/\/taizyfarmequipment.com\/vi\/wp-json\/wp\/v2\/product-type?post=4206"}],"curies":[{"name":"wp","href":"https:\/\/api.w.org\/{rel}","templated":true}]}}