{"id":4326,"date":"2024-02-01T17:14:53","date_gmt":"2024-02-01T09:14:53","guid":{"rendered":"https:\/\/taizyfarmequipment.com\/?post_type=product&#038;p=4326"},"modified":"2025-11-25T15:43:14","modified_gmt":"2025-11-25T07:43:14","slug":"may-rai-thuc-an-u","status":"publish","type":"product","link":"https:\/\/taizyfarmequipment.com\/vi\/product\/silage-spreader-machine\/","title":{"rendered":"M\u00e1y r\u1ea3i th\u1ee9c \u0103n \u1ee7 chua \u4e28 Xe r\u1ea3i th\u1ee9c \u0103n gia s\u00fac"},"content":{"rendered":"<div class=\"kk-star-ratings kksr-auto kksr-align-left kksr-valign-top\"     data-payload='{&quot;align&quot;:&quot;left&quot;,&quot;id&quot;:&quot;4326&quot;,&quot;slug&quot;:&quot;default&quot;,&quot;valign&quot;:&quot;top&quot;,&quot;ignore&quot;:&quot;&quot;,&quot;reference&quot;:&quot;auto&quot;,&quot;class&quot;:&quot;&quot;,&quot;count&quot;:&quot;19&quot;,&quot;legendonly&quot;:&quot;&quot;,&quot;readonly&quot;:&quot;&quot;,&quot;score&quot;:&quot;4.6&quot;,&quot;starsonly&quot;:&quot;&quot;,&quot;best&quot;:&quot;5&quot;,&quot;gap&quot;:&quot;5&quot;,&quot;greet&quot;:&quot;Rate this product&quot;,&quot;legend&quot;:&quot;4.6\\\/5 - (19 b\u00ecnh ch\u1ecdn)&quot;,&quot;size&quot;:&quot;24&quot;,&quot;title&quot;:&quot;Silage spreader machine\u4e28Forage spreading car&quot;,&quot;width&quot;:&quot;130.9&quot;,&quot;_legend&quot;:&quot;{score}\\\/{best} - ({count} {votes})&quot;,&quot;font_factor&quot;:&quot;1.25&quot;}'>              <div class=\"kksr-stars\">      <div class=\"kksr-stars-inactive\">             <div class=\"kksr-star\" data-star=\"1\" style=\"padding-right: 5px\">               <div class=\"kksr-icon\" style=\"width: 24px; height: 24px;\"><\/div>         <\/div>             <div class=\"kksr-star\" data-star=\"2\" style=\"padding-right: 5px\">               <div class=\"kksr-icon\" style=\"width: 24px; height: 24px;\"><\/div>         <\/div>             <div class=\"kksr-star\" data-star=\"3\" style=\"padding-right: 5px\">               <div class=\"kksr-icon\" style=\"width: 24px; height: 24px;\"><\/div>         <\/div>             <div class=\"kksr-star\" data-star=\"4\" style=\"padding-right: 5px\">               <div class=\"kksr-icon\" style=\"width: 24px; height: 24px;\"><\/div>         <\/div>             <div class=\"kksr-star\" data-star=\"5\" style=\"padding-right: 5px\">               <div class=\"kksr-icon\" style=\"width: 24px; height: 24px;\"><\/div>         <\/div>     <\/div>      <div class=\"kksr-stars-active\" style=\"width: 130.9px;\">             <div class=\"kksr-star\" style=\"padding-right: 5px\">               <div class=\"kksr-icon\" style=\"width: 24px; height: 24px;\"><\/div>         <\/div>             <div class=\"kksr-star\" style=\"padding-right: 5px\">               <div class=\"kksr-icon\" style=\"width: 24px; height: 24px;\"><\/div>         <\/div>             <div class=\"kksr-star\" style=\"padding-right: 5px\">               <div class=\"kksr-icon\" style=\"width: 24px; height: 24px;\"><\/div>         <\/div>             <div class=\"kksr-star\" style=\"padding-right: 5px\">               <div class=\"kksr-icon\" style=\"width: 24px; height: 24px;\"><\/div>         <\/div>             <div class=\"kksr-star\" style=\"padding-right: 5px\">               <div class=\"kksr-icon\" style=\"width: 24px; height: 24px;\"><\/div>         <\/div>     <\/div> <\/div>                   <div class=\"kksr-legend\" style=\"font-size: 19.2px;\">             4.6\/5 - (19 l\u01b0\u1ee3t b\u00ecnh ch\u1ecdn)    <\/div>     <\/div>  <p>M\u00e1y r\u1ea3i th\u1ee9c \u0103n \u1ee7 chua l\u00e0 m\u1ed9t d\u1ee5ng c\u1ee5 n\u00f4ng nghi\u1ec7p quan tr\u1ecdng \u0111\u01b0\u1ee3c thi\u1ebft k\u1ebf \u0111\u1ec3 ph\u00e2n ph\u1ed1i \u0111\u1ed3ng \u0111\u1ec1u th\u1ee9c \u0103n \u1ee7 chua tr\u00ean \u0111\u1ed3ng ru\u1ed9ng. <\/p>    <p>Th\u1ee9c \u0103n \u1ee7 chua, th\u1ee9c \u0103n l\u00ean men \u0111\u01b0\u1ee3c l\u00e0m t\u1eeb c\u00e2y th\u1ee9c \u0103n xanh nh\u01b0 ng\u00f4 ho\u1eb7c c\u1ecf, \u0111\u00f3ng vai tr\u00f2 l\u00e0 ngu\u1ed3n dinh d\u01b0\u1ee1ng quan tr\u1ecdng cho v\u1eadt nu\u00f4i trong c\u00e1c m\u00f9a kh\u00e1c nhau. <\/p>    <p>\u0110\u1ec3 \u0111\u1ea3m b\u1ea3o s\u1eed d\u1ee5ng hi\u1ec7u qu\u1ea3 th\u1ee9c \u0103n \u1ee7 chua v\u00e0 ph\u1ee7 \u0111\u1ec1u tr\u00ean c\u00e1c c\u00e1nh \u0111\u1ed3ng n\u00f4ng nghi\u1ec7p, n\u00f4ng d\u00e2n s\u1eed d\u1ee5ng m\u00e1y r\u1ea3i th\u1ee9c \u0103n \u1ee7 chua.<\/p>    <h2 class=\"wp-block-heading\">C\u00e1c th\u00e0nh ph\u1ea7n ch\u00ednh c\u1ee7a m\u00e1y r\u1ea3i th\u1ee9c \u0103n \u1ee7 chua<\/h2>    <p>Th\u01b0\u1eddng \u0111\u01b0\u1ee3c g\u1eafn v\u00e0o m\u00e1y k\u00e9o \u0111\u1ec3 di chuy\u1ec3n hi\u1ec7u qu\u1ea3 tr\u00ean c\u00e1c c\u00e1nh \u0111\u1ed3ng, m\u00e1y bao g\u1ed3m m\u1ed9t ph\u1ec5u, h\u1ec7 th\u1ed1ng v\u1eadn chuy\u1ec3n v\u00e0 c\u01a1 c\u1ea5u r\u1ea3i. <\/p>    <p>Ph\u1ec5u l\u01b0u tr\u1eef th\u1ee9c \u0103n \u1ee7 chua, trong khi h\u1ec7 th\u1ed1ng v\u1eadn chuy\u1ec3n v\u1eadn chuy\u1ec3n n\u00f3 \u0111\u1ebfn c\u01a1 ch\u1ebf r\u1ea3i, \u0111\u1ea3m b\u1ea3o ph\u00e2n t\u00e1n \u0111\u1ec1u th\u1ee9c \u0103n \u1ee7 chua tr\u00ean b\u1ec1 m\u1eb7t ru\u1ed9ng.<\/p>    <h2 class=\"wp-block-heading\">C\u00e1c lo\u1ea1i m\u00e1y r\u1ea3i th\u1ee9c \u0103n \u1ee7 chua kh\u00e1c nhau<\/h2>    <p>M\u00e1y r\u1ea3i th\u1ee9c \u0103n \u1ee7 chua \u0111\u00f3ng m\u1ed9t vai tr\u00f2 then ch\u1ed1t trong n\u00f4ng nghi\u1ec7p hi\u1ec7n \u0111\u1ea1i, t\u1ea1o \u0111i\u1ec1u ki\u1ec7n thu\u1eadn l\u1ee3i cho vi\u1ec7c ph\u00e2n ph\u1ed1i hi\u1ec7u qu\u1ea3 nguy\u00ean li\u1ec7u th\u1ee9c \u0103n th\u00f4 xanh tr\u00ean c\u00e1c c\u00e1nh \u0111\u1ed3ng. Trong s\u1ed1 nhi\u1ec1u lo\u1ea1i hi\u1ec7n c\u00f3, m\u00e1y r\u1ea3i th\u1ee9c \u0103n \u1ee7 chua ch\u1ea1y b\u1eb1ng \u0111i\u1ec7n, diesel v\u00e0 t\u1ef1 h\u00e0nh n\u1ed5i b\u1eadt nh\u1edd c\u00e1c t\u00ednh n\u0103ng v\u00e0 kh\u1ea3 n\u0103ng \u0111\u1ed9c \u0111\u00e1o c\u1ee7a ch\u00fang.<\/p>    <h3 class=\"wp-block-heading\"><strong>1. M\u00e1y r\u1ea3i th\u1ee9c \u0103n \u1ee7 chua b\u1eb1ng \u0111i\u1ec7n:<\/strong><\/h3>    <figure class=\"wp-block-image size-full\"><img loading=\"lazy\" decoding=\"async\" width=\"720\" height=\"540\" src=\"https:\/\/taizyfarmequipment.com\/wp-content\/uploads\/2024\/02\/Electric-Silage-Spreader-1.webp\" alt=\"M\u00e1y r\u1ea3i th\u1ee9c \u0103n \u1ee7 chua b\u1eb1ng \u0111i\u1ec7n\" class=\"wp-image-4939\" srcset=\"https:\/\/taizyfarmequipment.com\/wp-content\/uploads\/2024\/02\/Electric-Silage-Spreader-1.webp 720w, https:\/\/taizyfarmequipment.com\/wp-content\/uploads\/2024\/02\/Electric-Silage-Spreader-1-300x225.webp 300w, https:\/\/taizyfarmequipment.com\/wp-content\/uploads\/2024\/02\/Electric-Silage-Spreader-1-16x12.webp 16w\" sizes=\"auto, (max-width: 720px) 100vw, 720px\" \/><figcaption class=\"wp-element-caption\">M\u00e1y r\u1ea3i th\u1ee9c \u0103n \u1ee7 chua b\u1eb1ng \u0111i\u1ec7n<\/figcaption><\/figure>    <p>M\u00e1y r\u1ea3i th\u1ee9c \u0103n \u1ee7 chua ch\u1ea1y b\u1eb1ng \u0111i\u1ec7n v\u00e0 \u0111\u01b0\u1ee3c bi\u1ebft \u0111\u1ebfn v\u1edbi ho\u1ea1t \u0111\u1ed9ng th\u00e2n thi\u1ec7n v\u1edbi m\u00f4i tr\u01b0\u1eddng. Nh\u1eefng m\u00e1y n\u00e0y cung c\u1ea5p gi\u1ea3i ph\u00e1p \u0111\u00e1ng tin c\u1eady v\u00e0 ti\u1ebft ki\u1ec7m chi ph\u00ed cho nh\u1eefng ng\u01b0\u1eddi n\u00f4ng d\u00e2n \u0111ang t\u00ecm ki\u1ebfm c\u00e1ch ti\u1ebfp c\u1eadn b\u1ec1n v\u1eefng trong vi\u1ec7c ph\u00e2n ph\u1ed1i th\u1ee9c \u0103n th\u00f4 xanh. <\/p>    <p>C\u00e1c m\u00f4 h\u00ecnh \u0111i\u1ec7n th\u01b0\u1eddng \u0111\u01b0\u1ee3c \u01b0a chu\u1ed9ng v\u00ec ho\u1ea1t \u0111\u1ed9ng \u00eam \u00e1i v\u00e0 y\u00eau c\u1ea7u b\u1ea3o tr\u00ec th\u1ea5p. Ch\u00fang g\u00f3p ph\u1ea7n gi\u1ea3m t\u00e1c \u0111\u1ed9ng m\u00f4i tr\u01b0\u1eddng c\u1ee7a c\u00e1c ho\u1ea1t \u0111\u1ed9ng n\u00f4ng nghi\u1ec7p, khi\u1ebfn ch\u00fang tr\u1edf th\u00e0nh l\u1ef1a ch\u1ecdn cho nh\u1eefng ng\u01b0\u1eddi \u01b0u ti\u00ean th\u1ef1c h\u00e0nh canh t\u00e1c xanh.<\/p>    <figure class=\"wp-block-table\"><table><tbody><tr><td>T\u1ed5ng k\u00edch th\u01b0\u1edbc<\/td><td>3,6 * 1,5 * 2,0m<\/td><\/tr><tr><td>K\u00edch th\u01b0\u1edbc th\u00f9ng<\/td><td>2,0 * 1,2 * 1,4m<\/td><\/tr><tr><td>Chi\u1ec1u r\u1ed9ng v\u00e0nh \u0111ai<\/td><td>400mm<\/td><\/tr><tr><td>\u0110i\u1ec7n \u00e1p<\/td><td>72v<\/td><\/tr><tr><td>\u00c2m l\u01b0\u1ee3ng<\/td><td>3m\u00b3<\/td><\/tr><tr><td>Chi\u1ec1u cao tr\u1ea3i r\u1ed9ng<\/td><td>60cm<\/td><\/tr><\/tbody><\/table><figcaption class=\"wp-element-caption\"><strong>Th\u00f4ng s\u1ed1 m\u00e1y r\u1ea3i th\u1ee9c \u0103n \u1ee7 chua b\u1eb1ng \u0111i\u1ec7n<\/strong><\/figcaption><\/figure>    <h3 class=\"wp-block-heading\"><strong>2. M\u00e1y r\u1ea3i th\u1ee9c \u0103n \u1ee7 chua b\u1eb1ng diesel:<\/strong><\/h3>    <figure class=\"wp-block-image size-full\"><img loading=\"lazy\" decoding=\"async\" width=\"720\" height=\"540\" src=\"https:\/\/taizyfarmequipment.com\/wp-content\/uploads\/2024\/02\/Diesel-Silage-Spreader-2.webp\" alt=\"M\u00e1y r\u1ea3i th\u1ee9c \u0103n \u1ee7 chua Diesel\" class=\"wp-image-4940\" srcset=\"https:\/\/taizyfarmequipment.com\/wp-content\/uploads\/2024\/02\/Diesel-Silage-Spreader-2.webp 720w, https:\/\/taizyfarmequipment.com\/wp-content\/uploads\/2024\/02\/Diesel-Silage-Spreader-2-300x225.webp 300w, https:\/\/taizyfarmequipment.com\/wp-content\/uploads\/2024\/02\/Diesel-Silage-Spreader-2-16x12.webp 16w\" sizes=\"auto, (max-width: 720px) 100vw, 720px\" \/><figcaption class=\"wp-element-caption\">M\u00e1y r\u1ea3i th\u1ee9c \u0103n \u1ee7 chua Diesel<\/figcaption><\/figure>    <p>M\u00e1y r\u1ea3i th\u1ee9c \u0103n \u1ee7 chua b\u1eb1ng \u0111\u1ed9ng c\u01a1 diesel r\u1ea5t ch\u1eafc ch\u1eafn v\u00e0 m\u1ea1nh m\u1ebd, th\u00edch h\u1ee3p \u0111\u1ec3 x\u1eed l\u00fd c\u00e1c ho\u1ea1t \u0111\u1ed9ng canh t\u00e1c quy m\u00f4 l\u1edbn. Nh\u1eefng m\u00e1y n\u00e0y \u0111\u01b0\u1ee3c bi\u1ebft \u0111\u1ebfn v\u1edbi m\u00f4-men xo\u1eafn v\u00e0 \u0111\u1ed9 b\u1ec1n cao, khi\u1ebfn ch\u00fang c\u00f3 kh\u1ea3 n\u0103ng bao ph\u1ee7 c\u00e1c khu v\u1ef1c r\u1ed9ng l\u1edbn m\u1ed9t c\u00e1ch hi\u1ec7u qu\u1ea3. <\/p>    <p>M\u00e1y r\u1ea3i ch\u1ea1y b\u1eb1ng \u0111\u1ed9ng c\u01a1 diesel th\u01b0\u1eddng \u0111\u01b0\u1ee3c \u01b0u ti\u00ean s\u1eed d\u1ee5ng trong nh\u1eefng tr\u01b0\u1eddng h\u1ee3p c\u1ea7n ngu\u1ed3n n\u0103ng l\u01b0\u1ee3ng m\u1ea1nh m\u1ebd v\u00e0 li\u00ean t\u1ee5c. T\u00ednh linh ho\u1ea1t v\u00e0 ti\u1ebft ki\u1ec7m nhi\u00ean li\u1ec7u c\u1ee7a \u0111\u1ed9ng c\u01a1 diesel l\u00e0m cho nh\u1eefng m\u00e1y r\u1ea3i n\u00e0y ph\u00f9 h\u1ee3p v\u1edbi nhi\u1ec1u lo\u1ea1i nguy\u00ean li\u1ec7u th\u1ee9c \u0103n th\u00f4 xanh kh\u00e1c nhau, \u0111\u1ea3m b\u1ea3o hi\u1ec7u su\u1ea5t \u0111\u00e1ng tin c\u1eady trong c\u00e1c m\u00f4i tr\u01b0\u1eddng n\u00f4ng nghi\u1ec7p \u0111a d\u1ea1ng.<\/p>    <figure class=\"wp-block-table\"><table><tbody><tr><td>T\u1ed5ng k\u00edch th\u01b0\u1edbc<\/td><td>4,7 * 1,7 * 2,2m<\/td><\/tr><tr><td>K\u00edch th\u01b0\u1edbc \u0111\u1ea7u v\u00e0o<\/td><td>2500*1400mm<\/td><\/tr><tr><td>K\u00edch th\u01b0\u1edbc \u1ed5 c\u1eafm<\/td><td>600*470mm<\/td><\/tr><tr><td>\u0110i\u1ec7n \u00e1p<\/td><td>12v<\/td><\/tr><tr><td>\u00c2m l\u01b0\u1ee3ng<\/td><td>5m\u00b3<\/td><\/tr><tr><td>Chi\u1ec1u cao tr\u1ea3i r\u1ed9ng<\/td><td>60cm<\/td><\/tr><\/tbody><\/table><figcaption class=\"wp-element-caption\"><strong>Th\u00f4ng s\u1ed1 m\u00e1y r\u1ea3i th\u1ee9c \u0103n \u1ee7 chua Diesel<\/strong><\/figcaption><\/figure>    <h3 class=\"wp-block-heading\"><strong>3. M\u00e1y r\u1ea3i th\u1ee9c \u0103n \u1ee7 chua t\u1ef1 h\u00e0nh c\u00f3 ch\u1ee9c n\u0103ng tr\u1ed9n:<\/strong><\/h3>    <figure class=\"wp-block-image size-full\"><img loading=\"lazy\" decoding=\"async\" width=\"720\" height=\"540\" src=\"https:\/\/taizyfarmequipment.com\/wp-content\/uploads\/2024\/02\/Self-Propelled-Silage-Spreader.webp\" alt=\"M\u00e1y r\u1ea3i th\u1ee9c \u0103n \u1ee7 chua t\u1ef1 h\u00e0nh\" class=\"wp-image-4330\" srcset=\"https:\/\/taizyfarmequipment.com\/wp-content\/uploads\/2024\/02\/Self-Propelled-Silage-Spreader.webp 720w, https:\/\/taizyfarmequipment.com\/wp-content\/uploads\/2024\/02\/Self-Propelled-Silage-Spreader-300x225.webp 300w\" sizes=\"auto, (max-width: 720px) 100vw, 720px\" \/><figcaption class=\"wp-element-caption\">M\u00e1y r\u1ea3i th\u1ee9c \u0103n \u1ee7 chua t\u1ef1 h\u00e0nh<\/figcaption><\/figure>    <p>M\u00e1y r\u1ea3i th\u1ee9c \u0103n \u1ee7 chua t\u1ef1 h\u00e0nh, \u0111\u01b0\u1ee3c trang b\u1ecb ch\u1ee9c n\u0103ng tr\u1ed9n, l\u00e0 gi\u1ea3i ph\u00e1p ti\u00ean ti\u1ebfn trong c\u00f4ng ngh\u1ec7 ph\u00e2n ph\u1ed1i th\u1ee9c \u0103n th\u00f4 xanh. Chi\u1ebfc m\u00e1y c\u1ea3i ti\u1ebfn n\u00e0y kh\u00f4ng ch\u1ec9 r\u1ea3i th\u1ee9c \u0103n \u1ee7 chua m\u00e0 c\u00f2n k\u1ebft h\u1ee3p c\u01a1 ch\u1ebf tr\u1ed9n. T\u00ednh n\u0103ng n\u00e0y cho ph\u00e9p m\u00e1y r\u1ea3i x\u1eed l\u00fd c\u00e1c v\u1eadt li\u1ec7u nh\u01b0 r\u01a1m, c\u1ecf m\u1ed9t c\u00e1ch hi\u1ec7u qu\u1ea3. <\/p>    <p>M\u1eb7c d\u00f9 n\u00f3 kh\u00f4ng x\u1eed l\u00fd \u0111\u01b0\u1ee3c ng\u0169 c\u1ed1c do l\u01b0\u1ee1i dao quay ch\u1eadm sau khi \u0111\u1ea3o l\u00e1, nh\u01b0ng n\u00f3 l\u1ea1i v\u01b0\u1ee3t tr\u1ed9i trong vi\u1ec7c b\u0103m nh\u1ecf v\u00e0 tr\u1ed9n r\u01a1m d\u00e0i h\u01a1n. Ho\u1ea1t \u0111\u1ed9ng tr\u1ed9n v\u00e0 nghi\u1ec1n \u0111\u1ea1t \u0111\u01b0\u1ee3c th\u00f4ng qua qu\u00e1 tr\u00ecnh khu\u1ea5y v\u00e0 ti\u1ebfp x\u00fac v\u1edbi l\u01b0\u1ee1i dao cho ph\u00e9p ph\u00e2n h\u1ee7y hi\u1ec7u qu\u1ea3 r\u01a1m th\u00e0nh c\u00e1c h\u1ea1t m\u1ecbn h\u01a1n, n\u00e2ng cao t\u00ednh ph\u00f9 h\u1ee3p c\u1ee7a r\u01a1m r\u1ea1 l\u00e0m th\u1ee9c \u0103n cho \u0111\u1ed9ng v\u1eadt.<\/p>    <figure class=\"wp-block-table\"><table><tbody><tr><td>T\u1ed5ng k\u00edch th\u01b0\u1edbc<\/td><td>5000*1800*2300mm<\/td><\/tr><tr><td>K\u00edch th\u01b0\u1edbc \u0111\u1ea7u v\u00e0o<\/td><td>1050*700mm<\/td><\/tr><tr><td>K\u00edch th\u01b0\u1edbc \u1ed5 c\u1eafm<\/td><td>700*500mm<\/td><\/tr><tr><td>C\u00e2n n\u1eb7ng<\/td><td>3100kg<\/td><\/tr><\/tbody><\/table><figcaption class=\"wp-element-caption\"><strong>Th\u00f4ng s\u1ed1 m\u00e1y r\u1ea3i th\u1ee9c \u0103n \u1ee7 chua t\u1ef1 h\u00e0nh<\/strong><\/figcaption><\/figure>    <h2 class=\"wp-block-heading\">T\u1ea1i sao c\u1ea7n mua xe r\u1ea3i th\u1ee9c \u0103n gia s\u00fac?<\/h2>    <ol class=\"wp-block-list\"> <li><strong>Ph\u00e2n ph\u1ed1i th\u1ee9c \u0103n th\u00f4 xanh hi\u1ec7u qu\u1ea3:<\/strong> <ul class=\"wp-block-list\"> <li>Xe r\u1ea3i th\u1ee9c \u0103n th\u00f4 xanh \u0111\u01b0\u1ee3c thi\u1ebft k\u1ebf \u0111\u1ec3 \u0111\u1ea3m b\u1ea3o ph\u00e2n ph\u1ed1i \u0111\u1ed3ng \u0111\u1ec1u v\u00e0 hi\u1ec7u qu\u1ea3 th\u1ee9c \u0103n \u1ee7 chua ho\u1eb7c c\u00e1c nguy\u00ean li\u1ec7u th\u1ee9c \u0103n th\u00f4 xanh kh\u00e1c tr\u00ean kh\u1eafp c\u00e1c c\u00e1nh \u0111\u1ed3ng. \u0110i\u1ec1u n\u00e0y th\u00fac \u0111\u1ea9y ph\u1ea1m vi bao ph\u1ee7 \u0111\u1ed3ng \u0111\u1ec1u v\u00e0 gi\u00fap ng\u0103n ch\u1eb7n vi\u1ec7c ti\u00eau th\u1ee5 qu\u00e1 m\u1ee9c ho\u1eb7c s\u1eed d\u1ee5ng kh\u00f4ng \u0111\u00fang m\u1ee9c ngu\u1ed3n th\u1ee9c \u0103n.<\/li> <\/ul> <\/li>    <li><strong>Ti\u1ebft ki\u1ec7m th\u1eddi gian v\u00e0 lao \u0111\u1ed9ng:<\/strong> <ul class=\"wp-block-list\"> <li>Vi\u1ec7c r\u1ea3i th\u1ee9c \u0103n th\u00f4 xanh b\u1eb1ng c\u01a1 gi\u1edbi h\u00f3a gi\u00fap gi\u1ea3m \u0111\u00e1ng k\u1ec3 th\u1eddi gian v\u00e0 lao \u0111\u1ed9ng c\u1ea7n thi\u1ebft cho vi\u1ec7c ph\u00e2n ph\u1ed1i th\u1ee7 c\u00f4ng. \u0110i\u1ec1u n\u00e0y cho ph\u00e9p n\u00f4ng d\u00e2n bao ph\u1ee7 c\u00e1c khu v\u1ef1c r\u1ed9ng l\u1edbn h\u01a1n nhanh h\u01a1n, t\u1ed1i \u01b0u h\u00f3a hi\u1ec7u qu\u1ea3 ho\u1ea1t \u0111\u1ed9ng c\u1ee7a h\u1ecd.<\/li> <\/ul> <\/li>    <li><strong>T\u0103ng n\u0103ng su\u1ea5t:<\/strong> <ul class=\"wp-block-list\"> <li>B\u1eb1ng c\u00e1ch h\u1ee3p l\u00fd h\u00f3a quy tr\u00ecnh ph\u00e2n ph\u1ed1i th\u1ee9c \u0103n th\u00f4 xanh, nh\u1eefng m\u00e1y n\u00e0y g\u00f3p ph\u1ea7n t\u0103ng n\u0103ng su\u1ea5t tr\u00ean trang tr\u1ea1i. Ch\u0103n nu\u00f4i c\u00f3 th\u1ec3 \u0111\u01b0\u1ee3c ti\u1ebfp c\u1eadn v\u1edbi ngu\u1ed3n th\u1ee9c \u0103n \u1ed5n \u0111\u1ecbnh v\u00e0 \u0111\u01b0\u1ee3c ph\u00e2n ph\u1ed1i t\u1ed1t, gi\u00fap v\u1eadt nu\u00f4i kh\u1ecfe m\u1ea1nh h\u01a1n v\u00e0 c\u00f3 n\u0103ng su\u1ea5t cao h\u01a1n.<\/li> <\/ul> <\/li>    <li><strong>Qu\u1ea3n l\u00fd th\u1ee9c \u0103n hi\u1ec7u qu\u1ea3 v\u1ec1 m\u1eb7t chi ph\u00ed:<\/strong> <ul class=\"wp-block-list\"> <li>Xe r\u1ea3i th\u1ee9c \u0103n th\u00f4 xanh h\u1ed7 tr\u1ee3 gi\u1ea3m thi\u1ec3u l\u00e3ng ph\u00ed th\u1ee9c \u0103n b\u1eb1ng c\u00e1ch \u0111\u1ea3m b\u1ea3o ph\u00e2n ph\u1ed1i \u0111\u01b0\u1ee3c ki\u1ec3m so\u00e1t v\u00e0 ch\u00ednh x\u00e1c. \u0110i\u1ec1u n\u00e0y g\u00f3p ph\u1ea7n ti\u1ebft ki\u1ec7m chi ph\u00ed v\u00ec n\u00f4ng d\u00e2n c\u00f3 th\u1ec3 t\u1eadn d\u1ee5ng t\u1ed1i \u0111a ngu\u1ed3n th\u1ee9c \u0103n th\u00f4 xanh m\u00e0 kh\u00f4ng b\u1ecb t\u1ed5n th\u1ea5t kh\u00f4ng c\u1ea7n thi\u1ebft.<\/li> <\/ul> <\/li>    <li><strong>C\u1ea3i thi\u1ec7n c\u00e2n b\u1eb1ng dinh d\u01b0\u1ee1ng:<\/strong> <ul class=\"wp-block-list\"> <li>Vi\u1ec7c ph\u00e2n ph\u1ed1i \u0111\u1ec1u nguy\u00ean li\u1ec7u th\u1ee9c \u0103n th\u00f4 xanh gi\u00fap duy tr\u00ec l\u01b0\u1ee3ng dinh d\u01b0\u1ee1ng c\u00e2n b\u1eb1ng cho v\u1eadt nu\u00f4i. \u0110i\u1ec1u n\u00e0y r\u1ea5t quan tr\u1ecdng \u0111\u1ed1i v\u1edbi s\u1ee9c kh\u1ecfe, s\u1ef1 t\u0103ng tr\u01b0\u1edfng v\u00e0 sinh s\u1ea3n t\u1ed5ng th\u1ec3 c\u1ee7a ch\u00fang.<\/li> <\/ul> <\/li>    <li><strong>T\u00ednh linh ho\u1ea1t:<\/strong> <ul class=\"wp-block-list\"> <li>Nhi\u1ec1u m\u00e1y r\u1ea3i th\u1ee9c \u0103n th\u00f4 xanh r\u1ea5t linh ho\u1ea1t v\u00e0 c\u00f3 th\u1ec3 x\u1eed l\u00fd nhi\u1ec1u lo\u1ea1i nguy\u00ean li\u1ec7u th\u1ee9c \u0103n th\u00f4 xanh kh\u00e1c nhau. Kh\u1ea3 n\u0103ng th\u00edch \u1ee9ng n\u00e0y cho ph\u00e9p n\u00f4ng d\u00e2n s\u1eed d\u1ee5ng thi\u1ebft b\u1ecb cho c\u00e1c lo\u1ea1i c\u00e2y tr\u1ed3ng v\u00e0 m\u00f9a v\u1ee5 kh\u00e1c nhau.<\/li> <\/ul> <\/li> <\/ol>    <figure class=\"wp-block-image size-full\"><img loading=\"lazy\" decoding=\"async\" width=\"720\" height=\"540\" src=\"https:\/\/taizyfarmequipment.com\/wp-content\/uploads\/2024\/02\/Silage-spreader-machine-for-sale.webp\" alt=\"C\u1ea7n b\u00e1n m\u00e1y r\u1ea3i th\u1ee9c \u0103n \u1ee7 chua\" class=\"wp-image-4331\" srcset=\"https:\/\/taizyfarmequipment.com\/wp-content\/uploads\/2024\/02\/Silage-spreader-machine-for-sale.webp 720w, https:\/\/taizyfarmequipment.com\/wp-content\/uploads\/2024\/02\/Silage-spreader-machine-for-sale-300x225.webp 300w\" sizes=\"auto, (max-width: 720px) 100vw, 720px\" \/><figcaption class=\"wp-element-caption\">C\u1ea7n b\u00e1n m\u00e1y r\u1ea3i th\u1ee9c \u0103n \u1ee7 chua<\/figcaption><\/figure>    <h2 class=\"wp-block-heading\">Ph\u1ea7n k\u1ebft lu\u1eadn<\/h2>    <p class=\"translation-block\">\u6211\u4eec\u81f4\u529b\u4e8e\u63d0\u4f9b\u9ad8\u6548\u53ef\u9760\u7684\u9752\u8d2e<a href=\"https:\/\/en.wikipedia.org\/wiki\/Spreader\" data-type=\"link\" data-id=\"https:\/\/en.wikipedia.org\/wiki\/Spreader\" target=\"_blank\" rel=\"noopener\">\u6492\u6599\u8f66<\/a>\uff0c\u4ee5\u6ee1\u8db3\u519c\u573a\u5728\u9972\u6599\u5206\u53d1\u548c\u52a0\u5de5\u65b9\u9762\u7684\u591a\u6837\u5316\u9700\u6c42\u3002\u65e0\u8bba\u662f\u7535\u52a8\u3001\u67f4\u6cb9\u9a71\u52a8\uff0c\u8fd8\u662f\u5e26\u6df7\u5408\u529f\u80fd\u7684\u81ea\u8d70\u5f0f\uff0c\u6211\u4eec\u7684\u4ea7\u54c1\u7cfb\u5217\u90fd\u5f3a\u8c03\u53ef\u6301\u7eed\u6027\u3001\u8010\u7528\u6027\u548c\u521b\u65b0\u6027\u3002 <\/p>    <p>Vi\u1ec7c l\u1ef1a ch\u1ecdn m\u00e1y r\u1ea3i th\u1ee9c \u0103n \u1ee7 chua c\u1ee7a ch\u00fang t\u00f4i \u0111\u1ea3m b\u1ea3o hi\u1ec7u su\u1ea5t s\u1ea3n ph\u1ea9m v\u01b0\u1ee3t tr\u1ed9i v\u00e0 d\u1ecbch v\u1ee5 h\u1eadu m\u00e3i chuy\u00ean nghi\u1ec7p. Ch\u00fang t\u00f4i h\u00e1o h\u1ee9c mong \u0111\u1ee3i \u0111\u01b0\u1ee3c h\u1ee3p t\u00e1c v\u1edbi b\u1ea1n \u0111\u1ec3 n\u00e2ng cao hi\u1ec7u qu\u1ea3 n\u00f4ng nghi\u1ec7p v\u00e0 th\u00fac \u0111\u1ea9y s\u1ef1 ph\u00e1t tri\u1ec3n b\u1ec1n v\u1eefng. H\u00e3y li\u00ean h\u1ec7 v\u1edbi nh\u00f3m b\u00e1n h\u00e0ng c\u1ee7a ch\u00fang t\u00f4i \u0111\u1ec3 bi\u1ebft th\u00f4ng tin chi ti\u1ebft v\u00e0 \u0111\u1ec3 ch\u00fang t\u00f4i \u0111i\u1ec1u ch\u1ec9nh gi\u1ea3i ph\u00e1p t\u1ed1i \u01b0u cho c\u00e1c y\u00eau c\u1ea7u c\u1ee5 th\u1ec3 c\u1ee7a b\u1ea1n.<\/p>    <figure class=\"wp-block-image size-full\"><img loading=\"lazy\" decoding=\"async\" width=\"720\" height=\"540\" src=\"https:\/\/taizyfarmequipment.com\/wp-content\/uploads\/2024\/02\/Silage-spreader-machine-with-a-good-price.webp\" alt=\"M\u00e1y r\u1ea3i th\u1ee9c \u0103n \u1ee7 chua gi\u00e1 t\u1ed1t\" class=\"wp-image-4332\" srcset=\"https:\/\/taizyfarmequipment.com\/wp-content\/uploads\/2024\/02\/Silage-spreader-machine-with-a-good-price.webp 720w, https:\/\/taizyfarmequipment.com\/wp-content\/uploads\/2024\/02\/Silage-spreader-machine-with-a-good-price-300x225.webp 300w\" sizes=\"auto, (max-width: 720px) 100vw, 720px\" \/><figcaption class=\"wp-element-caption\">M\u00e1y r\u1ea3i th\u1ee9c \u0103n \u1ee7 chua gi\u00e1 t\u1ed1t<\/figcaption><\/figure>    <p><\/p>    <p><\/p>    <p><\/p>    <p><\/p>","protected":false},"excerpt":{"rendered":"<p>M\u00e1y r\u1ea3i th\u1ee9c \u0103n \u1ee7 chua l\u00e0 m\u1ed9t d\u1ee5ng c\u1ee5 n\u00f4ng nghi\u1ec7p quan tr\u1ecdng \u0111\u01b0\u1ee3c thi\u1ebft k\u1ebf \u0111\u1ec3 ph\u00e2n ph\u1ed1i \u0111\u1ed3ng \u0111\u1ec1u th\u1ee9c \u0103n \u1ee7 chua tr\u00ean \u0111\u1ed3ng ru\u1ed9ng.<\/p>","protected":false},"author":1,"featured_media":4942,"parent":0,"template":"","tags":[],"product-type":[133],"class_list":["post-4326","product","type-product","status-publish","has-post-thumbnail","hentry","product-type-silage-machine"],"_links":{"self":[{"href":"https:\/\/taizyfarmequipment.com\/vi\/wp-json\/wp\/v2\/product\/4326","targetHints":{"allow":["GET"]}}],"collection":[{"href":"https:\/\/taizyfarmequipment.com\/vi\/wp-json\/wp\/v2\/product"}],"about":[{"href":"https:\/\/taizyfarmequipment.com\/vi\/wp-json\/wp\/v2\/types\/product"}],"author":[{"embeddable":true,"href":"https:\/\/taizyfarmequipment.com\/vi\/wp-json\/wp\/v2\/users\/1"}],"wp:featuredmedia":[{"embeddable":true,"href":"https:\/\/taizyfarmequipment.com\/vi\/wp-json\/wp\/v2\/media\/4942"}],"wp:attachment":[{"href":"https:\/\/taizyfarmequipment.com\/vi\/wp-json\/wp\/v2\/media?parent=4326"}],"wp:term":[{"taxonomy":"post_tag","embeddable":true,"href":"https:\/\/taizyfarmequipment.com\/vi\/wp-json\/wp\/v2\/tags?post=4326"},{"taxonomy":"product-type","embeddable":true,"href":"https:\/\/taizyfarmequipment.com\/vi\/wp-json\/wp\/v2\/product-type?post=4326"}],"curies":[{"name":"wp","href":"https:\/\/api.w.org\/{rel}","templated":true}]}}