{"id":4345,"date":"2024-02-05T16:24:51","date_gmt":"2024-02-05T08:24:51","guid":{"rendered":"https:\/\/taizyfarmequipment.com\/?post_type=product&#038;p=4345"},"modified":"2025-11-25T15:47:22","modified_gmt":"2025-11-25T07:47:22","slug":"may-cat-rom","status":"publish","type":"product","link":"https:\/\/taizyfarmequipment.com\/vi\/product\/straw-cutting-machine\/","title":{"rendered":"M\u00e1y c\u1eaft r\u01a1m \u4e28Thi\u1ebft b\u1ecb c\u1eaft r\u01a1m"},"content":{"rendered":"<div class=\"kk-star-ratings kksr-auto kksr-align-left kksr-valign-top\"     data-payload='{&quot;align&quot;:&quot;left&quot;,&quot;id&quot;:&quot;4345&quot;,&quot;slug&quot;:&quot;default&quot;,&quot;valign&quot;:&quot;top&quot;,&quot;ignore&quot;:&quot;&quot;,&quot;reference&quot;:&quot;auto&quot;,&quot;class&quot;:&quot;&quot;,&quot;count&quot;:&quot;12&quot;,&quot;legendonly&quot;:&quot;&quot;,&quot;readonly&quot;:&quot;&quot;,&quot;score&quot;:&quot;4.9&quot;,&quot;starsonly&quot;:&quot;&quot;,&quot;best&quot;:&quot;5&quot;,&quot;gap&quot;:&quot;5&quot;,&quot;greet&quot;:&quot;Rate this product&quot;,&quot;legend&quot;:&quot;4.9\\\/5 - (12 b\u00ecnh ch\u1ecdn)&quot;,&quot;size&quot;:&quot;24&quot;,&quot;title&quot;:&quot;Straw cutting machine\u4e28Chaff cutter equipment&quot;,&quot;width&quot;:&quot;139.6&quot;,&quot;_legend&quot;:&quot;{score}\\\/{best} - ({count} {votes})&quot;,&quot;font_factor&quot;:&quot;1.25&quot;}'>              <div class=\"kksr-stars\">      <div class=\"kksr-stars-inactive\">             <div class=\"kksr-star\" data-star=\"1\" style=\"padding-right: 5px\">               <div class=\"kksr-icon\" style=\"width: 24px; height: 24px;\"><\/div>         <\/div>             <div class=\"kksr-star\" data-star=\"2\" style=\"padding-right: 5px\">               <div class=\"kksr-icon\" style=\"width: 24px; height: 24px;\"><\/div>         <\/div>             <div class=\"kksr-star\" data-star=\"3\" style=\"padding-right: 5px\">               <div class=\"kksr-icon\" style=\"width: 24px; height: 24px;\"><\/div>         <\/div>             <div class=\"kksr-star\" data-star=\"4\" style=\"padding-right: 5px\">               <div class=\"kksr-icon\" style=\"width: 24px; height: 24px;\"><\/div>         <\/div>             <div class=\"kksr-star\" data-star=\"5\" style=\"padding-right: 5px\">               <div class=\"kksr-icon\" style=\"width: 24px; height: 24px;\"><\/div>         <\/div>     <\/div>      <div class=\"kksr-stars-active\" style=\"width: 139.6px;\">             <div class=\"kksr-star\" style=\"padding-right: 5px\">               <div class=\"kksr-icon\" style=\"width: 24px; height: 24px;\"><\/div>         <\/div>             <div class=\"kksr-star\" style=\"padding-right: 5px\">               <div class=\"kksr-icon\" style=\"width: 24px; height: 24px;\"><\/div>         <\/div>             <div class=\"kksr-star\" style=\"padding-right: 5px\">               <div class=\"kksr-icon\" style=\"width: 24px; height: 24px;\"><\/div>         <\/div>             <div class=\"kksr-star\" style=\"padding-right: 5px\">               <div class=\"kksr-icon\" style=\"width: 24px; height: 24px;\"><\/div>         <\/div>             <div class=\"kksr-star\" style=\"padding-right: 5px\">               <div class=\"kksr-icon\" style=\"width: 24px; height: 24px;\"><\/div>         <\/div>     <\/div> <\/div>                   <div class=\"kksr-legend\" style=\"font-size: 19.2px;\">             4.9\/5 - (12 l\u01b0\u1ee3t b\u00ecnh ch\u1ecdn)    <\/div>     <\/div>  <p>M\u00e1y c\u1eaft r\u01a1m ph\u1ee5c v\u1ee5 m\u1ee5c \u0111\u00edch c\u1eaft v\u00e0 nghi\u1ec1n th\u00e0nh b\u1ed9t c\u00e1c lo\u1ea1i v\u1eadt li\u1ec7u kh\u00e1c nhau nh\u01b0 tr\u1ea5u, r\u01a1m r\u1ea1, th\u00e2n c\u00e2y ng\u00f4, l\u00faa mi\u1ebfn, th\u1ee9c \u0103n \u1ee7 chua v\u00e0 h\u1ea7u nh\u01b0 b\u1ea5t k\u1ef3 lo\u1ea1i r\u01a1m n\u00e0o th\u00e0nh c\u1ecf \u0111\u01b0\u1ee3c x\u1eed l\u00fd m\u1ecbn, th\u00edch h\u1ee3p l\u00e0m th\u1ee9c \u0103n cho \u0111\u1ed9ng v\u1eadt. <\/p>    <p>Lo\u1ea1i c\u1ecf \u0111\u01b0\u1ee3c ch\u1ebf bi\u1ebfn tinh x\u1ea3o n\u00e0y c\u00f3 th\u1ec3 \u0111\u01b0\u1ee3c s\u1eed d\u1ee5ng l\u00e0m th\u1ee9c \u0103n cho nhi\u1ec1u lo\u1ea1i \u0111\u1ed9ng v\u1eadt, bao g\u1ed3m gia s\u00fac, b\u00f2, ng\u1ef1a, d\u00ea, c\u1eebu, g\u00e0, v\u1ecbt, th\u1ecf, v.v., t\u1ea1o \u0111i\u1ec1u ki\u1ec7n cho \u0111\u1ed9ng v\u1eadt d\u1ec5 ti\u00eau h\u00f3a. <\/p>    <p>M\u00e1y \u0111\u01b0\u1ee3c thi\u1ebft k\u1ebf v\u1edbi k\u1ebft c\u1ea5u l\u01b0\u1ee1i b\u00faa ch\u1eafc ch\u1eafn v\u00e0 b\u1ec1n b\u1ec9. Ngo\u00e0i ra, n\u00f3 c\u00f2n k\u1ebft h\u1ee3p m\u1ed9t b\u0103ng t\u1ea3i \u0111\u1ec3 c\u1ea5p c\u1ecf hi\u1ec7u qu\u1ea3, \u0111\u1ea3m b\u1ea3o hi\u1ec7u su\u1ea5t l\u00e0m vi\u1ec7c t\u1ed1i thi\u1ec3u \u00edt nh\u1ea5t l\u00e0 4t\/h.<\/p>    <figure class=\"wp-block-embed is-type-video is-provider-youtube wp-block-embed-youtube wp-embed-aspect-16-9 wp-has-aspect-ratio\"><div class=\"wp-block-embed__wrapper\"> <iframe loading=\"lazy\" title=\"N\u00e2ng cao thu ho\u1ea1ch c\u1ee7a b\u1ea1n: L\u1ee3i \u00edch c\u1ee7a vi\u1ec7c s\u1eed d\u1ee5ng m\u00e1y c\u1eaft tr\u1ea5u #chaff #chaffcutter #cutting\" width=\"500\" height=\"281\" src=\"https:\/\/www.youtube.com\/embed\/KO3jyxd94Rk?feature=oembed\" frameborder=\"0\" allow=\"accelerometer; autoplay; clipboard-write; encrypted-media; gyroscope; picture-in-picture; web-share\" referrerpolicy=\"strict-origin-when-cross-origin\" allowfullscreen><\/iframe> <\/div><figcaption class=\"wp-element-caption\">video ho\u1ea1t \u0111\u1ed9ng c\u1ee7a m\u00e1y c\u1eaft Chaff<\/figcaption><\/figure>    <h2 class=\"wp-block-heading\">Th\u00f4ng s\u1ed1 c\u1ee7a m\u00e1y c\u1eaft r\u01a1m<\/h2>    <figure class=\"wp-block-table\"><table><tbody><tr><td>Ng\u01b0\u1eddi m\u1eabu<\/td><td>RSJ-6<\/td><td>RSJ-10<\/td><td>RSJ-15<\/td><\/tr><tr><td>Quy\u1ec1n l\u1ef1c<\/td><td>15+1,5kw<\/td><td>22+2,2kw<\/td><td>30+4kw<\/td><\/tr><tr><td>T\u1ed1c \u0111\u1ed9 c\u1ee7a tr\u1ee5c ch\u00ednh<\/td><td>1750r\/ph\u00fat<\/td><td>1750r\/ph\u00fat<\/td><td>1750r\/ph\u00fat<\/td><\/tr><tr><td>Dung t\u00edch<\/td><td>4-7t\/gi\u1edd<\/td><td>7-10t\/gi\u1edd<\/td><td>15t\/gi\u1edd<\/td><\/tr><tr><td>S\u1ed1 l\u01b0\u1ee3ng l\u01b0\u1ee1i<\/td><td>40 chi\u1ebfc<\/td><td>48 chi\u1ebfc<\/td><td>80 chi\u1ebfc<\/td><\/tr><tr><td>K\u00edch th\u01b0\u1edbc (L * W * H)<\/td><td>2750*950*1500mm<\/td><td>3130*890*1230mm<\/td><td>3900*1400*1200mm<\/td><\/tr><\/tbody><\/table><figcaption class=\"wp-element-caption\">Th\u00f4ng s\u1ed1 thi\u1ebft b\u1ecb m\u00e1y c\u1eaft Chaff<\/figcaption><\/figure>    <h2 class=\"wp-block-heading\">V\u1eadt li\u1ec7u th\u00edch h\u1ee3p cho m\u00e1y c\u1eaft th\u1ee9c \u0103n \u1ee7 chua<\/h2>    <figure class=\"wp-block-image size-full\"><img loading=\"lazy\" decoding=\"async\" width=\"720\" height=\"540\" src=\"https:\/\/taizyfarmequipment.com\/wp-content\/uploads\/2024\/02\/Chaff-cutter-equipment-in-display.webp\" alt=\"Thi\u1ebft b\u1ecb c\u1eaft Chaff \u0111\u01b0\u1ee3c tr\u01b0ng b\u00e0y\" class=\"wp-image-4350\" srcset=\"https:\/\/taizyfarmequipment.com\/wp-content\/uploads\/2024\/02\/Chaff-cutter-equipment-in-display.webp 720w, https:\/\/taizyfarmequipment.com\/wp-content\/uploads\/2024\/02\/Chaff-cutter-equipment-in-display-300x225.webp 300w\" sizes=\"auto, (max-width: 720px) 100vw, 720px\" \/><figcaption class=\"wp-element-caption\">Thi\u1ebft b\u1ecb c\u1eaft Chaff \u0111\u01b0\u1ee3c tr\u01b0ng b\u00e0y<\/figcaption><\/figure>    <p>M\u00e1y c\u1eaft th\u1ee9c \u0103n \u1ee7 chua l\u00e0 m\u1ed9t thi\u1ebft b\u1ecb \u0111a n\u0103ng th\u00edch h\u1ee3p \u0111\u1ec3 x\u1eed l\u00fd nhi\u1ec1u lo\u1ea1i v\u1eadt li\u1ec7u kh\u00e1c nhau. V\u1eadt li\u1ec7u \u00e1p d\u1ee5ng ch\u00ednh c\u1ee7a n\u00f3 bao g\u1ed3m c\u1ecf v\u00e0 r\u01a1m, bao g\u1ed3m nhi\u1ec1u ngu\u1ed3n g\u1ed1c th\u1ef1c v\u1eadt. <\/p>    <p>\u0110i\u1ec1u n\u00e0y bao g\u1ed3m nh\u01b0ng kh\u00f4ng gi\u1edbi h\u1ea1n \u1edf c\u00e1c lo\u1ea1i c\u1ecf kh\u00e1c nhau nh\u01b0 c\u1ecf xanh v\u00e0 c\u1ecf kh\u00f4, c\u0169ng nh\u01b0 c\u00e1c lo\u1ea1i r\u01a1m kh\u00e1c nhau nh\u01b0 th\u00e2n c\u00e2y ng\u00f4, th\u00e2n c\u00e2y l\u00faa mi\u1ebfn, v.v.<\/p>    <h2 class=\"wp-block-heading\">Thi\u1ebft b\u1ecb c\u1eaft chaff ho\u1ea1t \u0111\u1ed9ng nh\u01b0 th\u1ebf n\u00e0o?<\/h2>   <div id=\"rank-math-howto\" class=\"rank-math-block\" > <div class=\"rank-math-howto-description\">  <\/div>  <div class=\"rank-math-steps\"> <div id=\"howto-step-1707115707591\" class=\"rank-math-step\"> <h3 class=\"rank-math-step-title\">1. <strong>Nguy\u00ean li\u1ec7u cho \u0103n:<\/strong><\/h3> <div class=\"rank-math-step-content\"><p>Nguy\u00ean li\u1ec7u th\u00f4, c\u00f3 th\u1ec3 l\u00e0 r\u01a1m, c\u1ecf kh\u00f4 ho\u1eb7c c\u00e1c lo\u1ea1i th\u1ee9c \u0103n th\u00f4 xanh kh\u00e1c, \u0111\u01b0\u1ee3c \u0111\u01b0a v\u00e0o m\u00e1y c\u1eaft r\u01a1m b\u1eb1ng tay ho\u1eb7c b\u1eb1ng m\u00e1y. M\u00e1y c\u1eaft r\u01a1m c\u00f3 b\u0103ng chuy\u1ec1n h\u1ed7 tr\u1ee3 qu\u00e1 tr\u00ecnh n\u00e0y.<\/p> <\/div> <\/div> <div id=\"howto-step-1707115737529\" class=\"rank-math-step\"> <h3 class=\"rank-math-step-title\">2. <strong>C\u01a1 ch\u1ebf c\u1eaft:<\/strong><\/h3> <div class=\"rank-math-step-content\"><img loading=\"lazy\" decoding=\"async\" width=\"720\" height=\"540\" src=\"https:\/\/taizyfarmequipment.com\/wp-content\/uploads\/2024\/02\/blades-of-Straw-cutting-machine.webp\" class=\"attachment-full size-full\" alt=\"l\u01b0\u1ee1i c\u1ee7a m\u00e1y c\u1eaft r\u01a1m\" srcset=\"https:\/\/taizyfarmequipment.com\/wp-content\/uploads\/2024\/02\/blades-of-Straw-cutting-machine.webp 720w, https:\/\/taizyfarmequipment.com\/wp-content\/uploads\/2024\/02\/blades-of-Straw-cutting-machine-300x225.webp 300w\" sizes=\"auto, (max-width: 720px) 100vw, 720px\" \/><p>B\u00ean trong m\u00e1y c\u1eaft chaff c\u00f3 c\u01a1 c\u1ea5u c\u1eaft bao g\u1ed3m c\u00e1c l\u01b0\u1ee1i dao ho\u1eb7c dao quay. Nh\u1eefng l\u01b0\u1ee1i dao n\u00e0y \u0111\u01b0\u1ee3c thi\u1ebft k\u1ebf \u0111\u1ec3 c\u1eaft nguy\u00ean li\u1ec7u th\u00f4 th\u00e0nh nh\u1eefng mi\u1ebfng nh\u1ecf h\u01a1n, d\u1ec5 qu\u1ea3n l\u00fd h\u01a1n.<\/p> <\/div> <\/div> <div id=\"howto-step-1707116108921\" class=\"rank-math-step\"> <h3 class=\"rank-math-step-title\">3. <strong>Ngu\u1ed3n \u0111i\u1ec7n:<\/strong><\/h3> <div class=\"rank-math-step-content\"><p>M\u00e1y c\u1eaft Chaff c\u00f3 th\u1ec3 \u0111\u01b0\u1ee3c cung c\u1ea5p n\u0103ng l\u01b0\u1ee3ng t\u1eeb nhi\u1ec1u ngu\u1ed3n kh\u00e1c nhau, bao g\u1ed3m c\u1ea3 \u0111\u1ed9ng c\u01a1 \u0111i\u1ec7n v\u00e0 \u0111\u1ed9ng c\u01a1 diesel. Ngu\u1ed3n \u0111i\u1ec7n \u0111i\u1ec1u khi\u1ec3n c\u01a1 c\u1ea5u c\u1eaft th\u1ef1c hi\u1ec7n thao t\u00e1c c\u1eaft.<\/p> <\/div> <\/div> <div id=\"howto-step-1707116499877\" class=\"rank-math-step\"> <h3 class=\"rank-math-step-title\">4. <strong>Thu th\u1eadp ho\u1eb7c X\u1ea3 th\u1ea3i:<\/strong><\/h3> <div class=\"rank-math-step-content\"><p>V\u1eadt li\u1ec7u c\u1eaft sau \u0111\u00f3 \u0111\u01b0\u1ee3c x\u1ea3 qua v\u00f2i. Ph\u01b0\u01a1ng ph\u00e1p thu th\u1eadp ph\u1ee5 thu\u1ed9c v\u00e0o m\u1ee5c \u0111\u00edch s\u1eed d\u1ee5ng.<\/p> <\/div> <\/div> <div id=\"howto-step-1707116871593\" class=\"rank-math-step\"> <h3 class=\"rank-math-step-title\">5. <strong>T\u00ednh n\u0103ng an to\u00e0n:<\/strong><\/h3> <div class=\"rank-math-step-content\"><p>M\u00e1y c\u1eaft chaff hi\u1ec7n \u0111\u1ea1i bao g\u1ed3m c\u00e1c t\u00ednh n\u0103ng an to\u00e0n nh\u01b0 n\u00fat d\u1eebng kh\u1ea9n c\u1ea5p, b\u1ed9 ph\u1eadn b\u1ea3o v\u1ec7 xung quanh c\u00e1c b\u1ed9 ph\u1eadn chuy\u1ec3n \u0111\u1ed9ng v\u00e0 b\u1ea3o v\u1ec7 qu\u00e1 t\u1ea3i \u0111\u1ec3 \u0111\u1ea3m b\u1ea3o an to\u00e0n cho ng\u01b0\u1eddi v\u1eadn h\u00e0nh.<\/p> <\/div> <\/div> <\/div> <\/div>       <figure class=\"wp-block-image size-full\"><img loading=\"lazy\" decoding=\"async\" width=\"720\" height=\"540\" src=\"https:\/\/taizyfarmequipment.com\/wp-content\/uploads\/2024\/02\/commercial-Chaff-cutter-equipment.webp\" alt=\"thi\u1ebft b\u1ecb c\u1eaft Chaff th\u01b0\u01a1ng m\u1ea1i\" class=\"wp-image-4356\" srcset=\"https:\/\/taizyfarmequipment.com\/wp-content\/uploads\/2024\/02\/commercial-Chaff-cutter-equipment.webp 720w, https:\/\/taizyfarmequipment.com\/wp-content\/uploads\/2024\/02\/commercial-Chaff-cutter-equipment-300x225.webp 300w\" sizes=\"auto, (max-width: 720px) 100vw, 720px\" \/><figcaption class=\"wp-element-caption\">thi\u1ebft b\u1ecb c\u1eaft Chaff th\u01b0\u01a1ng m\u1ea1i<\/figcaption><\/figure>    <h2 class=\"wp-block-heading\">\u01afu \u0111i\u1ec3m ch\u00ednh c\u1ee7a m\u00e1y c\u1eaft r\u01a1m<\/h2>    <ol class=\"wp-block-list\"> <li><strong>T\u00ednh linh ho\u1ea1t:<\/strong> M\u00e1y \u0111\u01b0\u1ee3c thi\u1ebft k\u1ebf \u0111\u1ec3 c\u1eaft v\u00e0 nghi\u1ec1n c\u00e1c v\u1eadt li\u1ec7u kh\u00e1c nhau, bao g\u1ed3m tr\u1ea5u, r\u01a1m r\u1ea1, th\u00e2n c\u00e2y ng\u00f4, l\u00faa mi\u1ebfn v\u00e0 th\u1ee9c \u0103n \u1ee7 chua. T\u00ednh linh ho\u1ea1t n\u00e0y l\u00e0m cho n\u00f3 ph\u00f9 h\u1ee3p \u0111\u1ec3 x\u1eed l\u00fd nhi\u1ec1u lo\u1ea1i d\u01b0 l\u01b0\u1ee3ng n\u00f4ng nghi\u1ec7p.<\/li>    <li><strong>C\u1ea5u tr\u00fac l\u01b0\u1ee1i b\u00faa b\u1ec1n:<\/strong> Vi\u1ec7c \u00e1p d\u1ee5ng c\u1ea5u tr\u00fac l\u01b0\u1ee1i b\u00faa gi\u00fap t\u0103ng c\u01b0\u1eddng \u0111\u1ed9 b\u1ec1n v\u00e0 s\u1ee9c m\u1ea1nh. Thi\u1ebft k\u1ebf n\u00e0y \u0111\u1ea3m b\u1ea3o r\u1eb1ng m\u00e1y c\u00f3 th\u1ec3 ch\u1ecbu \u0111\u01b0\u1ee3c \u0111i\u1ec1u ki\u1ec7n kh\u1eafc nghi\u1ec7t khi s\u1eed d\u1ee5ng li\u00ean t\u1ee5c trong c\u00e1c ho\u1ea1t \u0111\u1ed9ng n\u00f4ng nghi\u1ec7p.<\/li>    <li><strong>B\u0103ng t\u1ea3i c\u1ea5p li\u1ec7u hi\u1ec7u qu\u1ea3:<\/strong> Vi\u1ec7c \u0111\u01b0a v\u00e0o b\u0103ng t\u1ea3i t\u1ea1o \u0111i\u1ec1u ki\u1ec7n thu\u1eadn l\u1ee3i cho qu\u00e1 tr\u00ecnh c\u1ea5p li\u1ec7u, g\u00f3p ph\u1ea7n mang l\u1ea1i hi\u1ec7u qu\u1ea3 l\u00e0m vi\u1ec7c cao h\u01a1n. T\u00ednh n\u0103ng n\u00e0y \u0111\u1ea3m b\u1ea3o d\u00f2ng nguy\u00ean li\u1ec7u nh\u1ea5t qu\u00e1n v\u00e0 h\u1ee3p l\u00fd qua m\u00e1y.<\/li>    <li><strong>Hi\u1ec7u qu\u1ea3 l\u00e0m vi\u1ec7c cao:<\/strong> M\u00e1y c\u00f3 kh\u1ea3 n\u0103ng \u0111\u1ea1t hi\u1ec7u su\u1ea5t l\u00e0m vi\u1ec7c \u00edt nh\u1ea5t 4 t\u1ea5n\/gi\u1edd. Hi\u1ec7u qu\u1ea3 cao n\u00e0y r\u1ea5t quan tr\u1ecdng \u0111\u1ed1i v\u1edbi c\u00e1c ho\u1ea1t \u0111\u1ed9ng n\u00f4ng nghi\u1ec7p quy m\u00f4 l\u1edbn, ti\u1ebft ki\u1ec7m th\u1eddi gian v\u00e0 lao \u0111\u1ed9ng.<\/li> <\/ol>    <figure class=\"wp-block-image size-full\"><img loading=\"lazy\" decoding=\"async\" width=\"720\" height=\"540\" src=\"https:\/\/taizyfarmequipment.com\/wp-content\/uploads\/2024\/02\/Chaff-cutter-equipment-for-business.webp\" alt=\"Thi\u1ebft b\u1ecb c\u1eaft Chaff cho doanh nghi\u1ec7p\" class=\"wp-image-4351\" srcset=\"https:\/\/taizyfarmequipment.com\/wp-content\/uploads\/2024\/02\/Chaff-cutter-equipment-for-business.webp 720w, https:\/\/taizyfarmequipment.com\/wp-content\/uploads\/2024\/02\/Chaff-cutter-equipment-for-business-300x225.webp 300w\" sizes=\"auto, (max-width: 720px) 100vw, 720px\" \/><figcaption class=\"wp-element-caption\">Thi\u1ebft b\u1ecb c\u1eaft Chaff cho doanh nghi\u1ec7p<\/figcaption><\/figure>    <h2 class=\"wp-block-heading\">S\u1ef1 kh\u00e1c bi\u1ec7t gi\u1eefa m\u00e1y c\u1eaft r\u01a1m v\u00e0 m\u00e1y b\u0103m c\u1ecf<\/h2>    <p>S\u1ef1 kh\u00e1c bi\u1ec7t gi\u1eefa m\u00e1y c\u1eaft r\u01a1m v\u00e0 m\u00e1y b\u0103m c\u1ecf n\u1eb1m \u1edf thi\u1ebft k\u1ebf v\u00e0 \u0111\u1eb7c t\u00ednh c\u1ee7a v\u1eadt li\u1ec7u \u0111\u01b0\u1ee3c x\u1eed l\u00fd. M\u1ed9t \u0111i\u1ec3m kh\u00e1c bi\u1ec7t ch\u00ednh l\u00e0 s\u1ed1 l\u01b0\u1ee3ng l\u01b0\u1ee1i dao \u0111\u01b0\u1ee3c s\u1eed d\u1ee5ng trong m\u1ed7i m\u00e1y. M\u00e1y c\u1eaft r\u01a1m \u0111\u01b0\u1ee3c trang b\u1ecb nhi\u1ec1u l\u01b0\u1ee1i dao, mang l\u1ea1i c\u01a1 ch\u1ebf c\u1eaft ph\u1ee9c t\u1ea1p h\u01a1n. Ng\u01b0\u1ee3c l\u1ea1i, m\u00e1y c\u1eaft c\u1ecf s\u1eed d\u1ee5ng m\u1ed9t l\u01b0\u1ee1i dao duy nh\u1ea5t, gi\u00fap \u0111\u01a1n gi\u1ea3n h\u00f3a c\u1ea5u tr\u00fac c\u1eaft c\u1ee7a n\u00f3.<\/p>    <p>M\u1ed9t \u0111i\u1ec3m kh\u00e1c bi\u1ec7t \u0111\u00e1ng ch\u00fa \u00fd kh\u00e1c l\u00e0 h\u00ecnh th\u1ee9c c\u1ee7a s\u1ea3n ph\u1ea9m cu\u1ed1i c\u00f9ng do m\u1ed7i m\u00e1y t\u1ea1o ra. M\u00e1y c\u1eaft r\u01a1m t\u1ea1o ra s\u1ea3n ph\u1ea9m cu\u1ed1i c\u00f9ng l\u00e0 nh\u1eefng m\u1ea3nh d\u00e0i gi\u1ed1ng nh\u01b0 s\u1ee3i ch\u1ec9. Nh\u1eefng s\u1ee3i m\u1ecbn n\u00e0y r\u1ea5t ph\u00f9 h\u1ee3p cho c\u00e1c \u1ee9ng d\u1ee5ng nh\u01b0 cho gia s\u00fac, b\u00f2, ng\u1ef1a v\u00e0 c\u00e1c v\u1eadt nu\u00f4i kh\u00e1c \u0103n do kh\u1ea3 n\u0103ng ti\u00eau h\u00f3a d\u1ec5 d\u00e0ng.<\/p>    <p>Ng\u01b0\u1ee3c l\u1ea1i, m\u00e1y b\u0103m c\u1ecf t\u1ea1o ra s\u1ea3n ph\u1ea9m cu\u1ed1i c\u00f9ng c\u00f3 h\u00ecnh kh\u1ed1i. Thi\u1ebft k\u1ebf n\u00e0y \u0111\u1eb7c bi\u1ec7t thu\u1eadn l\u1ee3i cho m\u1ed9t s\u1ed1 \u1ee9ng d\u1ee5ng nh\u1ea5t \u0111\u1ecbnh trong \u0111\u00f3 nh\u1eefng lo\u1ea1i c\u1ecf c\u1ee9ng h\u01a1n \u0111\u01b0\u1ee3c \u01b0a th\u00edch h\u01a1n, \u0111\u00e1p \u1ee9ng s\u1edf th\u00edch \u0103n u\u1ed1ng c\u1ee7a c\u00e1c lo\u00e0i \u0111\u1ed9ng v\u1eadt kh\u00e1c nhau.<\/p>    <figure class=\"wp-block-image size-full\"><img loading=\"lazy\" decoding=\"async\" width=\"720\" height=\"540\" src=\"https:\/\/taizyfarmequipment.com\/wp-content\/uploads\/2024\/02\/automatic-Chaff-cutter-equipment.webp\" alt=\"thi\u1ebft b\u1ecb c\u1eaft Chaff t\u1ef1 \u0111\u1ed9ng\" class=\"wp-image-4352\" srcset=\"https:\/\/taizyfarmequipment.com\/wp-content\/uploads\/2024\/02\/automatic-Chaff-cutter-equipment.webp 720w, https:\/\/taizyfarmequipment.com\/wp-content\/uploads\/2024\/02\/automatic-Chaff-cutter-equipment-300x225.webp 300w\" sizes=\"auto, (max-width: 720px) 100vw, 720px\" \/><figcaption class=\"wp-element-caption\">thi\u1ebft b\u1ecb c\u1eaft Chaff t\u1ef1 \u0111\u1ed9ng<\/figcaption><\/figure>    <h2 class=\"wp-block-heading\">Thi\u1ebft b\u1ecb h\u1ed7 tr\u1ee3 m\u00e1y c\u1eaft r\u01a1m<\/h2>    <p class=\"translation-block\">M\u00e1y c\u1eaft r\u01a1m c\u1ee7a ch\u00fang t\u00f4i kh\u00f4ng ch\u1ec9 cung c\u1ea5p ch\u1ee9c n\u0103ng c\u1eaft ti\u00ean ti\u1ebfn m\u00e0 c\u00f2n c\u00f3 th\u1ec3 k\u1ebft h\u1ee3p v\u1edbi m\u00e1y cu\u1ed9n \u1ee7 chua \u0111\u1ec3 mang l\u1ea1i gi\u1ea3i ph\u00e1p to\u00e0n di\u1ec7n cho qu\u00e1 tr\u00ecnh ch\u1ebf bi\u1ebfn th\u1ee9c \u0103n. K\u1ebft h\u1ee3p m\u00e1y c\u1eaft r\u01a1m v\u1edbi <a href=\"https:\/\/taizyfarmequipment.com\/vi\/san-pham\/may-dong-kien-tron-u-chua\/\">m\u00e1y cu\u1ed9n \u1ee7 chua<\/a> gi\u00fap b\u1ea3o qu\u1ea3n th\u1ee9c \u0103n hi\u1ec7u qu\u1ea3 h\u01a1n, k\u00e9o d\u00e0i th\u1eddi h\u1ea1n s\u1eed d\u1ee5ng v\u00e0 thu\u1eadn ti\u1ec7n cho vi\u1ec7c v\u1eadn chuy\u1ec3n khi c\u1ea7n.<\/p>    <p>Vi\u1ec7c t\u00edch h\u1ee3p m\u00e1y \u0111\u00f3ng ki\u1ec7n \u1ee7 chua gi\u00fap d\u1ec5 d\u00e0ng n\u00e9n c\u00e1c v\u1eadt li\u1ec7u \u0111\u00e3 c\u1eaft th\u00e0nh c\u00e1c g\u00f3i \u0111\u01b0\u1ee3c b\u1ecdc ch\u1eb7t, t\u0103ng m\u1eadt \u0111\u1ed9 th\u1ee9c \u0103n v\u00e0 gi\u1ea3m y\u00eau c\u1ea7u v\u1ec1 kh\u00f4ng gian l\u01b0u tr\u1eef m\u1ed9t c\u00e1ch hi\u1ec7u qu\u1ea3. \u0110i\u1ec1u n\u00e0y kh\u00f4ng ch\u1ec9 gi\u00fap gi\u1ea3m chi ph\u00ed b\u1ea3o qu\u1ea3n m\u00e0 c\u00f2n \u0111\u1ea3m b\u1ea3o th\u1ee9c \u0103n v\u1eabn t\u01b0\u01a1i v\u00e0 b\u1ed5 d\u01b0\u1ee1ng trong th\u1eddi gian d\u00e0i.<\/p>    <p>H\u01a1n n\u1eefa, h\u1ec7 th\u1ed1ng m\u00e1y c\u1eaft r\u01a1m khi k\u1ebft h\u1ee3p v\u1edbi m\u00e1y \u0111\u00f3ng ki\u1ec7n \u1ee7 chua s\u1ebd h\u1ee3p l\u00fd h\u00f3a qu\u00e1 tr\u00ecnh v\u1eadn chuy\u1ec3n th\u1ee9c \u0103n. Th\u1ee9c \u0103n \u0111\u00f3ng g\u00f3i d\u1ec5 qu\u1ea3n l\u00fd h\u01a1n trong vi\u1ec7c x\u1ebfp ch\u1ed3ng v\u00e0 x\u1eed l\u00fd, n\u00e2ng cao s\u1ef1 thu\u1eadn ti\u1ec7n trong v\u1eadn chuy\u1ec3n v\u00e0 gi\u00fap s\u1ea3n xu\u1ea5t n\u00f4ng nghi\u1ec7p hi\u1ec7u qu\u1ea3 h\u01a1n.<\/p>    <figure class=\"wp-block-image size-full\"><img loading=\"lazy\" decoding=\"async\" width=\"720\" height=\"540\" src=\"https:\/\/taizyfarmequipment.com\/wp-content\/uploads\/2022\/05\/3.8A-garss-chopper-.jpg\" alt=\"M\u00e1y b\u0103m c\u1ecf 3.8A\" class=\"wp-image-3459\"\/><figcaption class=\"wp-element-caption\">M\u00e1y b\u0103m c\u1ecf 3.8A<\/figcaption><\/figure>    <h2 class=\"wp-block-heading\">\u0110\u1ea7u t\u01b0 v\u00e0o m\u00e1y c\u1eaft r\u01a1m c\u1ee7a ch\u00fang t\u00f4i<\/h2>    <p class=\"translation-block\">L\u00e0 nh\u00e0 cung c\u1ea5p h\u00e0ng \u0111\u1ea7u c\u00e1c m\u00e1y c\u1eaft <a href=\"https:\/\/en.wikipedia.org\/wiki\/Straw\" data-type=\"link\" data-id=\"https:\/\/en.wikipedia.org\/wiki\/Straw\" target=\"_blank\" rel=\"noopener\">r\u01a1m<\/a>, ch\u00fang t\u00f4i cam k\u1ebft cung c\u1ea5p thi\u1ebft b\u1ecb c\u00f3 hi\u1ec7u su\u1ea5t v\u00e0 \u0111\u1ed9 tin c\u1eady v\u01b0\u1ee3t tr\u1ed9i \u0111\u1ec3 \u0111\u00e1p \u1ee9ng nhu c\u1ea7u n\u00f4ng nghi\u1ec7p c\u1ee7a b\u1ea1n. N\u1ed5i ti\u1ebfng v\u1edbi c\u00f4ng ngh\u1ec7 ti\u00ean ti\u1ebfn, thi\u1ebft k\u1ebf b\u1ec1n b\u1ec9 v\u00e0 n\u0103ng l\u1ef1c s\u1ea3n xu\u1ea5t hi\u1ec7u qu\u1ea3, c\u00f4ng ty ch\u00fang t\u00f4i cung c\u1ea5p c\u00e1c gi\u1ea3i ph\u00e1p \u0111\u00e1ng tin c\u1eady gi\u00fap n\u00e2ng cao hi\u1ec7u qu\u1ea3 ch\u1ebf bi\u1ebfn th\u1ee9c \u0103n.<\/p>    <p>\u0110\u1ed3ng th\u1eddi, s\u1ef1 h\u00e0i l\u00f2ng c\u1ee7a kh\u00e1ch h\u00e0ng lu\u00f4n l\u00e0 \u01b0u ti\u00ean h\u00e0ng \u0111\u1ea7u c\u1ee7a ch\u00fang t\u00f4i. \u0110\u1ed9i ng\u0169 chuy\u00ean nghi\u1ec7p c\u1ee7a ch\u00fang t\u00f4i t\u1eadn t\u00e2m cung c\u1ea5p c\u00e1c d\u1ecbch v\u1ee5 tr\u01b0\u1edbc v\u00e0 sau b\u00e1n h\u00e0ng ch\u1ea5t l\u01b0\u1ee3ng cao, \u0111\u1ea3m b\u1ea3o h\u1ed7 tr\u1ee3 to\u00e0n di\u1ec7n trong su\u1ed1t qu\u00e1 tr\u00ecnh mua, l\u1eafp \u0111\u1eb7t v\u00e0 s\u1eed d\u1ee5ng c\u1ee7a b\u1ea1n.<\/p>    <p>Ch\u00fang t\u00f4i n\u1ed3ng nhi\u1ec7t ch\u00e0o \u0111\u00f3n b\u1ea1n \u0111\u1ebfn h\u1ecfi th\u0103m v\u00e0 gh\u00e9 th\u0103m ch\u00fang t\u00f4i \u0111\u1ec3 hi\u1ec3u s\u00e2u h\u01a1n v\u1ec1 m\u00e1y c\u1eaft r\u01a1m ti\u00ean ti\u1ebfn c\u1ee7a ch\u00fang t\u00f4i. B\u1eb1ng c\u00e1ch ch\u1ecdn s\u1ea3n ph\u1ea9m c\u1ee7a ch\u00fang t\u00f4i, b\u1ea1n s\u1ebd c\u00f3 \u0111\u01b0\u1ee3c hi\u1ec7u su\u1ea5t cao, \u0111\u1ed9 b\u1ec1n v\u00e0 hi\u1ec7u qu\u1ea3 ho\u1ea1t \u0111\u1ed9ng v\u01b0\u1ee3t tr\u1ed9i. <\/p>    <p>H\u00e3y li\u00ean h\u1ec7 v\u1edbi ch\u00fang t\u00f4i b\u1ea5t c\u1ee9 l\u00fac n\u00e0o; ch\u00fang t\u00f4i mong mu\u1ed1n cung c\u1ea5p cho b\u1ea1n nh\u1eefng gi\u1ea3i ph\u00e1p t\u1ed1t nh\u1ea5t v\u00e0 c\u00f9ng nhau g\u00f3p ph\u1ea7n th\u00fac \u0111\u1ea9y s\u1ea3n xu\u1ea5t n\u00f4ng nghi\u1ec7p ph\u00e1t tri\u1ec3n.<\/p>    <figure class=\"wp-block-image size-full\"><img loading=\"lazy\" decoding=\"async\" width=\"720\" height=\"540\" src=\"https:\/\/taizyfarmequipment.com\/wp-content\/uploads\/2024\/02\/Straw-cutting-machine-with-a-good-price-1.webp\" alt=\"M\u00e1y c\u1eaft r\u01a1m gi\u00e1 t\u1ed1t\" class=\"wp-image-4943\" srcset=\"https:\/\/taizyfarmequipment.com\/wp-content\/uploads\/2024\/02\/Straw-cutting-machine-with-a-good-price-1.webp 720w, https:\/\/taizyfarmequipment.com\/wp-content\/uploads\/2024\/02\/Straw-cutting-machine-with-a-good-price-1-300x225.webp 300w, https:\/\/taizyfarmequipment.com\/wp-content\/uploads\/2024\/02\/Straw-cutting-machine-with-a-good-price-1-16x12.webp 16w\" sizes=\"auto, (max-width: 720px) 100vw, 720px\" \/><figcaption class=\"wp-element-caption\">M\u00e1y c\u1eaft r\u01a1m gi\u00e1 t\u1ed1t<\/figcaption><\/figure>","protected":false},"excerpt":{"rendered":"<p>M\u00e1y c\u1eaft r\u01a1m ph\u1ee5c v\u1ee5 m\u1ee5c \u0111\u00edch c\u1eaft v\u00e0 nghi\u1ec1n th\u00e0nh b\u1ed9t c\u00e1c lo\u1ea1i v\u1eadt li\u1ec7u kh\u00e1c nhau nh\u01b0 tr\u1ea5u, r\u01a1m r\u1ea1, th\u00e2n c\u00e2y ng\u00f4, l\u00faa mi\u1ebfn, th\u1ee9c \u0103n \u1ee7 chua v\u00e0 h\u1ea7u nh\u01b0 b\u1ea5t k\u1ef3 lo\u1ea1i r\u01a1m n\u00e0o th\u00e0nh c\u1ecf \u0111\u01b0\u1ee3c x\u1eed l\u00fd m\u1ecbn, th\u00edch h\u1ee3p l\u00e0m th\u1ee9c \u0103n cho \u0111\u1ed9ng v\u1eadt.<\/p>","protected":false},"author":1,"featured_media":4346,"parent":0,"template":"","tags":[],"product-type":[133],"class_list":["post-4345","product","type-product","status-publish","has-post-thumbnail","hentry","product-type-silage-machine"],"_links":{"self":[{"href":"https:\/\/taizyfarmequipment.com\/vi\/wp-json\/wp\/v2\/product\/4345","targetHints":{"allow":["GET"]}}],"collection":[{"href":"https:\/\/taizyfarmequipment.com\/vi\/wp-json\/wp\/v2\/product"}],"about":[{"href":"https:\/\/taizyfarmequipment.com\/vi\/wp-json\/wp\/v2\/types\/product"}],"author":[{"embeddable":true,"href":"https:\/\/taizyfarmequipment.com\/vi\/wp-json\/wp\/v2\/users\/1"}],"wp:featuredmedia":[{"embeddable":true,"href":"https:\/\/taizyfarmequipment.com\/vi\/wp-json\/wp\/v2\/media\/4346"}],"wp:attachment":[{"href":"https:\/\/taizyfarmequipment.com\/vi\/wp-json\/wp\/v2\/media?parent=4345"}],"wp:term":[{"taxonomy":"post_tag","embeddable":true,"href":"https:\/\/taizyfarmequipment.com\/vi\/wp-json\/wp\/v2\/tags?post=4345"},{"taxonomy":"product-type","embeddable":true,"href":"https:\/\/taizyfarmequipment.com\/vi\/wp-json\/wp\/v2\/product-type?post=4345"}],"curies":[{"name":"wp","href":"https:\/\/api.w.org\/{rel}","templated":true}]}}