{"id":4458,"date":"2024-03-20T09:49:30","date_gmt":"2024-03-20T01:49:30","guid":{"rendered":"https:\/\/taizyfarmequipment.com\/?post_type=product&#038;p=4458"},"modified":"2025-02-07T17:11:30","modified_gmt":"2025-02-07T09:11:30","slug":"may-gieo-hat-vuon-uom","status":"publish","type":"product","link":"https:\/\/taizyfarmequipment.com\/vi\/product\/nursery-seeding-machine\/","title":{"rendered":"M\u00e1y gieo h\u1ea1t m\u1eabu gi\u00e1o | M\u00e1y tr\u1ed3ng c\u00e2y gi\u1ed1ng c\u00e2y"},"content":{"rendered":"<div class=\"kk-star-ratings kksr-auto kksr-align-left kksr-valign-top\"     data-payload='{&quot;align&quot;:&quot;left&quot;,&quot;id&quot;:&quot;4458&quot;,&quot;slug&quot;:&quot;default&quot;,&quot;valign&quot;:&quot;top&quot;,&quot;ignore&quot;:&quot;&quot;,&quot;reference&quot;:&quot;auto&quot;,&quot;class&quot;:&quot;&quot;,&quot;count&quot;:&quot;22&quot;,&quot;legendonly&quot;:&quot;&quot;,&quot;readonly&quot;:&quot;&quot;,&quot;score&quot;:&quot;4.8&quot;,&quot;starsonly&quot;:&quot;&quot;,&quot;best&quot;:&quot;5&quot;,&quot;gap&quot;:&quot;5&quot;,&quot;greet&quot;:&quot;Rate this product&quot;,&quot;legend&quot;:&quot;4.8\\\/5 - (22 b\u00ecnh ch\u1ecdn)&quot;,&quot;size&quot;:&quot;24&quot;,&quot;title&quot;:&quot;Nursery seeding machine | Tree seedling planting machine&quot;,&quot;width&quot;:&quot;136.7&quot;,&quot;_legend&quot;:&quot;{score}\\\/{best} - ({count} {votes})&quot;,&quot;font_factor&quot;:&quot;1.25&quot;}'>              <div class=\"kksr-stars\">      <div class=\"kksr-stars-inactive\">             <div class=\"kksr-star\" data-star=\"1\" style=\"padding-right: 5px\">               <div class=\"kksr-icon\" style=\"width: 24px; height: 24px;\"><\/div>         <\/div>             <div class=\"kksr-star\" data-star=\"2\" style=\"padding-right: 5px\">               <div class=\"kksr-icon\" style=\"width: 24px; height: 24px;\"><\/div>         <\/div>             <div class=\"kksr-star\" data-star=\"3\" style=\"padding-right: 5px\">               <div class=\"kksr-icon\" style=\"width: 24px; height: 24px;\"><\/div>         <\/div>             <div class=\"kksr-star\" data-star=\"4\" style=\"padding-right: 5px\">               <div class=\"kksr-icon\" style=\"width: 24px; height: 24px;\"><\/div>         <\/div>             <div class=\"kksr-star\" data-star=\"5\" style=\"padding-right: 5px\">               <div class=\"kksr-icon\" style=\"width: 24px; height: 24px;\"><\/div>         <\/div>     <\/div>      <div class=\"kksr-stars-active\" style=\"width: 136.7px;\">             <div class=\"kksr-star\" style=\"padding-right: 5px\">               <div class=\"kksr-icon\" style=\"width: 24px; height: 24px;\"><\/div>         <\/div>             <div class=\"kksr-star\" style=\"padding-right: 5px\">               <div class=\"kksr-icon\" style=\"width: 24px; height: 24px;\"><\/div>         <\/div>             <div class=\"kksr-star\" style=\"padding-right: 5px\">               <div class=\"kksr-icon\" style=\"width: 24px; height: 24px;\"><\/div>         <\/div>             <div class=\"kksr-star\" style=\"padding-right: 5px\">               <div class=\"kksr-icon\" style=\"width: 24px; height: 24px;\"><\/div>         <\/div>             <div class=\"kksr-star\" style=\"padding-right: 5px\">               <div class=\"kksr-icon\" style=\"width: 24px; height: 24px;\"><\/div>         <\/div>     <\/div> <\/div>                   <div class=\"kksr-legend\" style=\"font-size: 19.2px;\">             4.8\/5 - (22 l\u01b0\u1ee3t b\u00ecnh ch\u1ecdn)    <\/div>     <\/div>  <p class=\"translation-block\">M\u00e1y <strong>gieo \u01b0\u01a1m c\u00f3 PLC<\/strong> c\u1ee7a ch\u00fang t\u00f4i c\u00f3 th\u1ec3 n\u00e2ng cao \u0111\u1ed9 ch\u00ednh x\u00e1c v\u00e0 hi\u1ec7u su\u1ea5t trong canh t\u00e1c v\u01b0\u1eddn \u01b0\u01a1m hi\u1ec7n \u0111\u1ea1i. \u0110\u01b0\u1ee3c trang b\u1ecb h\u1ec7 th\u1ed1ng <strong>b\u1ed9 \u0111i\u1ec1u khi\u1ec3n logic l\u1eadp tr\u00ecnh (PLC)<\/strong> ti\u00ean ti\u1ebfn, m\u00e1y n\u00e0y cung c\u1ea5p <strong>kh\u1ea3 n\u0103ng ki\u1ec3m so\u00e1t v\u00e0 t\u00f9y ch\u1ec9nh v\u01b0\u1ee3t tr\u1ed9i<\/strong> cho c\u00e1c thao t\u00e1c gieo h\u1ea1t. <\/p>    <p class=\"translation-block\">N\u00f3 \u0111\u1ea3m b\u1ea3o <strong>v\u1ecb tr\u00ed h\u1ea1t ch\u00ednh x\u00e1c v\u00e0 qu\u1ea3n l\u00fd \u0111\u1ea5t t\u1ed1i \u01b0u<\/strong>, t\u1ed1i \u0111a h\u00f3a n\u0103ng su\u1ea5t \u0111\u1ed3ng th\u1eddi gi\u1ea3m chi ph\u00ed nh\u00e2n c\u00f4ng. D\u00f9 \u0111\u01b0\u1ee3c s\u1eed d\u1ee5ng cho <strong>x\u00e0 l\u00e1ch, c\u00e0 chua ho\u1eb7c c\u00e1c lo\u1ea1i c\u00e2y tr\u1ed3ng kh\u00e1c<\/strong>, m\u00e1y gieo \u01b0\u01a1m c\u1ee7a ch\u00fang t\u00f4i mang l\u1ea1i <strong>hi\u1ec7u su\u1ea5t \u1ed5n \u0111\u1ecbnh, t\u1ed1c \u0111\u1ed9 cao<\/strong>, l\u00e0 l\u1ef1a ch\u1ecdn l\u00fd t\u01b0\u1edfng cho ng\u01b0\u1eddi tr\u1ed3ng \u01b0\u01a1m chuy\u00ean nghi\u1ec7p.<\/p>    <figure class=\"wp-block-embed is-type-video is-provider-youtube wp-block-embed-youtube wp-embed-aspect-16-9 wp-has-aspect-ratio\"><div class=\"wp-block-embed__wrapper\"> <iframe loading=\"lazy\" title=\"T\u0103ng c\u01b0\u1eddng ho\u1ea1t \u0111\u1ed9ng v\u01b0\u1eddn \u01b0\u01a1m c\u1ee7a b\u1ea1n: Gi\u1edbi thi\u1ec7u M\u00e1y gieo h\u1ea1t cho v\u01b0\u1eddn \u01b0\u01a1m c\u1ee7a ch\u00fang t\u00f4i! 1TP5N\u00f4ng nghi\u1ec7p #n\u00f4ng nghi\u1ec7p\" width=\"500\" height=\"281\" src=\"https:\/\/www.youtube.com\/embed\/mzOvl9zySyg?feature=oembed\" frameborder=\"0\" allow=\"accelerometer; autoplay; clipboard-write; encrypted-media; gyroscope; picture-in-picture; web-share\" referrerpolicy=\"strict-origin-when-cross-origin\" allowfullscreen><\/iframe> <\/div><figcaption class=\"wp-element-caption\">video ho\u1ea1t \u0111\u1ed9ng c\u1ee7a m\u00e1y gieo h\u1ea1t v\u01b0\u1eddn \u01b0\u01a1m<\/figcaption><\/figure>    <h2 class=\"wp-block-heading\">\u0110\u1eb7c \u0111i\u1ec3m ch\u00ednh c\u1ee7a m\u00e1y gieo h\u1ea1t \u01b0\u01a1m<\/h2>    <div class=\"wp-block-media-text is-stacked-on-mobile\"><figure class=\"wp-block-media-text__media\"><img loading=\"lazy\" decoding=\"async\" width=\"720\" height=\"540\" src=\"https:\/\/taizyfarmequipment.com\/wp-content\/uploads\/2024\/03\/Nursery-seeding-machine-with-a-good-price.webp\" alt=\"M\u00e1y gieo h\u1ea1t \u01b0\u01a1m c\u00e2y gi\u00e1 t\u1ed1t\" class=\"wp-image-4460 size-full\" srcset=\"https:\/\/taizyfarmequipment.com\/wp-content\/uploads\/2024\/03\/Nursery-seeding-machine-with-a-good-price.webp 720w, https:\/\/taizyfarmequipment.com\/wp-content\/uploads\/2024\/03\/Nursery-seeding-machine-with-a-good-price-300x225.webp 300w, https:\/\/taizyfarmequipment.com\/wp-content\/uploads\/2024\/03\/Nursery-seeding-machine-with-a-good-price-16x12.webp 16w\" sizes=\"auto, (max-width: 720px) 100vw, 720px\" \/><\/figure><div class=\"wp-block-media-text__content\"> <ul class=\"wp-block-list\"> <li><strong>Khay \u0111en t\u00f9y ch\u1ec9nh.<\/strong> \u0110\u01b0\u1ee3c thi\u1ebft k\u1ebf cho c\u00e1c khay \u0111en chuy\u00ean d\u1ee5ng kh\u00f4ng c\u00f3 kho\u1ea3ng tr\u1ed1ng d\u01b0\u1edbi c\u00f9ng, ng\u0103n ch\u1eb7n h\u1ea1t gi\u1ed1ng hai h\u00e0ng \u0111\u1ec3 \u0111\u1eb7t h\u1ea1t ch\u00ednh x\u00e1c.<\/li>    <li><strong><a href=\"https:\/\/en.wikipedia.org\/wiki\/Programmable_logic_controller\" data-type=\"link\" data-id=\"https:\/\/en.wikipedia.org\/wiki\/Programmable_logic_controller\" target=\"_blank\" rel=\"noopener\">PLC<\/a> T\u00edch h\u1ee3p.<\/strong> Thay th\u1ebf c\u00e1c b\u1ea3ng m\u1ea1ch truy\u1ec1n th\u1ed1ng b\u1eb1ng b\u1ed9 \u0111i\u1ec1u khi\u1ec3n logic l\u1eadp tr\u00ecnh (PLC) \u0111\u1ec3 n\u00e2ng cao \u0111\u1ed9 tin c\u1eady, t\u00f9y ch\u1ec9nh v\u00e0 hi\u1ec7u su\u1ea5t nh\u1ea5t qu\u00e1n.<\/li>    <li><strong>Khay \u0111a n\u0103ng t\u01b0\u01a1ng th\u00edch.<\/strong> H\u1ed7 tr\u1ee3 c\u00e1c khay \u0111en ti\u00eau chu\u1ea9n v\u1edbi c\u00e1c c\u1ea3m bi\u1ebfn d\u01b0\u1edbi c\u00f9ng cho gieo h\u1ea1t hai h\u00e0ng v\u00e0 khay tr\u1eafng v\u1edbi c\u00e1c c\u00e0i \u0111\u1eb7t c\u1ee5 th\u1ec3 \u0111\u1ec3 ph\u00f9 h\u1ee3p v\u1edbi c\u00e1c gi\u1edbi h\u1ea1n c\u1ea3m bi\u1ebfn.<\/li> <\/ul> <\/div><\/div>    <div class=\"wp-block-media-text has-media-on-the-right is-stacked-on-mobile\"><div class=\"wp-block-media-text__content\"> <ul class=\"wp-block-list\"> <li><strong>Giao di\u1ec7n m\u00e0n h\u00ecnh c\u1ea3m \u1ee9ng.<\/strong> Thi\u1ebft k\u1ebf th\u00e2n thi\u1ec7n v\u1edbi ng\u01b0\u1eddi d\u00f9ng cho ph\u00e9p d\u1ec5 d\u00e0ng thi\u1ebft l\u1eadp \u0111i\u1ec1u ch\u1ec9nh, bao g\u1ed3m c\u00e1c c\u1ea5u h\u00ecnh cho khay tr\u1eafng. C\u00e0i \u0111\u1eb7t ph\u1ea3i \u0111\u01b0\u1ee3c h\u1ecdc l\u1ea1i sau khi gi\u00e1n \u0111o\u1ea1n \u0111i\u1ec7n.<\/li>    <li><strong>V\u1ecb tr\u00ed h\u1ea1t gi\u1ed1ng nhi\u1ec1u kim.<\/strong> M\u1ed7i \u1ed1ng c\u00f3 ba kim, cho ph\u00e9p \u0111\u1eb7t \u0111\u1ed3ng th\u1eddi ba h\u1ea1t \u0111\u1ec3 gieo h\u1ea1t nhanh h\u01a1n v\u00e0 hi\u1ec7u qu\u1ea3 h\u01a1n.<\/li> <\/ul> <\/div><figure class=\"wp-block-media-text__media\"><img loading=\"lazy\" decoding=\"async\" width=\"720\" height=\"540\" src=\"https:\/\/taizyfarmequipment.com\/wp-content\/uploads\/2024\/03\/high-capacity-tree-nursery-machine.webp\" alt=\"m\u00e1y \u01b0\u01a1m c\u00e2y c\u00f4ng su\u1ea5t cao\" class=\"wp-image-4466 size-full\" srcset=\"https:\/\/taizyfarmequipment.com\/wp-content\/uploads\/2024\/03\/high-capacity-tree-nursery-machine.webp 720w, https:\/\/taizyfarmequipment.com\/wp-content\/uploads\/2024\/03\/high-capacity-tree-nursery-machine-300x225.webp 300w, https:\/\/taizyfarmequipment.com\/wp-content\/uploads\/2024\/03\/high-capacity-tree-nursery-machine-16x12.webp 16w\" sizes=\"auto, (max-width: 720px) 100vw, 720px\" \/><\/figure><\/div>    <p>V\u1edbi nh\u1eefng t\u00ednh n\u0103ng ch\u00ednh n\u00e0y, m\u00e1y gieo h\u1ea1t trong v\u01b0\u1eddn \u01b0\u01a1m c\u1ee7a ch\u00fang t\u00f4i cung c\u1ea5p m\u1ed9t gi\u1ea3i ph\u00e1p to\u00e0n di\u1ec7n \u0111\u1ec3 \u0111\u1eb7t h\u1ea1t gi\u1ed1ng hi\u1ec7u qu\u1ea3 v\u00e0 ch\u00ednh x\u00e1c, \u0111\u00e1p \u1ee9ng nhi\u1ec1u lo\u1ea1i khay v\u00e0 y\u00eau c\u1ea7u tr\u1ed3ng tr\u1ecdt.<\/p>    <h2 class=\"wp-block-heading\">L\u00e0m th\u1ebf n\u00e0o \u0111\u1ec3 m\u00e1y gieo h\u1ea1t tr\u1ebb ho\u1ea1t \u0111\u1ed9ng?<\/h2>    <p>Quy tr\u00ecnh l\u00e0m vi\u1ec7c c\u1ee7a m\u00e1y gieo h\u1ea1t v\u01b0\u1eddn \u01b0\u01a1m c\u1ee7a ch\u00fang t\u00f4i bao g\u1ed3m m\u1ed9t s\u1ed1 b\u01b0\u1edbc tu\u1ea7n t\u1ef1 \u0111\u1ec3 \u0111\u1ea3m b\u1ea3o gieo h\u1ea1t hi\u1ec7u qu\u1ea3 v\u00e0 ch\u00ednh x\u00e1c. \u1ede \u0111\u00e2y, c\u00e1ch th\u1ee9c ho\u1ea1t \u0111\u1ed9ng c\u1ee7a n\u00f3:<\/p>    <div class=\"wp-block-media-text is-stacked-on-mobile\"><figure class=\"wp-block-media-text__media\"><img loading=\"lazy\" decoding=\"async\" width=\"720\" height=\"540\" src=\"https:\/\/taizyfarmequipment.com\/wp-content\/uploads\/2024\/03\/commercial-nursery-seedling-machine.webp\" alt=\"m\u00e1y \u01b0\u01a1m c\u00e2y gi\u1ed1ng th\u01b0\u01a1ng m\u1ea1i\" class=\"wp-image-4461 size-full\" srcset=\"https:\/\/taizyfarmequipment.com\/wp-content\/uploads\/2024\/03\/commercial-nursery-seedling-machine.webp 720w, https:\/\/taizyfarmequipment.com\/wp-content\/uploads\/2024\/03\/commercial-nursery-seedling-machine-300x225.webp 300w, https:\/\/taizyfarmequipment.com\/wp-content\/uploads\/2024\/03\/commercial-nursery-seedling-machine-16x12.webp 16w\" sizes=\"auto, (max-width: 720px) 100vw, 720px\" \/><\/figure><div class=\"wp-block-media-text__content\"> <ul class=\"wp-block-list\"> <li><strong>\u0110\u1ea5t bao ph\u1ee7.<\/strong> Ph\u00e2n ph\u1ed1i \u0111\u1ec1u m\u1ed9t l\u1edbp \u0111\u1ea5t tr\u00ean c\u00e1c khay, t\u1ea1o ra m\u1ed9t m\u00f4i tr\u01b0\u1eddng ph\u00e1t tri\u1ec3n t\u1ed1i \u01b0u cho s\u1ef1 n\u1ea3y m\u1ea7m c\u1ee7a h\u1ea1t.<\/li>    <li><strong>L\u1ed7 \u0111\u1ee5c l\u1ed7.<\/strong> S\u1eed d\u1ee5ng c\u00e1c c\u01a1 ch\u1ebf chuy\u00ean d\u1ee5ng \u0111\u1ec3 t\u1ea1o ra c\u00e1c l\u1ed7 c\u00e1ch \u0111\u1ec1u nhau trong \u0111\u1ea5t, \u0111\u1ea3m b\u1ea3o v\u1ecb tr\u00ed h\u1ea1t \u0111\u1ed3ng \u0111\u1ec1u.<\/li>    <li><strong>Gieo h\u1ea1t.<\/strong> G\u1eedi ch\u00ednh x\u00e1c h\u1ea1t gi\u1ed1ng v\u00e0o c\u00e1c l\u1ed7 \u0111\u00e3 chu\u1ea9n b\u1ecb b\u1eb1ng c\u00e1c c\u01a1 ch\u1ebf ch\u00ednh x\u00e1c nh\u01b0 h\u00fat ch\u00e2n kh\u00f4ng.<\/li>    <li><strong>\u0110\u1ea5t th\u1ee9 c\u1ea5p bao ph\u1ee7.<\/strong> \u00c1p d\u1ee5ng m\u1ed9t l\u1edbp \u0111\u1ea5t kh\u00e1c tr\u00ean h\u1ea1t, b\u1ea3o v\u1ec7 ch\u00fang v\u00e0 th\u00fac \u0111\u1ea9y s\u1ef1 n\u1ea3y m\u1ea7m \u1ed5n \u0111\u1ecbnh.<\/li> <\/ul> <\/div><\/div>    <p>B\u1eb1ng c\u00e1ch tu\u00e2n theo quy tr\u00ecnh l\u00e0m vi\u1ec7c to\u00e0n di\u1ec7n n\u00e0y, m\u00e1y gieo h\u1ea1t d\u00e0nh cho v\u01b0\u1eddn \u01b0\u01a1m c\u1ee7a ch\u00fang t\u00f4i \u0111\u1ea3m b\u1ea3o gieo h\u1ea1t hi\u1ec7u qu\u1ea3 v\u00e0 \u0111\u1ed3ng \u0111\u1ec1u \u0111\u1ed3ng th\u1eddi t\u1ed1i \u01b0u h\u00f3a c\u00e1c \u0111i\u1ec1u ki\u1ec7n ph\u00e1t tri\u1ec3n cho h\u1ea1t gi\u1ed1ng. Qu\u00e1 tr\u00ecnh li\u1ec1n m\u1ea1ch n\u00e0y gi\u00fap n\u00e2ng cao n\u0103ng su\u1ea5t v\u00e0 s\u1ea3n l\u01b0\u1ee3ng trong v\u01b0\u1eddn \u01b0\u01a1m, t\u1ea1o \u0111i\u1ec1u ki\u1ec7n cho vi\u1ec7c nh\u00e2n gi\u1ed1ng c\u00e2y kh\u1ecfe m\u1ea1nh v\u00e0 m\u1ea1nh m\u1ebd.<\/p>    <h2 class=\"wp-block-heading\">Th\u00f4ng s\u1ed1 m\u00e1y gieo h\u1ea1t m\u1eabu gi\u00e1o<\/h2>    <figure class=\"wp-block-table\"><table class=\"has-fixed-layout\"><tbody><tr><td>Ng\u01b0\u1eddi m\u1eabu<\/td><td>KMR-100<\/td><\/tr><tr><td>Dung t\u00edch<\/td><td>500-1200 khay\/gi\u1edd<\/td><\/tr><tr><td>\u0110\u1ed9 ch\u00ednh x\u00e1c<\/td><td>&gt;97-98%<\/td><\/tr><tr><td>H\u1ec7 th\u1ed1ng<\/td><td>H\u1ec7 th\u1ed1ng ph\u00e1t hi\u1ec7n c\u1ea3m bi\u1ebfn quang \u0111i\u1ec7n t\u1ef1 \u0111\u1ed9ng<\/td><\/tr><tr><td>V\u1eadt li\u1ec7u m\u00e1y<\/td><td>Th\u00e9p kh\u00f4ng g\u1ec9<\/td><\/tr><tr><td>Quy\u1ec1n l\u1ef1c<\/td><td>650kW<\/td><\/tr><tr><td>K\u00edch th\u01b0\u1edbc cho h\u1ea1t gi\u1ed1ng<\/td><td>0,3-15mm<\/td><\/tr><tr><td>K\u00edch th\u01b0\u1edbc khay<\/td><td>Ti\u00eau chu\u1ea9n b\u00ecnh th\u01b0\u1eddng l\u00e0 540*280mm<\/td><\/tr><tr><td>K\u00edch c\u1ee1<\/td><td>4800*950*1600mm<\/td><\/tr><tr><td>C\u00e2n n\u1eb7ng<\/td><td>400kg<\/td><\/tr><\/tbody><\/table><figcaption class=\"wp-element-caption\">C\u00e1c th\u00f4ng s\u1ed1 m\u00e1y c\u1ee7a c\u00e2y gi\u1ed1ng c\u00e2y tr\u1ed3ng tr\u1ed3ng c\u00e2y<\/figcaption><\/figure>    <h2 class=\"wp-block-heading\">Thi\u1ebft b\u1ecb b\u1ed5 sung c\u1ee7a m\u00e1y tr\u1ed3ng c\u00e2y gi\u1ed1ng<\/h2>    <p>M\u00e1y tr\u1ed3ng c\u00e2y gi\u1ed1ng c\u1ee7a ch\u00fang t\u00f4i \u0111\u01b0\u1ee3c trang b\u1ecb c\u00e1c thi\u1ebft b\u1ecb b\u1ed5 sung bao g\u1ed3m h\u1ec7 th\u1ed1ng t\u01b0\u1edbi n\u01b0\u1edbc v\u00e0 m\u00e1y x\u1edbi \u0111\u1ea5t, n\u00e2ng cao h\u01a1n n\u1eefa hi\u1ec7u qu\u1ea3 tr\u1ed3ng tr\u1ecdt v\u00e0 s\u1ef1 thu\u1eadn ti\u1ec7n trong v\u1eadn h\u00e0nh.<\/p>    <div class=\"wp-block-media-text has-media-on-the-right is-stacked-on-mobile\"><div class=\"wp-block-media-text__content\"> <h3 class=\"wp-block-heading\"><strong>Thang m\u00e1y \u0111\u1ea5t<\/strong><\/h3>    <p>Ch\u1ee9c n\u0103ng c\u1ee7a n\u00f3 l\u00e0 truy\u1ec1n l\u01b0\u1ee3ng \u0111\u1ea5t ho\u1eb7c m\u00f4i tr\u01b0\u1eddng c\u1ea7n thi\u1ebft \u0111\u1ebfn khu v\u1ef1c tr\u1ed3ng, cung c\u1ea5p \u0111i\u1ec1u ki\u1ec7n tr\u1ed3ng \u0111\u1ea7y \u0111\u1ee7 cho c\u00e2y con. <\/p>    <p>Qu\u00e1 tr\u00ecnh n\u00e0y l\u00e0m gi\u1ea3m nhu c\u1ea7u lao \u0111\u1ed9ng th\u1ee7 c\u00f4ng, c\u1ea3i thi\u1ec7n hi\u1ec7u qu\u1ea3 tr\u1ed3ng v\u00e0 \u0111\u1ed9 ch\u00ednh x\u00e1c.<\/p> <\/div><figure class=\"wp-block-media-text__media\"><img loading=\"lazy\" decoding=\"async\" width=\"720\" height=\"540\" src=\"https:\/\/taizyfarmequipment.com\/wp-content\/uploads\/2024\/03\/Soil-Elevator.webp\" alt=\"Thang m\u00e1y \u0111\u1ea5t\" class=\"wp-image-4463 size-full\" srcset=\"https:\/\/taizyfarmequipment.com\/wp-content\/uploads\/2024\/03\/Soil-Elevator.webp 720w, https:\/\/taizyfarmequipment.com\/wp-content\/uploads\/2024\/03\/Soil-Elevator-300x225.webp 300w, https:\/\/taizyfarmequipment.com\/wp-content\/uploads\/2024\/03\/Soil-Elevator-16x12.webp 16w\" sizes=\"auto, (max-width: 720px) 100vw, 720px\" \/><\/figure><\/div>    <div class=\"wp-block-media-text is-stacked-on-mobile\"><figure class=\"wp-block-media-text__media\"><img loading=\"lazy\" decoding=\"async\" width=\"720\" height=\"540\" src=\"https:\/\/taizyfarmequipment.com\/wp-content\/uploads\/2024\/03\/Watering-System.webp\" alt=\"H\u1ec7 th\u1ed1ng t\u01b0\u1edbi n\u01b0\u1edbc\" class=\"wp-image-4464 size-full\" srcset=\"https:\/\/taizyfarmequipment.com\/wp-content\/uploads\/2024\/03\/Watering-System.webp 720w, https:\/\/taizyfarmequipment.com\/wp-content\/uploads\/2024\/03\/Watering-System-300x225.webp 300w, https:\/\/taizyfarmequipment.com\/wp-content\/uploads\/2024\/03\/Watering-System-16x12.webp 16w\" sizes=\"auto, (max-width: 720px) 100vw, 720px\" \/><\/figure><div class=\"wp-block-media-text__content\"> <h3 class=\"wp-block-heading\"><strong>H\u1ec7 th\u1ed1ng t\u01b0\u1edbi n\u01b0\u1edbc<\/strong><\/h3>    <p>Vi\u1ec7c bao g\u1ed3m m\u1ed9t h\u1ec7 th\u1ed1ng t\u01b0\u1edbi \u0111\u1ea3m b\u1ea3o m\u1ed9t qu\u00e1 tr\u00ecnh tr\u1ed3ng c\u00e2y gi\u1ed1ng c\u00e2y to\u00e0n di\u1ec7n v\u00e0 hi\u1ec7u qu\u1ea3. <\/p>    <p>Sau khi tr\u1ed3ng c\u00e2y con, h\u1ec7 th\u1ed1ng t\u01b0\u1edbi t\u1ef1 \u0111\u1ed9ng phun n\u01b0\u1edbc, \u0111\u1ea3m b\u1ea3o \u0111\u1ea5t trong khu v\u1ef1c tr\u1ed3ng duy tr\u00ec m\u1ee9c \u0111\u1ed9 \u1ea9m th\u00edch h\u1ee3p. <\/p>    <p>\u0110i\u1ec1u n\u00e0y th\u00fac \u0111\u1ea9y t\u0103ng tr\u01b0\u1edfng c\u00e2y gi\u1ed1ng c\u00e2y v\u00e0 t\u1ef7 l\u1ec7 s\u1ed1ng s\u00f3t.<\/p> <\/div><\/div>    <p>Nh\u1eefng t\u00ednh n\u0103ng thi\u1ebft b\u1ecb b\u1ed5 sung n\u00e0y gi\u00fap m\u00e1y tr\u1ed3ng c\u00e2y gi\u1ed1ng c\u1ee7a ch\u00fang t\u00f4i tr\u1edf n\u00ean to\u00e0n di\u1ec7n v\u00e0 linh ho\u1ea1t h\u01a1n, c\u00f3 kh\u1ea3 n\u0103ng \u0111\u00e1p \u1ee9ng nhi\u1ec1u nhu c\u1ea7u tr\u1ed3ng kh\u00e1c nhau trong c\u00e1c t\u00ecnh hu\u1ed1ng kh\u00e1c nhau. H\u1ecd cung c\u1ea5p cho ng\u01b0\u1eddi d\u00f9ng gi\u1ea3i ph\u00e1p tr\u1ed3ng tr\u1ecdt thu\u1eadn ti\u1ec7n v\u00e0 hi\u1ec7u qu\u1ea3 h\u01a1n.<\/p>    <h2 class=\"wp-block-heading\">Ph\u1ee5 ki\u1ec7n m\u00e1y gieo m\u1eabu nh\u00e0 tr\u1ebb<\/h2>    <p>M\u00e1y gieo h\u1ea1t m\u1eabu gi\u00e1o c\u1ee7a ch\u00fang t\u00f4i \u0111i k\u00e8m v\u1edbi m\u1ed9t b\u1ed9 ph\u1ee5 ki\u1ec7n to\u00e0n di\u1ec7n, cung c\u1ea5p c\u00e1c c\u00f4ng c\u1ee5 thi\u1ebft y\u1ebfu \u0111\u1ec3 tr\u1ed3ng li\u1ec1n m\u1ea1ch v\u00e0 b\u1ea3o tr\u00ec m\u00e1y hi\u1ec7u qu\u1ea3. \u0110\u1ec3 t\u0103ng c\u01b0\u1eddng s\u1ef1 thu\u1eadn ti\u1ec7n cho ng\u01b0\u1eddi d\u00f9ng, m\u1ed7i l\u1ea7n mua m\u00e1y bao g\u1ed3m b\u1ed9 c\u00f4ng c\u1ee5 mi\u1ec5n ph\u00ed, \u0111\u1ea3m b\u1ea3o ho\u1ea1t \u0111\u1ed9ng tr\u01a1n tru v\u00e0 b\u1ea3o tr\u00ec d\u1ec5 d\u00e0ng.<\/p>    <div class=\"wp-block-media-text has-media-on-the-right is-stacked-on-mobile\"><div class=\"wp-block-media-text__content\"> <ul class=\"wp-block-list\"> <li><strong>Nhi\u1ec1u lo\u1ea1i kim h\u00fat.<\/strong> N\u0103m m\u00f4 h\u00ecnh kh\u00e1c nhau \u0111\u1ec3 ph\u00f9 h\u1ee3p v\u1edbi c\u00e1c lo\u1ea1i h\u1ea1t gi\u1ed1ng kh\u00e1c nhau.<\/li>    <li><strong>X\u00f3a kim ti\u00eam.<\/strong> Gi\u00fap lo\u1ea1i b\u1ecf t\u1eafc ngh\u1ebdn v\u00e0 duy tr\u00ec ho\u1ea1t \u0111\u1ed9ng tr\u01a1n tru.<\/li>    <li><strong>S\u00fang h\u01a1i.<\/strong> H\u1ed7 tr\u1ee3 l\u00e0m s\u1ea1ch v\u00e0 d\u1ecdn d\u1eb9p c\u00e1c m\u1ea3nh v\u1ee5n t\u1eeb m\u00e1y.<\/li>    <li><strong>M\u00e0n h\u00ecnh s\u00e0ng.<\/strong> \u0110\u1ea3m b\u1ea3o l\u1ef1a ch\u1ecdn h\u1ea1t gi\u1ed1ng th\u00edch h\u1ee3p v\u00e0 ng\u0103n ch\u1eb7n t\u1eafc ngh\u1ebdn.<\/li>    <li><strong>C\u1ed1c h\u00fat.<\/strong> T\u0103ng c\u01b0\u1eddng \u0111\u1ed9 ch\u00ednh x\u00e1c trong \u0111\u00f3n v\u00e0 v\u1ecb tr\u00ed.<\/li> <\/ul> <\/div><figure class=\"wp-block-media-text__media\"><img loading=\"lazy\" decoding=\"async\" width=\"720\" height=\"540\" src=\"https:\/\/taizyfarmequipment.com\/wp-content\/uploads\/2024\/03\/Accessories-of-nursery-seedling-machine.webp\" alt=\"Ph\u1ee5 ki\u1ec7n m\u00e1y \u01b0\u01a1m c\u00e2y gi\u1ed1ng\" class=\"wp-image-4465 size-full\" srcset=\"https:\/\/taizyfarmequipment.com\/wp-content\/uploads\/2024\/03\/Accessories-of-nursery-seedling-machine.webp 720w, https:\/\/taizyfarmequipment.com\/wp-content\/uploads\/2024\/03\/Accessories-of-nursery-seedling-machine-300x225.webp 300w, https:\/\/taizyfarmequipment.com\/wp-content\/uploads\/2024\/03\/Accessories-of-nursery-seedling-machine-16x12.webp 16w\" sizes=\"auto, (max-width: 720px) 100vw, 720px\" \/><\/figure><\/div>    <h2 class=\"wp-block-heading\">L\u00e0m th\u1ebf n\u00e0o \u0111\u1ec3 duy tr\u00ec m\u00e1y gieo h\u1ea1t v\u01b0\u1eddn \u01b0\u01a1m?<\/h2>    <div class=\"wp-block-media-text is-stacked-on-mobile\"><figure class=\"wp-block-media-text__media\"><img loading=\"lazy\" decoding=\"async\" width=\"720\" height=\"540\" src=\"https:\/\/taizyfarmequipment.com\/wp-content\/uploads\/2024\/03\/Nursery-seeding-machine-1.webp\" alt=\"M\u00e1y gieo h\u1ea1t v\u01b0\u1eddn \u01b0\u01a1m\" class=\"wp-image-4462 size-full\" srcset=\"https:\/\/taizyfarmequipment.com\/wp-content\/uploads\/2024\/03\/Nursery-seeding-machine-1.webp 720w, https:\/\/taizyfarmequipment.com\/wp-content\/uploads\/2024\/03\/Nursery-seeding-machine-1-300x225.webp 300w, https:\/\/taizyfarmequipment.com\/wp-content\/uploads\/2024\/03\/Nursery-seeding-machine-1-16x12.webp 16w\" sizes=\"auto, (max-width: 720px) 100vw, 720px\" \/><\/figure><div class=\"wp-block-media-text__content\"> <ul class=\"wp-block-list\"> <li>L\u01b0u tr\u1eef h\u1ea1t th\u1eb7ng d\u01b0 \u0111\u00fang c\u00e1ch v\u00e0 l\u00e0m s\u1ea1ch m\u00e1y sau m\u1ed7i l\u1ea7n tr\u1ed3ng.<\/li>    <li>N\u1ebfu m\u00e1y v\u1eabn ch\u01b0a \u0111\u01b0\u1ee3c s\u1eed d\u1ee5ng trong m\u1ed9t th\u1eddi gian d\u00e0i, h\u00e3y l\u00e0m s\u1ea1ch n\u00f3 ho\u00e0n to\u00e0n tr\u01b0\u1edbc khi l\u01b0u tr\u1eef.<\/li>    <li>\u00c1p d\u1ee5ng d\u1ea7u \u0111\u1ed9ng c\u01a1 \u0111\u1ec3 li\u00ean k\u1ebft c\u00e1c th\u00e0nh ph\u1ea7n v\u00e0 m\u1ee1 v\u00e0o chu\u1ed7i v\u00e0 b\u00e1nh xe \u0111\u1ec3 tr\u00e1nh hao m\u00f2n.<\/li>    <li>Gi\u1eef m\u00e1y trong m\u1ed9t khu v\u1ef1c kh\u00f4 r\u00e1o, th\u00f4ng tho\u00e1ng \u0111\u1ec3 tr\u00e1nh b\u1ecb t\u1ed5n th\u01b0\u01a1ng \u0111\u1ed9 \u1ea9m.<\/li>    <li>Th\u01b0\u1eddng xuy\u00ean b\u00f4i tr\u01a1n tr\u1ee5c cam v\u00e0 li\u00ean k\u1ebft trong khu v\u1ef1c gieo \u0111\u1ec3 \u0111\u1ea3m b\u1ea3o ho\u1ea1t \u0111\u1ed9ng tr\u01a1n tru.<\/li> <\/ul> <\/div><\/div>    <h2 class=\"wp-block-heading\">\u0110\u1ea7u t\u01b0 v\u00e0o m\u00e1y \u01b0\u01a1m c\u00e2y gi\u1ed1ng c\u1ee7a ch\u00fang t\u00f4i<\/h2>    <p>N\u1ebfu b\u1ea1n \u0111ang t\u00ecm ki\u1ebfm m\u1ed9t chi\u1ebfc m\u00e1y tr\u1ed3ng c\u00e2y \u0111\u00e1ng tin c\u1eady, ch\u00fang t\u00f4i ch\u00e2n th\u00e0nh m\u1eddi b\u1ea1n li\u00ean h\u1ec7 v\u1edbi ch\u00fang t\u00f4i \u0111\u1ec3 t\u00ecm hi\u1ec3u th\u00eam v\u1ec1 M\u00e1y gieo h\u1ea1t d\u00e0nh cho v\u01b0\u1eddn \u01b0\u01a1m c\u1ee7a ch\u00fang t\u00f4i v\u00e0 y\u00eau c\u1ea7u b\u00e1o gi\u00e1. H\u00e3y c\u00f9ng nhau t\u1ea1o ra gi\u1ea3i ph\u00e1p tr\u1ed3ng tr\u1ecdt hi\u1ec7u qu\u1ea3 v\u00e0 b\u1ec1n v\u1eefng, gi\u00fap b\u1ea1n \u0111\u1ea1t \u0111\u01b0\u1ee3c th\u00e0nh c\u00f4ng l\u1edbn h\u01a1n!<\/p>    <p class=\"translation-block\">H\u01a1n n\u1eefa, ch\u00fang t\u00f4i cung c\u1ea5p c\u00e1c m\u1eabu kh\u00e1c c\u1ee7a <a href=\"https:\/\/taizyfarmequipment.com\/vi\/san-pham\/may-nuoi-vuon-uom\/\" data-type=\"link\" data-id=\"https:\/\/taizyfarmequipment.com\/product\/nursery-raising-machine\/\">M\u00e1y \u01b0\u01a1m c\u00e2y con<\/a> \u0111\u1ec3 \u0111\u00e1p \u1ee9ng nhu c\u1ea7u kh\u00e1c nhau c\u1ee7a kh\u00e1ch h\u00e0ng. D\u00f9 b\u1ea1n c\u1ea7n c\u00f4ng su\u1ea5t cao h\u01a1n, t\u1ed1c \u0111\u1ed9 nhanh h\u01a1n, hay c\u00e1c ch\u1ee9c n\u0103ng c\u1ee5 th\u1ec3, ch\u00fang t\u00f4i c\u00f3 c\u00e1c l\u1ef1a ch\u1ecdn ph\u00f9 h\u1ee3p cho b\u1ea1n. Xin vui l\u00f2ng tham kh\u1ea3o \u00fd ki\u1ebfn \u0111\u1ed9i ng\u0169 kinh doanh c\u1ee7a ch\u00fang t\u00f4i \u0111\u1ec3 bi\u1ebft th\u00eam t\u00f9y ch\u1ecdn v\u00e0 khuy\u1ebfn ngh\u1ecb c\u00e1 nh\u00e2n h\u00f3a.<\/p>","protected":false},"excerpt":{"rendered":"<p>M\u00e1y gieo h\u1ea1t v\u01b0\u1eddn \u01b0\u01a1m h\u1ed7 tr\u1ee3 PLC c\u1ee7a ch\u00fang t\u00f4i c\u00f3 th\u1ec3 t\u0103ng c\u01b0\u1eddng \u0111\u1ed9 ch\u00ednh x\u00e1c v\u00e0 hi\u1ec7u qu\u1ea3 trong canh t\u00e1c v\u01b0\u1eddn \u01b0\u01a1m hi\u1ec7n \u0111\u1ea1i.<\/p>","protected":false},"author":1,"featured_media":4467,"parent":0,"template":"","tags":[339],"product-type":[134],"class_list":["post-4458","product","type-product","status-publish","has-post-thumbnail","hentry","tag-nursery-seeding-machine","product-type-nursery-transplanter"],"_links":{"self":[{"href":"https:\/\/taizyfarmequipment.com\/vi\/wp-json\/wp\/v2\/product\/4458","targetHints":{"allow":["GET"]}}],"collection":[{"href":"https:\/\/taizyfarmequipment.com\/vi\/wp-json\/wp\/v2\/product"}],"about":[{"href":"https:\/\/taizyfarmequipment.com\/vi\/wp-json\/wp\/v2\/types\/product"}],"author":[{"embeddable":true,"href":"https:\/\/taizyfarmequipment.com\/vi\/wp-json\/wp\/v2\/users\/1"}],"wp:featuredmedia":[{"embeddable":true,"href":"https:\/\/taizyfarmequipment.com\/vi\/wp-json\/wp\/v2\/media\/4467"}],"wp:attachment":[{"href":"https:\/\/taizyfarmequipment.com\/vi\/wp-json\/wp\/v2\/media?parent=4458"}],"wp:term":[{"taxonomy":"post_tag","embeddable":true,"href":"https:\/\/taizyfarmequipment.com\/vi\/wp-json\/wp\/v2\/tags?post=4458"},{"taxonomy":"product-type","embeddable":true,"href":"https:\/\/taizyfarmequipment.com\/vi\/wp-json\/wp\/v2\/product-type?post=4458"}],"curies":[{"name":"wp","href":"https:\/\/api.w.org\/{rel}","templated":true}]}}