{"id":5063,"date":"2026-04-08T16:36:29","date_gmt":"2026-04-08T08:36:29","guid":{"rendered":"https:\/\/taizyfarmequipment.com\/?post_type=product&#038;p=5063"},"modified":"2026-04-08T16:48:22","modified_gmt":"2026-04-08T08:48:22","slug":"manure-cleaning-machine","status":"publish","type":"product","link":"https:\/\/taizyfarmequipment.com\/vi\/product\/manure-cleaning-machine\/","title":{"rendered":"M\u00e1y l\u00e0m s\u1ea1ch ph\u00e2n chu\u1ed3ng"},"content":{"rendered":"<div class=\"kk-star-ratings kksr-auto kksr-align-left kksr-valign-top\"     data-payload='{&quot;align&quot;:&quot;left&quot;,&quot;id&quot;:&quot;5063&quot;,&quot;slug&quot;:&quot;default&quot;,&quot;valign&quot;:&quot;top&quot;,&quot;ignore&quot;:&quot;&quot;,&quot;reference&quot;:&quot;auto&quot;,&quot;class&quot;:&quot;&quot;,&quot;count&quot;:&quot;0&quot;,&quot;legendonly&quot;:&quot;&quot;,&quot;readonly&quot;:&quot;&quot;,&quot;score&quot;:&quot;0&quot;,&quot;starsonly&quot;:&quot;&quot;,&quot;best&quot;:&quot;5&quot;,&quot;gap&quot;:&quot;5&quot;,&quot;greet&quot;:&quot;Rate this product&quot;,&quot;legend&quot;:&quot;0\\\/5 - (0 b\u00ecnh ch\u1ecdn)&quot;,&quot;size&quot;:&quot;24&quot;,&quot;title&quot;:&quot;Manure cleaning machine&quot;,&quot;width&quot;:&quot;0&quot;,&quot;_legend&quot;:&quot;{score}\\\/{best} - ({count} {votes})&quot;,&quot;font_factor&quot;:&quot;1.25&quot;}'>              <div class=\"kksr-stars\">      <div class=\"kksr-stars-inactive\">             <div class=\"kksr-star\" data-star=\"1\" style=\"padding-right: 5px\">               <div class=\"kksr-icon\" style=\"width: 24px; height: 24px;\"><\/div>         <\/div>             <div class=\"kksr-star\" data-star=\"2\" style=\"padding-right: 5px\">               <div class=\"kksr-icon\" style=\"width: 24px; height: 24px;\"><\/div>         <\/div>             <div class=\"kksr-star\" data-star=\"3\" style=\"padding-right: 5px\">               <div class=\"kksr-icon\" style=\"width: 24px; height: 24px;\"><\/div>         <\/div>             <div class=\"kksr-star\" data-star=\"4\" style=\"padding-right: 5px\">               <div class=\"kksr-icon\" style=\"width: 24px; height: 24px;\"><\/div>         <\/div>             <div class=\"kksr-star\" data-star=\"5\" style=\"padding-right: 5px\">               <div class=\"kksr-icon\" style=\"width: 24px; height: 24px;\"><\/div>         <\/div>     <\/div>      <div class=\"kksr-stars-active\" style=\"width: 0px;\">             <div class=\"kksr-star\" style=\"padding-right: 5px\">               <div class=\"kksr-icon\" style=\"width: 24px; height: 24px;\"><\/div>         <\/div>             <div class=\"kksr-star\" style=\"padding-right: 5px\">               <div class=\"kksr-icon\" style=\"width: 24px; height: 24px;\"><\/div>         <\/div>             <div class=\"kksr-star\" style=\"padding-right: 5px\">               <div class=\"kksr-icon\" style=\"width: 24px; height: 24px;\"><\/div>         <\/div>             <div class=\"kksr-star\" style=\"padding-right: 5px\">               <div class=\"kksr-icon\" style=\"width: 24px; height: 24px;\"><\/div>         <\/div>             <div class=\"kksr-star\" style=\"padding-right: 5px\">               <div class=\"kksr-icon\" style=\"width: 24px; height: 24px;\"><\/div>         <\/div>     <\/div> <\/div>                   <div class=\"kksr-legend\" style=\"font-size: 19.2px;\">             <span class=\"kksr-muted\">\u0110\u00e1nh gi\u00e1 s\u1ea3n ph\u1ea9m n\u00e0y<\/span>     <\/div>     <\/div>  <p class=\"translation-block\">M\u00e1y l\u00e0m s\u1ea1ch ph\u00e2n hi\u1ec7u qu\u1ea3 thu gom, v\u1eadn chuy\u1ec3n v\u00e0 lo\u1ea1i b\u1ecf ch\u1ea5t th\u1ea3i \u0111\u1ed9ng v\u1eadt, n\u00e2ng cao v\u1ec7 sinh v\u00e0 hi\u1ec7u qu\u1ea3 v\u1eadn h\u00e0nh trong c\u00e1c trang tr\u1ea1i ch\u0103n nu\u00f4i gia s\u00fac v\u00e0 gia c\u1ea7m. Ph\u00f9 h\u1ee3p cho c\u00e1c trang tr\u1ea1i gia c\u1ea7m, s\u1eefa, l\u1ee3n, c\u1eebu v\u00e0 d\u00ea, c\u0169ng nh\u01b0 c\u00e1c ho\u1ea1t \u0111\u1ed9ng ch\u0103n nu\u00f4i t\u1eadp trung kh\u00e1c. Ch\u00fang t\u00f4i cung c\u1ea5p ba m\u1eabu \u2014<strong>QF-2, QF-3, v\u00e0 QF-5<\/strong>\u2014 \u0111\u1ec3 ph\u00f9 h\u1ee3p v\u1edbi c\u00e1c quy m\u00f4 trang tr\u1ea1i v\u00e0 c\u00f4ng su\u1ea5t x\u1eed l\u00fd kh\u00e1c nhau, t\u1eeb chu\u1ed3ng nh\u1ecf c\u00f3 l\u1ed1i \u0111i h\u1eb9p \u0111\u1ebfn c\u00e1c ho\u1ea1t \u0111\u1ed9ng quy m\u00f4 l\u1edbn, c\u00f4ng su\u1ea5t cao.<\/p>    <p>M\u00e1y l\u00e0m s\u1ea1ch ph\u00e2n gia s\u00fac t\u1ef1 \u0111\u1ed9ng lo\u1ea1i b\u1ecf ph\u00e2n b\u1eb1ng c\u00e1c c\u01a1 ch\u1ebf t\u00edch h\u1ee3p nh\u01b0 v\u00edt, c\u00e0o x\u00edch v\u00e0 n\u00e2ng th\u1ee7y l\u1ef1c \u0111\u1ec3 x\u1ea3 nhanh. C\u00e1c l\u1ee3i \u00edch ch\u00ednh bao g\u1ed3m duy tr\u00ec m\u00f4i tr\u01b0\u1eddng chu\u1ed3ng s\u1ea1ch s\u1ebd, gi\u1ea3m chi ph\u00ed lao \u0111\u1ed9ng, gi\u1ea3m r\u1ee7i ro b\u1ec7nh t\u1eadt, gi\u1ea3m kh\u00ed \u0111\u1ed9c h\u1ea1i ph\u00e1t th\u1ea3i, v\u00e0 h\u1ed7 tr\u1ee3 thu gom ph\u00e2n t\u1eadp trung \u0111\u1ec3 l\u00e0m ph\u00e2n h\u1eefu c\u01a1. Ph\u00f9 h\u1ee3p cho c\u00e1c ho\u1ea1t \u0111\u1ed9ng ch\u0103n nu\u00f4i t\u1eadp trung quy m\u00f4 l\u1edbn v\u00e0 c\u00e1c trang tr\u1ea1i m\u1ecdi quy m\u00f4, \u0111\u1ea3m b\u1ea3o qu\u1ea3n l\u00fd ch\u1ea5t th\u1ea3i hi\u1ec7u qu\u1ea3 trong khi n\u00e2ng cao n\u0103ng su\u1ea5t t\u1ed5ng th\u1ec3 c\u1ee7a trang tr\u1ea1i.<\/p>    <figure class=\"wp-block-embed is-type-video is-provider-youtube wp-block-embed-youtube wp-embed-aspect-9-16 wp-has-aspect-ratio\"><div class=\"wp-block-embed__wrapper\"> <iframe loading=\"lazy\" title=\"Quy tr\u00ecnh ho\u1ea1t \u0111\u1ed9ng c\u1ee7a m\u00e1y l\u00e0m s\u1ea1ch ph\u00e2n trang tr\u1ea1i #ph\u00e2n #n\u00f4ng nghi\u1ec7p #tr\u1ed3ng tr\u1ecdt #l\u00e0m s\u1ea1ch\" width=\"422\" height=\"750\" src=\"https:\/\/www.youtube.com\/embed\/Dk2twr279no?feature=oembed\" frameborder=\"0\" allow=\"accelerometer; autoplay; clipboard-write; encrypted-media; gyroscope; picture-in-picture; web-share\" referrerpolicy=\"strict-origin-when-cross-origin\" allowfullscreen><\/iframe> <\/div><figcaption class=\"wp-element-caption\">Video ho\u1ea1t \u0111\u1ed9ng c\u1ee7a m\u00e1y l\u00e0m s\u1ea1ch ph\u00e2n<\/figcaption><\/figure>    <h2 class=\"wp-block-heading\">\u01afu \u0111i\u1ec3m c\u1ee7a m\u00e1y l\u00e0m s\u1ea1ch ph\u00e2n gia s\u00fac<\/h2>    <ul class=\"wp-block-list\"> <li><strong>Hi\u1ec7u qu\u1ea3 cao &amp; Ti\u1ebft ki\u1ec7m lao \u0111\u1ed9ng<\/strong> <ul class=\"wp-block-list\"> <li>T\u1ef1 \u0111\u1ed9ng h\u00f3a thu gom, v\u1eadn chuy\u1ec3n v\u00e0 d\u1ee1 ph\u00e2n, thay th\u1ebf lao \u0111\u1ed9ng th\u1ee7 c\u00f4ng. Ch\u1ec9 m\u1ea5t 3-8 ph\u00fat cho m\u1ed7i l\u1ea7n t\u1ea3i, n\u00e2ng cao \u0111\u00e1ng k\u1ec3 hi\u1ec7u qu\u1ea3 l\u00e0m s\u1ea1ch v\u00e0 gi\u1ea3m chi ph\u00ed lao \u0111\u1ed9ng.<\/li> <\/ul> <\/li>    <li><strong>M\u00f4i tr\u01b0\u1eddng ch\u0103n nu\u00f4i gia s\u00fac kh\u1ecfe m\u1ea1nh h\u01a1n<\/strong> <ul class=\"wp-block-list\"> <li>Lo\u1ea1i b\u1ecf ph\u00e2n \u0111\u00fang th\u1eddi \u0111i\u1ec3m \u0111\u1ec3 gi\u1ea3m kh\u00ed amoniac v\u00e0 kh\u00ed \u0111\u1ed9c h\u1ea1i ph\u00e1t th\u1ea3i. N\u00f3 gi\u1ea3m c\u00e1c b\u1ec7nh v\u1ec1 h\u00f4 h\u1ea5p, ho\u1ea1i t\u1eed ch\u00e2n v\u00e0 c\u00e1c nhi\u1ec5m tr\u00f9ng kh\u00e1c, t\u1ea1o ra kh\u00f4ng gian v\u1ec7 sinh th\u00fac \u0111\u1ea9y t\u0103ng tr\u01b0\u1edfng v\u00e0 ph\u00fac l\u1ee3i c\u1ee7a gia s\u00fac.<\/li> <\/ul> <\/li>    <li><strong>S\u1eed d\u1ee5ng t\u00e0i nguy\u00ean<\/strong> <ul class=\"wp-block-list\"> <li>T\u1eadp trung thu gom ph\u00e2n \u0111\u1ec3 d\u1ec5 d\u00e0ng x\u1eed l\u00fd th\u00e0nh ph\u00e2n h\u1eefu c\u01a1, bi\u1ebfn ch\u1ea5t th\u1ea3i th\u00e0nh ngu\u1ed3n t\u00e0i nguy\u00ean trang tr\u1ea1i c\u00f3 gi\u00e1 tr\u1ecb trong khi tu\u00e2n th\u1ee7 quy \u0111\u1ecbnh v\u1ec1 m\u00f4i tr\u01b0\u1eddng.<\/li> <\/ul> <\/li>    <li><strong>B\u1ec1n b\u1ec9 &amp; D\u1ec5 v\u1eadn h\u00e0nh<\/strong> <ul class=\"wp-block-list\"> <li>Trang b\u1ecb c\u00e1c v\u00edt, c\u00e0o x\u00edch v\u00e0 h\u1ec7 th\u1ed1ng th\u1ee7y l\u1ef1c ch\u1ed1ng m\u00e0i m\u00f2n. C\u00e1c m\u1eabu m\u00e3 c\u00f3 th\u1ec3 thay \u0111\u1ed5i t\u1ed1c \u0111\u1ed9 kh\u00f4ng \u0111\u1ed5i v\u00e0 khung t\u1ea3i \u0111\u1ec3 v\u1eadn h\u00e0nh \u1ed5n \u0111\u1ecbnh trong m\u00f4i tr\u01b0\u1eddng chu\u1ed3ng tr\u1ea1i kh\u1eafc nghi\u1ec7t. V\u1eadn h\u00e0nh \u0111\u01a1n gi\u1ea3n ph\u00f9 h\u1ee3p v\u1edbi nhi\u1ec1u quy m\u00f4 trang tr\u1ea1i kh\u00e1c nhau.<\/li> <\/ul> <\/li>    <li><strong>Kh\u1ea3 n\u0103ng th\u00edch \u1ee9ng \u0111a k\u1ecbch b\u1ea3n<\/strong> <ul class=\"wp-block-list\"> <li>C\u00f3 s\u1eb5n c\u00e1c phi\u00ean b\u1ea3n nh\u1ecf g\u1ecdn ba b\u00e1nh (chi\u1ec1u r\u1ed9ng l\u00e0m s\u1ea1ch 900mm, kho ch\u1ee9a 3m\u00b3) v\u00e0 b\u1ed1n b\u00e1nh t\u1ea3i n\u1eb7ng (chi\u1ec1u r\u1ed9ng 2000mm, 5m\u00b3). Ph\u00f9 h\u1ee3p ho\u00e0n h\u1ea3o v\u1edbi c\u00e1c trang tr\u1ea1i b\u00f2, s\u1eefa, l\u1ee3n, c\u1eebu c\u00f3 l\u1ed1i \u0111i b\u1eb1ng b\u00ea t\u00f4ng ho\u1eb7c chu\u1ed3ng tr\u1ea1i c\u1ee9ng.<\/li> <\/ul> <\/li> <\/ul>    <figure class=\"wp-block-gallery has-nested-images columns-default is-cropped wp-block-gallery-2 is-layout-flex wp-block-gallery-is-layout-flex\"> <figure class=\"wp-block-image size-large\"><img loading=\"lazy\" decoding=\"async\" width=\"720\" height=\"540\" data-id=\"5067\" src=\"https:\/\/taizyfarmequipment.com\/wp-content\/uploads\/2026\/04\/cows.webp\" alt=\"b\u00f2\" class=\"wp-image-5067\" srcset=\"https:\/\/taizyfarmequipment.com\/wp-content\/uploads\/2026\/04\/cows.webp 720w, https:\/\/taizyfarmequipment.com\/wp-content\/uploads\/2026\/04\/cows-300x225.webp 300w, https:\/\/taizyfarmequipment.com\/wp-content\/uploads\/2026\/04\/cows-16x12.webp 16w\" sizes=\"auto, (max-width: 720px) 100vw, 720px\" \/><figcaption class=\"wp-element-caption\">b\u00f2<\/figcaption><\/figure>    <figure class=\"wp-block-image size-large\"><img loading=\"lazy\" decoding=\"async\" width=\"720\" height=\"540\" data-id=\"5066\" src=\"https:\/\/taizyfarmequipment.com\/wp-content\/uploads\/2026\/04\/automatic-manure-scraper.webp\" alt=\"m\u00e1y c\u00e0o ph\u00e2n t\u1ef1 \u0111\u1ed9ng\" class=\"wp-image-5066\" srcset=\"https:\/\/taizyfarmequipment.com\/wp-content\/uploads\/2026\/04\/automatic-manure-scraper.webp 720w, https:\/\/taizyfarmequipment.com\/wp-content\/uploads\/2026\/04\/automatic-manure-scraper-300x225.webp 300w, https:\/\/taizyfarmequipment.com\/wp-content\/uploads\/2026\/04\/automatic-manure-scraper-16x12.webp 16w\" sizes=\"auto, (max-width: 720px) 100vw, 720px\" \/><figcaption class=\"wp-element-caption\">m\u00e1y c\u00e0o ph\u00e2n t\u1ef1 \u0111\u1ed9ng<\/figcaption><\/figure> <\/figure>    <h2 class=\"wp-block-heading\">M\u00e1y l\u00e0m s\u1ea1ch ph\u00e2n b\u00f2 ho\u1ea1t \u0111\u1ed9ng nh\u01b0 th\u1ebf n\u00e0o?<\/h2>    <p>M\u00e1y l\u00e0m s\u1ea1ch ph\u00e2n ho\u1ea1t \u0111\u1ed9ng qua quy tr\u00ecnh t\u1ef1 \u0111\u1ed9ng t\u00edch h\u1ee3p \u0111\u1ec3 t\u1ed1i \u01b0u h\u00f3a qu\u1ea3n l\u00fd ph\u00e2n trong chu\u1ed3ng tr\u1ea1i. \u0110\u1ea7u ti\u00ean, m\u00e1y ch\u1ea1y ch\u1eadm d\u1ecdc theo l\u1ed1i \u0111i trong chu\u1ed3ng, n\u01a1i b\u1ed9 v\u00edt ho\u1eb7c c\u01a1 ch\u1ebf c\u00e0o ph\u00eda tr\u01b0\u1edbc qu\u00e9t v\u00e0 thu gom ph\u00e2n t\u1eeb s\u00e0n, ph\u00e1 v\u1ee1 ch\u1ea5t th\u1ea3i \u0111\u1eb7c l\u1ea1i \u0111\u1ec3 \u0111\u1ea3m b\u1ea3o l\u00e0m s\u1ea1ch k\u1ef9 l\u01b0\u1ee1ng. Ph\u00e2n thu gom sau \u0111\u00f3 \u0111\u01b0\u1ee3c n\u00e2ng l\u00ean qua h\u1ec7 th\u1ed1ng b\u0103ng t\u1ea3i c\u00e0o x\u00edch v\u00e0o kho ch\u1ee9a tr\u00ean xe (c\u00f3 dung t\u00edch t\u1eeb 2m\u00b3 \u0111\u1ebfn 5m\u00b3) \u0111\u1ec3 l\u01b0u tr\u1eef t\u1eadp trung. <\/p>    <p>Khi kho ch\u1ee9a \u0111\u1ea7y, ph\u01b0\u01a1ng ti\u1ec7n v\u1eadn chuy\u1ec3n ph\u00e2n \u0111\u1ebfn khu x\u1eed l\u00fd ho\u1eb7c l\u01b0u tr\u1eef \u0111\u01b0\u1ee3c ch\u1ec9 \u0111\u1ecbnh, h\u1ec7 th\u1ed1ng n\u00e2ng h\u1ea1 th\u1ee7y l\u1ef1c t\u1ef1 \u0111\u1ed9ng d\u1ee1 b\u1ecf ch\u1ea5t th\u1ea3i trong v\u00e0i gi\u00e2y, lo\u1ea1i b\u1ecf vi\u1ec7c x\u1eed l\u00fd th\u1ee7 c\u00f4ng. \u0110\u01b0\u1ee3c trang b\u1ecb \u0111\u1ed9ng c\u01a1 diesel \u0111\u00e1ng tin c\u1eady, m\u00e1y c\u00f3 kh\u1ea3 n\u0103ng \u0111i\u1ec1u ch\u1ec9nh t\u1ed1c \u0111\u1ed9 kh\u00f4ng \u0111\u1ed5i v\u00e0 v\u1eadn h\u00e0nh th\u1ee7y l\u1ef1c to\u00e0n ph\u1ea7n \u0111\u1ec3 di chuy\u1ec3n v\u00e0 v\u1eadn h\u00e0nh m\u01b0\u1ee3t m\u00e0, hi\u1ec7u qu\u1ea3, l\u00e0m cho to\u00e0n b\u1ed9 qu\u00e1 tr\u00ecnh l\u00e0m s\u1ea1ch li\u00ean t\u1ee5c, kh\u00f4ng c\u1ea7n lao \u0111\u1ed9ng v\u00e0 r\u1ea5t hi\u1ec7u qu\u1ea3.<\/p>    <figure class=\"wp-block-image size-full\"><img loading=\"lazy\" decoding=\"async\" width=\"720\" height=\"540\" src=\"https:\/\/taizyfarmequipment.com\/wp-content\/uploads\/2026\/04\/pig-dung-cleaning-machine.webp\" alt=\"m\u00e1y l\u00e0m s\u1ea1ch ph\u00e2n l\u1ee3n\" class=\"wp-image-5072\" srcset=\"https:\/\/taizyfarmequipment.com\/wp-content\/uploads\/2026\/04\/pig-dung-cleaning-machine.webp 720w, https:\/\/taizyfarmequipment.com\/wp-content\/uploads\/2026\/04\/pig-dung-cleaning-machine-300x225.webp 300w, https:\/\/taizyfarmequipment.com\/wp-content\/uploads\/2026\/04\/pig-dung-cleaning-machine-16x12.webp 16w\" sizes=\"auto, (max-width: 720px) 100vw, 720px\" \/><figcaption class=\"wp-element-caption\">m\u00e1y l\u00e0m s\u1ea1ch ph\u00e2n l\u1ee3n<\/figcaption><\/figure>    <h2 class=\"wp-block-heading\">Th\u00f4ng s\u1ed1 k\u1ef9 thu\u1eadt c\u1ee7a m\u00e1y l\u00e0m s\u1ea1ch ph\u00e2n<\/h2>    <div class=\"wp-block-media-text is-stacked-on-mobile\"><figure class=\"wp-block-media-text__media\"><img loading=\"lazy\" decoding=\"async\" width=\"720\" height=\"540\" src=\"https:\/\/taizyfarmequipment.com\/wp-content\/uploads\/2026\/04\/cow-manure-cleaning-machine.webp\" alt=\"m\u00e1y l\u00e0m s\u1ea1ch ph\u00e2n b\u00f2\" class=\"wp-image-5069 size-full\" srcset=\"https:\/\/taizyfarmequipment.com\/wp-content\/uploads\/2026\/04\/cow-manure-cleaning-machine.webp 720w, https:\/\/taizyfarmequipment.com\/wp-content\/uploads\/2026\/04\/cow-manure-cleaning-machine-300x225.webp 300w, https:\/\/taizyfarmequipment.com\/wp-content\/uploads\/2026\/04\/cow-manure-cleaning-machine-16x12.webp 16w\" sizes=\"auto, (max-width: 720px) 100vw, 720px\" \/><\/figure><div class=\"wp-block-media-text__content\"> <ul class=\"wp-block-list\"> <li><strong>Ng\u01b0\u1eddi m\u1eabu<\/strong>: QF-2 <\/li>    <li><strong>C\u00f4ng su\u1ea5t \u0111\u1ecbnh m\u1ee9c<\/strong>: 13.24 Kw <\/li>    <li><strong>K\u00edch th\u01b0\u1edbc t\u1ed5ng th\u1ec3 (L\u00d7W\u00d7H)<\/strong>: 3600*1470*2050 mm <\/li>    <li><strong>Chi\u1ec1u r\u1ed9ng m\u1edf th\u1ee9c \u0103n<\/strong>: 900 mm <\/li>    <li><strong>K\u00edch th\u01b0\u1edbc kho ch\u1ee9a (L\u00d7W\u00d7H)<\/strong>: 1500*1400*750 mm <\/li>    <li><strong>K\u00edch th\u01b0\u1edbc c\u1eeda v\u00e0o b\u0103ng t\u1ea3i (L\u00d7W)<\/strong>: 200*250 mm <\/li> <\/ul> <\/div><\/div>    <div class=\"wp-block-media-text has-media-on-the-right is-stacked-on-mobile\"><div class=\"wp-block-media-text__content\"> <ul class=\"wp-block-list\"> <li><strong>Ng\u01b0\u1eddi m\u1eabu<\/strong>: QF-3<\/li>    <li><strong>K\u00edch th\u01b0\u1edbc t\u1ed5ng th\u1ec3<\/strong>: 4500*1450*2450mm <\/li>    <li><strong>C\u00f4ng su\u1ea5t truy\u1ec1n \u0111ai<\/strong>: \u0110\u1ed9ng c\u01a1 Diesel 25HP<\/li>    <li><strong>C\u00f4ng su\u1ea5t di chuy\u1ec3n<\/strong>: Khung xe ba b\u00e1nh <\/li>    <li><strong>Hi\u1ec7u qu\u1ea3 l\u00e0m vi\u1ec7c<\/strong>: 3-5 ph\u00fat cho m\u1ed7i ph\u01b0\u01a1ng ti\u1ec7n <\/li>    <li><strong>Dung t\u00edch kho ch\u1ee9a<\/strong>: 3 m\u00e9t kh\u1ed1i<\/li> <\/ul> <\/div><figure class=\"wp-block-media-text__media\"><img loading=\"lazy\" decoding=\"async\" width=\"720\" height=\"540\" src=\"https:\/\/taizyfarmequipment.com\/wp-content\/uploads\/2026\/04\/cattle-manure-cleaning-machine-factory.webp\" alt=\"nh\u00e0 m\u00e1y s\u1ea3n xu\u1ea5t m\u00e1y l\u00e0m s\u1ea1ch ph\u00e2n gia s\u00fac\" class=\"wp-image-5068 size-full\" srcset=\"https:\/\/taizyfarmequipment.com\/wp-content\/uploads\/2026\/04\/cattle-manure-cleaning-machine-factory.webp 720w, https:\/\/taizyfarmequipment.com\/wp-content\/uploads\/2026\/04\/cattle-manure-cleaning-machine-factory-300x225.webp 300w, https:\/\/taizyfarmequipment.com\/wp-content\/uploads\/2026\/04\/cattle-manure-cleaning-machine-factory-16x12.webp 16w\" sizes=\"auto, (max-width: 720px) 100vw, 720px\" \/><\/figure><\/div>    <div class=\"wp-block-media-text is-stacked-on-mobile\"><figure class=\"wp-block-media-text__media\"><img loading=\"lazy\" decoding=\"async\" width=\"720\" height=\"540\" src=\"https:\/\/taizyfarmequipment.com\/wp-content\/uploads\/2026\/04\/Manure-cleaning-machine-sale.webp\" alt=\"B\u00e1n m\u00e1y l\u00e0m s\u1ea1ch ph\u00e2n\" class=\"wp-image-5070 size-full\" srcset=\"https:\/\/taizyfarmequipment.com\/wp-content\/uploads\/2026\/04\/Manure-cleaning-machine-sale.webp 720w, https:\/\/taizyfarmequipment.com\/wp-content\/uploads\/2026\/04\/Manure-cleaning-machine-sale-300x225.webp 300w, https:\/\/taizyfarmequipment.com\/wp-content\/uploads\/2026\/04\/Manure-cleaning-machine-sale-16x12.webp 16w\" sizes=\"auto, (max-width: 720px) 100vw, 720px\" \/><\/figure><div class=\"wp-block-media-text__content\"> <ul class=\"wp-block-list\"> <li><strong>Ng\u01b0\u1eddi m\u1eabu<\/strong>: QF-5 <\/li>    <li><strong>Dung t\u00edch kho ch\u1ee9a<\/strong>: 5 m\u00b3 <\/li>    <li><strong>K\u00edch th\u01b0\u1edbc t\u1ed5ng th\u1ec3 (L\u00d7W\u00d7H)<\/strong>: 5200*2200*2600 mm <\/li>    <li><strong>K\u00edch th\u01b0\u1edbc h\u1ed9p (L\u00d7W\u00d7H)<\/strong>: 2850*1800*1150 mm <\/li>    <li><strong>Chi\u1ec1u r\u1ed9ng l\u00e0m s\u1ea1ch ph\u00e2n<\/strong>: 2000 mm <\/li>    <li><strong>T\u1ed1c \u0111\u1ed9 l\u00e0m s\u1ea1ch ph\u00e2n<\/strong>: 5-8 ph\u00fat cho m\u1ed7i ph\u01b0\u01a1ng ti\u1ec7n (t\u00f9y thu\u1ed9c \u0111\u1ed9 d\u00e0y l\u1edbp ph\u00e2n) <\/li>    <li><strong>Tr\u1ecdng l\u01b0\u1ee3ng c\u1ea5u tr\u00fac<\/strong>: 3500 kg <\/li>    <li><strong>T\u1ed1c \u0111\u1ed9 di chuy\u1ec3n<\/strong>: \u226430 Km\/h <\/li>    <li><strong>S\u1ed1 l\u01b0\u1ee3ng l\u1ed1p xe<\/strong>: 4 b\u00e1nh xe<\/li> <\/ul> <\/div><\/div>    <h2 class=\"wp-block-heading\">C\u00e1c tr\u01b0\u1eddng h\u1ee3p kh\u00e1ch h\u00e0ng s\u1eed d\u1ee5ng m\u00e1y c\u00e0o ph\u00e2n<\/h2>    <p class=\"translation-block\">M\u1ed9t trang tr\u1ea1i s\u1eefa \u1edf <strong>\u0110\u1ee9c<\/strong> \u0111\u00e3 t\u1eebng ph\u1ee5 thu\u1ed9c v\u00e0o vi\u1ec7c l\u00e0m s\u1ea1ch th\u1ee7 c\u00f4ng, c\u1ea7n nhi\u1ec1u c\u00f4ng nh\u00e2n v\u00e0 m\u1ea5t nhi\u1ec1u gi\u1edd m\u1ed7i ng\u00e0y. Sau khi s\u1eed d\u1ee5ng m\u00e1y c\u00e0o ph\u00e2n c\u1ee7a ch\u00fang t\u00f4i, to\u00e0n b\u1ed9 c\u00f4ng vi\u1ec7c l\u00e0m s\u1ea1ch tr\u1edf n\u00ean c\u01a1 gi\u1edbi h\u00f3a v\u00e0 hi\u1ec7u qu\u1ea3. H\u1ec7 th\u1ed1ng thu gom v\u00e0 v\u1eadn chuy\u1ec3n t\u1ef1 \u0111\u1ed9ng gi\u1ea3m \u0111\u00e1ng k\u1ec3 lao \u0111\u1ed9ng v\u00e0 r\u00fat ng\u1eafn th\u1eddi gian l\u00e0m s\u1ea1ch h\u00e0ng ng\u00e0y.<\/p>    <p class=\"translation-block\">Nhi\u1ec1u n\u00f4ng d\u00e2n ch\u0103n nu\u00f4i \u1edf <strong>H\u00e0 Lan, Ph\u00e1p v\u00e0 Ba Lan<\/strong> c\u0169ng \u0111\u00e3 ph\u1ea3n h\u1ed3i t\u00edch c\u1ef1c sau khi \u00e1p d\u1ee5ng m\u00e1y. Vi\u1ec7c l\u00e0m s\u1ea1ch ph\u00e2n \u0111\u00fang th\u1eddi \u0111i\u1ec3m \u0111\u00e3 c\u1ea3i thi\u1ec7n r\u00f5 r\u1ec7t v\u1ec7 sinh chu\u1ed3ng tr\u1ea1i, gi\u1ea3m kh\u00ed \u0111\u1ed9c h\u1ea1i v\u00e0 hi\u1ec7u qu\u1ea3 gi\u1ea3m t\u1ef7 l\u1ec7 b\u1ec7nh t\u1eadt c\u1ee7a gia s\u00fac. V\u1edbi hi\u1ec7u qu\u1ea3 cao h\u01a1n v\u00e0 chi ph\u00ed v\u1eadn h\u00e0nh th\u1ea5p h\u01a1n, m\u00e1y c\u00e0o ph\u00e2n \u0111\u00e3 tr\u1edf n\u00ean ph\u1ed5 bi\u1ebfn trong c\u00e1c trang tr\u1ea1i b\u00f2, l\u1ee3n v\u00e0 c\u1eebu l\u1edbn tr\u00ean kh\u1eafp ch\u00e2u \u00c2u.<\/p>    <figure class=\"wp-block-image size-full\"><img loading=\"lazy\" decoding=\"async\" width=\"720\" height=\"540\" src=\"https:\/\/taizyfarmequipment.com\/wp-content\/uploads\/2026\/04\/pigs.webp\" alt=\"l\u1ee3n\" class=\"wp-image-5071\" srcset=\"https:\/\/taizyfarmequipment.com\/wp-content\/uploads\/2026\/04\/pigs.webp 720w, https:\/\/taizyfarmequipment.com\/wp-content\/uploads\/2026\/04\/pigs-300x225.webp 300w, https:\/\/taizyfarmequipment.com\/wp-content\/uploads\/2026\/04\/pigs-16x12.webp 16w\" sizes=\"auto, (max-width: 720px) 100vw, 720px\" \/><figcaption class=\"wp-element-caption\">l\u1ee3n<\/figcaption><\/figure>    <h2 class=\"wp-block-heading\">Thi\u1ebft b\u1ecb h\u1ed7 tr\u1ee3 c\u1ee7a m\u00e1y l\u00e0m s\u1ea1ch ph\u00e2n<\/h2>    <p class=\"translation-block\">M\u00e1y l\u00e0m s\u1ea1ch ph\u00e2n c\u00f3 th\u1ec3 \u0111\u01b0\u1ee3c s\u1eed d\u1ee5ng c\u00f9ng v\u1edbi <a href=\"https:\/\/taizyfarmequipment.com\/vi\/san-pham\/may-rai-thuc-an-u\/\" data-type=\"link\" data-id=\"https:\/\/taizyfarmequipment.com\/product\/silage-spreader-machine\/\">xe r\u1ea3i th\u1ee9c \u0103n<\/a> \u0111\u1ec3 n\u00e2ng cao hi\u1ec7u qu\u1ea3 trang tr\u1ea1i. Trong khi m\u00e1y l\u00e0m s\u1ea1ch ph\u00e2n lo\u1ea1i b\u1ecf ch\u1ea5t th\u1ea3i v\u00e0 gi\u1eef v\u1ec7 sinh chu\u1ed3ng tr\u1ea1i, xe r\u1ea3i th\u1ee9c \u0103n ph\u00e2n ph\u1ed1i \u0111\u1ec1u th\u1ee9c \u0103n cho gia s\u00fac. S\u1ef1 k\u1ebft h\u1ee3p \u201cl\u00e0m s\u1ea1ch   cho \u0103n\u201d n\u00e0y gi\u1ea3m lao \u0111\u1ed9ng, n\u00e2ng cao hi\u1ec7u qu\u1ea3 qu\u1ea3n l\u00fd v\u00e0 l\u00fd t\u01b0\u1edfng cho c\u00e1c trang tr\u1ea1i quy m\u00f4 l\u1edbn hi\u1ec7n \u0111\u1ea1i.<\/p>    <figure class=\"wp-block-image size-full\"><img loading=\"lazy\" decoding=\"async\" width=\"720\" height=\"540\" src=\"https:\/\/taizyfarmequipment.com\/wp-content\/uploads\/2024\/02\/Diesel-Silage-Spreader-2.webp\" alt=\"M\u00e1y r\u1ea3i th\u1ee9c \u0103n \u1ee7 chua Diesel\" class=\"wp-image-4940\" srcset=\"https:\/\/taizyfarmequipment.com\/wp-content\/uploads\/2024\/02\/Diesel-Silage-Spreader-2.webp 720w, https:\/\/taizyfarmequipment.com\/wp-content\/uploads\/2024\/02\/Diesel-Silage-Spreader-2-300x225.webp 300w, https:\/\/taizyfarmequipment.com\/wp-content\/uploads\/2024\/02\/Diesel-Silage-Spreader-2-16x12.webp 16w\" sizes=\"auto, (max-width: 720px) 100vw, 720px\" \/><figcaption class=\"wp-element-caption\">M\u00e1y r\u1ea3i th\u1ee9c \u0103n \u1ee7 chua Diesel<\/figcaption><\/figure>    <h2 class=\"wp-block-heading\">Ph\u1ea7n k\u1ebft lu\u1eadn<\/h2>    <p>M\u00e1y l\u00e0m s\u1ea1ch ph\u00e2n gia s\u00fac c\u00f3 th\u1ec3 h\u1ee3p l\u00fd h\u00f3a ho\u1ea1t \u0111\u1ed9ng h\u00e0ng ng\u00e0y c\u1ee7a b\u1ea1n, n\u00e2ng cao v\u1ec7 sinh chu\u1ed3ng tr\u1ea1i v\u00e0 t\u0103ng l\u1ee3i nhu\u1eadn. Li\u00ean h\u1ec7 v\u1edbi ch\u00fang t\u00f4i h\u00f4m nay \u0111\u1ec3 nh\u1eadn b\u00e1o gi\u00e1 t\u00f9y ch\u1ec9nh, th\u00f4ng s\u1ed1 k\u1ef9 thu\u1eadt chi ti\u1ebft v\u00e0 gi\u00e1 c\u1ea3 \u0111\u1ed9c quy\u1ec1n \u2014 c\u00f9ng nhau x\u00e2y d\u1ef1ng m\u1ed9t t\u01b0\u01a1ng lai trang tr\u1ea1i hi\u1ec7u qu\u1ea3 v\u00e0 sinh l\u1ee3i h\u01a1n.<\/p>","protected":false},"excerpt":{"rendered":"<p>M\u00e1y l\u00e0m s\u1ea1ch ph\u00e2n hi\u1ec7u qu\u1ea3 thu gom, v\u1eadn chuy\u1ec3n v\u00e0 lo\u1ea1i b\u1ecf ch\u1ea5t th\u1ea3i \u0111\u1ed9ng v\u1eadt, n\u00e2ng cao v\u1ec7 sinh v\u00e0 hi\u1ec7u qu\u1ea3 v\u1eadn h\u00e0nh trong c\u00e1c trang tr\u1ea1i ch\u0103n nu\u00f4i gia s\u00fac v\u00e0 gia c\u1ea7m.<\/p>","protected":false},"author":1,"featured_media":5065,"parent":0,"template":"","tags":[345],"product-type":[133],"class_list":["post-5063","product","type-product","status-publish","has-post-thumbnail","hentry","tag-manure-cleaning-machine","product-type-silage-machine"],"_links":{"self":[{"href":"https:\/\/taizyfarmequipment.com\/vi\/wp-json\/wp\/v2\/product\/5063","targetHints":{"allow":["GET"]}}],"collection":[{"href":"https:\/\/taizyfarmequipment.com\/vi\/wp-json\/wp\/v2\/product"}],"about":[{"href":"https:\/\/taizyfarmequipment.com\/vi\/wp-json\/wp\/v2\/types\/product"}],"author":[{"embeddable":true,"href":"https:\/\/taizyfarmequipment.com\/vi\/wp-json\/wp\/v2\/users\/1"}],"wp:featuredmedia":[{"embeddable":true,"href":"https:\/\/taizyfarmequipment.com\/vi\/wp-json\/wp\/v2\/media\/5065"}],"wp:attachment":[{"href":"https:\/\/taizyfarmequipment.com\/vi\/wp-json\/wp\/v2\/media?parent=5063"}],"wp:term":[{"taxonomy":"post_tag","embeddable":true,"href":"https:\/\/taizyfarmequipment.com\/vi\/wp-json\/wp\/v2\/tags?post=5063"},{"taxonomy":"product-type","embeddable":true,"href":"https:\/\/taizyfarmequipment.com\/vi\/wp-json\/wp\/v2\/product-type?post=5063"}],"curies":[{"name":"wp","href":"https:\/\/api.w.org\/{rel}","templated":true}]}}