{"id":5074,"date":"2026-04-21T17:43:26","date_gmt":"2026-04-21T09:43:26","guid":{"rendered":"https:\/\/taizyfarmequipment.com\/?post_type=product&#038;p=5074"},"modified":"2026-04-21T17:59:49","modified_gmt":"2026-04-21T09:59:49","slug":"feed-pellet-making-machine-plant","status":"publish","type":"product","link":"https:\/\/taizyfarmequipment.com\/zh\/product\/feed-pellet-making-machine-plant\/","title":{"rendered":"\u9972\u6599\u9897\u7c92\u751f\u4ea7\u8bbe\u5907\u5382"},"content":{"rendered":"<div class=\"kk-star-ratings kksr-auto kksr-align-left kksr-valign-top\"     data-payload='{&quot;align&quot;:&quot;left&quot;,&quot;id&quot;:&quot;5074&quot;,&quot;slug&quot;:&quot;default&quot;,&quot;valign&quot;:&quot;top&quot;,&quot;ignore&quot;:&quot;&quot;,&quot;reference&quot;:&quot;auto&quot;,&quot;class&quot;:&quot;&quot;,&quot;count&quot;:&quot;0&quot;,&quot;legendonly&quot;:&quot;&quot;,&quot;readonly&quot;:&quot;&quot;,&quot;score&quot;:&quot;0&quot;,&quot;starsonly&quot;:&quot;&quot;,&quot;best&quot;:&quot;5&quot;,&quot;gap&quot;:&quot;5&quot;,&quot;greet&quot;:&quot;Rate this product&quot;,&quot;legend&quot;:&quot;0\\\/5 - (0 votes)&quot;,&quot;size&quot;:&quot;24&quot;,&quot;title&quot;:&quot;Feed pellet making machine plant&quot;,&quot;width&quot;:&quot;0&quot;,&quot;_legend&quot;:&quot;{score}\\\/{best} - ({count} {votes})&quot;,&quot;font_factor&quot;:&quot;1.25&quot;}'>              <div class=\"kksr-stars\">      <div class=\"kksr-stars-inactive\">             <div class=\"kksr-star\" data-star=\"1\" style=\"padding-right: 5px\">               <div class=\"kksr-icon\" style=\"width: 24px; height: 24px;\"><\/div>         <\/div>             <div class=\"kksr-star\" data-star=\"2\" style=\"padding-right: 5px\">               <div class=\"kksr-icon\" style=\"width: 24px; height: 24px;\"><\/div>         <\/div>             <div class=\"kksr-star\" data-star=\"3\" style=\"padding-right: 5px\">               <div class=\"kksr-icon\" style=\"width: 24px; height: 24px;\"><\/div>         <\/div>             <div class=\"kksr-star\" data-star=\"4\" style=\"padding-right: 5px\">               <div class=\"kksr-icon\" style=\"width: 24px; height: 24px;\"><\/div>         <\/div>             <div class=\"kksr-star\" data-star=\"5\" style=\"padding-right: 5px\">               <div class=\"kksr-icon\" style=\"width: 24px; height: 24px;\"><\/div>         <\/div>     <\/div>      <div class=\"kksr-stars-active\" style=\"width: 0px;\">             <div class=\"kksr-star\" style=\"padding-right: 5px\">               <div class=\"kksr-icon\" style=\"width: 24px; height: 24px;\"><\/div>         <\/div>             <div class=\"kksr-star\" style=\"padding-right: 5px\">               <div class=\"kksr-icon\" style=\"width: 24px; height: 24px;\"><\/div>         <\/div>             <div class=\"kksr-star\" style=\"padding-right: 5px\">               <div class=\"kksr-icon\" style=\"width: 24px; height: 24px;\"><\/div>         <\/div>             <div class=\"kksr-star\" style=\"padding-right: 5px\">               <div class=\"kksr-icon\" style=\"width: 24px; height: 24px;\"><\/div>         <\/div>             <div class=\"kksr-star\" style=\"padding-right: 5px\">               <div class=\"kksr-icon\" style=\"width: 24px; height: 24px;\"><\/div>         <\/div>     <\/div> <\/div>                   <div class=\"kksr-legend\" style=\"font-size: 19.2px;\">             <span class=\"kksr-muted\">\u8bc4\u4ef7\u6b64\u4ea7\u54c1<\/span>     <\/div>     <\/div>  <p class=\"translation-block\">\u9972\u6599\u9897\u7c92\u673a\u5382\u662f\u4e00\u5957\u5148\u8fdb\u7684\u81ea\u52a8\u5316\u751f\u4ea7\u7cfb\u7edf\uff0c\u5e7f\u6cdb\u7528\u4e8e\u755c\u79bd\u9972\u6599\u9897\u7c92\u7684\u52a0\u5de5\u3002\u7531\u4e8e\u5176\u9ad8\u6548\u7387\u3001\u7a33\u5b9a\u6027\u80fd\u548c\u5bf9\u4e0d\u540c\u539f\u6599\u7684\u5f3a\u9002\u5e94\u6027\uff0c\u7279\u522b\u9002\u5408\u4e2d\u5927\u578b\u9972\u6599\u5382\u548c\u517b\u6b96\u573a\u3002\u751f\u4ea7\u80fd\u529b\u8303\u56f4\u4e3a <strong>80\u20131200\u516c\u65a4\/\u5c0f\u65f6<\/strong>\uff0c\u6ee1\u8db3\u5404\u79cd\u751f\u4ea7\u89c4\u6a21\u9700\u6c42\u3002<\/p>    <p>\u751f\u4ea7\u7ebf\u53ef\u52a0\u5de5\u7389\u7c73\u3001\u5c0f\u9ea6\u3001\u5927\u8c46\u548c\u6cb9\u6599\u7c89\uff0c\u786e\u4fdd\u539f\u6599\u591a\u6837\u6027\u548c\u9897\u7c92\u8d28\u91cf\u7684\u7a33\u5b9a\uff0c\u9002\u5e94\u5404\u79cd\u9972\u6599\u914d\u65b9\u3002\u9ad8\u81ea\u52a8\u5316\u3001\u4f4e\u80fd\u8017\u663e\u8457\u63d0\u5347\u751f\u4ea7\u6548\u7387\uff0c\u964d\u4f4e\u52b3\u52a8\u6210\u672c\u3002<\/p>    <p>\u5b8c\u6574\u7cfb\u7edf\u96c6\u6210\u56db\u4e2a\u5173\u952e\u5de5\u827a\uff1a\u7834\u788e\u3001\u6df7\u5408\u3001\u5236\u7c92\u548c\u5305\u88c5\u3002\u8be5\u9972\u6599\u9897\u7c92\u673a\u5382\u662f\u73b0\u4ee3\u9972\u6599\u751f\u4ea7\u7684\u7406\u60f3\u89e3\u51b3\u65b9\u6848\uff0c\u517c\u5177\u7c89\u6599\u548c\u9897\u7c92\u52a0\u5de5\u80fd\u529b\uff0c\u5e2e\u52a9\u4f01\u4e1a\u63d0\u9ad8\u4ea7\u91cf\uff0c\u964d\u4f4e\u8fd0\u8425\u6210\u672c\u3002<\/p>    <figure class=\"wp-block-embed is-type-video is-provider-youtube wp-block-embed-youtube wp-embed-aspect-9-16 wp-has-aspect-ratio\"><div class=\"wp-block-embed__wrapper\"> <iframe loading=\"lazy\" title=\"\u9ad8\u6548\u517b\u6b96\u7528\u5b8c\u6574\u9972\u6599\u9897\u7c92\u751f\u4ea7\u7ebf #\u9972\u6599 #\u9897\u7c92\u673a #\u517b\u6b96\" width=\"422\" height=\"750\" src=\"https:\/\/www.youtube.com\/embed\/7M5dzyUklzo?feature=oembed\" frameborder=\"0\" allow=\"accelerometer; autoplay; clipboard-write; encrypted-media; gyroscope; picture-in-picture; web-share\" referrerpolicy=\"strict-origin-when-cross-origin\" allowfullscreen><\/iframe> <\/div><figcaption class=\"wp-element-caption\">\u9972\u6599\u9897\u7c92\u673a\u5382\u5de5\u4f5c\u89c6\u9891<\/figcaption><\/figure>    <h2 class=\"wp-block-heading\">\u9972\u6599\u9897\u7c92\u673a\u5382\u5e94\u7528<\/h2>    <p class=\"translation-block\"><strong>\u9972\u6599\u9897\u7c92\u673a\u5382<\/strong>\u80fd\u751f\u4ea7\u9002\u7528\u4e8e\u591a\u79cd\u52a8\u7269\u7684\u9ad8\u54c1\u8d28\u9972\u6599\u9897\u7c92\uff0c\u9002\u5e94\u4e0d\u540c\u517b\u6b96\u9700\u6c42\u3002\u5e38\u7528\u4e8e\u751f\u4ea7\u9e21\u3001\u9e2d\u3001\u9e45\u7b49\u5bb6\u79bd\u53ca\u725b\u3001\u7f8a\u3001\u5c71\u7f8a\u3001\u732a\u7b49\u755c\u7267\u7528\u9972\u6599\u3002 <\/p>    <p>\u6b64\u5916\uff0c\u901a\u8fc7\u8c03\u6574\u914d\u65b9\u548c\u9897\u7c92\u5927\u5c0f\uff0c\u751f\u4ea7\u7ebf\u8fd8\u53ef\u7528\u4e8e\u751f\u4ea7\u9c7c\u3001\u867e\u7b49\u6c34\u4ea7\u52a8\u7269\u7684\u9972\u6599\u3002\u8fd9\u79cd\u7075\u6d3b\u6027\u4f7f\u517b\u6b96\u6237\u548c\u9972\u6599\u751f\u4ea7\u5546\u80fd\u591f\u6ee1\u8db3\u4e0d\u540c\u52a8\u7269\u7684\u8425\u517b\u9700\u6c42\uff0c\u540c\u65f6\u63d0\u9ad8\u9972\u6599\u6548\u7387\u548c\u6574\u4f53\u517b\u6b96\u4ea7\u91cf\u3002<\/p>    <figure class=\"wp-block-gallery has-nested-images columns-default is-cropped wp-block-gallery-2 is-layout-flex wp-block-gallery-is-layout-flex\"> <figure class=\"wp-block-image size-large\"><img loading=\"lazy\" decoding=\"async\" width=\"720\" height=\"540\" data-id=\"5077\" src=\"https:\/\/taizyfarmequipment.com\/wp-content\/uploads\/2026\/04\/chickens.webp\" alt=\"\u9e21\" class=\"wp-image-5077\" srcset=\"https:\/\/taizyfarmequipment.com\/wp-content\/uploads\/2026\/04\/chickens.webp 720w, https:\/\/taizyfarmequipment.com\/wp-content\/uploads\/2026\/04\/chickens-300x225.webp 300w, https:\/\/taizyfarmequipment.com\/wp-content\/uploads\/2026\/04\/chickens-16x12.webp 16w\" sizes=\"auto, (max-width: 720px) 100vw, 720px\" \/><figcaption class=\"wp-element-caption\">\u9e21<\/figcaption><\/figure>    <figure class=\"wp-block-image size-large\"><img loading=\"lazy\" decoding=\"async\" width=\"720\" height=\"540\" data-id=\"5078\" src=\"https:\/\/taizyfarmequipment.com\/wp-content\/uploads\/2026\/04\/ducks.webp\" alt=\"\u9e2d\" class=\"wp-image-5078\" srcset=\"https:\/\/taizyfarmequipment.com\/wp-content\/uploads\/2026\/04\/ducks.webp 720w, https:\/\/taizyfarmequipment.com\/wp-content\/uploads\/2026\/04\/ducks-300x225.webp 300w, https:\/\/taizyfarmequipment.com\/wp-content\/uploads\/2026\/04\/ducks-16x12.webp 16w\" sizes=\"auto, (max-width: 720px) 100vw, 720px\" \/><figcaption class=\"wp-element-caption\">\u9e2d<\/figcaption><\/figure> <\/figure>    <h2 class=\"wp-block-heading\">\u9972\u6599\u9897\u7c92\u673a\u5382\u7ec4\u4ef6<\/h2>    <p class=\"translation-block\"><strong>\u9972\u6599\u9897\u7c92\u673a\u5382<\/strong>\u901a\u5e38\u5305\u62ec\u4e00\u53f0\u7834\u788e\u673a\uff0c\u7528\u4e8e\u5c06\u539f\u6599\u7c89\u788e\u6210\u7ec6\u7c92\uff1b\u4e00\u53f0\u6df7\u5408\u673a\uff0c\u7528\u4e8e\u5b9e\u73b0\u539f\u6599\u7684\u5747\u5300\u6df7\u5408\uff1b\u4e00\u53f0\u9897\u7c92\u673a\uff0c\u7528\u4e8e\u5c06\u6df7\u5408\u7269\u538b\u5236\u6210\u9ad8\u5bc6\u5ea6\u9897\u7c92\uff1b\u4e00\u53f0\u51b7\u5374\u673a\uff0c\u7528\u4e8e\u964d\u4f4e\u9897\u7c92\u6e29\u5ea6\u548c\u63d0\u9ad8\u786c\u5ea6\uff1b\u4ee5\u53ca\u4e00\u53f0\u5305\u88c5\u673a\uff0c\u7528\u4e8e\u79f0\u91cd\u548c\u5305\u88c5\u6700\u7ec8\u4ea7\u54c1\u3002 <\/p>    <p>\u8fd9\u4e9b\u7ec4\u4ef6\u534f\u540c\u5de5\u4f5c\uff0c\u786e\u4fdd\u751f\u4ea7\u7a33\u5b9a\u3001\u9ad8\u6548\uff0c\u9972\u6599\u8d28\u91cf\u4e00\u81f4\u3002<\/p>    <div class=\"wp-block-media-text is-stacked-on-mobile\"><figure class=\"wp-block-media-text__media\"><img loading=\"lazy\" decoding=\"async\" width=\"720\" height=\"540\" src=\"https:\/\/taizyfarmequipment.com\/wp-content\/uploads\/2026\/04\/grain-crusher.webp\" alt=\"\u8c37\u7269\u7834\u788e\u673a\" class=\"wp-image-5079 size-full\" srcset=\"https:\/\/taizyfarmequipment.com\/wp-content\/uploads\/2026\/04\/grain-crusher.webp 720w, https:\/\/taizyfarmequipment.com\/wp-content\/uploads\/2026\/04\/grain-crusher-300x225.webp 300w, https:\/\/taizyfarmequipment.com\/wp-content\/uploads\/2026\/04\/grain-crusher-16x12.webp 16w\" sizes=\"auto, (max-width: 720px) 100vw, 720px\" \/><\/figure><div class=\"wp-block-media-text__content\"> <h3 class=\"wp-block-heading\"><a href=\"https:\/\/taizyfarmequipment.com\/zh\/%e4%ba%a7%e5%93%81\/%e9%94%a4%e5%bc%8f%e7%b2%89%e7%a2%8e%e6%9c%ba-%e7%b2%89%e7%a2%8e%e6%9c%ba\/\" data-type=\"link\" data-id=\"https:\/\/taizyfarmequipment.com\/product\/hammer-mill-grinder\/\">\u788e\u7c73\u673a<\/a><\/h3>    <p class=\"translation-block\"><strong>\u8c37\u7269\u7c89\u788e\u673a<\/strong>\u7ed3\u5408\u4e86\u7814\u78e8\u673a\u548c\u788e\u7247\u673a\u7684\u529f\u80fd\u4e8e\u4e00\u4f53\u3002 <\/p>    <p>\u9664\u9002\u7528\u4e8e\u7389\u7c73\u3001\u5927\u8c46\u7b49\u6d53\u7f29\u9972\u6599\u7684\u7c89\u788e\u5916\uff0c\u8fd8\u9002\u5408\u7c89\u788e\u5404\u79cd\u79f8\u79c6\u3001\u7389\u7c73\u79c6\u3001\u82b1\u751f\u58f3\u3001\u6742\u8349\u548c\u6811\u679d\u7b49\u539f\u6599\uff0c\u4ee5\u53ca\u6728\u6750\u548c\u6811\u679d\u7b49\u539f\u6599\u3002<\/p>    <p>\u53ef\u8c03\u7b5b\u7f51\u5c3a\u5bf8\uff0c\u63a7\u5236\u8f93\u51fa\u7ec6\u5ea6\u4ee5\u6ee1\u8db3\u4e0d\u540c\u9972\u6599\u9700\u6c42\u3002 <\/p> <\/div><\/div>    <figure class=\"wp-block-table\"><table class=\"has-fixed-layout\"><thead><tr><th>\u6a21\u578b<\/th><th>\u529b\u91cf<\/th><th>\u8f93\u51fa<\/th><th>\u5916\u5f62\u5c3a\u5bf8<\/th><th>\u91cd\u91cf<\/th><\/tr><\/thead><tbody><tr><td>MGDP-420B<\/td><td>11\u5343\u74e6<\/td><td>500-800\u516c\u65a4\/\u5c0f\u65f6<\/td><td>1600\u00d7600\u00d71200\u6beb\u7c73<\/td><td>360\u516c\u65a4<\/td><\/tr><tr><td>MGDP-500B<\/td><td>22\u5343\u74e6<\/td><td>800-1200\u516c\u65a4\/\u5c0f\u65f6<\/td><td>2200\u00d71300\u00d71450\u6beb\u7c73<\/td><td>600\u516c\u65a4<\/td><\/tr><tr><td>MGDP-600B<\/td><td>30\u5343\u74e6<\/td><td>1200-1800\u516c\u65a4\/\u5c0f\u65f6<\/td><td>2300\u00d71450\u00d71450\u6beb\u7c73<\/td><td>780\u516c\u65a4<\/td><\/tr><tr><td>MGDP-700B<\/td><td>37\u5343\u74e6<\/td><td>1800-2500\u516c\u65a4\/\u5c0f\u65f6<\/td><td>2450\u00d71500\u00d71450\u6beb\u7c73<\/td><td>900\u516c\u65a4<\/td><\/tr><\/tbody><\/table><figcaption class=\"wp-element-caption\">\u788e\u7c73\u673a\u53c2\u6570<\/figcaption><\/figure>    <div class=\"wp-block-media-text has-media-on-the-right is-stacked-on-mobile\"><div class=\"wp-block-media-text__content\"> <h3 class=\"wp-block-heading\">\u6df7\u5408\u673a<\/h3>    <p class=\"translation-block\"><strong>\u6df7\u5408\u673a<\/strong>\u8d1f\u8d23\u5747\u5300\u6df7\u5408\u788e\u6599\u548c\u6dfb\u52a0\u5242\uff0c\u786e\u4fdd\u6bcf\u6279\u6b21\u8425\u517b\u3001\u7ef4\u751f\u7d20\u548c\u77ff\u7269\u8d28\u7684\u5747\u5300\u5206\u5e03\u3002<\/p>    <p>\u5f53\u6392\u6599\u95e8\u5f00\u542f\u65f6\uff0c\u8be5\u8bbe\u5907\u786e\u4fdd\u6405\u62cc\u7b52\u5185\u6240\u6709\u7269\u6599\u5b8c\u5168\u6392\u51fa\u3002\u6392\u653e\u65f6\u95f4\u77ed\uff0c\u65e0\u6b8b\u7559\uff0c\u6709\u6548\u63d0\u5347\u751f\u4ea7\u6548\u7387\u3002<\/p> <\/div><figure class=\"wp-block-media-text__media\"><img loading=\"lazy\" decoding=\"async\" width=\"720\" height=\"540\" src=\"https:\/\/taizyfarmequipment.com\/wp-content\/uploads\/2026\/04\/mixing-machine.webp\" alt=\"\u6df7\u5408\u673a\" class=\"wp-image-5080 size-full\" srcset=\"https:\/\/taizyfarmequipment.com\/wp-content\/uploads\/2026\/04\/mixing-machine.webp 720w, https:\/\/taizyfarmequipment.com\/wp-content\/uploads\/2026\/04\/mixing-machine-300x225.webp 300w, https:\/\/taizyfarmequipment.com\/wp-content\/uploads\/2026\/04\/mixing-machine-16x12.webp 16w\" sizes=\"auto, (max-width: 720px) 100vw, 720px\" \/><\/figure><\/div>    <figure class=\"wp-block-table\"><table class=\"has-fixed-layout\"><thead><tr><th>\u6a21\u578b<\/th><th>\u529b\u91cf<\/th><th>\u8f93\u51fa<\/th><th>\u5916\u5f62\u5c3a\u5bf8<\/th><th>\u91cd\u91cf<\/th><\/tr><\/thead><tbody><tr><td>MGWJ-250<\/td><td>4\u5343\u74e6<\/td><td>0.5-1.2\u5428\/\u5c0f\u65f6<\/td><td>2100\u00d7800\u00d71550\u6beb\u7c73<\/td><td>210\u516c\u65a4<\/td><\/tr><tr><td>MGWJ-500<\/td><td>7.5\u5343\u74e6<\/td><td>1.3-1.8\u5428\/\u5c0f\u65f6<\/td><td>2800\u00d71200\u00d72000\u6beb\u7c73<\/td><td>900\u516c\u65a4<\/td><\/tr><tr><td>MGWJ-1000<\/td><td>11\u5343\u74e6<\/td><td>1.5-2.5\u5428\/\u5c0f\u65f6<\/td><td>3200\u00d71200\u00d72300\u6beb\u7c73<\/td><td>1200\u516c\u65a4<\/td><\/tr><tr><td>MGWJ-2000<\/td><td>18.5\u5343\u74e6<\/td><td>1.5-2.5\u5428\/\u5c0f\u65f6<\/td><td>3800\u00d71400\u00d72350\u6beb\u7c73<\/td><td>1500\u516c\u65a4<\/td><\/tr><\/tbody><\/table><figcaption class=\"wp-element-caption\">\u6df7\u5408\u673a\u53c2\u6570<\/figcaption><\/figure>    <div class=\"wp-block-media-text is-stacked-on-mobile\"><figure class=\"wp-block-media-text__media\"><img loading=\"lazy\" decoding=\"async\" width=\"720\" height=\"540\" src=\"https:\/\/taizyfarmequipment.com\/wp-content\/uploads\/2026\/04\/feed-pellet-making-machine.webp\" alt=\"\u9972\u6599\u9897\u7c92\u673a\" class=\"wp-image-5081 size-full\" srcset=\"https:\/\/taizyfarmequipment.com\/wp-content\/uploads\/2026\/04\/feed-pellet-making-machine.webp 720w, https:\/\/taizyfarmequipment.com\/wp-content\/uploads\/2026\/04\/feed-pellet-making-machine-300x225.webp 300w, https:\/\/taizyfarmequipment.com\/wp-content\/uploads\/2026\/04\/feed-pellet-making-machine-16x12.webp 16w\" sizes=\"auto, (max-width: 720px) 100vw, 720px\" \/><\/figure><div class=\"wp-block-media-text__content\"> <h3 class=\"wp-block-heading\">\u9972\u6599\u9897\u7c92\u673a<\/h3>    <p class=\"translation-block\"><strong>\u9972\u6599\u9897\u7c92\u673a<\/strong>\u8d1f\u8d23\u5c06\u6df7\u5408\u7269\u538b\u5236\u6210\u5747\u5300\u7684\u9897\u7c92\u3002\u5b83\u5229\u7528\u8f8a\u7b52\u548c\u6a21\u5177\u4ea7\u751f\u7684\u538b\u529b\u548c\u70ed\u91cf\uff0c\u5f62\u6210\u575a\u786c\u3001\u8010\u7528\u3001\u786c\u5ea6\u826f\u597d\u7684\u9897\u7c92\u3002<\/p>    <p>\u673a\u5668\u786e\u4fdd\u9897\u7c92\u5927\u5c0f\u548c\u8d28\u91cf\u7684\u4e00\u81f4\u6027\uff0c\u63d0\u5347\u9972\u6599\u7684\u9002\u53e3\u6027\u548c\u6d88\u5316\u7387\uff0c\u9002\u7528\u4e8e\u755c\u79bd\u517b\u6b96\u3002 <\/p>    <p>\u53ef\u8c03\u6a21\u5177\u8bbe\u8ba1\uff0c\u9002\u5408\u751f\u4ea7\u4e0d\u540c\u52a8\u7269\u7684\u9897\u7c92\u3002<\/p> <\/div><\/div>    <figure class=\"wp-block-table\"><table class=\"has-fixed-layout\"><thead><tr><th>\u6a21\u578b<\/th><th>\u529b\u91cf<\/th><th>\u8f93\u51fa<\/th><th>\u6574\u4f53\u5c3a\u5bf8\uff08\u6beb\u7c73\uff09<\/th><th>\u91cd\u91cf\uff08\u516c\u65a4\uff09<\/th><\/tr><\/thead><tbody><tr><td>MGPM-150A<\/td><td>10\u9a6c\u529b<\/td><td>80-120\u516c\u65a4\/\u5c0f\u65f6<\/td><td>950\u00d7600\u00d7800<\/td><td>165\/190<\/td><\/tr><tr><td>MGPM-200A<\/td><td>15\u9a6c\u529b<\/td><td>200-300\u516c\u65a4\/\u5c0f\u65f6<\/td><td>1240\u00d7800\u00d7900<\/td><td>350\/380<\/td><\/tr><tr><td>MGPM-260A<\/td><td>30\u9a6c\u529b<\/td><td>400-600\u516c\u65a4\/\u5c0f\u65f6<\/td><td>2000\u00d7770\u00d71100<\/td><td>480\/520<\/td><\/tr><tr><td>MGPM-300A<\/td><td>41\u9a6c\u529b<\/td><td>600-800\u516c\u65a4\/\u5c0f\u65f6<\/td><td>2300\u00d7700\u00d71250<\/td><td>850\/890<\/td><\/tr><tr><td>MGPM-400A<\/td><td>55\u9a6c\u529b<\/td><td>800-1200\u516c\u65a4\/\u5c0f\u65f6<\/td><td>2300\u00d7700\u00d71250<\/td><td>1050\/1100<\/td><\/tr><\/tbody><\/table><figcaption class=\"wp-element-caption\">\u9972\u6599\u9897\u7c92\u673a\u53c2\u6570<\/figcaption><\/figure>    <div class=\"wp-block-media-text has-media-on-the-right is-stacked-on-mobile\"><div class=\"wp-block-media-text__content\"> <h3 class=\"wp-block-heading\">\u51b7\u5374\u673a<\/h3>    <p class=\"translation-block\"><strong>\u51b7\u5374\u673a<\/strong>\u7528\u4e8e\u964d\u4f4e\u65b0\u9c9c\u751f\u4ea7\u7684\u9897\u7c92\u7684\u6e29\u5ea6\u548c\u6c34\u5206\u3002\u9897\u7c92\u6210\u578b\u540e\uff0c\u9972\u6599\u6e29\u70ed\u4e14\u67d4\u8f6f\uff0c\u51b7\u5374\u6709\u52a9\u4e8e\u63d0\u9ad8\u786c\u5ea6\u548c\u7a33\u5b9a\u6027\u3002<\/p>    <p>\u5229\u7528\u6c14\u6d41\u5feb\u901f\u964d\u6e29\uff0c\u9632\u6b62\u53d8\u5f62\uff0c\u786e\u4fdd\u9897\u7c92\u8d28\u91cf\u66f4\u4f73\u3002<\/p> <\/div><figure class=\"wp-block-media-text__media\"><img loading=\"lazy\" decoding=\"async\" width=\"720\" height=\"540\" src=\"https:\/\/taizyfarmequipment.com\/wp-content\/uploads\/2026\/04\/cooling-machine.webp\" alt=\"\u51b7\u5374\u673a\" class=\"wp-image-5082 size-full\" srcset=\"https:\/\/taizyfarmequipment.com\/wp-content\/uploads\/2026\/04\/cooling-machine.webp 720w, https:\/\/taizyfarmequipment.com\/wp-content\/uploads\/2026\/04\/cooling-machine-300x225.webp 300w, https:\/\/taizyfarmequipment.com\/wp-content\/uploads\/2026\/04\/cooling-machine-16x12.webp 16w\" sizes=\"auto, (max-width: 720px) 100vw, 720px\" \/><\/figure><\/div>    <figure class=\"wp-block-table\"><table class=\"has-fixed-layout\"><thead><tr><th>\u6a21\u578b<\/th><th>\u529b\u91cf<\/th><th>\u8f93\u51fa<\/th><th>\u6574\u4f53\u5c3a\u5bf8\uff08\u6beb\u7c73\uff09<\/th><th>\u91cd\u91cf\uff08\u516c\u65a4\uff09<\/th><\/tr><\/thead><tbody><tr><td>MGLQ-50<\/td><td>0.75 2.2\u5343\u74e6<\/td><td>0-500\u516c\u65a4\/\u5c0f\u65f6<\/td><td>1800\u00d7750\u00d71100<\/td><td>220+65<\/td><\/tr><tr><td>MGLQ-70<\/td><td>0.75 2.2 2.2\u5343\u74e6<\/td><td>0-1000\u516c\u65a4\/\u5c0f\u65f6<\/td><td>1800\u00d7750\u00d71100<\/td><td>220+120<\/td><\/tr><\/tbody><\/table><figcaption class=\"wp-element-caption\">\u51b7\u5374\u673a\u53c2\u6570<\/figcaption><\/figure>    <div class=\"wp-block-media-text is-stacked-on-mobile\"><figure class=\"wp-block-media-text__media\"><img loading=\"lazy\" decoding=\"async\" width=\"720\" height=\"540\" src=\"https:\/\/taizyfarmequipment.com\/wp-content\/uploads\/2026\/04\/packing-machine.webp\" alt=\"\u5305\u88c5\u673a\" class=\"wp-image-5083 size-full\" srcset=\"https:\/\/taizyfarmequipment.com\/wp-content\/uploads\/2026\/04\/packing-machine.webp 720w, https:\/\/taizyfarmequipment.com\/wp-content\/uploads\/2026\/04\/packing-machine-300x225.webp 300w, https:\/\/taizyfarmequipment.com\/wp-content\/uploads\/2026\/04\/packing-machine-16x12.webp 16w\" sizes=\"auto, (max-width: 720px) 100vw, 720px\" \/><\/figure><div class=\"wp-block-media-text__content\"> <h3 class=\"wp-block-heading\">\u5305\u88c5\u673a<\/h3>    <p class=\"translation-block\"><strong>\u5305\u88c5\u673a<\/strong>\u662f\u9972\u6599\u9897\u7c92\u673a\u5382\u7684\u6700\u540e\u4e00\u73af\uff0c\u8d1f\u8d23\u79f0\u91cd\u548c\u5305\u88c5\u6210\u54c1\u9972\u6599\u9897\u7c92\u3002\u786e\u4fdd\u6d4b\u91cf\u51c6\u786e\u3001\u5305\u88c5\u4e00\u81f4\uff0c\u63d0\u9ad8\u6548\u7387\uff0c\u51cf\u5c11\u4eba\u5de5\u52b3\u52a8\u3002<\/p>    <p>\u914d\u5907\u81ea\u52a8\u79f0\u91cd\u548c\u5c01\u53e3\u529f\u80fd\uff0c\u5305\u88c5\u901f\u5ea6\u5feb\u4e14\u53ef\u9760\u3002 <\/p>    <p>\u6709\u52a9\u4e8e\u4fdd\u6301\u4ea7\u54c1\u8d28\u91cf\uff0c\u7b80\u5316\u50a8\u5b58\u548c\u8fd0\u8f93\uff0c\u652f\u6301\u8fde\u7eed\u5927\u89c4\u6a21\u9972\u6599\u751f\u4ea7\u3002<\/p> <\/div><\/div>    <figure class=\"wp-block-table\"><table class=\"has-fixed-layout\"><thead><tr><th>\u6a21\u578b<\/th><th>\u529b\u91cf<\/th><th>\u5305\u88c5\u8303\u56f4<\/th><th>\u6574\u4f53\u5c3a\u5bf8\uff08\u6beb\u7c73\uff09<\/th><th>\u91cd\u91cf\uff08\u516c\u65a4\uff09<\/th><\/tr><\/thead><tbody><tr><td>MGBZ-50<\/td><td>1\u5343\u74e6<\/td><td>10-50\u516c\u65a4\/\u5305<\/td><td>1200\u00d71200\u00d72400 1200\u00d71200\u00d71200 2400\u00d7700\u00d7400<\/td><td>600<\/td><\/tr><\/tbody><\/table><figcaption class=\"wp-element-caption\">\u5305\u88c5\u673a\u53c2\u6570<\/figcaption><\/figure>    <h2 class=\"wp-block-heading\">\u9972\u6599\u9897\u7c92\u673a\u751f\u4ea7\u7ebf\u4f18\u52bf<\/h2>    <ul class=\"wp-block-list\"> <li>\u64cd\u4f5c\u7b80\u4fbf\uff0c\u7ef4\u62a4\u65b9\u4fbf\uff0c\u964d\u4f4e\u52b3\u52a8\u6280\u80fd\u8981\u6c42\u548c\u65e5\u5e38\u7ef4\u62a4\u6210\u672c\u3002<\/li>    <li>\u5728\u64cd\u4f5c\u8fc7\u7a0b\u4e2d\u9ad8\u6e29\u5904\u7406\uff0880\u201390\u00b0C\uff09\uff0c\u6709\u52a9\u4e8e\u9897\u7c92\u6210\u719f\u5e76\u63d0\u4f9b\u706d\u83cc\u6548\u679c\u3002 <\/li>    <li>\u6210\u54c1\u9897\u7c92\u66f4\u6613\u50a8\u5b58\u3001\u5305\u88c5\u548c\u8fd0\u8f93\uff0c\u63d0\u5347\u6574\u4f53\u7269\u6d41\u6548\u7387\u3002 <\/li>    <li>\u8f8a\u7b52\u7ed3\u6784\u8bbe\u8ba1\u786e\u4fdd\u5f3a\u538b\u5b9e\u3001\u4f4e\u566a\u97f3\u64cd\u4f5c\u548c\u9ad8\u751f\u4ea7\u6548\u7387\u3002 <\/li>    <li>\u5f3a\u6750\u6599\u9002\u5e94\u6027\uff0c\u9002\u5408\u52a0\u5de5\u591a\u79cd\u539f\u6599\uff0c\u5e94\u7528\u8303\u56f4\u5e7f\u3002 <\/li>    <li>\u53ef\u8c03\u6a21\u7cfb\u7edf\uff0c\u7075\u6d3b\u751f\u4ea7\u4e0d\u540c\u79bd\u755c\u7684\u9972\u6599\u9897\u7c92\u3002<\/li> <\/ul>    <figure class=\"wp-block-gallery has-nested-images columns-default is-cropped wp-block-gallery-3 is-layout-flex wp-block-gallery-is-layout-flex\"> <figure class=\"wp-block-image size-large\"><img loading=\"lazy\" decoding=\"async\" width=\"720\" height=\"540\" data-id=\"5084\" src=\"https:\/\/taizyfarmequipment.com\/wp-content\/uploads\/2026\/04\/feed-pellet-maker-production-line.webp\" alt=\"\u9972\u6599\u9897\u7c92\u673a\u751f\u4ea7\u7ebf\" class=\"wp-image-5084\" srcset=\"https:\/\/taizyfarmequipment.com\/wp-content\/uploads\/2026\/04\/feed-pellet-maker-production-line.webp 720w, https:\/\/taizyfarmequipment.com\/wp-content\/uploads\/2026\/04\/feed-pellet-maker-production-line-300x225.webp 300w, https:\/\/taizyfarmequipment.com\/wp-content\/uploads\/2026\/04\/feed-pellet-maker-production-line-16x12.webp 16w\" sizes=\"auto, (max-width: 720px) 100vw, 720px\" \/><figcaption class=\"wp-element-caption\">\u9972\u6599\u9897\u7c92\u673a\u751f\u4ea7\u7ebf<\/figcaption><\/figure>    <figure class=\"wp-block-image size-large\"><img loading=\"lazy\" decoding=\"async\" width=\"720\" height=\"540\" data-id=\"5085\" src=\"https:\/\/taizyfarmequipment.com\/wp-content\/uploads\/2026\/04\/Feed-pellet-making-machine-plant-price.webp\" alt=\"\u9972\u6599\u9897\u7c92\u673a\u5382\u4ef7\u683c\" class=\"wp-image-5085\" srcset=\"https:\/\/taizyfarmequipment.com\/wp-content\/uploads\/2026\/04\/Feed-pellet-making-machine-plant-price.webp 720w, https:\/\/taizyfarmequipment.com\/wp-content\/uploads\/2026\/04\/Feed-pellet-making-machine-plant-price-300x225.webp 300w, https:\/\/taizyfarmequipment.com\/wp-content\/uploads\/2026\/04\/Feed-pellet-making-machine-plant-price-16x12.webp 16w\" sizes=\"auto, (max-width: 720px) 100vw, 720px\" \/><figcaption class=\"wp-element-caption\">\u9972\u6599\u9897\u7c92\u673a\u5382\u4ef7\u683c<\/figcaption><\/figure> <\/figure>    <h2 class=\"wp-block-heading\">\u7ed3\u8bba<\/h2>    <p class=\"translation-block\">\u603b\u4e4b\uff0c<strong>\u9972\u6599\u9897\u7c92\u673a\u5382<\/strong>\u63d0\u4f9b\u4e86\u73b0\u4ee3\u5316\u3001\u5b8c\u6574\u3001\u9ad8\u6548\u4e14\u7075\u6d3b\u7684\u89e3\u51b3\u65b9\u6848\u3002\u51ed\u501f\u5176\u9ad8\u81ea\u52a8\u5316\u6c34\u5e73\u3001\u7a33\u5b9a\u6027\u80fd\u548c\u5e7f\u6cdb\u7684\u539f\u6599\u9002\u5e94\u6027\uff0c\u5e2e\u52a9\u4f01\u4e1a\u63d0\u5347\u4ea7\u80fd\u540c\u65f6\u964d\u4f4e\u6210\u672c\u3002 <\/p>    <p>\u8054\u7cfb\u6211\u4eec\u83b7\u53d6\u8be6\u7ec6\u89c4\u683c\u3001\u4ef7\u683c\u53ca\u5b9a\u5236\u65b9\u6848\uff0c\u63d0\u5347\u60a8\u7684\u9972\u6599\u751f\u4ea7\u6548\u7387\u3002<\/p>    <figure class=\"wp-block-image size-full\"><img loading=\"lazy\" decoding=\"async\" width=\"720\" height=\"540\" src=\"https:\/\/taizyfarmequipment.com\/wp-content\/uploads\/2026\/04\/Feed-pellet-making-machine-plant-in-stock.webp\" alt=\"\u5e93\u5b58\u9972\u6599\u9897\u7c92\u673a\u5382\" class=\"wp-image-5086\" srcset=\"https:\/\/taizyfarmequipment.com\/wp-content\/uploads\/2026\/04\/Feed-pellet-making-machine-plant-in-stock.webp 720w, https:\/\/taizyfarmequipment.com\/wp-content\/uploads\/2026\/04\/Feed-pellet-making-machine-plant-in-stock-300x225.webp 300w, https:\/\/taizyfarmequipment.com\/wp-content\/uploads\/2026\/04\/Feed-pellet-making-machine-plant-in-stock-16x12.webp 16w\" sizes=\"auto, (max-width: 720px) 100vw, 720px\" \/><figcaption class=\"wp-element-caption\">\u5e93\u5b58\u9972\u6599\u9897\u7c92\u673a\u5382<\/figcaption><\/figure>","protected":false},"excerpt":{"rendered":"<p>\u9972\u6599\u9897\u7c92\u673a\u5382\u662f\u4e00\u5957\u5148\u8fdb\u7684\u81ea\u52a8\u5316\u751f\u4ea7\u7cfb\u7edf\uff0c\u5e7f\u6cdb\u7528\u4e8e\u755c\u79bd\u9972\u6599\u9897\u7c92\u7684\u52a0\u5de5\u3002<\/p>","protected":false},"author":1,"featured_media":5087,"parent":0,"template":"","tags":[346],"product-type":[234],"class_list":["post-5074","product","type-product","status-publish","has-post-thumbnail","hentry","tag-feed-pellet-making-machine-plant","product-type-other"],"_links":{"self":[{"href":"https:\/\/taizyfarmequipment.com\/zh\/wp-json\/wp\/v2\/product\/5074","targetHints":{"allow":["GET"]}}],"collection":[{"href":"https:\/\/taizyfarmequipment.com\/zh\/wp-json\/wp\/v2\/product"}],"about":[{"href":"https:\/\/taizyfarmequipment.com\/zh\/wp-json\/wp\/v2\/types\/product"}],"author":[{"embeddable":true,"href":"https:\/\/taizyfarmequipment.com\/zh\/wp-json\/wp\/v2\/users\/1"}],"wp:featuredmedia":[{"embeddable":true,"href":"https:\/\/taizyfarmequipment.com\/zh\/wp-json\/wp\/v2\/media\/5087"}],"wp:attachment":[{"href":"https:\/\/taizyfarmequipment.com\/zh\/wp-json\/wp\/v2\/media?parent=5074"}],"wp:term":[{"taxonomy":"post_tag","embeddable":true,"href":"https:\/\/taizyfarmequipment.com\/zh\/wp-json\/wp\/v2\/tags?post=5074"},{"taxonomy":"product-type","embeddable":true,"href":"https:\/\/taizyfarmequipment.com\/zh\/wp-json\/wp\/v2\/product-type?post=5074"}],"curies":[{"name":"wp","href":"https:\/\/api.w.org\/{rel}","templated":true}]}}